  {"id":4185,"date":"2024-09-26T16:05:05","date_gmt":"2024-09-26T20:05:05","guid":{"rendered":"https:\/\/www.yorku.ca\/glendon\/genial\/?page_id=4185"},"modified":"2024-09-26T16:05:08","modified_gmt":"2024-09-26T20:05:08","slug":"lingoplay-learning","status":"publish","type":"page","link":"https:\/\/www.yorku.ca\/glendon\/genial\/lingoplay-learning\/?lang=fr","title":{"rendered":"Lingoplay Learning"},"content":{"rendered":"\n<figure class=\"wp-block-image size-large\"><img loading=\"lazy\" decoding=\"async\" width=\"1024\" height=\"287\" src=\"https:\/\/www.yorku.ca\/glendon\/genial\/wp-content\/uploads\/sites\/879\/2024\/09\/Nancy-Banner-FR-1024x287.png\" alt=\"\" class=\"wp-image-4315\" srcset=\"https:\/\/www.yorku.ca\/glendon\/genial\/wp-content\/uploads\/sites\/879\/2024\/09\/Nancy-Banner-FR-1024x287.png 1024w, https:\/\/www.yorku.ca\/glendon\/genial\/wp-content\/uploads\/sites\/879\/2024\/09\/Nancy-Banner-FR-400x112.png 400w, https:\/\/www.yorku.ca\/glendon\/genial\/wp-content\/uploads\/sites\/879\/2024\/09\/Nancy-Banner-FR-1536x430.png 1536w, https:\/\/www.yorku.ca\/glendon\/genial\/wp-content\/uploads\/sites\/879\/2024\/09\/Nancy-Banner-FR-2048x573.png 2048w\" sizes=\"auto, (max-width: 1024px) 100vw, 1024px\" \/><\/figure>\n\n\n\n<div class=\"wp-block-columns is-layout-flex wp-container-core-columns-is-layout-1 wp-block-columns-is-layout-flex\">\n<div class=\"wp-block-column is-layout-flow wp-block-column-is-layout-flow\" style=\"flex-basis:66.66%\">\n<h2 class=\"wp-block-heading border-top pt-2\">Notre produit<\/h2>\n\n\n\n<p>Lingoplay est une application d\u2019apprentissage du fran\u00e7ais qui utilise la ludification. Con\u00e7ue pour les jeunes adultes, l'application est destin\u00e9e \u00e0 ceux et celles qui ont d\u00e9j\u00e0 une compr\u00e9hension de base du fran\u00e7ais (DELF A2), mais qui ont du mal \u00e0 poursuivre leur apprentissage. Gr\u00e2ce \u00e0 son utilisation de visuels et de r\u00e9cits, Lingoplay vise \u00e0 rendre l\u2019\u00e9tude du fran\u00e7ais plus simple et efficace tout en \u00e9tant ludique et agr\u00e9able.<\/p>\n\n\n\n<p>Rencontrez des personnages amusants et m\u00e9morables gr\u00e2ce \u00e0 des cours de grammaire, exp\u00e9rimentez l\u2019immersion dans un cadre de vie ludique, suivez votre vocabulaire et profitez d\u2019une r\u00e9p\u00e9tition personnalis\u00e9e et espac\u00e9e !&nbsp; En mettant l\u2019accent sur la grammaire et le vocabulaire, Lingoplay est un excellent ajout pour rendre les parties ennuyeuses de votre parcours d\u2019apprentissage du fran\u00e7ais un peu plus agr\u00e9ables.<\/p>\n<\/div>\n\n\n\n<div class=\"wp-block-column is-layout-flow wp-block-column-is-layout-flow\" style=\"flex-basis:33.33%\">\n<figure class=\"wp-block-image size-large\"><img loading=\"lazy\" decoding=\"async\" width=\"1024\" height=\"374\" src=\"https:\/\/www.yorku.ca\/glendon\/genial\/wp-content\/uploads\/sites\/879\/2024\/08\/lingoplaylogoblackonwhite-2-1024x374.png\" alt=\"\" class=\"wp-image-4182\" srcset=\"https:\/\/www.yorku.ca\/glendon\/genial\/wp-content\/uploads\/sites\/879\/2024\/08\/lingoplaylogoblackonwhite-2-1024x374.png 1024w, https:\/\/www.yorku.ca\/glendon\/genial\/wp-content\/uploads\/sites\/879\/2024\/08\/lingoplaylogoblackonwhite-2-400x146.png 400w, https:\/\/www.yorku.ca\/glendon\/genial\/wp-content\/uploads\/sites\/879\/2024\/08\/lingoplaylogoblackonwhite-2-1536x561.png 1536w, https:\/\/www.yorku.ca\/glendon\/genial\/wp-content\/uploads\/sites\/879\/2024\/08\/lingoplaylogoblackonwhite-2-2048x748.png 2048w\" sizes=\"auto, (max-width: 1024px) 100vw, 1024px\" \/><\/figure>\n<\/div>\n<\/div>\n\n\n\n<div class=\"wp-block-group grey-bg-block px-5 m-0 has-very-light-gray-background-color has-background is-layout-flow wp-block-group-is-layout-flow\">\n<div class=\"wp-block-columns is-layout-flex wp-container-core-columns-is-layout-2 wp-block-columns-is-layout-flex\">\n<div class=\"wp-block-column is-layout-flow wp-block-column-is-layout-flow\" style=\"flex-basis:72%\">\n<div class=\"wp-block-group is-layout-flow wp-block-group-is-layout-flow\">\n<h2 class=\"wp-block-heading\">Notre histoire<\/h2>\n\n\n\n<p>Salut, ici Nancy ! Je suis \u00e9tudiante en 2e ann\u00e9e \u00e0 Glendon avec une majeure en \u00e9tudes fran\u00e7aises, une mineure en arts visuels et je fais partie du programme d\u2019\u00e9ducation simultan\u00e9e pour devenir enseignante.<\/p>\n\n\n\n<p>En tant que personne qui trouve les jeux vid\u00e9o attrayants (et parfois distrayants), je voulais utiliser la ludification comme un outil pour rendre l\u2019apprentissage du fran\u00e7ais plus amusant et plus agr\u00e9able. Cette id\u00e9e a germ\u00e9 au lyc\u00e9e, quand j\u2019ai remarqu\u00e9 que je me sentais un peu triste d\u2019entendre d\u2019autres \u00e9l\u00e8ves se plaindre du fait que l\u2019apprentissage du fran\u00e7ais n\u2019\u00e9tait pas amusant. Faisons un saut jusqu'\u00e0 mon cours de fran\u00e7ais actuel \u00e0 l\u2019universit\u00e9, j\u2019ai \u00e9t\u00e9 surpris de d\u00e9couvrir que beaucoup de mes camarades de classe avaient des difficult\u00e9s.&nbsp;<\/p>\n\n\n\n<p>Il est clair que quelque chose n\u2019allait pas ici, et quand j\u2019ai creus\u00e9 un peu plus, j'ai trouv\u00e9 que parfois l\u2019\u00e9tude du fran\u00e7ais n\u2019\u00e9tait tout simplement pas assez attrayante pour maintenir une routine efficace (sans la pression des \u00e9valuations \u2013 ce qui peut conduire au bachotage puis \u00e0 l\u2019oubli).&nbsp;<\/p>\n\n\n\n<p>Alors je me suis demand\u00e9... Ne pourrait-on pas avoir un jeu d\u2019apprentissage du fran\u00e7ais avec des personnages amusants et des visuels agr\u00e9ables pour aider les jeunes adultes qui ont d\u00e9j\u00e0 les connaissances de bases et veulent s\u2019amuser tout en pratiquant le fran\u00e7ais ? Bien s\u00fbr, l\u2019apprentissage ludique du fran\u00e7ais existe en ligne, mais ces jeux ont souvent un niveau de fran\u00e7ais trop bas, ils sont trop enfantins ou ils ne sont pas assez engageants. Il nous fallait quelque chose de nouveau, et c\u2019est ainsi qu\u2019est n\u00e9 Lingoplay.<\/p>\n<\/div>\n<\/div>\n\n\n\n<div class=\"wp-block-column card rounded-0 is-layout-flow wp-block-column-is-layout-flow\">\n<figure class=\"wp-block-image size-large mb-0\"><img loading=\"lazy\" decoding=\"async\" width=\"1024\" height=\"1024\" src=\"https:\/\/www.yorku.ca\/glendon\/genial\/wp-content\/uploads\/sites\/879\/2024\/08\/IMG_0835-1024x1024.jpg\" alt=\"\" class=\"wp-image-4151\" srcset=\"https:\/\/www.yorku.ca\/glendon\/genial\/wp-content\/uploads\/sites\/879\/2024\/08\/IMG_0835-1024x1024.jpg 1024w, https:\/\/www.yorku.ca\/glendon\/genial\/wp-content\/uploads\/sites\/879\/2024\/08\/IMG_0835-400x400.jpg 400w, https:\/\/www.yorku.ca\/glendon\/genial\/wp-content\/uploads\/sites\/879\/2024\/08\/IMG_0835-150x150.jpg 150w, https:\/\/www.yorku.ca\/glendon\/genial\/wp-content\/uploads\/sites\/879\/2024\/08\/IMG_0835-300x300.jpg 300w, https:\/\/www.yorku.ca\/glendon\/genial\/wp-content\/uploads\/sites\/879\/2024\/08\/IMG_0835-1536x1536.jpg 1536w, https:\/\/www.yorku.ca\/glendon\/genial\/wp-content\/uploads\/sites\/879\/2024\/08\/IMG_0835-2048x2048.jpg 2048w\" sizes=\"auto, (max-width: 1024px) 100vw, 1024px\" \/><\/figure>\n\n\n\n<div class=\"wp-block-group card-body is-layout-flow wp-block-group-is-layout-flow\">\n<h2 class=\"wp-block-heading\">Nancy Sheng<\/h2>\n\n\n\n<p>Etudiante en \u00e9tudes fran\u00e7aises<\/p>\n<\/div>\n<\/div>\n<\/div>\n<\/div>\n\n\n\n<div style=\"height:100px\" aria-hidden=\"true\" class=\"wp-block-spacer\"><\/div>\n\n\n\n<div class=\"wp-block-columns learnmore-block is-layout-flex wp-container-core-columns-is-layout-3 wp-block-columns-is-layout-flex\">\n<div class=\"wp-block-column is-vertically-aligned-top is-layout-flow wp-block-column-is-layout-flow\" style=\"flex-basis:60%\">\n<figure class=\"wp-block-image alignleft size-large is-resized\"><img decoding=\"async\" src=\"\/wp-content\/plugins\/yu-blockpatterns\/img\/learnmore.png\" alt=\"\" class=\"wp-image-11892\"\/><\/figure>\n\n\n\n<h2 class=\"wp-block-heading\">Contactez-nous<\/h2>\n<\/div>\n\n\n\n<div class=\"wp-block-column is-vertically-aligned-center is-layout-flow wp-block-column-is-layout-flow\">\n<div class=\"wp-block-buttons is-horizontal is-content-justification-center is-layout-flex wp-container-core-buttons-is-layout-1 wp-block-buttons-is-layout-flex\">\n<div class=\"wp-block-button\"><a class=\"wp-block-button__link wp-element-button\" href=\"mailto:lingoplay.learning@gmail.com\" target=\"_blank\" rel=\"noreferrer noopener\">Envoyez-nous un courriel<\/a><\/div>\n<\/div>\n<\/div>\n<\/div>\n\n\n\n<div class=\"wp-block-columns learnmore-block is-layout-flex wp-container-core-columns-is-layout-5 wp-block-columns-is-layout-flex\">\n<div class=\"wp-block-column is-layout-flow wp-block-column-is-layout-flow\">\n<div class=\"wp-block-group is-layout-flow wp-block-group-is-layout-flow\">\n<div class=\"wp-block-columns social-bar-block is-layout-flex wp-container-core-columns-is-layout-4 wp-block-columns-is-layout-flex\">\n<div class=\"wp-block-column is-layout-flow wp-block-column-is-layout-flow\">\n<h2 class=\"wp-block-heading h6 text-white text-center\">Retrouvez Nancy sur<\/h2>\n<\/div>\n\n\n\n<div class=\"wp-block-column is-layout-flow wp-block-column-is-layout-flow\">\n<ul class=\"wp-block-social-links aligncenter my-2 is-style-default is-layout-flex wp-block-social-links-is-layout-flex\"><li class=\"wp-social-link wp-social-link-linkedin  wp-block-social-link\"><a href=\"https:\/\/www.linkedin.com\/in\/nancy-sheng\/\" class=\"wp-block-social-link-anchor\"><svg width=\"24\" height=\"24\" viewBox=\"0 0 24 24\" version=\"1.1\" xmlns=\"http:\/\/www.w3.org\/2000\/svg\" aria-hidden=\"true\" focusable=\"false\"><path d=\"M19.7,3H4.3C3.582,3,3,3.582,3,4.3v15.4C3,20.418,3.582,21,4.3,21h15.4c0.718,0,1.3-0.582,1.3-1.3V4.3 C21,3.582,20.418,3,19.7,3z M8.339,18.338H5.667v-8.59h2.672V18.338z M7.004,8.574c-0.857,0-1.549-0.694-1.549-1.548 c0-0.855,0.691-1.548,1.549-1.548c0.854,0,1.547,0.694,1.547,1.548C8.551,7.881,7.858,8.574,7.004,8.574z M18.339,18.338h-2.669 v-4.177c0-0.996-0.017-2.278-1.387-2.278c-1.389,0-1.601,1.086-1.601,2.206v4.249h-2.667v-8.59h2.559v1.174h0.037 c0.356-0.675,1.227-1.387,2.526-1.387c2.703,0,3.203,1.779,3.203,4.092V18.338z\"><\/path><\/svg><span class=\"wp-block-social-link-label screen-reader-text\">LinkedIn<\/span><\/a><\/li><\/ul>\n<\/div>\n<\/div>\n<\/div>\n<\/div>\n<\/div>\n\n\n\n<p><\/p>\n","protected":false},"excerpt":{"rendered":"<p>Notre produit Lingoplay est une application d\u2019apprentissage du fran\u00e7ais qui utilise la ludification. Con\u00e7ue pour les jeunes adultes, l'application est destin\u00e9e \u00e0 ceux et celles qui ont d\u00e9j\u00e0 une compr\u00e9hension de base du fran\u00e7ais (DELF A2), mais qui ont du mal \u00e0 poursuivre leur apprentissage. Gr\u00e2ce \u00e0 son utilisation de visuels et de r\u00e9cits, Lingoplay [&hellip;]<\/p>\n","protected":false},"author":2237,"featured_media":0,"parent":0,"menu_order":0,"comment_status":"closed","ping_status":"closed","template":"","meta":{"_kad_blocks_custom_css":"","_kad_blocks_head_custom_js":"","_kad_blocks_body_custom_js":"","_kad_blocks_footer_custom_js":"","_monsterinsights_skip_tracking":false,"_monsterinsights_sitenote_active":false,"_monsterinsights_sitenote_note":"","_monsterinsights_sitenote_category":0,"footnotes":""},"tags":[],"class_list":["post-4185","page","type-page","status-publish","hentry"],"yoast_head":"<!-- This site is optimized with the Yoast SEO plugin v24.0 - https:\/\/yoast.com\/wordpress\/plugins\/seo\/ -->\n<title>Lingoplay Learning - Glendon ENtrepreneuriat et Innovation A L&#039;international (GENIAL)<\/title>\n<meta name=\"robots\" content=\"index, follow, max-snippet:-1, max-image-preview:large, max-video-preview:-1\" \/>\n<link rel=\"canonical\" href=\"https:\/\/www.yorku.ca\/glendon\/genial\/lingoplay-learning\/?lang=fr\" \/>\n<meta property=\"og:locale\" content=\"en_US\" \/>\n<meta property=\"og:type\" content=\"article\" \/>\n<meta property=\"og:title\" content=\"Lingoplay Learning - Glendon ENtrepreneuriat et Innovation A L&#039;international (GENIAL)\" \/>\n<meta property=\"og:description\" content=\"Notre produit Lingoplay est une application d\u2019apprentissage du fran\u00e7ais qui utilise la ludification. Con\u00e7ue pour les jeunes adultes, l&#039;application est destin\u00e9e \u00e0 ceux et celles qui ont d\u00e9j\u00e0 une compr\u00e9hension de base du fran\u00e7ais (DELF A2), mais qui ont du mal \u00e0 poursuivre leur apprentissage. Gr\u00e2ce \u00e0 son utilisation de visuels et de r\u00e9cits, Lingoplay [&hellip;]\" \/>\n<meta property=\"og:url\" content=\"https:\/\/www.yorku.ca\/glendon\/genial\/lingoplay-learning\/?lang=fr\" \/>\n<meta property=\"og:site_name\" content=\"Glendon ENtrepreneuriat et Innovation A L&#039;international (GENIAL)\" \/>\n<meta property=\"article:modified_time\" content=\"2024-09-26T20:05:08+00:00\" \/>\n<meta property=\"og:image\" content=\"https:\/\/www.yorku.ca\/glendon\/genial\/wp-content\/uploads\/sites\/879\/2024\/09\/Nancy-Banner-FR-1024x287.png\" \/>\n<meta name=\"twitter:card\" content=\"summary_large_image\" \/>\n<meta name=\"twitter:label1\" content=\"Est. reading time\" \/>\n\t<meta name=\"twitter:data1\" content=\"3 minutes\" \/>\n<script type=\"application\/ld+json\" class=\"yoast-schema-graph\">{\"@context\":\"https:\/\/schema.org\",\"@graph\":[{\"@type\":\"WebPage\",\"@id\":\"https:\/\/www.yorku.ca\/glendon\/genial\/lingoplay-learning\/?lang=fr\",\"url\":\"https:\/\/www.yorku.ca\/glendon\/genial\/lingoplay-learning\/?lang=fr\",\"name\":\"Lingoplay Learning - Glendon ENtrepreneuriat et Innovation A L&#039;international (GENIAL)\",\"isPartOf\":{\"@id\":\"https:\/\/www.yorku.ca\/glendon\/genial\/#website\"},\"primaryImageOfPage\":{\"@id\":\"https:\/\/www.yorku.ca\/glendon\/genial\/lingoplay-learning\/?lang=fr#primaryimage\"},\"image\":{\"@id\":\"https:\/\/www.yorku.ca\/glendon\/genial\/lingoplay-learning\/?lang=fr#primaryimage\"},\"thumbnailUrl\":\"https:\/\/www.yorku.ca\/glendon\/genial\/wp-content\/uploads\/sites\/879\/2024\/09\/Nancy-Banner-FR-1024x287.png\",\"datePublished\":\"2024-09-26T20:05:05+00:00\",\"dateModified\":\"2024-09-26T20:05:08+00:00\",\"breadcrumb\":{\"@id\":\"https:\/\/www.yorku.ca\/glendon\/genial\/lingoplay-learning\/?lang=fr#breadcrumb\"},\"inLanguage\":\"en-US\",\"potentialAction\":[{\"@type\":\"ReadAction\",\"target\":[\"https:\/\/www.yorku.ca\/glendon\/genial\/lingoplay-learning\/?lang=fr\"]}]},{\"@type\":\"ImageObject\",\"inLanguage\":\"en-US\",\"@id\":\"https:\/\/www.yorku.ca\/glendon\/genial\/lingoplay-learning\/?lang=fr#primaryimage\",\"url\":\"https:\/\/www.yorku.ca\/glendon\/genial\/wp-content\/uploads\/sites\/879\/2024\/09\/Nancy-Banner-FR.png\",\"contentUrl\":\"https:\/\/www.yorku.ca\/glendon\/genial\/wp-content\/uploads\/sites\/879\/2024\/09\/Nancy-Banner-FR.png\",\"width\":4800,\"height\":1344},{\"@type\":\"BreadcrumbList\",\"@id\":\"https:\/\/www.yorku.ca\/glendon\/genial\/lingoplay-learning\/?lang=fr#breadcrumb\",\"itemListElement\":[{\"@type\":\"ListItem\",\"position\":1,\"name\":\"Home\",\"item\":\"https:\/\/www.yorku.ca\/glendon\/genial\/\"},{\"@type\":\"ListItem\",\"position\":2,\"name\":\"Lingoplay Learning\"}]},{\"@type\":\"WebSite\",\"@id\":\"https:\/\/www.yorku.ca\/glendon\/genial\/#website\",\"url\":\"https:\/\/www.yorku.ca\/glendon\/genial\/\",\"name\":\"Glendon ENtrepreneuriat et Innovation A L&#039;international (GENIAL)\",\"description\":\"Glendon GENIAL Initiative\",\"potentialAction\":[{\"@type\":\"SearchAction\",\"target\":{\"@type\":\"EntryPoint\",\"urlTemplate\":\"https:\/\/www.yorku.ca\/glendon\/genial\/?s={search_term_string}\"},\"query-input\":{\"@type\":\"PropertyValueSpecification\",\"valueRequired\":true,\"valueName\":\"search_term_string\"}}],\"inLanguage\":\"en-US\"}]}<\/script>\n<!-- \/ Yoast SEO plugin. -->","yoast_head_json":{"title":"Lingoplay Learning - Glendon ENtrepreneuriat et Innovation A L&#039;international (GENIAL)","robots":{"index":"index","follow":"follow","max-snippet":"max-snippet:-1","max-image-preview":"max-image-preview:large","max-video-preview":"max-video-preview:-1"},"canonical":"https:\/\/www.yorku.ca\/glendon\/genial\/lingoplay-learning\/?lang=fr","og_locale":"en_US","og_type":"article","og_title":"Lingoplay Learning - Glendon ENtrepreneuriat et Innovation A L&#039;international (GENIAL)","og_description":"Notre produit Lingoplay est une application d\u2019apprentissage du fran\u00e7ais qui utilise la ludification. Con\u00e7ue pour les jeunes adultes, l'application est destin\u00e9e \u00e0 ceux et celles qui ont d\u00e9j\u00e0 une compr\u00e9hension de base du fran\u00e7ais (DELF A2), mais qui ont du mal \u00e0 poursuivre leur apprentissage. Gr\u00e2ce \u00e0 son utilisation de visuels et de r\u00e9cits, Lingoplay [&hellip;]","og_url":"https:\/\/www.yorku.ca\/glendon\/genial\/lingoplay-learning\/?lang=fr","og_site_name":"Glendon ENtrepreneuriat et Innovation A L&#039;international (GENIAL)","article_modified_time":"2024-09-26T20:05:08+00:00","og_image":[{"url":"https:\/\/www.yorku.ca\/glendon\/genial\/wp-content\/uploads\/sites\/879\/2024\/09\/Nancy-Banner-FR-1024x287.png","type":"","width":"","height":""}],"twitter_card":"summary_large_image","twitter_misc":{"Est. reading time":"3 minutes"},"schema":{"@context":"https:\/\/schema.org","@graph":[{"@type":"WebPage","@id":"https:\/\/www.yorku.ca\/glendon\/genial\/lingoplay-learning\/?lang=fr","url":"https:\/\/www.yorku.ca\/glendon\/genial\/lingoplay-learning\/?lang=fr","name":"Lingoplay Learning - Glendon ENtrepreneuriat et Innovation A L&#039;international (GENIAL)","isPartOf":{"@id":"https:\/\/www.yorku.ca\/glendon\/genial\/#website"},"primaryImageOfPage":{"@id":"https:\/\/www.yorku.ca\/glendon\/genial\/lingoplay-learning\/?lang=fr#primaryimage"},"image":{"@id":"https:\/\/www.yorku.ca\/glendon\/genial\/lingoplay-learning\/?lang=fr#primaryimage"},"thumbnailUrl":"https:\/\/www.yorku.ca\/glendon\/genial\/wp-content\/uploads\/sites\/879\/2024\/09\/Nancy-Banner-FR-1024x287.png","datePublished":"2024-09-26T20:05:05+00:00","dateModified":"2024-09-26T20:05:08+00:00","breadcrumb":{"@id":"https:\/\/www.yorku.ca\/glendon\/genial\/lingoplay-learning\/?lang=fr#breadcrumb"},"inLanguage":"en-US","potentialAction":[{"@type":"ReadAction","target":["https:\/\/www.yorku.ca\/glendon\/genial\/lingoplay-learning\/?lang=fr"]}]},{"@type":"ImageObject","inLanguage":"en-US","@id":"https:\/\/www.yorku.ca\/glendon\/genial\/lingoplay-learning\/?lang=fr#primaryimage","url":"https:\/\/www.yorku.ca\/glendon\/genial\/wp-content\/uploads\/sites\/879\/2024\/09\/Nancy-Banner-FR.png","contentUrl":"https:\/\/www.yorku.ca\/glendon\/genial\/wp-content\/uploads\/sites\/879\/2024\/09\/Nancy-Banner-FR.png","width":4800,"height":1344},{"@type":"BreadcrumbList","@id":"https:\/\/www.yorku.ca\/glendon\/genial\/lingoplay-learning\/?lang=fr#breadcrumb","itemListElement":[{"@type":"ListItem","position":1,"name":"Home","item":"https:\/\/www.yorku.ca\/glendon\/genial\/"},{"@type":"ListItem","position":2,"name":"Lingoplay Learning"}]},{"@type":"WebSite","@id":"https:\/\/www.yorku.ca\/glendon\/genial\/#website","url":"https:\/\/www.yorku.ca\/glendon\/genial\/","name":"Glendon ENtrepreneuriat et Innovation A L&#039;international (GENIAL)","description":"Glendon GENIAL Initiative","potentialAction":[{"@type":"SearchAction","target":{"@type":"EntryPoint","urlTemplate":"https:\/\/www.yorku.ca\/glendon\/genial\/?s={search_term_string}"},"query-input":{"@type":"PropertyValueSpecification","valueRequired":true,"valueName":"search_term_string"}}],"inLanguage":"en-US"}]}},"taxonomy_info":[],"featured_image_src_large":false,"author_info":{"display_name":"carmeli","author_link":"https:\/\/www.yorku.ca\/glendon\/genial\/author\/carmeli\/"},"comment_info":0,"_links":{"self":[{"href":"https:\/\/www.yorku.ca\/glendon\/genial\/wp-json\/wp\/v2\/pages\/4185","targetHints":{"allow":["GET"]}}],"collection":[{"href":"https:\/\/www.yorku.ca\/glendon\/genial\/wp-json\/wp\/v2\/pages"}],"about":[{"href":"https:\/\/www.yorku.ca\/glendon\/genial\/wp-json\/wp\/v2\/types\/page"}],"author":[{"embeddable":true,"href":"https:\/\/www.yorku.ca\/glendon\/genial\/wp-json\/wp\/v2\/users\/2237"}],"replies":[{"embeddable":true,"href":"https:\/\/www.yorku.ca\/glendon\/genial\/wp-json\/wp\/v2\/comments?post=4185"}],"version-history":[{"count":6,"href":"https:\/\/www.yorku.ca\/glendon\/genial\/wp-json\/wp\/v2\/pages\/4185\/revisions"}],"predecessor-version":[{"id":4317,"href":"https:\/\/www.yorku.ca\/glendon\/genial\/wp-json\/wp\/v2\/pages\/4185\/revisions\/4317"}],"wp:attachment":[{"href":"https:\/\/www.yorku.ca\/glendon\/genial\/wp-json\/wp\/v2\/media?parent=4185"}],"wp:term":[{"taxonomy":"post_tag","embeddable":true,"href":"https:\/\/www.yorku.ca\/glendon\/genial\/wp-json\/wp\/v2\/tags?post=4185"}],"curies":[{"name":"wp","href":"https:\/\/api.w.org\/{rel}","templated":true}]}}