  {"id":4075,"date":"2024-08-16T22:40:53","date_gmt":"2024-08-17T02:40:53","guid":{"rendered":"https:\/\/www.yorku.ca\/glendon\/genial\/?page_id=4075"},"modified":"2026-01-14T10:21:33","modified_gmt":"2026-01-14T15:21:33","slug":"linitiative-genial-de-glendon-aide-la-population-etudiante-et-les-communautes-francophones-de-lontario-a-exceller","status":"publish","type":"page","link":"https:\/\/www.yorku.ca\/glendon\/genial\/linitiative-genial-de-glendon-aide-la-population-etudiante-et-les-communautes-francophones-de-lontario-a-exceller\/?lang=fr","title":{"rendered":"L\u2019initiative GENIAL de Glendon aide la population \u00e9tudiante et les communaut\u00e9s francophones de l\u2019Ontario \u00e0 exceller"},"content":{"rendered":"\n<figure class=\"wp-block-image size-large\"><img loading=\"lazy\" decoding=\"async\" width=\"1024\" height=\"286\" src=\"https:\/\/www.yorku.ca\/glendon\/genial\/wp-content\/uploads\/sites\/879\/2024\/08\/thumbnail_YUGlendon_AD_image_1536x430-1-1024x286.jpg\" alt=\"\" class=\"wp-image-4131\" srcset=\"https:\/\/www.yorku.ca\/glendon\/genial\/wp-content\/uploads\/sites\/879\/2024\/08\/thumbnail_YUGlendon_AD_image_1536x430-1-1024x286.jpg 1024w, https:\/\/www.yorku.ca\/glendon\/genial\/wp-content\/uploads\/sites\/879\/2024\/08\/thumbnail_YUGlendon_AD_image_1536x430-1-400x112.jpg 400w, https:\/\/www.yorku.ca\/glendon\/genial\/wp-content\/uploads\/sites\/879\/2024\/08\/thumbnail_YUGlendon_AD_image_1536x430-1-1536x430.jpg 1536w, https:\/\/www.yorku.ca\/glendon\/genial\/wp-content\/uploads\/sites\/879\/2024\/08\/thumbnail_YUGlendon_AD_image_1536x430-1.jpg 1920w\" sizes=\"auto, (max-width: 1024px) 100vw, 1024px\" \/><\/figure>\n\n\n\n<p class=\"has-text-align-center\"><em>Cette d\u00e9marche ax\u00e9e sur l\u2019entrepreneuriat inculque aux personnes qui d\u00e9butent en affaires les comp\u00e9tences fondamentales qui leur permettront d\u2019identifier des occasions et de concevoir des approches in\u00e9dites pour cr\u00e9er leur entreprise.<\/em><\/p>\n\n\n\n<p>Ayant d\u00e9j\u00e0 \u00e0 son actif un baccalaur\u00e9at en \u00e9tudes internationales du Coll\u00e8ge universitaire Glendon de l\u2019Universit\u00e9 York, Gabrielle Cooper-Saint-Cyr pr\u00e9parait un dipl\u00f4me en traduction lorsqu\u2019elle a remarqu\u00e9 une affiche&nbsp;<a href=\"https:\/\/www.yorku.ca\/glendon\/genial\/?lang=fr\" target=\"_blank\" rel=\"noreferrer noopener\">GENIAL<\/a>&nbsp;(Glendon ENtrepreneuriat et Innovation A L\u2019international) sur le mur en face de sa classe.<\/p>\n\n\n\n<p>\u00ab&nbsp;Je me suis dit que c\u2019\u00e9tait exactement ce que je cherchais. Le projet \u00e9tait d\u00e9j\u00e0 en cours sur mon campus, alors c\u2019\u00e9tait tr\u00e8s facile d\u2019y acc\u00e9der.&nbsp;\u00bb, explique-t-elle.<\/p>\n\n\n\n<p>\u00c0 l\u2019\u00e9poque, Mme&nbsp;Cooper-Saint-Cyr cherchait \u00e0 d\u00e9velopper ses comp\u00e9tences entrepreneuriales en tant qu\u2019\u00e9tudiante non form\u00e9e dans ce domaine afin de mieux g\u00e9rer sa future carri\u00e8re de traductrice autonome. GENIAL a fait beaucoup plus pour elle&nbsp;: en plus de lui fournir les comp\u00e9tences techniques et la confiance n\u00e9cessaires, l\u2019initiative l\u2019a encourag\u00e9e \u00e0 fonder une entreprise de traduction.<\/p>\n\n\n\n<div class=\"wp-block-columns is-layout-flex wp-container-core-columns-is-layout-28f84493 wp-block-columns-is-layout-flex\">\n<div class=\"wp-block-column is-layout-flow wp-block-column-is-layout-flow\">\n<figure class=\"wp-block-image size-large\"><img loading=\"lazy\" decoding=\"async\" width=\"1024\" height=\"784\" src=\"https:\/\/www.yorku.ca\/glendon\/genial\/wp-content\/uploads\/sites\/879\/2024\/08\/image-8.jpeg\" alt=\"\" class=\"wp-image-4095\" srcset=\"https:\/\/www.yorku.ca\/glendon\/genial\/wp-content\/uploads\/sites\/879\/2024\/08\/image-8.jpeg 1024w, https:\/\/www.yorku.ca\/glendon\/genial\/wp-content\/uploads\/sites\/879\/2024\/08\/image-8-400x306.jpeg 400w\" sizes=\"auto, (max-width: 1024px) 100vw, 1024px\" \/><figcaption class=\"wp-element-caption\">De gauche \u00e0 droite, le directeur de la recherche et de l'innovation de York, David Kwok, la gestionnaire de projets sp\u00e9ciaux \u00e0 YSpace, Marlina Ramchandran, le principal de Glendon, Marco Fiola, le professeur agr\u00e9g\u00e9 \u00e0 Glendon, Angelo Dossou-Yovo, et la vice-principale de Glendon, Audrey Py\u00e9e, lors de la Comp\u00e9tition d'entrepreneuriat \u00e9tudiant.<\/figcaption><\/figure>\n<\/div>\n\n\n\n<div class=\"wp-block-column is-layout-flow wp-block-column-is-layout-flow\">\n<p>GENIAL est une initiative bilingue qui offre \u00e0 la population \u00e9tudiante de Glendon, aux facult\u00e9s et aux francophones de l\u2019Ontario une formation, des activit\u00e9s para-universitaires et un programme de recherche en entrepreneuriat et en innovation.&nbsp;<\/p>\n\n\n\n<p>Le fait que l\u2019incubateur entrepreneurial GENIAL soit ouvert \u00e0 tout le monde \u2014 peu importe leur dipl\u00f4me \u2014, et qu\u2019il soit offert en fran\u00e7ais (la langue maternelle de Mme&nbsp;Cooper-Saint-Cyr) ainsi qu\u2019en anglais \u00e9tait un \u00e9norme atout.<\/p>\n\n\n\n<p>\u00ab&nbsp;C\u2019est particuli\u00e8rement utile si vous travaillez et vivez en Ontario, car tout n\u2019est pas bilingue et des ressources ne sont pas toujours offertes en fran\u00e7ais, explique-t-elle. De plus, le programme renforce notre sentiment d\u2019appartenance \u00e0 la communaut\u00e9. Une entreprise de traduction diff\u00e8re beaucoup d\u2019une entreprise traditionnelle. Je n\u2019ai toutefois eu aucun mal \u00e0 obtenir des r\u00e9ponses satisfaisantes \u00e0 mes questions.&nbsp;\u00bb<\/p>\n\n\n\n<p>Mme&nbsp;Cooper-Saint-Cyr faisait partie des \u00e9tudiants et \u00e9tudiantes ayant remport\u00e9 la <a href=\"https:\/\/l-express.ca\/mode-africaine-et-accompagnement-a-la-competition-entrepreneuriale-de-glendon\/\">Comp\u00e9tition d'entrepreneuriat \u00e9tudiant<\/a> de l\u2019ann\u00e9e pr\u00e9c\u00e9dente, organis\u00e9e par GENIAL et commandit\u00e9e par le groupe Desjardins, qui avait contribu\u00e9 plus de 775\u2009000&nbsp;$ \u00e0 cette initiative ainsi qu\u2019\u00e0&nbsp;l\u2019initiative <a href=\"https:\/\/www.yorku.ca\/yspace\/ella\/?lang=fr\">ELLA de YSpace<\/a>&nbsp;\u2014 qui est consacr\u00e9e aux femmes entrepreneures \u00ad\u2014, afin de renforcer ces deux acc\u00e9l\u00e9rateurs. Ce don a permis non seulement de r\u00e9pondre aux besoins en infrastructure de l\u2019incubateur GENIAL et de son Programme Passeport Comp\u00e9tences Entrepreneuriales (PCE), mais aussi de fournir des ressources pour la composante d\u2019\u00e9ducation exp\u00e9rientielle des cours, notamment pour la cr\u00e9ation d\u2019entreprises \u00e0 vocation sociale, ainsi que pour le cours sur les projets d\u2019entrepreneuriat. De plus, il a permis d\u2019ajouter des modules au Programme PCE et de fournir un financement d\u2019amor\u00e7age aux \u00e9tudiant\u2e31e\u2e31s entrepreneur\u2e31e\u2e31s.<\/p>\n<\/div>\n<\/div>\n\n\n\n<p>\u00ab&nbsp;Nous avons pu passer \u00e0 la vitesse sup\u00e9rieure&nbsp;\u00bb, d\u00e9clare&nbsp;<a href=\"https:\/\/www.yorku.ca\/glendon\/genial\/__aproposdenous\/?lang=fr\" target=\"_blank\" rel=\"noreferrer noopener\">Angelo Dossou-Yovo<\/a>, professeur agr\u00e9g\u00e9 de gestion et d\u2019entrepreneuriat et fondateur de l\u2019initiative GENIAL en 2017. \u00c0 ce jour, 64&nbsp;\u00e9tudiantes et \u00e9tudiants ont acquis des connaissances en entrepreneuriat gr\u00e2ce au Programme PCE.<\/p>\n\n\n\n<p>Cette ann\u00e9e encore, la comp\u00e9tition du 26&nbsp;septembre offrira aux \u00e9tudiantes et \u00e9tudiants d\u00e9sireux de d\u00e9velopper leur esprit d\u2019entrepreneuriat la possibilit\u00e9 de pr\u00e9senter leur projet et d\u2019obtenir un financement d\u2019amor\u00e7age.&nbsp;<\/p>\n\n\n\n<p>\u00c0 son arriv\u00e9e \u00e0 Glendon, M.&nbsp;Dossou-Yovo enseignait le commerce dans le cadre du Programme de Double dipl\u00f4me en quatre ans du coll\u00e8ge universitaire, qui donne aux \u00e9tudiant\u2e31e\u2e31s la possibilit\u00e9 de combiner deux ann\u00e9es d\u2019\u00e9tudes \u00e0 Glendon avec deux ann\u00e9es \u00e0 EM Lyon Business School en France afin d\u2019obtenir un baccalaur\u00e9at international \u00e8s arts (i.B.A.) en \u00e9tudes internationales et un&nbsp;<strong>baccalaur\u00e9at global en administration des affaires (B.A.A.)<\/strong>.<\/p>\n\n\n\n<div class=\"wp-block-columns is-layout-flex wp-container-core-columns-is-layout-28f84493 wp-block-columns-is-layout-flex\">\n<div class=\"wp-block-column is-layout-flow wp-block-column-is-layout-flow\" style=\"flex-basis:66.66%\">\n<p>Cependant, quand il a r\u00e9alis\u00e9 l\u2019engouement des jeunes universitaires pour le d\u00e9veloppement de comp\u00e9tences entrepreneuriales, il a souhait\u00e9 lancer un projet unique en son genre pour la population francophone et bilingue.<\/p>\n\n\n\n<p>\u00ab&nbsp;Dans le cadre de cette initiative, nous tentons de d\u00e9velopper un esprit d\u2019entreprise en nous concentrant sur les premi\u00e8res \u00e9tapes du cycle de vie d\u2019une entreprise. Nous examinons les moyens de d\u00e9finir et de d\u00e9velopper des occasions d\u2019affaires, c\u2019est-\u00e0-dire savoir si un projet vaut la peine qu\u2019on y consacre du temps, de l\u2019argent et des ressources \u00e0 long terme. Tout commence par la r\u00e9solution de probl\u00e8mes, la recherche, l\u2019\u00e9valuation et la validation de possibilit\u00e9s commerciales pour maximiser les chances de r\u00e9ussite&nbsp;\u00bb, explique M.&nbsp;Dossou-Yovo.<\/p>\n\n\n\n<p>\u00ab&nbsp;Nous aidons les entrepreneur\u2e31e\u2e31s en herbe et les personnes int\u00e9ress\u00e9es par l\u2019entrepreneuriat \u00e0 d\u00e9velopper des comp\u00e9tences entrepreneuriales qu\u2019elles pourront exploiter plus tard, soit pour cr\u00e9er une entreprise, soit pour chercher un emploi dans des organisations o\u00f9 les comp\u00e9tences entrepreneuriales sont n\u00e9cessaires.&nbsp;\u00bb<\/p>\n\n\n\n<p>Gr\u00e2ce au Programme Passeport Comp\u00e9tences Entrepreneuriales de 15&nbsp;semaines propos\u00e9es dans le cadre de l'initiative GENIAL, Mme&nbsp;Cooper-Saint-Cyr a pu d\u00e9velopper les comp\u00e9tences n\u00e9cessaires pour cr\u00e9er sa propre entreprise de traduction. Cela s\u2019est fait bien plus t\u00f4t que pr\u00e9vu. Bien qu\u2019elle n\u2019ait pas de formation commerciale, elle s\u2019est sentie au bon endroit.<\/p>\n\n\n\n<p>\u00ab&nbsp;J\u2019ai re\u00e7u beaucoup d\u2019aide tout au long du processus. Je n\u2019ai jamais remis mon choix en question parce que j\u2019ai continu\u00e9 \u00e0 recevoir le support n\u00e9cessaire, ce qui \u00e9tait formidable. Quand on s\u2019engage dans un tel programme, on veut avoir l\u2019impression d\u2019\u00eatre sur un pied d\u2019\u00e9galit\u00e9 et d\u2019apprendre au m\u00eame rythme que tout le monde.&nbsp;\u00bb<\/p>\n<\/div>\n\n\n\n<div class=\"wp-block-column is-layout-flow wp-block-column-is-layout-flow\" style=\"flex-basis:33.33%\">\n<figure class=\"wp-block-image size-large\"><img loading=\"lazy\" decoding=\"async\" width=\"894\" height=\"1024\" src=\"https:\/\/www.yorku.ca\/glendon\/genial\/wp-content\/uploads\/sites\/879\/2024\/08\/image-9.jpeg\" alt=\"\" class=\"wp-image-4098\" srcset=\"https:\/\/www.yorku.ca\/glendon\/genial\/wp-content\/uploads\/sites\/879\/2024\/08\/image-9.jpeg 894w, https:\/\/www.yorku.ca\/glendon\/genial\/wp-content\/uploads\/sites\/879\/2024\/08\/image-9-349x400.jpeg 349w\" sizes=\"auto, (max-width: 894px) 100vw, 894px\" \/><figcaption class=\"wp-element-caption\">Guy Cormier, PDG de Desjardins (\u00e0 gauche) avec Rhonda Lenton, pr\u00e9sidente et vice-chanceli\u00e8re de l'Universit\u00e9 York<\/figcaption><\/figure>\n<\/div>\n<\/div>\n\n\n\n<div class=\"wp-block-columns is-layout-flex wp-container-core-columns-is-layout-28f84493 wp-block-columns-is-layout-flex\">\n<div class=\"wp-block-column is-layout-flow wp-block-column-is-layout-flow\">\n<p>La derni\u00e8re \u00e9tape, la \u00ab&nbsp;comp\u00e9tition pitch \u00bb, permet aux jeunes entrepreneurs et entrepreneures d\u2019apprendre \u00e0 pr\u00e9senter les atouts de leur entreprise aupr\u00e8s de futurs partenaires, dans l\u2019espoir d\u2019obtenir un financement pour en acc\u00e9l\u00e9rer le d\u00e9veloppement.<\/p>\n\n\n\n<p>M\u00eame si Mme&nbsp;Cooper-Saint-Cyr ne savait pas trop \u00e0 quoi s\u2019attendre lorsqu\u2019elle a commenc\u00e9, elle affirme que les r\u00e9sultats ont d\u00e9pass\u00e9 toutes ses esp\u00e9rances. Au bout de quelques mois seulement \u2014 avec quelques interruptions pour se consacrer \u00e0 ses \u00e9tudes \u2014, elle a fond\u00e9 son entreprise et obtenu plusieurs contrats.<\/p>\n\n\n\n<p>\u00ab&nbsp;C\u2019\u00e9tait incroyable. Ils s\u2019y prennent tr\u00e8s bien et ils savent quand il faut pousser et quand on peut prendre un peu de recul. Ils nous aident \u00e0 continuer d\u2019avancer quand on a des doutes.&nbsp;\u00bb<\/p>\n\n\n\n<p>Mme&nbsp;Cooper-Saint-Cyr cherche maintenant \u00e0 d\u00e9velopper son entreprise et \u00e0 bonifier son offre de services.<\/p>\n\n\n\n<p>\u00ab&nbsp;Je pense, d\u00e9clare M.&nbsp;Dossou-Yovo, que c\u2019est un bel exemple de r\u00e9ussite qui n\u2019aurait pas \u00e9t\u00e9 possible sans l\u2019acc\u00e8s \u00e0 l\u2019initiative GENIAL durant ses \u00e9tudes \u00e0 Glendon.&nbsp;\u00bb<\/p>\n\n\n\n<p>C\u2019est aussi une autre fa\u00e7on pour des organisations comme Desjardins d\u2019aider York \u00e0 susciter des changements positifs aujourd\u2019hui et \u00e0 l\u2019avenir.<\/p>\n<\/div>\n<\/div>\n","protected":false},"excerpt":{"rendered":"<p>Cette d\u00e9marche ax\u00e9e sur l\u2019entrepreneuriat inculque aux personnes qui d\u00e9butent en affaires les comp\u00e9tences fondamentales qui leur permettront d\u2019identifier des occasions et de concevoir des approches in\u00e9dites pour cr\u00e9er leur entreprise. Ayant d\u00e9j\u00e0 \u00e0 son actif un baccalaur\u00e9at en \u00e9tudes internationales du Coll\u00e8ge universitaire Glendon de l\u2019Universit\u00e9 York, Gabrielle Cooper-Saint-Cyr pr\u00e9parait un dipl\u00f4me en traduction [&hellip;]<\/p>\n","protected":false},"author":2237,"featured_media":0,"parent":0,"menu_order":0,"comment_status":"closed","ping_status":"closed","template":"","meta":{"_kad_blocks_custom_css":"","_kad_blocks_head_custom_js":"","_kad_blocks_body_custom_js":"","_kad_blocks_footer_custom_js":"","_monsterinsights_skip_tracking":false,"_monsterinsights_sitenote_active":false,"_monsterinsights_sitenote_note":"","_monsterinsights_sitenote_category":0,"footnotes":""},"tags":[],"class_list":["post-4075","page","type-page","status-publish","hentry"],"yoast_head":"<!-- This site is optimized with the Yoast SEO plugin v24.0 - https:\/\/yoast.com\/wordpress\/plugins\/seo\/ -->\n<title>L\u2019initiative GENIAL de Glendon aide la population \u00e9tudiante et les communaut\u00e9s francophones de l\u2019Ontario \u00e0 exceller - Glendon ENtrepreneuriat et Innovation A L&#039;international (GENIAL)<\/title>\n<meta name=\"robots\" content=\"index, follow, max-snippet:-1, max-image-preview:large, max-video-preview:-1\" \/>\n<link rel=\"canonical\" href=\"https:\/\/www.yorku.ca\/glendon\/genial\/linitiative-genial-de-glendon-aide-la-population-etudiante-et-les-communautes-francophones-de-lontario-a-exceller\/?lang=fr\" \/>\n<meta property=\"og:locale\" content=\"en_US\" \/>\n<meta property=\"og:type\" content=\"article\" \/>\n<meta property=\"og:title\" content=\"L\u2019initiative GENIAL de Glendon aide la population \u00e9tudiante et les communaut\u00e9s francophones de l\u2019Ontario \u00e0 exceller - Glendon ENtrepreneuriat et Innovation A L&#039;international (GENIAL)\" \/>\n<meta property=\"og:description\" content=\"Cette d\u00e9marche ax\u00e9e sur l\u2019entrepreneuriat inculque aux personnes qui d\u00e9butent en affaires les comp\u00e9tences fondamentales qui leur permettront d\u2019identifier des occasions et de concevoir des approches in\u00e9dites pour cr\u00e9er leur entreprise. Ayant d\u00e9j\u00e0 \u00e0 son actif un baccalaur\u00e9at en \u00e9tudes internationales du Coll\u00e8ge universitaire Glendon de l\u2019Universit\u00e9 York, Gabrielle Cooper-Saint-Cyr pr\u00e9parait un dipl\u00f4me en traduction [&hellip;]\" \/>\n<meta property=\"og:url\" content=\"https:\/\/www.yorku.ca\/glendon\/genial\/linitiative-genial-de-glendon-aide-la-population-etudiante-et-les-communautes-francophones-de-lontario-a-exceller\/?lang=fr\" \/>\n<meta property=\"og:site_name\" content=\"Glendon ENtrepreneuriat et Innovation A L&#039;international (GENIAL)\" \/>\n<meta property=\"article:modified_time\" content=\"2026-01-14T15:21:33+00:00\" \/>\n<meta property=\"og:image\" content=\"https:\/\/www.yorku.ca\/glendon\/genial\/wp-content\/uploads\/sites\/879\/2024\/08\/thumbnail_YUGlendon_AD_image_1536x430-1.jpg\" \/>\n\t<meta property=\"og:image:width\" content=\"1920\" \/>\n\t<meta property=\"og:image:height\" content=\"537\" \/>\n\t<meta property=\"og:image:type\" content=\"image\/jpeg\" \/>\n<meta name=\"twitter:card\" content=\"summary_large_image\" \/>\n<meta name=\"twitter:label1\" content=\"Est. reading time\" \/>\n\t<meta name=\"twitter:data1\" content=\"6 minutes\" \/>\n<script type=\"application\/ld+json\" class=\"yoast-schema-graph\">{\"@context\":\"https:\/\/schema.org\",\"@graph\":[{\"@type\":\"WebPage\",\"@id\":\"https:\/\/www.yorku.ca\/glendon\/genial\/linitiative-genial-de-glendon-aide-la-population-etudiante-et-les-communautes-francophones-de-lontario-a-exceller\/?lang=fr\",\"url\":\"https:\/\/www.yorku.ca\/glendon\/genial\/linitiative-genial-de-glendon-aide-la-population-etudiante-et-les-communautes-francophones-de-lontario-a-exceller\/?lang=fr\",\"name\":\"L\u2019initiative GENIAL de Glendon aide la population \u00e9tudiante et les communaut\u00e9s francophones de l\u2019Ontario \u00e0 exceller - Glendon ENtrepreneuriat et Innovation A L&#039;international (GENIAL)\",\"isPartOf\":{\"@id\":\"https:\/\/www.yorku.ca\/glendon\/genial\/#website\"},\"primaryImageOfPage\":{\"@id\":\"https:\/\/www.yorku.ca\/glendon\/genial\/linitiative-genial-de-glendon-aide-la-population-etudiante-et-les-communautes-francophones-de-lontario-a-exceller\/?lang=fr#primaryimage\"},\"image\":{\"@id\":\"https:\/\/www.yorku.ca\/glendon\/genial\/linitiative-genial-de-glendon-aide-la-population-etudiante-et-les-communautes-francophones-de-lontario-a-exceller\/?lang=fr#primaryimage\"},\"thumbnailUrl\":\"https:\/\/www.yorku.ca\/glendon\/genial\/wp-content\/uploads\/sites\/879\/2024\/08\/thumbnail_YUGlendon_AD_image_1536x430-1-1024x286.jpg\",\"datePublished\":\"2024-08-17T02:40:53+00:00\",\"dateModified\":\"2026-01-14T15:21:33+00:00\",\"breadcrumb\":{\"@id\":\"https:\/\/www.yorku.ca\/glendon\/genial\/linitiative-genial-de-glendon-aide-la-population-etudiante-et-les-communautes-francophones-de-lontario-a-exceller\/?lang=fr#breadcrumb\"},\"inLanguage\":\"en-US\",\"potentialAction\":[{\"@type\":\"ReadAction\",\"target\":[\"https:\/\/www.yorku.ca\/glendon\/genial\/linitiative-genial-de-glendon-aide-la-population-etudiante-et-les-communautes-francophones-de-lontario-a-exceller\/?lang=fr\"]}]},{\"@type\":\"ImageObject\",\"inLanguage\":\"en-US\",\"@id\":\"https:\/\/www.yorku.ca\/glendon\/genial\/linitiative-genial-de-glendon-aide-la-population-etudiante-et-les-communautes-francophones-de-lontario-a-exceller\/?lang=fr#primaryimage\",\"url\":\"https:\/\/www.yorku.ca\/glendon\/genial\/wp-content\/uploads\/sites\/879\/2024\/08\/thumbnail_YUGlendon_AD_image_1536x430-1.jpg\",\"contentUrl\":\"https:\/\/www.yorku.ca\/glendon\/genial\/wp-content\/uploads\/sites\/879\/2024\/08\/thumbnail_YUGlendon_AD_image_1536x430-1.jpg\",\"width\":1920,\"height\":537},{\"@type\":\"BreadcrumbList\",\"@id\":\"https:\/\/www.yorku.ca\/glendon\/genial\/linitiative-genial-de-glendon-aide-la-population-etudiante-et-les-communautes-francophones-de-lontario-a-exceller\/?lang=fr#breadcrumb\",\"itemListElement\":[{\"@type\":\"ListItem\",\"position\":1,\"name\":\"Home\",\"item\":\"https:\/\/www.yorku.ca\/glendon\/genial\/\"},{\"@type\":\"ListItem\",\"position\":2,\"name\":\"L\u2019initiative GENIAL de Glendon aide la population \u00e9tudiante et les communaut\u00e9s francophones de l\u2019Ontario \u00e0 exceller\"}]},{\"@type\":\"WebSite\",\"@id\":\"https:\/\/www.yorku.ca\/glendon\/genial\/#website\",\"url\":\"https:\/\/www.yorku.ca\/glendon\/genial\/\",\"name\":\"Glendon ENtrepreneuriat et Innovation A L&#039;international (GENIAL)\",\"description\":\"Glendon GENIAL Initiative\",\"potentialAction\":[{\"@type\":\"SearchAction\",\"target\":{\"@type\":\"EntryPoint\",\"urlTemplate\":\"https:\/\/www.yorku.ca\/glendon\/genial\/?s={search_term_string}\"},\"query-input\":{\"@type\":\"PropertyValueSpecification\",\"valueRequired\":true,\"valueName\":\"search_term_string\"}}],\"inLanguage\":\"en-US\"}]}<\/script>\n<!-- \/ Yoast SEO plugin. -->","yoast_head_json":{"title":"L\u2019initiative GENIAL de Glendon aide la population \u00e9tudiante et les communaut\u00e9s francophones de l\u2019Ontario \u00e0 exceller - Glendon ENtrepreneuriat et Innovation A L&#039;international (GENIAL)","robots":{"index":"index","follow":"follow","max-snippet":"max-snippet:-1","max-image-preview":"max-image-preview:large","max-video-preview":"max-video-preview:-1"},"canonical":"https:\/\/www.yorku.ca\/glendon\/genial\/linitiative-genial-de-glendon-aide-la-population-etudiante-et-les-communautes-francophones-de-lontario-a-exceller\/?lang=fr","og_locale":"en_US","og_type":"article","og_title":"L\u2019initiative GENIAL de Glendon aide la population \u00e9tudiante et les communaut\u00e9s francophones de l\u2019Ontario \u00e0 exceller - Glendon ENtrepreneuriat et Innovation A L&#039;international (GENIAL)","og_description":"Cette d\u00e9marche ax\u00e9e sur l\u2019entrepreneuriat inculque aux personnes qui d\u00e9butent en affaires les comp\u00e9tences fondamentales qui leur permettront d\u2019identifier des occasions et de concevoir des approches in\u00e9dites pour cr\u00e9er leur entreprise. Ayant d\u00e9j\u00e0 \u00e0 son actif un baccalaur\u00e9at en \u00e9tudes internationales du Coll\u00e8ge universitaire Glendon de l\u2019Universit\u00e9 York, Gabrielle Cooper-Saint-Cyr pr\u00e9parait un dipl\u00f4me en traduction [&hellip;]","og_url":"https:\/\/www.yorku.ca\/glendon\/genial\/linitiative-genial-de-glendon-aide-la-population-etudiante-et-les-communautes-francophones-de-lontario-a-exceller\/?lang=fr","og_site_name":"Glendon ENtrepreneuriat et Innovation A L&#039;international (GENIAL)","article_modified_time":"2026-01-14T15:21:33+00:00","og_image":[{"width":1920,"height":537,"url":"https:\/\/www.yorku.ca\/glendon\/genial\/wp-content\/uploads\/sites\/879\/2024\/08\/thumbnail_YUGlendon_AD_image_1536x430-1.jpg","type":"image\/jpeg"}],"twitter_card":"summary_large_image","twitter_misc":{"Est. reading time":"6 minutes"},"schema":{"@context":"https:\/\/schema.org","@graph":[{"@type":"WebPage","@id":"https:\/\/www.yorku.ca\/glendon\/genial\/linitiative-genial-de-glendon-aide-la-population-etudiante-et-les-communautes-francophones-de-lontario-a-exceller\/?lang=fr","url":"https:\/\/www.yorku.ca\/glendon\/genial\/linitiative-genial-de-glendon-aide-la-population-etudiante-et-les-communautes-francophones-de-lontario-a-exceller\/?lang=fr","name":"L\u2019initiative GENIAL de Glendon aide la population \u00e9tudiante et les communaut\u00e9s francophones de l\u2019Ontario \u00e0 exceller - Glendon ENtrepreneuriat et Innovation A L&#039;international (GENIAL)","isPartOf":{"@id":"https:\/\/www.yorku.ca\/glendon\/genial\/#website"},"primaryImageOfPage":{"@id":"https:\/\/www.yorku.ca\/glendon\/genial\/linitiative-genial-de-glendon-aide-la-population-etudiante-et-les-communautes-francophones-de-lontario-a-exceller\/?lang=fr#primaryimage"},"image":{"@id":"https:\/\/www.yorku.ca\/glendon\/genial\/linitiative-genial-de-glendon-aide-la-population-etudiante-et-les-communautes-francophones-de-lontario-a-exceller\/?lang=fr#primaryimage"},"thumbnailUrl":"https:\/\/www.yorku.ca\/glendon\/genial\/wp-content\/uploads\/sites\/879\/2024\/08\/thumbnail_YUGlendon_AD_image_1536x430-1-1024x286.jpg","datePublished":"2024-08-17T02:40:53+00:00","dateModified":"2026-01-14T15:21:33+00:00","breadcrumb":{"@id":"https:\/\/www.yorku.ca\/glendon\/genial\/linitiative-genial-de-glendon-aide-la-population-etudiante-et-les-communautes-francophones-de-lontario-a-exceller\/?lang=fr#breadcrumb"},"inLanguage":"en-US","potentialAction":[{"@type":"ReadAction","target":["https:\/\/www.yorku.ca\/glendon\/genial\/linitiative-genial-de-glendon-aide-la-population-etudiante-et-les-communautes-francophones-de-lontario-a-exceller\/?lang=fr"]}]},{"@type":"ImageObject","inLanguage":"en-US","@id":"https:\/\/www.yorku.ca\/glendon\/genial\/linitiative-genial-de-glendon-aide-la-population-etudiante-et-les-communautes-francophones-de-lontario-a-exceller\/?lang=fr#primaryimage","url":"https:\/\/www.yorku.ca\/glendon\/genial\/wp-content\/uploads\/sites\/879\/2024\/08\/thumbnail_YUGlendon_AD_image_1536x430-1.jpg","contentUrl":"https:\/\/www.yorku.ca\/glendon\/genial\/wp-content\/uploads\/sites\/879\/2024\/08\/thumbnail_YUGlendon_AD_image_1536x430-1.jpg","width":1920,"height":537},{"@type":"BreadcrumbList","@id":"https:\/\/www.yorku.ca\/glendon\/genial\/linitiative-genial-de-glendon-aide-la-population-etudiante-et-les-communautes-francophones-de-lontario-a-exceller\/?lang=fr#breadcrumb","itemListElement":[{"@type":"ListItem","position":1,"name":"Home","item":"https:\/\/www.yorku.ca\/glendon\/genial\/"},{"@type":"ListItem","position":2,"name":"L\u2019initiative GENIAL de Glendon aide la population \u00e9tudiante et les communaut\u00e9s francophones de l\u2019Ontario \u00e0 exceller"}]},{"@type":"WebSite","@id":"https:\/\/www.yorku.ca\/glendon\/genial\/#website","url":"https:\/\/www.yorku.ca\/glendon\/genial\/","name":"Glendon ENtrepreneuriat et Innovation A L&#039;international (GENIAL)","description":"Glendon GENIAL Initiative","potentialAction":[{"@type":"SearchAction","target":{"@type":"EntryPoint","urlTemplate":"https:\/\/www.yorku.ca\/glendon\/genial\/?s={search_term_string}"},"query-input":{"@type":"PropertyValueSpecification","valueRequired":true,"valueName":"search_term_string"}}],"inLanguage":"en-US"}]}},"taxonomy_info":[],"featured_image_src_large":false,"author_info":{"display_name":"carmeli","author_link":"https:\/\/www.yorku.ca\/glendon\/genial\/author\/carmeli\/"},"comment_info":0,"_links":{"self":[{"href":"https:\/\/www.yorku.ca\/glendon\/genial\/wp-json\/wp\/v2\/pages\/4075","targetHints":{"allow":["GET"]}}],"collection":[{"href":"https:\/\/www.yorku.ca\/glendon\/genial\/wp-json\/wp\/v2\/pages"}],"about":[{"href":"https:\/\/www.yorku.ca\/glendon\/genial\/wp-json\/wp\/v2\/types\/page"}],"author":[{"embeddable":true,"href":"https:\/\/www.yorku.ca\/glendon\/genial\/wp-json\/wp\/v2\/users\/2237"}],"replies":[{"embeddable":true,"href":"https:\/\/www.yorku.ca\/glendon\/genial\/wp-json\/wp\/v2\/comments?post=4075"}],"version-history":[{"count":10,"href":"https:\/\/www.yorku.ca\/glendon\/genial\/wp-json\/wp\/v2\/pages\/4075\/revisions"}],"predecessor-version":[{"id":5351,"href":"https:\/\/www.yorku.ca\/glendon\/genial\/wp-json\/wp\/v2\/pages\/4075\/revisions\/5351"}],"wp:attachment":[{"href":"https:\/\/www.yorku.ca\/glendon\/genial\/wp-json\/wp\/v2\/media?parent=4075"}],"wp:term":[{"taxonomy":"post_tag","embeddable":true,"href":"https:\/\/www.yorku.ca\/glendon\/genial\/wp-json\/wp\/v2\/tags?post=4075"}],"curies":[{"name":"wp","href":"https:\/\/api.w.org\/{rel}","templated":true}]}}