  {"id":2167,"date":"2024-05-30T14:59:23","date_gmt":"2024-05-30T18:59:23","guid":{"rendered":"https:\/\/www.yorku.ca\/glendon\/genialdev\/?page_id=2167"},"modified":"2025-11-10T15:12:52","modified_gmt":"2025-11-10T20:12:52","slug":"recherche","status":"publish","type":"page","link":"https:\/\/www.yorku.ca\/glendon\/genial\/recherche\/?lang=fr","title":{"rendered":"Recherche"},"content":{"rendered":"\n<div style=\"height:35px\" aria-hidden=\"true\" class=\"wp-block-spacer\"><\/div>\n\n\n\n<div class=\"wp-block-cover is-light full-width\" style=\"min-height:430px;aspect-ratio:unset;\"><span aria-hidden=\"true\" class=\"wp-block-cover__background has-background-dim-0 has-background-dim\"><\/span><img loading=\"lazy\" decoding=\"async\" width=\"2560\" height=\"1707\" class=\"wp-block-cover__image-background wp-image-3452\" alt=\"\" src=\"https:\/\/www.yorku.ca\/glendon\/genial\/wp-content\/uploads\/sites\/879\/2024\/07\/pexels-kampus-5940844-scaled.jpg\" style=\"object-position:50% 69%\" data-object-fit=\"cover\" data-object-position=\"50% 69%\" srcset=\"https:\/\/www.yorku.ca\/glendon\/genial\/wp-content\/uploads\/sites\/879\/2024\/07\/pexels-kampus-5940844-scaled.jpg 2560w, https:\/\/www.yorku.ca\/glendon\/genial\/wp-content\/uploads\/sites\/879\/2024\/07\/pexels-kampus-5940844-400x267.jpg 400w, https:\/\/www.yorku.ca\/glendon\/genial\/wp-content\/uploads\/sites\/879\/2024\/07\/pexels-kampus-5940844-1024x683.jpg 1024w, https:\/\/www.yorku.ca\/glendon\/genial\/wp-content\/uploads\/sites\/879\/2024\/07\/pexels-kampus-5940844-391x260.jpg 391w, https:\/\/www.yorku.ca\/glendon\/genial\/wp-content\/uploads\/sites\/879\/2024\/07\/pexels-kampus-5940844-1536x1024.jpg 1536w, https:\/\/www.yorku.ca\/glendon\/genial\/wp-content\/uploads\/sites\/879\/2024\/07\/pexels-kampus-5940844-2048x1365.jpg 2048w\" sizes=\"auto, (max-width: 2560px) 100vw, 2560px\" \/><div class=\"wp-block-cover__inner-container is-layout-flow wp-block-cover-is-layout-flow\">\n<p class=\"has-text-align-center has-large-font-size\"><\/p>\n<\/div><\/div>\n\n\n\n<div style=\"height:35px\" aria-hidden=\"true\" class=\"wp-block-spacer\"><\/div>\n\n\n\n<p>L\u2019Initiative GENIAL dispose d\u2019un groupe de recherche compos\u00e9 d\u2019\u00e9tudiants et de chercheurs ayant des int\u00e9r\u00eats de recherche en entrepreneuriat et en innovation. Ce groupe travaille ensemble pour d\u00e9velopper des projets de recherche conjoints ainsi que rechercher du financement.<\/p>\n\n\n\n<p>Pour rejoindre le groupe de recherche, veuillez remplir <a href=\"https:\/\/forms.office.com\/r\/7yndf6U0Y7\" target=\"_blank\" rel=\"noreferrer noopener\">ce formulaire<\/a>. <\/p>\n\n\n\n<hr class=\"wp-block-separator has-text-color has-white-color has-css-opacity has-white-background-color has-background is-style-wide\"\/>\n\n\n\n<h2 class=\"wp-block-heading\">Projets<\/h2>\n\n\n\n<div class=\"wp-block-columns is-layout-flex wp-container-core-columns-is-layout-1 wp-block-columns-is-layout-flex\">\n<div class=\"wp-block-column border-top pt-5 is-layout-flow wp-block-column-is-layout-flow\">\n<p><strong>Crowdsourcing et opportunit\u00e9s entrepreneuriales : Vers un cadre de reconnaissance et de d\u00e9veloppement des opportunit\u00e9s<\/strong> (<strong>en cours) <\/strong><\/p>\n\n\n\n<p>Fond\u00e9 par <em>Social Sciences and Humanities Research Council (SSHRC)<\/em> codemandeur Joyline Makani, Dalhousie University<\/p>\n<\/div>\n\n\n\n<div class=\"wp-block-column border-top pt-5 is-layout-flow wp-block-column-is-layout-flow\">\n<p class=\"font-weight-bold\"><strong>Crowdsourcing et d\u00e9fis des petites entreprises : comment tirer parti des avantages du crowdsourcing dans l'industrie des technologies de l'information et de la communication<\/strong><strong style=\"font-size: revert; color: initial;\"> (anglais)<\/strong><\/p>\n\n\n\n<p class=\"font-weight-bold\"><a href=\"https:\/\/www.inderscienceonline.com\/doi\/epdf\/10.1504\/IJRIC.2024.140356\" target=\"_blank\" rel=\"noreferrer noopener\"><strong>EN SAVOIR PLUS<\/strong><\/a><\/p>\n<\/div>\n<\/div>\n\n\n\n<div class=\"wp-block-columns is-layout-flex wp-container-core-columns-is-layout-2 wp-block-columns-is-layout-flex\">\n<div class=\"wp-block-column border-top pt-5 is-layout-flow wp-block-column-is-layout-flow\">\n<p class=\"font-weight-bold\"><strong>Espaces collaboratifs et crit\u00e8res de performance<\/strong> <strong>(fran\u00e7ais)<\/strong><\/p>\n\n\n\n<p class=\"font-weight-bold\"><a href=\"https:\/\/journals.openedition.org\/interventionseconomiques\/4573\" target=\"_blank\" rel=\"noreferrer noopener\"><strong>EN SAVOIR PLUS<\/strong><\/a><\/p>\n<\/div>\n\n\n\n<div class=\"wp-block-column border-top pt-5 is-layout-flow wp-block-column-is-layout-flow\">\n<p class=\"font-weight-bold\"><strong>Analyse de l\u2019impact des espaces collaboratifs (co-working) sur le processus entrepreneurial<\/strong> <strong>(fran\u00e7ais)<\/strong><\/p>\n\n\n\n<p class=\"font-weight-bold\"><a href=\"https:\/\/www.jstor.org\/stable\/j.ctvt1sh5j\" target=\"_blank\" rel=\"noreferrer noopener\"><strong>EN SAVOIR PLUS<\/strong><\/a><\/p>\n<\/div>\n<\/div>\n\n\n\n<div class=\"wp-block-columns is-layout-flex wp-container-core-columns-is-layout-3 wp-block-columns-is-layout-flex\">\n<div class=\"wp-block-column border-top pt-5 is-layout-flow wp-block-column-is-layout-flow\">\n<p class=\"font-weight-bold\"><strong>Espaces de co-working et culture de collaboration: Exploration des facteurs d\u00e9terminants<\/strong> <strong>(fran\u00e7ais)<\/strong><\/p>\n\n\n\n<p class=\"font-weight-bold\"><a href=\"https:\/\/www.jstor.org\/stable\/j.ctvt1sh5j\" target=\"_blank\" rel=\"noreferrer noopener\"><strong>EN SAVOIR PLUS<\/strong><\/a><\/p>\n<\/div>\n\n\n\n<div class=\"wp-block-column border-top pt-5 is-layout-flow wp-block-column-is-layout-flow\">\n<p class=\"font-weight-bold\"><\/p>\n<\/div>\n<\/div>\n\n\n\n<div class=\"wp-block-columns learnmore-block is-layout-flex wp-container-core-columns-is-layout-4 wp-block-columns-is-layout-flex\">\n<div class=\"wp-block-column is-vertically-aligned-top is-layout-flow wp-block-column-is-layout-flow\" style=\"flex-basis:60%\">\n<h2 class=\"wp-block-heading\">Restez au courant!<\/h2>\n\n\n\n<p>Abonnez-vous \u00e0 l'infolettre semestrielle de GENIAL pour obtenir des informations sur les actualit\u00e9s et \u00e9v\u00e9nements importants.<\/p>\n<\/div>\n\n\n\n<div class=\"wp-block-column is-vertically-aligned-center is-layout-flow wp-block-column-is-layout-flow\">\n<div class=\"wp-block-buttons is-horizontal is-content-justification-center is-layout-flex wp-container-core-buttons-is-layout-1 wp-block-buttons-is-layout-flex\">\n<div class=\"wp-block-button\"><a class=\"wp-block-button__link wp-element-button\" href=\"https:\/\/forms.office.com\/Pages\/ResponsePage.aspx?id=GBNTNBFw1E-H8KQ4FsSb0Mj79mjHJqRLqSLw-kkQtdJUOERBT0pHMTVVV05OSjlYTTRKTU9GUkpFUC4u\" target=\"_blank\" rel=\"noreferrer noopener\">Abonnez-vous<\/a><\/div>\n<\/div>\n<\/div>\n<\/div>\n\n\n\n<div class=\"wp-block-columns social-bar-block is-layout-flex wp-container-core-columns-is-layout-5 wp-block-columns-is-layout-flex\">\n<div class=\"wp-block-column is-layout-flow wp-block-column-is-layout-flow\">\n<h2 class=\"wp-block-heading h6 text-white text-center\">Connect with GENIAL<\/h2>\n<\/div>\n\n\n\n<div class=\"wp-block-column is-layout-flow wp-block-column-is-layout-flow\">\n<ul class=\"wp-block-social-links aligncenter my-2 is-style-default is-layout-flex wp-block-social-links-is-layout-flex\"><li class=\"wp-social-link wp-social-link-instagram  wp-block-social-link\"><a href=\"https:\/\/www.instagram.com\/glendongenial\/\" class=\"wp-block-social-link-anchor\"><svg width=\"24\" height=\"24\" viewBox=\"0 0 24 24\" version=\"1.1\" xmlns=\"http:\/\/www.w3.org\/2000\/svg\" aria-hidden=\"true\" focusable=\"false\"><path d=\"M12,4.622c2.403,0,2.688,0.009,3.637,0.052c0.877,0.04,1.354,0.187,1.671,0.31c0.42,0.163,0.72,0.358,1.035,0.673 c0.315,0.315,0.51,0.615,0.673,1.035c0.123,0.317,0.27,0.794,0.31,1.671c0.043,0.949,0.052,1.234,0.052,3.637 s-0.009,2.688-0.052,3.637c-0.04,0.877-0.187,1.354-0.31,1.671c-0.163,0.42-0.358,0.72-0.673,1.035 c-0.315,0.315-0.615,0.51-1.035,0.673c-0.317,0.123-0.794,0.27-1.671,0.31c-0.949,0.043-1.233,0.052-3.637,0.052 s-2.688-0.009-3.637-0.052c-0.877-0.04-1.354-0.187-1.671-0.31c-0.42-0.163-0.72-0.358-1.035-0.673 c-0.315-0.315-0.51-0.615-0.673-1.035c-0.123-0.317-0.27-0.794-0.31-1.671C4.631,14.688,4.622,14.403,4.622,12 s0.009-2.688,0.052-3.637c0.04-0.877,0.187-1.354,0.31-1.671c0.163-0.42,0.358-0.72,0.673-1.035 c0.315-0.315,0.615-0.51,1.035-0.673c0.317-0.123,0.794-0.27,1.671-0.31C9.312,4.631,9.597,4.622,12,4.622 M12,3 C9.556,3,9.249,3.01,8.289,3.054C7.331,3.098,6.677,3.25,6.105,3.472C5.513,3.702,5.011,4.01,4.511,4.511 c-0.5,0.5-0.808,1.002-1.038,1.594C3.25,6.677,3.098,7.331,3.054,8.289C3.01,9.249,3,9.556,3,12c0,2.444,0.01,2.751,0.054,3.711 c0.044,0.958,0.196,1.612,0.418,2.185c0.23,0.592,0.538,1.094,1.038,1.594c0.5,0.5,1.002,0.808,1.594,1.038 c0.572,0.222,1.227,0.375,2.185,0.418C9.249,20.99,9.556,21,12,21s2.751-0.01,3.711-0.054c0.958-0.044,1.612-0.196,2.185-0.418 c0.592-0.23,1.094-0.538,1.594-1.038c0.5-0.5,0.808-1.002,1.038-1.594c0.222-0.572,0.375-1.227,0.418-2.185 C20.99,14.751,21,14.444,21,12s-0.01-2.751-0.054-3.711c-0.044-0.958-0.196-1.612-0.418-2.185c-0.23-0.592-0.538-1.094-1.038-1.594 c-0.5-0.5-1.002-0.808-1.594-1.038c-0.572-0.222-1.227-0.375-2.185-0.418C14.751,3.01,14.444,3,12,3L12,3z M12,7.378 c-2.552,0-4.622,2.069-4.622,4.622S9.448,16.622,12,16.622s4.622-2.069,4.622-4.622S14.552,7.378,12,7.378z M12,15 c-1.657,0-3-1.343-3-3s1.343-3,3-3s3,1.343,3,3S13.657,15,12,15z M16.804,6.116c-0.596,0-1.08,0.484-1.08,1.08 s0.484,1.08,1.08,1.08c0.596,0,1.08-0.484,1.08-1.08S17.401,6.116,16.804,6.116z\"><\/path><\/svg><span class=\"wp-block-social-link-label screen-reader-text\">Instagram<\/span><\/a><\/li>\n\n<li class=\"wp-social-link wp-social-link-linkedin  wp-block-social-link\"><a href=\"https:\/\/www.linkedin.com\/company\/glendon-genial\/\" class=\"wp-block-social-link-anchor\"><svg width=\"24\" height=\"24\" viewBox=\"0 0 24 24\" version=\"1.1\" xmlns=\"http:\/\/www.w3.org\/2000\/svg\" aria-hidden=\"true\" focusable=\"false\"><path d=\"M19.7,3H4.3C3.582,3,3,3.582,3,4.3v15.4C3,20.418,3.582,21,4.3,21h15.4c0.718,0,1.3-0.582,1.3-1.3V4.3 C21,3.582,20.418,3,19.7,3z M8.339,18.338H5.667v-8.59h2.672V18.338z M7.004,8.574c-0.857,0-1.549-0.694-1.549-1.548 c0-0.855,0.691-1.548,1.549-1.548c0.854,0,1.547,0.694,1.547,1.548C8.551,7.881,7.858,8.574,7.004,8.574z M18.339,18.338h-2.669 v-4.177c0-0.996-0.017-2.278-1.387-2.278c-1.389,0-1.601,1.086-1.601,2.206v4.249h-2.667v-8.59h2.559v1.174h0.037 c0.356-0.675,1.227-1.387,2.526-1.387c2.703,0,3.203,1.779,3.203,4.092V18.338z\"><\/path><\/svg><span class=\"wp-block-social-link-label screen-reader-text\">LinkedIn<\/span><\/a><\/li>\n\n<li class=\"wp-social-link wp-social-link-twitter  wp-block-social-link\"><a href=\"https:\/\/x.com\/glendongenial?lang=en&#038;mx=2\" class=\"wp-block-social-link-anchor\"><svg width=\"24\" height=\"24\" viewBox=\"0 0 24 24\" version=\"1.1\" xmlns=\"http:\/\/www.w3.org\/2000\/svg\" aria-hidden=\"true\" focusable=\"false\"><path d=\"M22.23,5.924c-0.736,0.326-1.527,0.547-2.357,0.646c0.847-0.508,1.498-1.312,1.804-2.27 c-0.793,0.47-1.671,0.812-2.606,0.996C18.324,4.498,17.257,4,16.077,4c-2.266,0-4.103,1.837-4.103,4.103 c0,0.322,0.036,0.635,0.106,0.935C8.67,8.867,5.647,7.234,3.623,4.751C3.27,5.357,3.067,6.062,3.067,6.814 c0,1.424,0.724,2.679,1.825,3.415c-0.673-0.021-1.305-0.206-1.859-0.513c0,0.017,0,0.034,0,0.052c0,1.988,1.414,3.647,3.292,4.023 c-0.344,0.094-0.707,0.144-1.081,0.144c-0.264,0-0.521-0.026-0.772-0.074c0.522,1.63,2.038,2.816,3.833,2.85 c-1.404,1.1-3.174,1.756-5.096,1.756c-0.331,0-0.658-0.019-0.979-0.057c1.816,1.164,3.973,1.843,6.29,1.843 c7.547,0,11.675-6.252,11.675-11.675c0-0.178-0.004-0.355-0.012-0.531C20.985,7.47,21.68,6.747,22.23,5.924z\"><\/path><\/svg><span class=\"wp-block-social-link-label screen-reader-text\">Twitter<\/span><\/a><\/li><\/ul>\n<\/div>\n<\/div>\n","protected":false},"excerpt":{"rendered":"<p>L\u2019Initiative GENIAL dispose d\u2019un groupe de recherche compos\u00e9 d\u2019\u00e9tudiants et de chercheurs ayant des int\u00e9r\u00eats de recherche en entrepreneuriat et en innovation. Ce groupe travaille ensemble pour d\u00e9velopper des projets de recherche conjoints ainsi que rechercher du financement. Pour rejoindre le groupe de recherche, veuillez remplir ce formulaire. Projets Crowdsourcing et opportunit\u00e9s entrepreneuriales : Vers [&hellip;]<\/p>\n","protected":false},"author":2237,"featured_media":0,"parent":0,"menu_order":0,"comment_status":"closed","ping_status":"closed","template":"","meta":{"_kad_blocks_custom_css":"","_kad_blocks_head_custom_js":"","_kad_blocks_body_custom_js":"","_kad_blocks_footer_custom_js":"","_monsterinsights_skip_tracking":false,"_monsterinsights_sitenote_active":false,"_monsterinsights_sitenote_note":"","_monsterinsights_sitenote_category":0,"footnotes":""},"tags":[69,70,36],"class_list":["post-2167","page","type-page","status-publish","hentry","tag-crowdsourcing-fr","tag-projects-fr","tag-research-fr"],"yoast_head":"<!-- This site is optimized with the Yoast SEO plugin v24.0 - https:\/\/yoast.com\/wordpress\/plugins\/seo\/ -->\n<title>Recherche - Glendon ENtrepreneuriat et Innovation A L&#039;international (GENIAL)<\/title>\n<meta name=\"robots\" content=\"index, follow, max-snippet:-1, max-image-preview:large, max-video-preview:-1\" \/>\n<link rel=\"canonical\" href=\"https:\/\/www.yorku.ca\/glendon\/genial\/recherche\/?lang=fr\" \/>\n<meta property=\"og:locale\" content=\"en_US\" \/>\n<meta property=\"og:type\" content=\"article\" \/>\n<meta property=\"og:title\" content=\"Recherche - Glendon ENtrepreneuriat et Innovation A L&#039;international (GENIAL)\" \/>\n<meta property=\"og:description\" content=\"L\u2019Initiative GENIAL dispose d\u2019un groupe de recherche compos\u00e9 d\u2019\u00e9tudiants et de chercheurs ayant des int\u00e9r\u00eats de recherche en entrepreneuriat et en innovation. Ce groupe travaille ensemble pour d\u00e9velopper des projets de recherche conjoints ainsi que rechercher du financement. Pour rejoindre le groupe de recherche, veuillez remplir ce formulaire. Projets Crowdsourcing et opportunit\u00e9s entrepreneuriales : Vers [&hellip;]\" \/>\n<meta property=\"og:url\" content=\"https:\/\/www.yorku.ca\/glendon\/genial\/recherche\/?lang=fr\" \/>\n<meta property=\"og:site_name\" content=\"Glendon ENtrepreneuriat et Innovation A L&#039;international (GENIAL)\" \/>\n<meta property=\"article:modified_time\" content=\"2025-11-10T20:12:52+00:00\" \/>\n<meta property=\"og:image\" content=\"https:\/\/www.yorku.ca\/glendon\/genial\/wp-content\/uploads\/sites\/879\/2024\/07\/pexels-kampus-5940844-scaled.jpg\" \/>\n\t<meta property=\"og:image:width\" content=\"2560\" \/>\n\t<meta property=\"og:image:height\" content=\"1707\" \/>\n\t<meta property=\"og:image:type\" content=\"image\/jpeg\" \/>\n<meta name=\"twitter:card\" content=\"summary_large_image\" \/>\n<meta name=\"twitter:label1\" content=\"Est. reading time\" \/>\n\t<meta name=\"twitter:data1\" content=\"1 minute\" \/>\n<script type=\"application\/ld+json\" class=\"yoast-schema-graph\">{\"@context\":\"https:\/\/schema.org\",\"@graph\":[{\"@type\":\"WebPage\",\"@id\":\"https:\/\/www.yorku.ca\/glendon\/genial\/recherche\/?lang=fr\",\"url\":\"https:\/\/www.yorku.ca\/glendon\/genial\/recherche\/?lang=fr\",\"name\":\"Recherche - Glendon ENtrepreneuriat et Innovation A L&#039;international (GENIAL)\",\"isPartOf\":{\"@id\":\"https:\/\/www.yorku.ca\/glendon\/genial\/#website\"},\"primaryImageOfPage\":{\"@id\":\"https:\/\/www.yorku.ca\/glendon\/genial\/recherche\/?lang=fr#primaryimage\"},\"image\":{\"@id\":\"https:\/\/www.yorku.ca\/glendon\/genial\/recherche\/?lang=fr#primaryimage\"},\"thumbnailUrl\":\"https:\/\/www.yorku.ca\/glendon\/genial\/wp-content\/uploads\/sites\/879\/2024\/07\/pexels-kampus-5940844-scaled.jpg\",\"datePublished\":\"2024-05-30T18:59:23+00:00\",\"dateModified\":\"2025-11-10T20:12:52+00:00\",\"breadcrumb\":{\"@id\":\"https:\/\/www.yorku.ca\/glendon\/genial\/recherche\/?lang=fr#breadcrumb\"},\"inLanguage\":\"en-US\",\"potentialAction\":[{\"@type\":\"ReadAction\",\"target\":[\"https:\/\/www.yorku.ca\/glendon\/genial\/recherche\/?lang=fr\"]}]},{\"@type\":\"ImageObject\",\"inLanguage\":\"en-US\",\"@id\":\"https:\/\/www.yorku.ca\/glendon\/genial\/recherche\/?lang=fr#primaryimage\",\"url\":\"https:\/\/www.yorku.ca\/glendon\/genial\/wp-content\/uploads\/sites\/879\/2024\/07\/pexels-kampus-5940844-scaled.jpg\",\"contentUrl\":\"https:\/\/www.yorku.ca\/glendon\/genial\/wp-content\/uploads\/sites\/879\/2024\/07\/pexels-kampus-5940844-scaled.jpg\",\"width\":2560,\"height\":1707,\"caption\":\"students sitting at table in library\"},{\"@type\":\"BreadcrumbList\",\"@id\":\"https:\/\/www.yorku.ca\/glendon\/genial\/recherche\/?lang=fr#breadcrumb\",\"itemListElement\":[{\"@type\":\"ListItem\",\"position\":1,\"name\":\"Home\",\"item\":\"https:\/\/www.yorku.ca\/glendon\/genial\/\"},{\"@type\":\"ListItem\",\"position\":2,\"name\":\"Recherche\"}]},{\"@type\":\"WebSite\",\"@id\":\"https:\/\/www.yorku.ca\/glendon\/genial\/#website\",\"url\":\"https:\/\/www.yorku.ca\/glendon\/genial\/\",\"name\":\"Glendon ENtrepreneuriat et Innovation A L&#039;international (GENIAL)\",\"description\":\"Glendon GENIAL Initiative\",\"potentialAction\":[{\"@type\":\"SearchAction\",\"target\":{\"@type\":\"EntryPoint\",\"urlTemplate\":\"https:\/\/www.yorku.ca\/glendon\/genial\/?s={search_term_string}\"},\"query-input\":{\"@type\":\"PropertyValueSpecification\",\"valueRequired\":true,\"valueName\":\"search_term_string\"}}],\"inLanguage\":\"en-US\"}]}<\/script>\n<!-- \/ Yoast SEO plugin. -->","yoast_head_json":{"title":"Recherche - Glendon ENtrepreneuriat et Innovation A L&#039;international (GENIAL)","robots":{"index":"index","follow":"follow","max-snippet":"max-snippet:-1","max-image-preview":"max-image-preview:large","max-video-preview":"max-video-preview:-1"},"canonical":"https:\/\/www.yorku.ca\/glendon\/genial\/recherche\/?lang=fr","og_locale":"en_US","og_type":"article","og_title":"Recherche - Glendon ENtrepreneuriat et Innovation A L&#039;international (GENIAL)","og_description":"L\u2019Initiative GENIAL dispose d\u2019un groupe de recherche compos\u00e9 d\u2019\u00e9tudiants et de chercheurs ayant des int\u00e9r\u00eats de recherche en entrepreneuriat et en innovation. Ce groupe travaille ensemble pour d\u00e9velopper des projets de recherche conjoints ainsi que rechercher du financement. Pour rejoindre le groupe de recherche, veuillez remplir ce formulaire. Projets Crowdsourcing et opportunit\u00e9s entrepreneuriales : Vers [&hellip;]","og_url":"https:\/\/www.yorku.ca\/glendon\/genial\/recherche\/?lang=fr","og_site_name":"Glendon ENtrepreneuriat et Innovation A L&#039;international (GENIAL)","article_modified_time":"2025-11-10T20:12:52+00:00","og_image":[{"width":2560,"height":1707,"url":"https:\/\/www.yorku.ca\/glendon\/genial\/wp-content\/uploads\/sites\/879\/2024\/07\/pexels-kampus-5940844-scaled.jpg","type":"image\/jpeg"}],"twitter_card":"summary_large_image","twitter_misc":{"Est. reading time":"1 minute"},"schema":{"@context":"https:\/\/schema.org","@graph":[{"@type":"WebPage","@id":"https:\/\/www.yorku.ca\/glendon\/genial\/recherche\/?lang=fr","url":"https:\/\/www.yorku.ca\/glendon\/genial\/recherche\/?lang=fr","name":"Recherche - Glendon ENtrepreneuriat et Innovation A L&#039;international (GENIAL)","isPartOf":{"@id":"https:\/\/www.yorku.ca\/glendon\/genial\/#website"},"primaryImageOfPage":{"@id":"https:\/\/www.yorku.ca\/glendon\/genial\/recherche\/?lang=fr#primaryimage"},"image":{"@id":"https:\/\/www.yorku.ca\/glendon\/genial\/recherche\/?lang=fr#primaryimage"},"thumbnailUrl":"https:\/\/www.yorku.ca\/glendon\/genial\/wp-content\/uploads\/sites\/879\/2024\/07\/pexels-kampus-5940844-scaled.jpg","datePublished":"2024-05-30T18:59:23+00:00","dateModified":"2025-11-10T20:12:52+00:00","breadcrumb":{"@id":"https:\/\/www.yorku.ca\/glendon\/genial\/recherche\/?lang=fr#breadcrumb"},"inLanguage":"en-US","potentialAction":[{"@type":"ReadAction","target":["https:\/\/www.yorku.ca\/glendon\/genial\/recherche\/?lang=fr"]}]},{"@type":"ImageObject","inLanguage":"en-US","@id":"https:\/\/www.yorku.ca\/glendon\/genial\/recherche\/?lang=fr#primaryimage","url":"https:\/\/www.yorku.ca\/glendon\/genial\/wp-content\/uploads\/sites\/879\/2024\/07\/pexels-kampus-5940844-scaled.jpg","contentUrl":"https:\/\/www.yorku.ca\/glendon\/genial\/wp-content\/uploads\/sites\/879\/2024\/07\/pexels-kampus-5940844-scaled.jpg","width":2560,"height":1707,"caption":"students sitting at table in library"},{"@type":"BreadcrumbList","@id":"https:\/\/www.yorku.ca\/glendon\/genial\/recherche\/?lang=fr#breadcrumb","itemListElement":[{"@type":"ListItem","position":1,"name":"Home","item":"https:\/\/www.yorku.ca\/glendon\/genial\/"},{"@type":"ListItem","position":2,"name":"Recherche"}]},{"@type":"WebSite","@id":"https:\/\/www.yorku.ca\/glendon\/genial\/#website","url":"https:\/\/www.yorku.ca\/glendon\/genial\/","name":"Glendon ENtrepreneuriat et Innovation A L&#039;international (GENIAL)","description":"Glendon GENIAL Initiative","potentialAction":[{"@type":"SearchAction","target":{"@type":"EntryPoint","urlTemplate":"https:\/\/www.yorku.ca\/glendon\/genial\/?s={search_term_string}"},"query-input":{"@type":"PropertyValueSpecification","valueRequired":true,"valueName":"search_term_string"}}],"inLanguage":"en-US"}]}},"taxonomy_info":{"post_tag":[{"value":69,"label":"Crowdsourcing"},{"value":70,"label":"Projects"},{"value":36,"label":"Research"}]},"featured_image_src_large":false,"author_info":{"display_name":"carmeli","author_link":"https:\/\/www.yorku.ca\/glendon\/genial\/author\/carmeli\/"},"comment_info":0,"_links":{"self":[{"href":"https:\/\/www.yorku.ca\/glendon\/genial\/wp-json\/wp\/v2\/pages\/2167","targetHints":{"allow":["GET"]}}],"collection":[{"href":"https:\/\/www.yorku.ca\/glendon\/genial\/wp-json\/wp\/v2\/pages"}],"about":[{"href":"https:\/\/www.yorku.ca\/glendon\/genial\/wp-json\/wp\/v2\/types\/page"}],"author":[{"embeddable":true,"href":"https:\/\/www.yorku.ca\/glendon\/genial\/wp-json\/wp\/v2\/users\/2237"}],"replies":[{"embeddable":true,"href":"https:\/\/www.yorku.ca\/glendon\/genial\/wp-json\/wp\/v2\/comments?post=2167"}],"version-history":[{"count":24,"href":"https:\/\/www.yorku.ca\/glendon\/genial\/wp-json\/wp\/v2\/pages\/2167\/revisions"}],"predecessor-version":[{"id":5212,"href":"https:\/\/www.yorku.ca\/glendon\/genial\/wp-json\/wp\/v2\/pages\/2167\/revisions\/5212"}],"wp:attachment":[{"href":"https:\/\/www.yorku.ca\/glendon\/genial\/wp-json\/wp\/v2\/media?parent=2167"}],"wp:term":[{"taxonomy":"post_tag","embeddable":true,"href":"https:\/\/www.yorku.ca\/glendon\/genial\/wp-json\/wp\/v2\/tags?post=2167"}],"curies":[{"name":"wp","href":"https:\/\/api.w.org\/{rel}","templated":true}]}}