  {"id":1727,"date":"2022-09-24T10:09:07","date_gmt":"2022-09-24T14:09:07","guid":{"rendered":"https:\/\/www.yorku.ca\/glendon\/futurestudents\/discover\/discover-your-campus\/"},"modified":"2024-05-28T15:05:36","modified_gmt":"2024-05-28T19:05:36","slug":"discover-your-campus","status":"publish","type":"page","link":"https:\/\/www.yorku.ca\/glendon\/futurestudents\/discover\/discover-your-campus\/?lang=fr","title":{"rendered":"D\u00e9couvrez votre campus"},"content":{"rendered":"\n<style>\n#glendon-cover-banner.wp-block-cover {\nmin-height: 0px !important;\npadding: 0em !important;\n}\n<\/style>\n\n\n\n<div style=\"height:40px\" aria-hidden=\"true\" class=\"wp-block-spacer\"><\/div>\n\n\n\n<div style=\"aspect-ratio:unset;\" class=\"wp-block-cover has-background-dim-100 has-white-background-color has-background-dim full-width\" id=\"glendon-cover-banner\"><img loading=\"lazy\" decoding=\"async\" width=\"2000\" height=\"1000\" class=\"wp-block-cover__image-background wp-image-1333\" alt=\"\" src=\"https:\/\/www.yorku.ca\/glendon\/futurestudents\/discover\/wp-content\/uploads\/sites\/128\/2022\/08\/glendon-bg-grey.jpg\" data-object-fit=\"cover\" srcset=\"https:\/\/www.yorku.ca\/glendon\/futurestudents\/discover\/wp-content\/uploads\/sites\/128\/2022\/08\/glendon-bg-grey.jpg 2000w, https:\/\/www.yorku.ca\/glendon\/futurestudents\/discover\/wp-content\/uploads\/sites\/128\/2022\/08\/glendon-bg-grey-300x150.jpg 300w, https:\/\/www.yorku.ca\/glendon\/futurestudents\/discover\/wp-content\/uploads\/sites\/128\/2022\/08\/glendon-bg-grey-1024x512.jpg 1024w, https:\/\/www.yorku.ca\/glendon\/futurestudents\/discover\/wp-content\/uploads\/sites\/128\/2022\/08\/glendon-bg-grey-1536x768.jpg 1536w\" sizes=\"auto, (max-width: 2000px) 100vw, 2000px\" \/><div class=\"wp-block-cover__inner-container is-layout-flow wp-block-cover-is-layout-flow\">\n<div class=\"wp-block-image\"><figure class=\"aligncenter size-full\"><img loading=\"lazy\" decoding=\"async\" width=\"2000\" height=\"977\" src=\"https:\/\/www.yorku.ca\/glendon\/futurestudents\/discover\/wp-content\/uploads\/sites\/128\/2022\/11\/03campus_bannerFRE.jpg\" alt=\"S\u00e9curitaire, accueillant et sympathique! \" class=\"wp-image-1728\" srcset=\"https:\/\/www.yorku.ca\/glendon\/futurestudents\/discover\/wp-content\/uploads\/sites\/128\/2022\/11\/03campus_bannerFRE.jpg 2000w, https:\/\/www.yorku.ca\/glendon\/futurestudents\/discover\/wp-content\/uploads\/sites\/128\/2022\/11\/03campus_bannerFRE-300x147.jpg 300w, https:\/\/www.yorku.ca\/glendon\/futurestudents\/discover\/wp-content\/uploads\/sites\/128\/2022\/11\/03campus_bannerFRE-1024x500.jpg 1024w, https:\/\/www.yorku.ca\/glendon\/futurestudents\/discover\/wp-content\/uploads\/sites\/128\/2022\/11\/03campus_bannerFRE-1536x750.jpg 1536w\" sizes=\"auto, (max-width: 2000px) 100vw, 2000px\" \/><\/figure><\/div>\n<\/div><\/div>\n\n\n\n<div style=\"height:74px\" aria-hidden=\"true\" class=\"wp-block-spacer\"><\/div>\n\n\n\n<div class=\"wp-block-columns is-layout-flex wp-container-core-columns-is-layout-1 wp-block-columns-is-layout-flex\">\n<div class=\"wp-block-column is-layout-flow wp-block-column-is-layout-flow\" style=\"flex-basis:30%\">\n<h2 class=\"has-text-color wp-block-heading\" style=\"color:#004a8d\"><strong>Profitez du meilleur des deux mondes : la tranquillit\u00e9 de nos espaces verts et les avantages de la vie tr\u00e9pidante du centre-ville<\/strong><\/h2>\n\n\n\n<ul class=\"wp-block-list\"><li>Nous sommes l\u2019un des campus les plus verts de la ville, avec des endroits pour rencontrer des amis, des coins pour \u00e9tudier ou pour le travail d\u2019\u00e9quipe, \u00e0 l\u2019int\u00e9rieur et \u00e0 l\u2019ext\u00e9rieur.<\/li><li>Utilisez notre club athl\u00e9tique enti\u00e8rement r\u00e9nov\u00e9 avec des terrains de basketball, une piscine et des courts de tennis.<\/li><li>Situ\u00e9 \u00e0 Toronto, le centre \u00e9conomique, mondial et culturel du Canada, Glendon est l\u2019endroit id\u00e9al pour commencer \u00e0 r\u00e9seauter.<\/li><\/ul>\n<\/div>\n\n\n\n<div class=\"wp-block-column is-layout-flow wp-block-column-is-layout-flow\" style=\"flex-basis:70%\">\n<figure class=\"wp-block-embed is-type-video is-provider-youtube wp-block-embed-youtube wp-embed-aspect-16-9 wp-has-aspect-ratio\"><div class=\"wp-block-embed__wrapper\">\n<iframe loading=\"lazy\" title=\"Glendon Campus Overview - Survol du campus Glendon\" width=\"1778\" height=\"1000\" src=\"https:\/\/www.youtube.com\/embed\/9APs9baW9Yc?feature=oembed\" frameborder=\"0\" allow=\"accelerometer; autoplay; clipboard-write; encrypted-media; gyroscope; picture-in-picture\" allowfullscreen><\/iframe>\n<\/div><\/figure>\n<\/div>\n<\/div>\n\n\n\n<div style=\"height:41px\" aria-hidden=\"true\" class=\"wp-block-spacer\"><\/div>\n\n\n\n<div class=\"wp-block-columns is-layout-flex wp-container-core-columns-is-layout-2 wp-block-columns-is-layout-flex\">\n<div class=\"wp-block-column is-layout-flow wp-block-column-is-layout-flow\" style=\"flex-basis:70%\">\n<figure class=\"wp-block-image size-large\"><img loading=\"lazy\" decoding=\"async\" width=\"1024\" height=\"577\" src=\"https:\/\/www.yorku.ca\/glendon\/futurestudents\/discover\/wp-content\/uploads\/sites\/128\/2022\/07\/glendon-campus-CLC_5074-1024x577.jpg\" alt=\"Students on campus.\" class=\"wp-image-1229\" srcset=\"https:\/\/www.yorku.ca\/glendon\/futurestudents\/discover\/wp-content\/uploads\/sites\/128\/2022\/07\/glendon-campus-CLC_5074-1024x577.jpg 1024w, https:\/\/www.yorku.ca\/glendon\/futurestudents\/discover\/wp-content\/uploads\/sites\/128\/2022\/07\/glendon-campus-CLC_5074-300x169.jpg 300w, https:\/\/www.yorku.ca\/glendon\/futurestudents\/discover\/wp-content\/uploads\/sites\/128\/2022\/07\/glendon-campus-CLC_5074-1536x865.jpg 1536w, https:\/\/www.yorku.ca\/glendon\/futurestudents\/discover\/wp-content\/uploads\/sites\/128\/2022\/07\/glendon-campus-CLC_5074.jpg 1642w\" sizes=\"auto, (max-width: 1024px) 100vw, 1024px\" \/><\/figure>\n<\/div>\n\n\n\n<div class=\"wp-block-column is-layout-flow wp-block-column-is-layout-flow\" style=\"flex-basis:30%\">\n<h2 class=\"has-text-color wp-block-heading\" style=\"color:#004a8d\">Voyez par vous-m\u00eame<\/h2>\n\n\n\n<p>Vous souhaitez visiter notre campus? <a href=\"https:\/\/www.glendon.yorku.ca\/futurestudents\/fr\/contacts-et-visites\/visite-guidee-glendon\/\" target=\"_blank\" rel=\"noreferrer noopener\">R\u00e9servez une visite.<\/a><\/p>\n\n\n\n<div style=\"height:21px\" aria-hidden=\"true\" class=\"wp-block-spacer\"><\/div>\n\n\n\n<h2 class=\"mb-0 has-text-color wp-block-heading\" style=\"color:#004a8d\">Visite \u00e0 distance<\/h2>\n\n\n\n<p>Vous pr\u00e9f\u00e9rez votre propre visite guid\u00e9e? <br><a href=\"https:\/\/odyssey3d-inc.captur3d.io\/view\/glendon\/virtual-tour\" target=\"_blank\" rel=\"noreferrer noopener\">Ne vous g\u00eanez pas!<\/a><\/p>\n<\/div>\n<\/div>\n\n\n\n<div style=\"height:41px\" aria-hidden=\"true\" class=\"wp-block-spacer wp-embed-aspect-16-9 wp-has-aspect-ratio\"><\/div>\n\n\n\n<div class=\"wp-block-group profile-block top right white\"><div class=\"wp-block-group__inner-container is-layout-flow wp-block-group-is-layout-flow\">\n<figure class=\"wp-block-image size-full border-md border-gl\"><img loading=\"lazy\" decoding=\"async\" width=\"2048\" height=\"1151\" src=\"https:\/\/www.yorku.ca\/glendon\/futurestudents\/discover\/wp-content\/uploads\/sites\/128\/2022\/10\/iStock-1184685304-edit.jpg\" alt=\"Photo of the skyline of downtown Toronto Ontario Canada on a sunny day.\" class=\"wp-image-1688\" srcset=\"https:\/\/www.yorku.ca\/glendon\/futurestudents\/discover\/wp-content\/uploads\/sites\/128\/2022\/10\/iStock-1184685304-edit.jpg 2048w, https:\/\/www.yorku.ca\/glendon\/futurestudents\/discover\/wp-content\/uploads\/sites\/128\/2022\/10\/iStock-1184685304-edit-300x169.jpg 300w, https:\/\/www.yorku.ca\/glendon\/futurestudents\/discover\/wp-content\/uploads\/sites\/128\/2022\/10\/iStock-1184685304-edit-1024x576.jpg 1024w, https:\/\/www.yorku.ca\/glendon\/futurestudents\/discover\/wp-content\/uploads\/sites\/128\/2022\/10\/iStock-1184685304-edit-1536x863.jpg 1536w\" sizes=\"auto, (max-width: 2048px) 100vw, 2048px\" \/><\/figure>\n\n\n\n<div class=\"wp-block-group\"><div class=\"wp-block-group__inner-container is-layout-flow wp-block-group-is-layout-flow\">\n<p class=\"has-medium-font-size\"><strong>Toronto a \u00e9t\u00e9 class\u00e9e la 2<sup>e<\/sup>&nbsp;ville la plus s\u00e9curitaire du monde en 2021 par The Economist.<\/strong> Explorez les quartiers uniques de la ville, go\u00fbtez \u00e0 la cuisine internationale, encouragez les \u00e9quipes sportives professionnelles, visitez les mus\u00e9es et les galeries d\u2019art, tout en vous sentant chez vous \u00e0 Toronto.<\/p>\n<\/div><\/div>\n<\/div><\/div>\n\n\n\n<div style=\"height:41px\" aria-hidden=\"true\" class=\"wp-block-spacer wp-embed-aspect-16-9 wp-has-aspect-ratio\"><\/div>\n\n\n\n<div class=\"wp-block-group\"><div class=\"wp-block-group__inner-container is-layout-flow wp-block-group-is-layout-flow\">\n<div class=\"wp-block-columns social-bar-block is-layout-flex wp-container-core-columns-is-layout-3 wp-block-columns-is-layout-flex\">\n<div class=\"wp-block-column is-layout-flow wp-block-column-is-layout-flow\">\n<h2 class=\"h6 text-white text-center wp-block-heading\">Connectez-vous avec Glendon<\/h2>\n<\/div>\n\n\n\n<div class=\"wp-block-column is-layout-flow wp-block-column-is-layout-flow\">\n<ul class=\"wp-block-social-links aligncenter my-2 is-style-default is-layout-flex wp-block-social-links-is-layout-flex\"><li class=\"wp-social-link wp-social-link-instagram  wp-block-social-link\"><a href=\"https:\/\/www.instagram.com\/glendonliaison\/?hl=en\" class=\"wp-block-social-link-anchor\"><svg width=\"24\" height=\"24\" viewBox=\"0 0 24 24\" version=\"1.1\" xmlns=\"http:\/\/www.w3.org\/2000\/svg\" aria-hidden=\"true\" focusable=\"false\"><path d=\"M12,4.622c2.403,0,2.688,0.009,3.637,0.052c0.877,0.04,1.354,0.187,1.671,0.31c0.42,0.163,0.72,0.358,1.035,0.673 c0.315,0.315,0.51,0.615,0.673,1.035c0.123,0.317,0.27,0.794,0.31,1.671c0.043,0.949,0.052,1.234,0.052,3.637 s-0.009,2.688-0.052,3.637c-0.04,0.877-0.187,1.354-0.31,1.671c-0.163,0.42-0.358,0.72-0.673,1.035 c-0.315,0.315-0.615,0.51-1.035,0.673c-0.317,0.123-0.794,0.27-1.671,0.31c-0.949,0.043-1.233,0.052-3.637,0.052 s-2.688-0.009-3.637-0.052c-0.877-0.04-1.354-0.187-1.671-0.31c-0.42-0.163-0.72-0.358-1.035-0.673 c-0.315-0.315-0.51-0.615-0.673-1.035c-0.123-0.317-0.27-0.794-0.31-1.671C4.631,14.688,4.622,14.403,4.622,12 s0.009-2.688,0.052-3.637c0.04-0.877,0.187-1.354,0.31-1.671c0.163-0.42,0.358-0.72,0.673-1.035 c0.315-0.315,0.615-0.51,1.035-0.673c0.317-0.123,0.794-0.27,1.671-0.31C9.312,4.631,9.597,4.622,12,4.622 M12,3 C9.556,3,9.249,3.01,8.289,3.054C7.331,3.098,6.677,3.25,6.105,3.472C5.513,3.702,5.011,4.01,4.511,4.511 c-0.5,0.5-0.808,1.002-1.038,1.594C3.25,6.677,3.098,7.331,3.054,8.289C3.01,9.249,3,9.556,3,12c0,2.444,0.01,2.751,0.054,3.711 c0.044,0.958,0.196,1.612,0.418,2.185c0.23,0.592,0.538,1.094,1.038,1.594c0.5,0.5,1.002,0.808,1.594,1.038 c0.572,0.222,1.227,0.375,2.185,0.418C9.249,20.99,9.556,21,12,21s2.751-0.01,3.711-0.054c0.958-0.044,1.612-0.196,2.185-0.418 c0.592-0.23,1.094-0.538,1.594-1.038c0.5-0.5,0.808-1.002,1.038-1.594c0.222-0.572,0.375-1.227,0.418-2.185 C20.99,14.751,21,14.444,21,12s-0.01-2.751-0.054-3.711c-0.044-0.958-0.196-1.612-0.418-2.185c-0.23-0.592-0.538-1.094-1.038-1.594 c-0.5-0.5-1.002-0.808-1.594-1.038c-0.572-0.222-1.227-0.375-2.185-0.418C14.751,3.01,14.444,3,12,3L12,3z M12,7.378 c-2.552,0-4.622,2.069-4.622,4.622S9.448,16.622,12,16.622s4.622-2.069,4.622-4.622S14.552,7.378,12,7.378z M12,15 c-1.657,0-3-1.343-3-3s1.343-3,3-3s3,1.343,3,3S13.657,15,12,15z M16.804,6.116c-0.596,0-1.08,0.484-1.08,1.08 s0.484,1.08,1.08,1.08c0.596,0,1.08-0.484,1.08-1.08S17.401,6.116,16.804,6.116z\"><\/path><\/svg><span class=\"wp-block-social-link-label screen-reader-text\">Instagram<\/span><\/a><\/li>\n\n<li class=\"wp-social-link wp-social-link-tiktok  wp-block-social-link\"><a href=\"https:\/\/www.tiktok.com\/@eambassadorsgl?\" class=\"wp-block-social-link-anchor\"><svg width=\"24\" height=\"24\" viewBox=\"0 0 32 32\" version=\"1.1\" xmlns=\"http:\/\/www.w3.org\/2000\/svg\" aria-hidden=\"true\" focusable=\"false\"><path d=\"M16.708 0.027c1.745-0.027 3.48-0.011 5.213-0.027 0.105 2.041 0.839 4.12 2.333 5.563 1.491 1.479 3.6 2.156 5.652 2.385v5.369c-1.923-0.063-3.855-0.463-5.6-1.291-0.76-0.344-1.468-0.787-2.161-1.24-0.009 3.896 0.016 7.787-0.025 11.667-0.104 1.864-0.719 3.719-1.803 5.255-1.744 2.557-4.771 4.224-7.88 4.276-1.907 0.109-3.812-0.411-5.437-1.369-2.693-1.588-4.588-4.495-4.864-7.615-0.032-0.667-0.043-1.333-0.016-1.984 0.24-2.537 1.495-4.964 3.443-6.615 2.208-1.923 5.301-2.839 8.197-2.297 0.027 1.975-0.052 3.948-0.052 5.923-1.323-0.428-2.869-0.308-4.025 0.495-0.844 0.547-1.485 1.385-1.819 2.333-0.276 0.676-0.197 1.427-0.181 2.145 0.317 2.188 2.421 4.027 4.667 3.828 1.489-0.016 2.916-0.88 3.692-2.145 0.251-0.443 0.532-0.896 0.547-1.417 0.131-2.385 0.079-4.76 0.095-7.145 0.011-5.375-0.016-10.735 0.025-16.093z\" \/><\/svg><span class=\"wp-block-social-link-label screen-reader-text\">TikTok<\/span><\/a><\/li>\n\n<li class=\"wp-social-link wp-social-link-facebook  wp-block-social-link\"><a href=\"http:\/\/www.facebook.com\/glendoncampus\" class=\"wp-block-social-link-anchor\"><svg width=\"24\" height=\"24\" viewBox=\"0 0 24 24\" version=\"1.1\" xmlns=\"http:\/\/www.w3.org\/2000\/svg\" aria-hidden=\"true\" focusable=\"false\"><path d=\"M12 2C6.5 2 2 6.5 2 12c0 5 3.7 9.1 8.4 9.9v-7H7.9V12h2.5V9.8c0-2.5 1.5-3.9 3.8-3.9 1.1 0 2.2.2 2.2.2v2.5h-1.3c-1.2 0-1.6.8-1.6 1.6V12h2.8l-.4 2.9h-2.3v7C18.3 21.1 22 17 22 12c0-5.5-4.5-10-10-10z\"><\/path><\/svg><span class=\"wp-block-social-link-label screen-reader-text\">Facebook<\/span><\/a><\/li>\n\n<li class=\"wp-social-link wp-social-link-twitter  wp-block-social-link\"><a href=\"http:\/\/www.twitter.com\/glendoncampus\" class=\"wp-block-social-link-anchor\"><svg width=\"24\" height=\"24\" viewBox=\"0 0 24 24\" version=\"1.1\" xmlns=\"http:\/\/www.w3.org\/2000\/svg\" aria-hidden=\"true\" focusable=\"false\"><path d=\"M22.23,5.924c-0.736,0.326-1.527,0.547-2.357,0.646c0.847-0.508,1.498-1.312,1.804-2.27 c-0.793,0.47-1.671,0.812-2.606,0.996C18.324,4.498,17.257,4,16.077,4c-2.266,0-4.103,1.837-4.103,4.103 c0,0.322,0.036,0.635,0.106,0.935C8.67,8.867,5.647,7.234,3.623,4.751C3.27,5.357,3.067,6.062,3.067,6.814 c0,1.424,0.724,2.679,1.825,3.415c-0.673-0.021-1.305-0.206-1.859-0.513c0,0.017,0,0.034,0,0.052c0,1.988,1.414,3.647,3.292,4.023 c-0.344,0.094-0.707,0.144-1.081,0.144c-0.264,0-0.521-0.026-0.772-0.074c0.522,1.63,2.038,2.816,3.833,2.85 c-1.404,1.1-3.174,1.756-5.096,1.756c-0.331,0-0.658-0.019-0.979-0.057c1.816,1.164,3.973,1.843,6.29,1.843 c7.547,0,11.675-6.252,11.675-11.675c0-0.178-0.004-0.355-0.012-0.531C20.985,7.47,21.68,6.747,22.23,5.924z\"><\/path><\/svg><span class=\"wp-block-social-link-label screen-reader-text\">Twitter<\/span><\/a><\/li>\n\n<li class=\"wp-social-link wp-social-link-youtube  wp-block-social-link\"><a href=\"https:\/\/www.youtube.com\/c\/GlendonCampusYorkUniversity\/\" class=\"wp-block-social-link-anchor\"><svg width=\"24\" height=\"24\" viewBox=\"0 0 24 24\" version=\"1.1\" xmlns=\"http:\/\/www.w3.org\/2000\/svg\" aria-hidden=\"true\" focusable=\"false\"><path d=\"M21.8,8.001c0,0-0.195-1.378-0.795-1.985c-0.76-0.797-1.613-0.801-2.004-0.847c-2.799-0.202-6.997-0.202-6.997-0.202 h-0.009c0,0-4.198,0-6.997,0.202C4.608,5.216,3.756,5.22,2.995,6.016C2.395,6.623,2.2,8.001,2.2,8.001S2,9.62,2,11.238v1.517 c0,1.618,0.2,3.237,0.2,3.237s0.195,1.378,0.795,1.985c0.761,0.797,1.76,0.771,2.205,0.855c1.6,0.153,6.8,0.201,6.8,0.201 s4.203-0.006,7.001-0.209c0.391-0.047,1.243-0.051,2.004-0.847c0.6-0.607,0.795-1.985,0.795-1.985s0.2-1.618,0.2-3.237v-1.517 C22,9.62,21.8,8.001,21.8,8.001z M9.935,14.594l-0.001-5.62l5.404,2.82L9.935,14.594z\"><\/path><\/svg><span class=\"wp-block-social-link-label screen-reader-text\">YouTube<\/span><\/a><\/li><\/ul>\n<\/div>\n<\/div>\n<\/div><\/div>\n","protected":false},"excerpt":{"rendered":"<p>Profitez du meilleur des deux mondes : la tranquillit\u00e9 de nos espaces verts et les avantages de la vie tr\u00e9pidante du centre-ville Nous sommes l\u2019un des campus les plus verts de la ville, avec des endroits pour rencontrer des amis, des coins pour \u00e9tudier ou pour le travail d\u2019\u00e9quipe, \u00e0 l\u2019int\u00e9rieur et \u00e0 l\u2019ext\u00e9rieur. Utilisez [&hellip;]<\/p>\n","protected":false},"author":190,"featured_media":0,"parent":0,"menu_order":0,"comment_status":"closed","ping_status":"closed","template":"secondary-page.php","meta":{"_kad_blocks_custom_css":"","_kad_blocks_head_custom_js":"","_kad_blocks_body_custom_js":"","_kad_blocks_footer_custom_js":"","footnotes":""},"tags":[],"class_list":["post-1727","page","type-page","status-publish","hentry"],"yoast_head":"<!-- This site is optimized with the Yoast SEO plugin v24.0 - https:\/\/yoast.com\/wordpress\/plugins\/seo\/ -->\n<title>D\u00e9couvrez votre campus Glendon | Universit\u00e9 York<\/title>\n<meta name=\"description\" content=\"D\u00e9couvrez l\u2019un des campus les plus verts et paisibles en plein c\u0153ur de Toronto au campus Glendon de l&#039;Universit\u00e9 York. Profitez de nos installations enti\u00e8rement \u00e9quip\u00e9es et postulez \u00e0 l\u2019un de nos programmes pour propulser votre avenir.\" \/>\n<meta name=\"robots\" content=\"index, follow, max-snippet:-1, max-image-preview:large, max-video-preview:-1\" \/>\n<link rel=\"canonical\" href=\"https:\/\/www.yorku.ca\/glendon\/futurestudents\/discover\/discover-your-campus\/?lang=fr\" \/>\n<meta property=\"og:locale\" content=\"en_US\" \/>\n<meta property=\"og:type\" content=\"article\" \/>\n<meta property=\"og:title\" content=\"D\u00e9couvrez votre campus Glendon | Universit\u00e9 York\" \/>\n<meta property=\"og:description\" content=\"D\u00e9couvrez l\u2019un des campus les plus verts et paisibles en plein c\u0153ur de Toronto au campus Glendon de l&#039;Universit\u00e9 York. Profitez de nos installations enti\u00e8rement \u00e9quip\u00e9es et postulez \u00e0 l\u2019un de nos programmes pour propulser votre avenir.\" \/>\n<meta property=\"og:url\" content=\"https:\/\/www.yorku.ca\/glendon\/futurestudents\/discover\/discover-your-campus\/?lang=fr\" \/>\n<meta property=\"og:site_name\" content=\"Glendon Campus 2023-2024\" \/>\n<meta property=\"article:modified_time\" content=\"2024-05-28T19:05:36+00:00\" \/>\n<meta property=\"og:image\" content=\"https:\/\/www.yorku.ca\/glendon\/futurestudents\/discover\/wp-content\/uploads\/sites\/128\/2022\/08\/glendon-bg-grey.jpg\" \/>\n<meta name=\"twitter:card\" content=\"summary_large_image\" \/>\n<meta name=\"twitter:label1\" content=\"Est. reading time\" \/>\n\t<meta name=\"twitter:data1\" content=\"2 minutes\" \/>\n<script type=\"application\/ld+json\" class=\"yoast-schema-graph\">{\"@context\":\"https:\/\/schema.org\",\"@graph\":[{\"@type\":\"WebPage\",\"@id\":\"https:\/\/www.yorku.ca\/glendon\/futurestudents\/discover\/discover-your-campus\/?lang=fr\",\"url\":\"https:\/\/www.yorku.ca\/glendon\/futurestudents\/discover\/discover-your-campus\/?lang=fr\",\"name\":\"D\u00e9couvrez votre campus Glendon | Universit\u00e9 York\",\"isPartOf\":{\"@id\":\"https:\/\/www.yorku.ca\/glendon\/futurestudents\/discover\/#website\"},\"primaryImageOfPage\":{\"@id\":\"https:\/\/www.yorku.ca\/glendon\/futurestudents\/discover\/discover-your-campus\/?lang=fr#primaryimage\"},\"image\":{\"@id\":\"https:\/\/www.yorku.ca\/glendon\/futurestudents\/discover\/discover-your-campus\/?lang=fr#primaryimage\"},\"thumbnailUrl\":\"https:\/\/www.yorku.ca\/glendon\/futurestudents\/discover\/wp-content\/uploads\/sites\/128\/2022\/08\/glendon-bg-grey.jpg\",\"datePublished\":\"2022-09-24T14:09:07+00:00\",\"dateModified\":\"2024-05-28T19:05:36+00:00\",\"description\":\"D\u00e9couvrez l\u2019un des campus les plus verts et paisibles en plein c\u0153ur de Toronto au campus Glendon de l'Universit\u00e9 York. Profitez de nos installations enti\u00e8rement \u00e9quip\u00e9es et postulez \u00e0 l\u2019un de nos programmes pour propulser votre avenir.\",\"breadcrumb\":{\"@id\":\"https:\/\/www.yorku.ca\/glendon\/futurestudents\/discover\/discover-your-campus\/?lang=fr#breadcrumb\"},\"inLanguage\":\"en-US\",\"potentialAction\":[{\"@type\":\"ReadAction\",\"target\":[\"https:\/\/www.yorku.ca\/glendon\/futurestudents\/discover\/discover-your-campus\/?lang=fr\"]}]},{\"@type\":\"ImageObject\",\"inLanguage\":\"en-US\",\"@id\":\"https:\/\/www.yorku.ca\/glendon\/futurestudents\/discover\/discover-your-campus\/?lang=fr#primaryimage\",\"url\":\"https:\/\/www.yorku.ca\/glendon\/futurestudents\/discover\/wp-content\/uploads\/sites\/128\/2022\/08\/glendon-bg-grey.jpg\",\"contentUrl\":\"https:\/\/www.yorku.ca\/glendon\/futurestudents\/discover\/wp-content\/uploads\/sites\/128\/2022\/08\/glendon-bg-grey.jpg\",\"width\":2000,\"height\":1000},{\"@type\":\"BreadcrumbList\",\"@id\":\"https:\/\/www.yorku.ca\/glendon\/futurestudents\/discover\/discover-your-campus\/?lang=fr#breadcrumb\",\"itemListElement\":[{\"@type\":\"ListItem\",\"position\":1,\"name\":\"Home\",\"item\":\"https:\/\/www.yorku.ca\/glendon\/futurestudents\/discover\/\"},{\"@type\":\"ListItem\",\"position\":2,\"name\":\"D\u00e9couvrez votre campus\"}]},{\"@type\":\"WebSite\",\"@id\":\"https:\/\/www.yorku.ca\/glendon\/futurestudents\/discover\/#website\",\"url\":\"https:\/\/www.yorku.ca\/glendon\/futurestudents\/discover\/\",\"name\":\"Glendon Campus 2023-2024\",\"description\":\"\",\"potentialAction\":[{\"@type\":\"SearchAction\",\"target\":{\"@type\":\"EntryPoint\",\"urlTemplate\":\"https:\/\/www.yorku.ca\/glendon\/futurestudents\/discover\/?s={search_term_string}\"},\"query-input\":{\"@type\":\"PropertyValueSpecification\",\"valueRequired\":true,\"valueName\":\"search_term_string\"}}],\"inLanguage\":\"en-US\"}]}<\/script>\n<!-- \/ Yoast SEO plugin. -->","yoast_head_json":{"title":"D\u00e9couvrez votre campus Glendon | Universit\u00e9 York","description":"D\u00e9couvrez l\u2019un des campus les plus verts et paisibles en plein c\u0153ur de Toronto au campus Glendon de l'Universit\u00e9 York. Profitez de nos installations enti\u00e8rement \u00e9quip\u00e9es et postulez \u00e0 l\u2019un de nos programmes pour propulser votre avenir.","robots":{"index":"index","follow":"follow","max-snippet":"max-snippet:-1","max-image-preview":"max-image-preview:large","max-video-preview":"max-video-preview:-1"},"canonical":"https:\/\/www.yorku.ca\/glendon\/futurestudents\/discover\/discover-your-campus\/?lang=fr","og_locale":"en_US","og_type":"article","og_title":"D\u00e9couvrez votre campus Glendon | Universit\u00e9 York","og_description":"D\u00e9couvrez l\u2019un des campus les plus verts et paisibles en plein c\u0153ur de Toronto au campus Glendon de l'Universit\u00e9 York. Profitez de nos installations enti\u00e8rement \u00e9quip\u00e9es et postulez \u00e0 l\u2019un de nos programmes pour propulser votre avenir.","og_url":"https:\/\/www.yorku.ca\/glendon\/futurestudents\/discover\/discover-your-campus\/?lang=fr","og_site_name":"Glendon Campus 2023-2024","article_modified_time":"2024-05-28T19:05:36+00:00","og_image":[{"url":"https:\/\/www.yorku.ca\/glendon\/futurestudents\/discover\/wp-content\/uploads\/sites\/128\/2022\/08\/glendon-bg-grey.jpg","type":"","width":"","height":""}],"twitter_card":"summary_large_image","twitter_misc":{"Est. reading time":"2 minutes"},"schema":{"@context":"https:\/\/schema.org","@graph":[{"@type":"WebPage","@id":"https:\/\/www.yorku.ca\/glendon\/futurestudents\/discover\/discover-your-campus\/?lang=fr","url":"https:\/\/www.yorku.ca\/glendon\/futurestudents\/discover\/discover-your-campus\/?lang=fr","name":"D\u00e9couvrez votre campus Glendon | Universit\u00e9 York","isPartOf":{"@id":"https:\/\/www.yorku.ca\/glendon\/futurestudents\/discover\/#website"},"primaryImageOfPage":{"@id":"https:\/\/www.yorku.ca\/glendon\/futurestudents\/discover\/discover-your-campus\/?lang=fr#primaryimage"},"image":{"@id":"https:\/\/www.yorku.ca\/glendon\/futurestudents\/discover\/discover-your-campus\/?lang=fr#primaryimage"},"thumbnailUrl":"https:\/\/www.yorku.ca\/glendon\/futurestudents\/discover\/wp-content\/uploads\/sites\/128\/2022\/08\/glendon-bg-grey.jpg","datePublished":"2022-09-24T14:09:07+00:00","dateModified":"2024-05-28T19:05:36+00:00","description":"D\u00e9couvrez l\u2019un des campus les plus verts et paisibles en plein c\u0153ur de Toronto au campus Glendon de l'Universit\u00e9 York. Profitez de nos installations enti\u00e8rement \u00e9quip\u00e9es et postulez \u00e0 l\u2019un de nos programmes pour propulser votre avenir.","breadcrumb":{"@id":"https:\/\/www.yorku.ca\/glendon\/futurestudents\/discover\/discover-your-campus\/?lang=fr#breadcrumb"},"inLanguage":"en-US","potentialAction":[{"@type":"ReadAction","target":["https:\/\/www.yorku.ca\/glendon\/futurestudents\/discover\/discover-your-campus\/?lang=fr"]}]},{"@type":"ImageObject","inLanguage":"en-US","@id":"https:\/\/www.yorku.ca\/glendon\/futurestudents\/discover\/discover-your-campus\/?lang=fr#primaryimage","url":"https:\/\/www.yorku.ca\/glendon\/futurestudents\/discover\/wp-content\/uploads\/sites\/128\/2022\/08\/glendon-bg-grey.jpg","contentUrl":"https:\/\/www.yorku.ca\/glendon\/futurestudents\/discover\/wp-content\/uploads\/sites\/128\/2022\/08\/glendon-bg-grey.jpg","width":2000,"height":1000},{"@type":"BreadcrumbList","@id":"https:\/\/www.yorku.ca\/glendon\/futurestudents\/discover\/discover-your-campus\/?lang=fr#breadcrumb","itemListElement":[{"@type":"ListItem","position":1,"name":"Home","item":"https:\/\/www.yorku.ca\/glendon\/futurestudents\/discover\/"},{"@type":"ListItem","position":2,"name":"D\u00e9couvrez votre campus"}]},{"@type":"WebSite","@id":"https:\/\/www.yorku.ca\/glendon\/futurestudents\/discover\/#website","url":"https:\/\/www.yorku.ca\/glendon\/futurestudents\/discover\/","name":"Glendon Campus 2023-2024","description":"","potentialAction":[{"@type":"SearchAction","target":{"@type":"EntryPoint","urlTemplate":"https:\/\/www.yorku.ca\/glendon\/futurestudents\/discover\/?s={search_term_string}"},"query-input":{"@type":"PropertyValueSpecification","valueRequired":true,"valueName":"search_term_string"}}],"inLanguage":"en-US"}]}},"taxonomy_info":[],"featured_image_src_large":false,"author_info":{"display_name":"rythera","author_link":"https:\/\/www.yorku.ca\/glendon\/futurestudents\/discover\/author\/rythera\/"},"comment_info":0,"_links":{"self":[{"href":"https:\/\/www.yorku.ca\/glendon\/futurestudents\/discover\/wp-json\/wp\/v2\/pages\/1727","targetHints":{"allow":["GET"]}}],"collection":[{"href":"https:\/\/www.yorku.ca\/glendon\/futurestudents\/discover\/wp-json\/wp\/v2\/pages"}],"about":[{"href":"https:\/\/www.yorku.ca\/glendon\/futurestudents\/discover\/wp-json\/wp\/v2\/types\/page"}],"author":[{"embeddable":true,"href":"https:\/\/www.yorku.ca\/glendon\/futurestudents\/discover\/wp-json\/wp\/v2\/users\/190"}],"replies":[{"embeddable":true,"href":"https:\/\/www.yorku.ca\/glendon\/futurestudents\/discover\/wp-json\/wp\/v2\/comments?post=1727"}],"version-history":[{"count":7,"href":"https:\/\/www.yorku.ca\/glendon\/futurestudents\/discover\/wp-json\/wp\/v2\/pages\/1727\/revisions"}],"predecessor-version":[{"id":1870,"href":"https:\/\/www.yorku.ca\/glendon\/futurestudents\/discover\/wp-json\/wp\/v2\/pages\/1727\/revisions\/1870"}],"wp:attachment":[{"href":"https:\/\/www.yorku.ca\/glendon\/futurestudents\/discover\/wp-json\/wp\/v2\/media?parent=1727"}],"wp:term":[{"taxonomy":"post_tag","embeddable":true,"href":"https:\/\/www.yorku.ca\/glendon\/futurestudents\/discover\/wp-json\/wp\/v2\/tags?post=1727"}],"curies":[{"name":"wp","href":"https:\/\/api.w.org\/{rel}","templated":true}]}}