  {"id":620,"date":"2025-05-06T15:30:58","date_gmt":"2025-05-06T19:30:58","guid":{"rendered":"https:\/\/www.yorku.ca\/glendon\/continuing-education\/?page_id=620"},"modified":"2026-01-23T11:08:40","modified_gmt":"2026-01-23T16:08:40","slug":"a-propos","status":"publish","type":"page","link":"https:\/\/www.yorku.ca\/glendon\/continuing-education\/a-propos\/?lang=fr","title":{"rendered":"\u00c0 propos"},"content":{"rendered":"\n<div style=\"height:25px\" aria-hidden=\"true\" class=\"wp-block-spacer\"><\/div>\n\n\n\n<h2 class=\"wp-block-heading\"><strong>Bienvenue \u00e0 la Formation continue \u00e0 Glendon<\/strong>&nbsp;&nbsp;<\/h2>\n\n\n\n<p>\u00c0 Glendon, nous croyons que l\u2019apprentissage est un parcours qui dure toute la vie. Nos programmes et cours de Formation continue sont con\u00e7us pour offrir des occasions d\u2019apprentissage accessibles et de grandes qualit\u00e9s, afin d\u2019aider chacun\u00b7e \u00e0 atteindre ses objectifs personnels et professionnels. Que vous souhaitiez faire progresser votre carri\u00e8re, acqu\u00e9rir de nouvelles comp\u00e9tences ou explorer un nouveau domaine, nos programmes sont adapt\u00e9s aux besoins d\u2019une communaut\u00e9 d\u2019apprenants diversifi\u00e9e.&nbsp;<\/p>\n\n\n\n<div class=\"wp-block-columns infographics-block card-deck is-layout-flex wp-container-core-columns-is-layout-1 wp-block-columns-is-layout-flex\">\n<div class=\"wp-block-column bg-primary-2 text-white p-4 mb-2 is-layout-flow wp-block-column-is-layout-flow\">\n<h3 class=\"wp-block-heading h1\"><strong><strong><strong>Notre identit\u00e9<\/strong><\/strong><\/strong><\/h3>\n\n\n\n<p class=\"mb-0\">Le Coll\u00e8ge universitaire Glendon, campus fondateur de l\u2019Universit\u00e9 York, poss\u00e8de une riche tradition d\u2019enseignement bilingue et multilingue dans un environnement inclusif et bienveillant. Nos programmes de Formation continue prolongent cette tradition en offrant des cours et des certificats ouverts \u00e0 toutes et \u00e0 tous \u2014 quel que soit le parcours scolaire ou l\u2019affiliation \u00e0 l\u2019Universit\u00e9 York. Nos apprenant\u00b7e\u00b7s sont des professionnel\u00b7le\u00b7s en activit\u00e9, des dipl\u00f4m\u00e9\u00b7e\u00b7s r\u00e9cents, de nouveaux arrivants au Canada ainsi que des apprenant\u00b7e\u00b7s de tous horizons.&nbsp;<\/p>\n<\/div>\n\n\n\n<div class=\"wp-block-column bg-primary-2 text-white p-4 mb-2 is-layout-flow wp-block-column-is-layout-flow\">\n<h3 class=\"wp-block-heading h1\"><strong><strong><strong>Notre mission<\/strong>&nbsp;<\/strong><\/strong><\/h3>\n\n\n\n<p class=\"mb-0\">Notre mission est d\u2019offrir des exp\u00e9riences d\u2019apprentissage innovantes et flexibles qui favorisent des retomb\u00e9es concr\u00e8tes. Nous soutenons le d\u00e9veloppement intellectuel, professionnel et culturel gr\u00e2ce \u00e0 des programmes adapt\u00e9s aux besoins changeants du march\u00e9 mondial et qui refl\u00e8tent l\u2019engagement de Glendon envers l\u2019excellence en enseignement.<\/p>\n<\/div>\n\n\n\n<div class=\"wp-block-column bg-primary-2 text-white p-4 mb-2 is-layout-flow wp-block-column-is-layout-flow\">\n<h3 class=\"wp-block-heading h1\"><strong><strong><strong>Notre approche<\/strong>&nbsp;<\/strong><\/strong><\/h3>\n\n\n\n<p class=\"mb-0\">Notre approche est pratique et porteuse de sens. Nous privil\u00e9gions l\u2019apprentissage exp\u00e9rientiel en combinant des connaissances essentielles \u00e0 des projets concrets et \u00e0 des applications en contexte r\u00e9el. Con\u00e7us en collaboration avec des leaders de l\u2019industrie, nos programmes acc\u00e9l\u00e9r\u00e9s visent \u00e0 vous permettre de d\u00e9velopper des comp\u00e9tences concr\u00e8tes et la confiance n\u00e9cessaires pour \u00e9voluer et tracer votre parcours dans un monde en constante transformation.<\/p>\n<\/div>\n<\/div>\n\n\n\n<div style=\"height:25px\" aria-hidden=\"true\" class=\"wp-block-spacer\"><\/div>\n\n\n\n<h2 class=\"wp-block-heading\"><strong>Pourquoi choisir Glendon ?<\/strong>&nbsp;<\/h2>\n\n\n\n<p>\u00c0 Glendon, nous croyons que l\u2019\u00e9ducation doit \u00eatre accessible, flexible et profond\u00e9ment enrichissante. Gr\u00e2ce \u00e0 notre avantage bilingue et \u00e0 notre approche personnalis\u00e9e de l\u2019apprentissage, nous nous engageons \u00e0 vous aider \u00e0 r\u00e9ussir selon vos propres conditions.<\/p>\n\n\n\n<div class=\"wp-block-columns infographics-block card-deck is-layout-flex wp-container-core-columns-is-layout-2 wp-block-columns-is-layout-flex\">\n<div class=\"wp-block-column bg-primary-2 text-white p-4 mb-2 is-layout-flow wp-block-column-is-layout-flow\">\n<h3 class=\"wp-block-heading h1\"><strong><strong><strong><strong>Avantage bilingue<\/strong><\/strong><\/strong><\/strong><\/h3>\n\n\n\n<p class=\"mb-0\">En tant que Centre d\u2019excellence du Sud de l\u2019Ontario pour l\u2019\u00e9ducation postsecondaire en langue fran\u00e7aise et bilingue, Glendon offre des occasions uniques d\u2019apprentissage linguistique et d\u2019immersion culturelle.<\/p>\n<\/div>\n\n\n\n<div class=\"wp-block-column bg-primary-2 text-white p-4 mb-2 is-layout-flow wp-block-column-is-layout-flow\">\n<h3 class=\"wp-block-heading h1\"><strong><strong><strong><strong>Apprentissage flexible<\/strong><\/strong><\/strong><\/strong><\/h3>\n\n\n\n<p class=\"mb-0\">Nous comprenons les d\u00e9fis li\u00e9s \u00e0 la conciliation des \u00e9tudes avec d\u2019autres responsabilit\u00e9s. Nos programmes offrent des horaires et des modes de prestation flexibles pour r\u00e9pondre \u00e0 des besoins vari\u00e9s.<\/p>\n<\/div>\n\n\n\n<div class=\"wp-block-column bg-primary-2 text-white p-4 mb-2 is-layout-flow wp-block-column-is-layout-flow\">\n<h3 class=\"wp-block-heading h1\"><strong><strong><strong><strong>Communaut\u00e9 bienveillante<\/strong><\/strong><\/strong><\/strong><\/h3>\n\n\n\n<p class=\"mb-0\">\u00c0 Glendon, l\u2019excellence est au c\u0153ur de l\u2019exp\u00e9rience \u00e9tudiante. Nos petites classes et notre campus inclusif favorisent un environnement d\u2019apprentissage o\u00f9 chacun\u00b7e peut s\u2019\u00e9panouir.<\/p>\n<\/div>\n<\/div>\n\n\n\n<div style=\"height:25px\" aria-hidden=\"true\" class=\"wp-block-spacer\"><\/div>\n","protected":false},"excerpt":{"rendered":"<p>Bienvenue \u00e0 la Formation continue \u00e0 Glendon&nbsp;&nbsp; \u00c0 Glendon, nous croyons que l\u2019apprentissage est un parcours qui dure toute la vie. Nos programmes et cours de Formation continue sont con\u00e7us pour offrir des occasions d\u2019apprentissage accessibles et de grandes qualit\u00e9s, afin d\u2019aider chacun\u00b7e \u00e0 atteindre ses objectifs personnels et professionnels. Que vous souhaitiez faire progresser [&hellip;]<\/p>\n","protected":false},"author":546,"featured_media":0,"parent":0,"menu_order":0,"comment_status":"closed","ping_status":"closed","template":"","meta":{"_kad_blocks_custom_css":"","_kad_blocks_head_custom_js":"","_kad_blocks_body_custom_js":"","_kad_blocks_footer_custom_js":"","footnotes":""},"tags":[],"class_list":["post-620","page","type-page","status-publish","hentry"],"yoast_head":"<!-- This site is optimized with the Yoast SEO plugin v24.0 - https:\/\/yoast.com\/wordpress\/plugins\/seo\/ -->\n<title>\u00c0 propos - Continuing Education<\/title>\n<meta name=\"robots\" content=\"noindex, follow, max-snippet:-1, max-image-preview:large, max-video-preview:-1\" \/>\n<meta property=\"og:locale\" content=\"en_US\" \/>\n<meta property=\"og:type\" content=\"article\" \/>\n<meta property=\"og:title\" content=\"\u00c0 propos - Continuing Education\" \/>\n<meta property=\"og:description\" content=\"Bienvenue \u00e0 la Formation continue \u00e0 Glendon&nbsp;&nbsp; \u00c0 Glendon, nous croyons que l\u2019apprentissage est un parcours qui dure toute la vie. Nos programmes et cours de Formation continue sont con\u00e7us pour offrir des occasions d\u2019apprentissage accessibles et de grandes qualit\u00e9s, afin d\u2019aider chacun\u00b7e \u00e0 atteindre ses objectifs personnels et professionnels. Que vous souhaitiez faire progresser [&hellip;]\" \/>\n<meta property=\"og:url\" content=\"https:\/\/www.yorku.ca\/glendon\/continuing-education\/a-propos\/?lang=fr\" \/>\n<meta property=\"og:site_name\" content=\"Continuing Education\" \/>\n<meta property=\"article:modified_time\" content=\"2026-01-23T16:08:40+00:00\" \/>\n<meta name=\"twitter:card\" content=\"summary_large_image\" \/>\n<meta name=\"twitter:label1\" content=\"Est. reading time\" \/>\n\t<meta name=\"twitter:data1\" content=\"2 minutes\" \/>\n<script type=\"application\/ld+json\" class=\"yoast-schema-graph\">{\"@context\":\"https:\/\/schema.org\",\"@graph\":[{\"@type\":\"WebPage\",\"@id\":\"https:\/\/www.yorku.ca\/glendon\/continuing-education\/a-propos\/?lang=fr\",\"url\":\"https:\/\/www.yorku.ca\/glendon\/continuing-education\/a-propos\/?lang=fr\",\"name\":\"\u00c0 propos - Continuing Education\",\"isPartOf\":{\"@id\":\"https:\/\/www.yorku.ca\/glendon\/continuing-education\/#website\"},\"datePublished\":\"2025-05-06T19:30:58+00:00\",\"dateModified\":\"2026-01-23T16:08:40+00:00\",\"breadcrumb\":{\"@id\":\"https:\/\/www.yorku.ca\/glendon\/continuing-education\/a-propos\/?lang=fr#breadcrumb\"},\"inLanguage\":\"en-US\",\"potentialAction\":[{\"@type\":\"ReadAction\",\"target\":[\"https:\/\/www.yorku.ca\/glendon\/continuing-education\/a-propos\/?lang=fr\"]}]},{\"@type\":\"BreadcrumbList\",\"@id\":\"https:\/\/www.yorku.ca\/glendon\/continuing-education\/a-propos\/?lang=fr#breadcrumb\",\"itemListElement\":[{\"@type\":\"ListItem\",\"position\":1,\"name\":\"Home\",\"item\":\"https:\/\/www.yorku.ca\/glendon\/continuing-education\/\"},{\"@type\":\"ListItem\",\"position\":2,\"name\":\"\u00c0 propos\"}]},{\"@type\":\"WebSite\",\"@id\":\"https:\/\/www.yorku.ca\/glendon\/continuing-education\/#website\",\"url\":\"https:\/\/www.yorku.ca\/glendon\/continuing-education\/\",\"name\":\"Continuing Education\",\"description\":\"Just another York Central CMS Sites site\",\"potentialAction\":[{\"@type\":\"SearchAction\",\"target\":{\"@type\":\"EntryPoint\",\"urlTemplate\":\"https:\/\/www.yorku.ca\/glendon\/continuing-education\/?s={search_term_string}\"},\"query-input\":{\"@type\":\"PropertyValueSpecification\",\"valueRequired\":true,\"valueName\":\"search_term_string\"}}],\"inLanguage\":\"en-US\"}]}<\/script>\n<!-- \/ Yoast SEO plugin. -->","yoast_head_json":{"title":"\u00c0 propos - Continuing Education","robots":{"index":"noindex","follow":"follow","max-snippet":"max-snippet:-1","max-image-preview":"max-image-preview:large","max-video-preview":"max-video-preview:-1"},"og_locale":"en_US","og_type":"article","og_title":"\u00c0 propos - Continuing Education","og_description":"Bienvenue \u00e0 la Formation continue \u00e0 Glendon&nbsp;&nbsp; \u00c0 Glendon, nous croyons que l\u2019apprentissage est un parcours qui dure toute la vie. Nos programmes et cours de Formation continue sont con\u00e7us pour offrir des occasions d\u2019apprentissage accessibles et de grandes qualit\u00e9s, afin d\u2019aider chacun\u00b7e \u00e0 atteindre ses objectifs personnels et professionnels. Que vous souhaitiez faire progresser [&hellip;]","og_url":"https:\/\/www.yorku.ca\/glendon\/continuing-education\/a-propos\/?lang=fr","og_site_name":"Continuing Education","article_modified_time":"2026-01-23T16:08:40+00:00","twitter_card":"summary_large_image","twitter_misc":{"Est. reading time":"2 minutes"},"schema":{"@context":"https:\/\/schema.org","@graph":[{"@type":"WebPage","@id":"https:\/\/www.yorku.ca\/glendon\/continuing-education\/a-propos\/?lang=fr","url":"https:\/\/www.yorku.ca\/glendon\/continuing-education\/a-propos\/?lang=fr","name":"\u00c0 propos - Continuing Education","isPartOf":{"@id":"https:\/\/www.yorku.ca\/glendon\/continuing-education\/#website"},"datePublished":"2025-05-06T19:30:58+00:00","dateModified":"2026-01-23T16:08:40+00:00","breadcrumb":{"@id":"https:\/\/www.yorku.ca\/glendon\/continuing-education\/a-propos\/?lang=fr#breadcrumb"},"inLanguage":"en-US","potentialAction":[{"@type":"ReadAction","target":["https:\/\/www.yorku.ca\/glendon\/continuing-education\/a-propos\/?lang=fr"]}]},{"@type":"BreadcrumbList","@id":"https:\/\/www.yorku.ca\/glendon\/continuing-education\/a-propos\/?lang=fr#breadcrumb","itemListElement":[{"@type":"ListItem","position":1,"name":"Home","item":"https:\/\/www.yorku.ca\/glendon\/continuing-education\/"},{"@type":"ListItem","position":2,"name":"\u00c0 propos"}]},{"@type":"WebSite","@id":"https:\/\/www.yorku.ca\/glendon\/continuing-education\/#website","url":"https:\/\/www.yorku.ca\/glendon\/continuing-education\/","name":"Continuing Education","description":"Just another York Central CMS Sites site","potentialAction":[{"@type":"SearchAction","target":{"@type":"EntryPoint","urlTemplate":"https:\/\/www.yorku.ca\/glendon\/continuing-education\/?s={search_term_string}"},"query-input":{"@type":"PropertyValueSpecification","valueRequired":true,"valueName":"search_term_string"}}],"inLanguage":"en-US"}]}},"taxonomy_info":[],"featured_image_src_large":false,"author_info":{"display_name":"ginnyc","author_link":"https:\/\/www.yorku.ca\/glendon\/continuing-education\/author\/ginnyc\/"},"comment_info":0,"_links":{"self":[{"href":"https:\/\/www.yorku.ca\/glendon\/continuing-education\/wp-json\/wp\/v2\/pages\/620","targetHints":{"allow":["GET"]}}],"collection":[{"href":"https:\/\/www.yorku.ca\/glendon\/continuing-education\/wp-json\/wp\/v2\/pages"}],"about":[{"href":"https:\/\/www.yorku.ca\/glendon\/continuing-education\/wp-json\/wp\/v2\/types\/page"}],"author":[{"embeddable":true,"href":"https:\/\/www.yorku.ca\/glendon\/continuing-education\/wp-json\/wp\/v2\/users\/546"}],"replies":[{"embeddable":true,"href":"https:\/\/www.yorku.ca\/glendon\/continuing-education\/wp-json\/wp\/v2\/comments?post=620"}],"version-history":[{"count":6,"href":"https:\/\/www.yorku.ca\/glendon\/continuing-education\/wp-json\/wp\/v2\/pages\/620\/revisions"}],"predecessor-version":[{"id":865,"href":"https:\/\/www.yorku.ca\/glendon\/continuing-education\/wp-json\/wp\/v2\/pages\/620\/revisions\/865"}],"wp:attachment":[{"href":"https:\/\/www.yorku.ca\/glendon\/continuing-education\/wp-json\/wp\/v2\/media?parent=620"}],"wp:term":[{"taxonomy":"post_tag","embeddable":true,"href":"https:\/\/www.yorku.ca\/glendon\/continuing-education\/wp-json\/wp\/v2\/tags?post=620"}],"curies":[{"name":"wp","href":"https:\/\/api.w.org\/{rel}","templated":true}]}}