  {"id":175,"date":"2020-07-16T10:32:36","date_gmt":"2020-07-16T14:32:36","guid":{"rendered":"https:\/\/www.yorku.ca\/glendon-french-language-trainingdev\/?page_id=175"},"modified":"2026-02-12T15:04:04","modified_gmt":"2026-02-12T20:04:04","slug":"page-de-garde","status":"publish","type":"page","link":"https:\/\/www.yorku.ca\/glendon\/continuing-education\/page-de-garde\/?lang=fr","title":{"rendered":"Connecter. Appliquer. Progresser."},"content":{"rendered":"\n<div style=\"height:25px\" aria-hidden=\"true\" class=\"wp-block-spacer\"><\/div>\n\n\n\n<div class=\"wp-block-columns is-layout-flex wp-container-core-columns-is-layout-1 wp-block-columns-is-layout-flex\">\n<div class=\"wp-block-column is-layout-flow wp-block-column-is-layout-flow\" style=\"flex-basis:50%\">\n<h2 class=\"wp-block-heading\">Des cours flexibles et dynamiques <br>pour les apprenants \u00e0 vie<\/h2>\n\n\n\n<p>Les cours non cr\u00e9dit\u00e9s de la Formation continue \u00e0 Glendon sont ouverts \u00e0 toutes et \u00e0 tous \u2014 que vous soyez en d\u00e9but de votre carri\u00e8re, cherchiez \u00e0 perfectionner vos comp\u00e9tences ou souhaitiez explorer de nouveaux horizons. Nos cours acc\u00e9l\u00e9r\u00e9s, ax\u00e9s sur l\u2019industrie, combinent un apprentissage pratique \u00e0 une exp\u00e9rience concr\u00e8te du monde du travail.&nbsp;<\/p>\n\n\n\n<h3 class=\"wp-block-heading\">Nous offrons des micro-titres de comp\u00e9tences et des formations <br>sur mesure<\/h3>\n\n\n\n<p>Con\u00e7ues en collaboration avec des leaders de l\u2019industrie, nos formations vous aident \u00e0 garder une longueur d\u2019avance dans un monde en constante \u00e9volution. Les cours sont offerts dans des formats flexibles, adapt\u00e9s \u00e0 votre emploi du temps.&nbsp;<\/p>\n\n\n\n<div class=\"wp-block-buttons is-layout-flex wp-block-buttons-is-layout-flex\">\n<div class=\"wp-block-button is-style-blue is-style-blue--1\"><a class=\"wp-block-button__link has-white-color has-text-color has-background has-link-color wp-element-button\" href=\"https:\/\/www.yorku.ca\/glendon\/continuing-education\/ce-que-nous-offrons\/?lang=fr\" style=\"background-color:#004a8d\">Parcourez les cours offerts ici<\/a><\/div>\n<\/div>\n<\/div>\n\n\n\n<div class=\"wp-block-column is-layout-flow wp-block-column-is-layout-flow\" style=\"flex-basis:50%\">\n<figure class=\"wp-block-image size-large\"><img loading=\"lazy\" decoding=\"async\" width=\"1024\" height=\"683\" src=\"https:\/\/www.yorku.ca\/glendon\/continuing-education\/wp-content\/uploads\/sites\/932\/2025\/05\/N8A1636-1024x683.jpg\" alt=\"Apprenantes adultes lisant ensemble sur un banc de jardin au campus Glendon, profitant d\u2019un moment de d\u00e9tente par une journ\u00e9e ensoleill\u00e9e.\" class=\"wp-image-426\" srcset=\"https:\/\/www.yorku.ca\/glendon\/continuing-education\/wp-content\/uploads\/sites\/932\/2025\/05\/N8A1636-1024x683.jpg 1024w, https:\/\/www.yorku.ca\/glendon\/continuing-education\/wp-content\/uploads\/sites\/932\/2025\/05\/N8A1636-400x267.jpg 400w, https:\/\/www.yorku.ca\/glendon\/continuing-education\/wp-content\/uploads\/sites\/932\/2025\/05\/N8A1636.jpg 1504w\" sizes=\"auto, (max-width: 1024px) 100vw, 1024px\" \/><\/figure>\n<\/div>\n<\/div>\n\n\n\n<hr class=\"wp-block-separator has-alpha-channel-opacity\"\/>\n\n\n\n<div style=\"height:25px\" aria-hidden=\"true\" class=\"wp-block-spacer\"><\/div>\n\n\n\n<div class=\"wp-block-columns is-layout-flex wp-container-core-columns-is-layout-2 wp-block-columns-is-layout-flex\">\n<div class=\"wp-block-column is-layout-flow wp-block-column-is-layout-flow\">\n<figure class=\"wp-block-image size-large\"><img loading=\"lazy\" decoding=\"async\" width=\"1024\" height=\"683\" src=\"https:\/\/www.yorku.ca\/glendon\/continuing-education\/wp-content\/uploads\/sites\/932\/2025\/05\/GlendonPerson-4-1024x683.jpg\" alt=\"Des \u00e9tudiants de Glendon profitent d\u2019une journ\u00e9e ensoleill\u00e9e sur le campus. Certains marchent avec leurs sacs \u00e0 dos, d\u2019autres se d\u00e9tendent pr\u00e8s de la sculpture murale embl\u00e9matique.\" class=\"wp-image-417\" srcset=\"https:\/\/www.yorku.ca\/glendon\/continuing-education\/wp-content\/uploads\/sites\/932\/2025\/05\/GlendonPerson-4-1024x683.jpg 1024w, https:\/\/www.yorku.ca\/glendon\/continuing-education\/wp-content\/uploads\/sites\/932\/2025\/05\/GlendonPerson-4-400x267.jpg 400w, https:\/\/www.yorku.ca\/glendon\/continuing-education\/wp-content\/uploads\/sites\/932\/2025\/05\/GlendonPerson-4.jpg 1504w\" sizes=\"auto, (max-width: 1024px) 100vw, 1024px\" \/><\/figure>\n<\/div>\n\n\n\n<div class=\"wp-block-column is-layout-flow wp-block-column-is-layout-flow\">\n<h3 class=\"wp-block-heading\">Pourquoi choisir la <br>Formation continue \u00e0 Glendon ?\u00a0<\/h3>\n\n\n\n<p>La Formation continue de Glendon fait partie du campus Glendon de l\u2019Universit\u00e9 York \u2013 une facult\u00e9 bilingue en arts lib\u00e9raux reconnue pour son environnement d\u2019apprentissage personnalis\u00e9 et ses valeurs communautaires fortes. Nos cours refl\u00e8tent l\u2019engagement de Glendon envers l\u2019accessibilit\u00e9, l\u2019excellence et un impact concret dans le monde r\u00e9el. Voici ce qui nous distingue&nbsp;:<\/p>\n\n\n\n<ul class=\"wp-block-list\">\n<li>Ouvert \u00e0 toutes et \u00e0 tous : aucun dipl\u00f4me pr\u00e9alable ni affiliation \u00e0 York requis.<\/li>\n\n\n\n<li>Apprentissage appliqu\u00e9 : d\u00e9veloppez des comp\u00e9tences concr\u00e8tes gr\u00e2ce \u00e0 des projets r\u00e9els et des \u00e9tudes de cas, encadr\u00e9s par des formateurs experts ayant une exp\u00e9rience du milieu professionnel.<\/li>\n\n\n\n<li>Parcours acc\u00e9l\u00e9r\u00e9s : des formats flexibles, en ligne ou hybrides, pour progresser efficacement et s\u2019adapter \u00e0 votre r\u00e9alit\u00e9.<\/li>\n<\/ul>\n<\/div>\n<\/div>\n\n\n\n<hr class=\"wp-block-separator has-alpha-channel-opacity\"\/>\n\n\n\n<div style=\"height:25px\" aria-hidden=\"true\" class=\"wp-block-spacer\"><\/div>\n\n\n\n<p class=\"has-text-align-center\"><em>Notre site Web de la Formation continue est actuellement en cours de mise \u00e0 jour. <\/em><br><em>Merci de votre patience pendant que nous travaillons \u00e0 vous offrir une nouvelle exp\u00e9rience am\u00e9lior\u00e9e. <\/em><br><em>Le site complet devrait \u00eatre lanc\u00e9 \u00e0 l'hiver 2026. Entre-temps, n\u2019h\u00e9sitez pas \u00e0 nous contacter \u00e0 l\u2019adresse&nbsp;<a href=\"mailto:continue@glendon.yorku.ca\">continue@glendon.yorku.ca<\/a>.<\/em><\/p>\n\n\n\n<div style=\"height:25px\" aria-hidden=\"true\" class=\"wp-block-spacer\"><\/div>\n","protected":false},"excerpt":{"rendered":"<p>Des cours flexibles et dynamiques pour les apprenants \u00e0 vie Les cours non cr\u00e9dit\u00e9s de la Formation continue \u00e0 Glendon sont ouverts \u00e0 toutes et \u00e0 tous \u2014 que vous soyez en d\u00e9but de votre carri\u00e8re, cherchiez \u00e0 perfectionner vos comp\u00e9tences ou souhaitiez explorer de nouveaux horizons. Nos cours acc\u00e9l\u00e9r\u00e9s, ax\u00e9s sur l\u2019industrie, combinent un [&hellip;]<\/p>\n","protected":false},"author":2,"featured_media":415,"parent":0,"menu_order":0,"comment_status":"closed","ping_status":"closed","template":"","meta":{"_kad_blocks_custom_css":"","_kad_blocks_head_custom_js":"","_kad_blocks_body_custom_js":"","_kad_blocks_footer_custom_js":"","footnotes":""},"tags":[],"class_list":["post-175","page","type-page","status-publish","has-post-thumbnail","hentry"],"yoast_head":"<!-- This site is optimized with the Yoast SEO plugin v24.0 - https:\/\/yoast.com\/wordpress\/plugins\/seo\/ -->\n<title>Connecter. Appliquer. Progresser. - Continuing Education<\/title>\n<meta name=\"robots\" content=\"noindex, follow, max-snippet:-1, max-image-preview:large, max-video-preview:-1\" \/>\n<meta property=\"og:locale\" content=\"en_US\" \/>\n<meta property=\"og:type\" content=\"article\" \/>\n<meta property=\"og:title\" content=\"Connecter. Appliquer. Progresser. - Continuing Education\" \/>\n<meta property=\"og:description\" content=\"Des cours flexibles et dynamiques pour les apprenants \u00e0 vie Les cours non cr\u00e9dit\u00e9s de la Formation continue \u00e0 Glendon sont ouverts \u00e0 toutes et \u00e0 tous \u2014 que vous soyez en d\u00e9but de votre carri\u00e8re, cherchiez \u00e0 perfectionner vos comp\u00e9tences ou souhaitiez explorer de nouveaux horizons. Nos cours acc\u00e9l\u00e9r\u00e9s, ax\u00e9s sur l\u2019industrie, combinent un [&hellip;]\" \/>\n<meta property=\"og:url\" content=\"https:\/\/www.yorku.ca\/glendon\/continuing-education\/?lang=fr\" \/>\n<meta property=\"og:site_name\" content=\"Continuing Education\" \/>\n<meta property=\"article:modified_time\" content=\"2026-02-12T20:04:04+00:00\" \/>\n<meta property=\"og:image\" content=\"https:\/\/www.yorku.ca\/glendon\/continuing-education\/wp-content\/uploads\/sites\/932\/2025\/05\/Glendon-Shoot_October-2024-7.jpg\" \/>\n\t<meta property=\"og:image:width\" content=\"1504\" \/>\n\t<meta property=\"og:image:height\" content=\"1002\" \/>\n\t<meta property=\"og:image:type\" content=\"image\/jpeg\" \/>\n<meta name=\"twitter:card\" content=\"summary_large_image\" \/>\n<meta name=\"twitter:label1\" content=\"Est. reading time\" \/>\n\t<meta name=\"twitter:data1\" content=\"2 minutes\" \/>\n<script type=\"application\/ld+json\" class=\"yoast-schema-graph\">{\"@context\":\"https:\/\/schema.org\",\"@graph\":[{\"@type\":\"WebPage\",\"@id\":\"https:\/\/www.yorku.ca\/glendon\/continuing-education\/?lang=fr\",\"url\":\"https:\/\/www.yorku.ca\/glendon\/continuing-education\/?lang=fr\",\"name\":\"Connecter. Appliquer. Progresser. - Continuing Education\",\"isPartOf\":{\"@id\":\"https:\/\/www.yorku.ca\/glendon\/continuing-education\/#website\"},\"primaryImageOfPage\":{\"@id\":\"https:\/\/www.yorku.ca\/glendon\/continuing-education\/?lang=fr#primaryimage\"},\"image\":{\"@id\":\"https:\/\/www.yorku.ca\/glendon\/continuing-education\/?lang=fr#primaryimage\"},\"thumbnailUrl\":\"https:\/\/www.yorku.ca\/glendon\/continuing-education\/wp-content\/uploads\/sites\/932\/2025\/05\/Glendon-Shoot_October-2024-7.jpg\",\"datePublished\":\"2020-07-16T14:32:36+00:00\",\"dateModified\":\"2026-02-12T20:04:04+00:00\",\"breadcrumb\":{\"@id\":\"https:\/\/www.yorku.ca\/glendon\/continuing-education\/?lang=fr#breadcrumb\"},\"inLanguage\":\"en-US\",\"potentialAction\":[{\"@type\":\"ReadAction\",\"target\":[\"https:\/\/www.yorku.ca\/glendon\/continuing-education\/?lang=fr\"]}]},{\"@type\":\"ImageObject\",\"inLanguage\":\"en-US\",\"@id\":\"https:\/\/www.yorku.ca\/glendon\/continuing-education\/?lang=fr#primaryimage\",\"url\":\"https:\/\/www.yorku.ca\/glendon\/continuing-education\/wp-content\/uploads\/sites\/932\/2025\/05\/Glendon-Shoot_October-2024-7.jpg\",\"contentUrl\":\"https:\/\/www.yorku.ca\/glendon\/continuing-education\/wp-content\/uploads\/sites\/932\/2025\/05\/Glendon-Shoot_October-2024-7.jpg\",\"width\":1504,\"height\":1002,\"caption\":\"Two students chatting on the front path of Glendon\u2019s ivy-covered manor, surrounded by vibrant gardens and greenery. Deux \u00e9tudiants discutent sur l\u2019all\u00e9e principale du manoir couvert de lierre du campus Glendon, entour\u00e9 de jardins fleuris.\"},{\"@type\":\"BreadcrumbList\",\"@id\":\"https:\/\/www.yorku.ca\/glendon\/continuing-education\/?lang=fr#breadcrumb\",\"itemListElement\":[{\"@type\":\"ListItem\",\"position\":1,\"name\":\"Home\",\"item\":\"https:\/\/www.yorku.ca\/glendon\/continuing-education\/\"},{\"@type\":\"ListItem\",\"position\":2,\"name\":\"Connecter. Appliquer. Progresser.\"}]},{\"@type\":\"WebSite\",\"@id\":\"https:\/\/www.yorku.ca\/glendon\/continuing-education\/#website\",\"url\":\"https:\/\/www.yorku.ca\/glendon\/continuing-education\/\",\"name\":\"Continuing Education\",\"description\":\"Just another York Central CMS Sites site\",\"potentialAction\":[{\"@type\":\"SearchAction\",\"target\":{\"@type\":\"EntryPoint\",\"urlTemplate\":\"https:\/\/www.yorku.ca\/glendon\/continuing-education\/?s={search_term_string}\"},\"query-input\":{\"@type\":\"PropertyValueSpecification\",\"valueRequired\":true,\"valueName\":\"search_term_string\"}}],\"inLanguage\":\"en-US\"}]}<\/script>\n<!-- \/ Yoast SEO plugin. -->","yoast_head_json":{"title":"Connecter. Appliquer. Progresser. - Continuing Education","robots":{"index":"noindex","follow":"follow","max-snippet":"max-snippet:-1","max-image-preview":"max-image-preview:large","max-video-preview":"max-video-preview:-1"},"og_locale":"en_US","og_type":"article","og_title":"Connecter. Appliquer. Progresser. - Continuing Education","og_description":"Des cours flexibles et dynamiques pour les apprenants \u00e0 vie Les cours non cr\u00e9dit\u00e9s de la Formation continue \u00e0 Glendon sont ouverts \u00e0 toutes et \u00e0 tous \u2014 que vous soyez en d\u00e9but de votre carri\u00e8re, cherchiez \u00e0 perfectionner vos comp\u00e9tences ou souhaitiez explorer de nouveaux horizons. Nos cours acc\u00e9l\u00e9r\u00e9s, ax\u00e9s sur l\u2019industrie, combinent un [&hellip;]","og_url":"https:\/\/www.yorku.ca\/glendon\/continuing-education\/?lang=fr","og_site_name":"Continuing Education","article_modified_time":"2026-02-12T20:04:04+00:00","og_image":[{"width":1504,"height":1002,"url":"https:\/\/www.yorku.ca\/glendon\/continuing-education\/wp-content\/uploads\/sites\/932\/2025\/05\/Glendon-Shoot_October-2024-7.jpg","type":"image\/jpeg"}],"twitter_card":"summary_large_image","twitter_misc":{"Est. reading time":"2 minutes"},"schema":{"@context":"https:\/\/schema.org","@graph":[{"@type":"WebPage","@id":"https:\/\/www.yorku.ca\/glendon\/continuing-education\/?lang=fr","url":"https:\/\/www.yorku.ca\/glendon\/continuing-education\/?lang=fr","name":"Connecter. Appliquer. Progresser. - Continuing Education","isPartOf":{"@id":"https:\/\/www.yorku.ca\/glendon\/continuing-education\/#website"},"primaryImageOfPage":{"@id":"https:\/\/www.yorku.ca\/glendon\/continuing-education\/?lang=fr#primaryimage"},"image":{"@id":"https:\/\/www.yorku.ca\/glendon\/continuing-education\/?lang=fr#primaryimage"},"thumbnailUrl":"https:\/\/www.yorku.ca\/glendon\/continuing-education\/wp-content\/uploads\/sites\/932\/2025\/05\/Glendon-Shoot_October-2024-7.jpg","datePublished":"2020-07-16T14:32:36+00:00","dateModified":"2026-02-12T20:04:04+00:00","breadcrumb":{"@id":"https:\/\/www.yorku.ca\/glendon\/continuing-education\/?lang=fr#breadcrumb"},"inLanguage":"en-US","potentialAction":[{"@type":"ReadAction","target":["https:\/\/www.yorku.ca\/glendon\/continuing-education\/?lang=fr"]}]},{"@type":"ImageObject","inLanguage":"en-US","@id":"https:\/\/www.yorku.ca\/glendon\/continuing-education\/?lang=fr#primaryimage","url":"https:\/\/www.yorku.ca\/glendon\/continuing-education\/wp-content\/uploads\/sites\/932\/2025\/05\/Glendon-Shoot_October-2024-7.jpg","contentUrl":"https:\/\/www.yorku.ca\/glendon\/continuing-education\/wp-content\/uploads\/sites\/932\/2025\/05\/Glendon-Shoot_October-2024-7.jpg","width":1504,"height":1002,"caption":"Two students chatting on the front path of Glendon\u2019s ivy-covered manor, surrounded by vibrant gardens and greenery. Deux \u00e9tudiants discutent sur l\u2019all\u00e9e principale du manoir couvert de lierre du campus Glendon, entour\u00e9 de jardins fleuris."},{"@type":"BreadcrumbList","@id":"https:\/\/www.yorku.ca\/glendon\/continuing-education\/?lang=fr#breadcrumb","itemListElement":[{"@type":"ListItem","position":1,"name":"Home","item":"https:\/\/www.yorku.ca\/glendon\/continuing-education\/"},{"@type":"ListItem","position":2,"name":"Connecter. Appliquer. Progresser."}]},{"@type":"WebSite","@id":"https:\/\/www.yorku.ca\/glendon\/continuing-education\/#website","url":"https:\/\/www.yorku.ca\/glendon\/continuing-education\/","name":"Continuing Education","description":"Just another York Central CMS Sites site","potentialAction":[{"@type":"SearchAction","target":{"@type":"EntryPoint","urlTemplate":"https:\/\/www.yorku.ca\/glendon\/continuing-education\/?s={search_term_string}"},"query-input":{"@type":"PropertyValueSpecification","valueRequired":true,"valueName":"search_term_string"}}],"inLanguage":"en-US"}]}},"taxonomy_info":[],"featured_image_src_large":["https:\/\/www.yorku.ca\/glendon\/continuing-education\/wp-content\/uploads\/sites\/932\/2025\/05\/Glendon-Shoot_October-2024-7-1024x682.jpg",1024,682,true],"author_info":{"display_name":"Alice","author_link":"https:\/\/www.yorku.ca\/glendon\/continuing-education\/author\/alicet\/"},"comment_info":0,"_links":{"self":[{"href":"https:\/\/www.yorku.ca\/glendon\/continuing-education\/wp-json\/wp\/v2\/pages\/175","targetHints":{"allow":["GET"]}}],"collection":[{"href":"https:\/\/www.yorku.ca\/glendon\/continuing-education\/wp-json\/wp\/v2\/pages"}],"about":[{"href":"https:\/\/www.yorku.ca\/glendon\/continuing-education\/wp-json\/wp\/v2\/types\/page"}],"author":[{"embeddable":true,"href":"https:\/\/www.yorku.ca\/glendon\/continuing-education\/wp-json\/wp\/v2\/users\/2"}],"replies":[{"embeddable":true,"href":"https:\/\/www.yorku.ca\/glendon\/continuing-education\/wp-json\/wp\/v2\/comments?post=175"}],"version-history":[{"count":41,"href":"https:\/\/www.yorku.ca\/glendon\/continuing-education\/wp-json\/wp\/v2\/pages\/175\/revisions"}],"predecessor-version":[{"id":1466,"href":"https:\/\/www.yorku.ca\/glendon\/continuing-education\/wp-json\/wp\/v2\/pages\/175\/revisions\/1466"}],"wp:featuredmedia":[{"embeddable":true,"href":"https:\/\/www.yorku.ca\/glendon\/continuing-education\/wp-json\/wp\/v2\/media\/415"}],"wp:attachment":[{"href":"https:\/\/www.yorku.ca\/glendon\/continuing-education\/wp-json\/wp\/v2\/media?parent=175"}],"wp:term":[{"taxonomy":"post_tag","embeddable":true,"href":"https:\/\/www.yorku.ca\/glendon\/continuing-education\/wp-json\/wp\/v2\/tags?post=175"}],"curies":[{"name":"wp","href":"https:\/\/api.w.org\/{rel}","templated":true}]}}