  {"id":1641,"date":"2026-02-17T15:34:27","date_gmt":"2026-02-17T20:34:27","guid":{"rendered":"https:\/\/www.yorku.ca\/glendon\/continuing-education\/?page_id=1641"},"modified":"2026-03-05T15:02:51","modified_gmt":"2026-03-05T20:02:51","slug":"faire-tomber-les-barrieres-introduction-aux-prejuges","status":"publish","type":"page","link":"https:\/\/www.yorku.ca\/glendon\/continuing-education\/faire-tomber-les-barrieres-introduction-aux-prejuges\/?lang=fr","title":{"rendered":"Faire tomber les barri\u00e8res : Introduction aux pr\u00e9jug\u00e9s"},"content":{"rendered":"\n<div style=\"height:25px\" aria-hidden=\"true\" class=\"wp-block-spacer\"><\/div>\n\n\n\n<div class=\"wp-block-columns faculty-textbox is-layout-flex wp-container-core-columns-is-layout-1 wp-block-columns-is-layout-flex\">\n<div class=\"wp-block-column border-lg border-gl px-3 py-4 is-layout-flow wp-block-column-is-layout-flow\" style=\"flex-basis:66.66%\">\n<h2 class=\"wp-block-heading\">Faire tomber les barri\u00e8res. <br>Agir pour l\u2019inclusion.<\/h2>\n\n\n\n<p>Faire tomber les barri\u00e8res : Introduction aux pr\u00e9jug\u00e9s&nbsp;est un micro-titre de comp\u00e9tences flexible, offert \u00e0 votre rythme, destin\u00e9 aux leaders et aux professionnelles et professionnels pr\u00eats \u00e0 passer \u00e0 l\u2019action en mati\u00e8re d\u2019\u00e9quit\u00e9 et d\u2019inclusion. Analysez les biais aux niveaux individuel et syst\u00e9mique, remettez en question vos perceptions et \u00e9laborez un plan d\u2019action concret pour cr\u00e9er des milieux de travail et des communaut\u00e9s plus inclusifs.<\/p>\n\n\n\n<p>Obtenez un badge num\u00e9rique attestant de votre expertise en mati\u00e8re de lutte contre les pr\u00e9jug\u00e9s et la discrimination. Ce micro-titre peut \u00eatre suivi ind\u00e9pendamment ou contribuer \u00e0 l\u2019obtention d\u2019une certification en Leadership et lutte contre les pr\u00e9jug\u00e9s et la discrimination.<\/p>\n\n\n\n<p><strong>INSCRIVEZ-VOUS D\u00c8S MAINTENANT<\/strong><\/p>\n<\/div>\n\n\n\n<div class=\"wp-block-column is-layout-flow wp-block-column-is-layout-flow\" style=\"flex-basis:33.33%\">\n<h2 class=\"wp-block-heading text-uppercase h5\">Points forts<\/h2>\n\n\n\n<ul class=\"wp-block-list\">\n<li>Micro-titre de comp\u00e9tences flexible, offert \u00e0 votre rythme (environ 3 heures)<\/li>\n\n\n\n<li>Contenu interactif et fond\u00e9 sur la recherche, ancr\u00e9 dans les pratiques d\u2019\u00e9quit\u00e9 et d\u2019inclusion<\/li>\n\n\n\n<li>Mise en application concr\u00e8te gr\u00e2ce \u00e0 l\u2019\u00e9laboration d\u2019un plan d\u2019action personnalis\u00e9 en mati\u00e8re d\u2019inclusion<\/li>\n\n\n\n<li>Analyse des biais aux niveaux individuel, interpersonnel, institutionnel et soci\u00e9tal<\/li>\n\n\n\n<li>Badge num\u00e9rique attestant de l\u2019acquisition de comp\u00e9tences fondamentales en mati\u00e8re de lutte contre les pr\u00e9jug\u00e9s et la discrimination<\/li>\n<\/ul>\n<\/div>\n<\/div>\n\n\n\n<div style=\"height:25px\" aria-hidden=\"true\" class=\"wp-block-spacer\"><\/div>\n\n\n\n<div class=\"wp-block-columns is-layout-flex wp-container-core-columns-is-layout-2 wp-block-columns-is-layout-flex\">\n<div class=\"wp-block-column is-layout-flow wp-block-column-is-layout-flow\" style=\"flex-basis:66.66%\">\n<h2 class=\"wp-block-heading\">Pourquoi suivre le micro-titre Faire tomber les barri\u00e8res \u00e0 Glendon?<\/h2>\n\n\n\n<p>Ce cours invite les participants \u00e0 r\u00e9fl\u00e9chir \u00e0 la fa\u00e7on dont les pr\u00e9jug\u00e9s et la discrimination influencent nos exp\u00e9riences quotidiennes dans nos milieux de travail, nos \u00e9coles et nos communaut\u00e9s. Ancr\u00e9 dans la recherche et \u00e9clair\u00e9 par les r\u00e9alit\u00e9s v\u00e9cues, il cr\u00e9e un espace propice au dialogue authentique, \u00e0 la r\u00e9flexion critique et \u00e0 l\u2019apprentissage collectif.<\/p>\n\n\n\n<p>\u00c0 Glendon, nous croyons qu\u2019une inclusion v\u00e9ritable commence par la prise de conscience et se d\u00e9veloppe gr\u00e2ce \u00e0 une responsabilit\u00e9 partag\u00e9e. Par une exploration guid\u00e9e et l\u2019\u00e9laboration d\u2019un plan d\u2019action concret, les participants acqui\u00e8rent la confiance et les outils n\u00e9cessaires pour favoriser des environnements plus \u00e9quitables et respectueux. Ce micro-titre soutient un changement durable fond\u00e9 sur l\u2019empathie, la responsabilit\u00e9 et l\u2019engagement communautaire.<\/p>\n<\/div>\n\n\n\n<div class=\"wp-block-column is-layout-flow wp-block-column-is-layout-flow\" style=\"flex-basis:33.33%\">\n<figure class=\"wp-block-image size-full\"><img loading=\"lazy\" decoding=\"async\" width=\"538\" height=\"303\" src=\"https:\/\/www.yorku.ca\/glendon\/continuing-education\/wp-content\/uploads\/sites\/932\/2026\/02\/8.png\" alt=\"\" class=\"wp-image-1636\" srcset=\"https:\/\/www.yorku.ca\/glendon\/continuing-education\/wp-content\/uploads\/sites\/932\/2026\/02\/8.png 538w, https:\/\/www.yorku.ca\/glendon\/continuing-education\/wp-content\/uploads\/sites\/932\/2026\/02\/8-400x225.png 400w\" sizes=\"auto, (max-width: 538px) 100vw, 538px\" \/><\/figure>\n<\/div>\n<\/div>\n\n\n\n<div style=\"height:25px\" aria-hidden=\"true\" class=\"wp-block-spacer\"><\/div>\n\n\n\n<div class=\"wp-block-columns is-layout-flex wp-container-core-columns-is-layout-3 wp-block-columns-is-layout-flex\">\n<div class=\"wp-block-column is-layout-flow wp-block-column-is-layout-flow\" style=\"flex-basis:33.3%\">\n<figure class=\"wp-block-image size-full\"><img loading=\"lazy\" decoding=\"async\" width=\"538\" height=\"303\" src=\"https:\/\/www.yorku.ca\/glendon\/continuing-education\/wp-content\/uploads\/sites\/932\/2026\/02\/9.png\" alt=\"\" class=\"wp-image-1638\" srcset=\"https:\/\/www.yorku.ca\/glendon\/continuing-education\/wp-content\/uploads\/sites\/932\/2026\/02\/9.png 538w, https:\/\/www.yorku.ca\/glendon\/continuing-education\/wp-content\/uploads\/sites\/932\/2026\/02\/9-400x225.png 400w\" sizes=\"auto, (max-width: 538px) 100vw, 538px\" \/><\/figure>\n<\/div>\n\n\n\n<div class=\"wp-block-column is-layout-flow wp-block-column-is-layout-flow\" style=\"flex-basis:66.6%\">\n<h2 class=\"wp-block-heading\">\u00c0 qui s\u2019adresse ce cours?<\/h2>\n\n\n\n<ul class=\"wp-block-list\">\n<li>Organisateurs communautaires et d\u00e9fenseurs des droits<\/li>\n\n\n\n<li>Personnel enseignant et intervenants jeunesse<\/li>\n\n\n\n<li>Leaders d\u2019organismes sans but lucratif et de mouvements communautaires<\/li>\n\n\n\n<li>\u00c9tudiants et acteurs \u00e9mergents du changement social<\/li>\n\n\n\n<li>B\u00e9n\u00e9voles et membres de la communaut\u00e9 engag\u00e9s en faveur de l\u2019\u00e9quit\u00e9<\/li>\n\n\n\n<li>Toute personne souhaitant acqu\u00e9rir des outils concrets pour lutter contre les pr\u00e9jug\u00e9s et favoriser l\u2019inclusion<\/li>\n<\/ul>\n<\/div>\n<\/div>\n\n\n\n<div style=\"height:25px\" aria-hidden=\"true\" class=\"wp-block-spacer\"><\/div>\n\n\n\n<h2 class=\"wp-block-heading\">Inscrivez-vous au micro-titre<\/h2>\n\n\n\n<hr class=\"wp-block-separator has-alpha-channel-opacity\"\/>\n\n\n\n<div class=\"wp-block-group grey-bg-block px-5 m-0 has-very-light-gray-background-color has-background is-layout-flow wp-block-group-is-layout-flow\">\n<div class=\"wp-block-columns is-layout-flex wp-container-core-columns-is-layout-4 wp-block-columns-is-layout-flex\">\n<div class=\"wp-block-column is-layout-flow wp-block-column-is-layout-flow\">\n<p><strong>DATE &amp; HEURE<\/strong><br>\u00c0 votre rythme,<br>en mode asynchrone<\/p>\n<\/div>\n\n\n\n<div class=\"wp-block-column is-layout-flow wp-block-column-is-layout-flow\">\n<p><strong>FORMAT &amp; LANGUE<\/strong><br>En ligne,<br>en fran\u00e7ais<\/p>\n\n\n\n<p><br><\/p>\n<\/div>\n\n\n\n<div class=\"wp-block-column is-layout-flow wp-block-column-is-layout-flow\">\n<p><strong>DUR\u00c9E<br><\/strong>8 heures<\/p>\n<\/div>\n\n\n\n<div class=\"wp-block-column is-layout-flow wp-block-column-is-layout-flow\">\n<p><strong>FRAIS<\/strong>*<br>Offert sans frais<\/p>\n\n\n\n<div class=\"wp-block-buttons is-content-justification-left is-layout-flex wp-container-core-buttons-is-layout-1 wp-block-buttons-is-layout-flex\">\n<div class=\"wp-block-button is-style-blue is-style-blue--1\"><a class=\"wp-block-button__link wp-element-button\">S'inscrire<\/a><\/div>\n<\/div>\n<\/div>\n<\/div>\n<\/div>\n\n\n\n<div style=\"height:25px\" aria-hidden=\"true\" class=\"wp-block-spacer\"><\/div>\n\n\n\n<div style=\"height:25px\" aria-hidden=\"true\" class=\"wp-block-spacer\"><\/div>\n\n\n\n<hr class=\"wp-block-separator has-alpha-channel-opacity\"\/>\n\n\n\n<h2 class=\"wp-block-heading\">\u00c0 propos du cours<\/h2>\n\n\n<style>.kt-accordion-id1641_204410-16 .kt-accordion-inner-wrap{column-gap:var(--global-kb-gap-md, 2rem);row-gap:8px;}.kt-accordion-id1641_204410-16 .kt-accordion-panel-inner{padding-top:var(--global-kb-spacing-sm, 1.5rem);padding-right:var(--global-kb-spacing-sm, 1.5rem);padding-bottom:var(--global-kb-spacing-sm, 1.5rem);padding-left:var(--global-kb-spacing-sm, 1.5rem);}.kt-accordion-id1641_204410-16 .wp-block-kadence-pane .kt-accordion-header-wrap .kt-blocks-accordion-header{padding-top:var(--global-kb-spacing-xxs, 0.5rem);padding-right:var(--global-kb-spacing-xs, 1rem);padding-bottom:var(--global-kb-spacing-xxs, 0.5rem);padding-left:var(--global-kb-spacing-xs, 1rem);}@media all and (max-width: 767px){.kt-accordion-id1641_204410-16 .kt-accordion-inner-wrap{display:block;}.kt-accordion-id1641_204410-16 .kt-accordion-inner-wrap .kt-accordion-pane:not(:first-child){margin-top:8px;}}<\/style>\n<div class=\"wp-block-kadence-accordion alignnone\"><div class=\"kt-accordion-wrap kt-accordion-id1641_204410-16 kt-accordion-has-8-panes kt-active-pane-0 kt-accordion-block kt-pane-header-alignment-left kt-accodion-icon-style-arrow kt-accodion-icon-side-right\" style=\"max-width:none\"><div class=\"kt-accordion-inner-wrap\" data-allow-multiple-open=\"false\" data-start-open=\"none\">\n<div class=\"wp-block-kadence-pane kt-accordion-pane kt-accordion-pane-3 kt-pane1641_433bba-cf\"><div class=\"kt-accordion-header-wrap\"><button class=\"kt-blocks-accordion-header kt-acccordion-button-label-show\" type=\"button\"><span class=\"kt-blocks-accordion-title-wrap\"><span class=\"kt-blocks-accordion-title\">Ce que vous apprendrez<\/span><\/span><span class=\"kt-blocks-accordion-icon-trigger\"><\/span><\/button><\/div><div class=\"kt-accordion-panel kt-accordion-panel-hidden\"><div class=\"kt-accordion-panel-inner\">\n<p>Ce micro-titre de comp\u00e9tences flexible, offert \u00e0 votre rythme, s\u2019adresse aux personnes souhaitant mieux comprendre et combattre les pr\u00e9jug\u00e9s et la discrimination dans leurs milieux de travail et leurs communaut\u00e9s. D\u00e9velopp\u00e9 par des praticiens sp\u00e9cialis\u00e9s en \u00e9quit\u00e9, ce cours combine des bases th\u00e9oriques essentielles et une mise en application concr\u00e8te afin de soutenir un changement significatif et durable.<\/p>\n\n\n\n<p>Les participants pourront :<\/p>\n\n\n\n<ul class=\"wp-block-list\">\n<li>Approfondir leur compr\u00e9hension des pr\u00e9jug\u00e9s, des biais et de la discrimination<\/li>\n\n\n\n<li>R\u00e9fl\u00e9chir de fa\u00e7on critique \u00e0 leurs propres perceptions et exp\u00e9riences v\u00e9cues<\/li>\n\n\n\n<li>Examiner le fonctionnement des pr\u00e9jug\u00e9s aux niveaux individuel, interpersonnel, institutionnel et soci\u00e9tal<\/li>\n\n\n\n<li>\u00c9valuer des strat\u00e9gies favorisant l\u2019inclusion et la lutte contre la discrimination<\/li>\n\n\n\n<li>\u00c9laborer un plan d\u2019action personnalis\u00e9 pour promouvoir des environnements plus \u00e9quitables<\/li>\n<\/ul>\n<\/div><\/div><\/div>\n\n\n\n<div class=\"wp-block-kadence-pane kt-accordion-pane kt-accordion-pane-8 kt-pane1641_028673-63\"><div class=\"kt-accordion-header-wrap\"><button class=\"kt-blocks-accordion-header kt-acccordion-button-label-show\" type=\"button\"><span class=\"kt-blocks-accordion-title-wrap\"><span class=\"kt-blocks-accordion-title\">Information sur les cours sans cr\u00e9dit<\/span><\/span><span class=\"kt-blocks-accordion-icon-trigger\"><\/span><\/button><\/div><div class=\"kt-accordion-panel kt-accordion-panel-hidden\"><div class=\"kt-accordion-panel-inner\">\n<p>Veuillez noter que nos cours de langue sont&nbsp;non cr\u00e9dit\u00e9s, ce qui signifie qu\u2019ils ne donnent pas droit \u00e0 des cr\u00e9dits dans le cadre d\u2019un programme menant \u00e0 un dipl\u00f4me. Ces cours sont con\u00e7us pour le&nbsp;perfectionnement des comp\u00e9tences, que ce soit \u00e0 des fins personnelles ou de d\u00e9veloppement professionnel.<\/p>\n<\/div><\/div><\/div>\n\n\n\n<div class=\"wp-block-kadence-pane kt-accordion-pane kt-accordion-pane-6 kt-pane1641_893a24-42\"><div class=\"kt-accordion-header-wrap\"><button class=\"kt-blocks-accordion-header kt-acccordion-button-label-show\" type=\"button\"><span class=\"kt-blocks-accordion-title-wrap\"><span class=\"kt-blocks-accordion-title\">Modifications, annulations et remboursements<\/span><\/span><span class=\"kt-blocks-accordion-icon-trigger\"><\/span><\/button><\/div><div class=\"kt-accordion-panel kt-accordion-panel-hidden\"><div class=\"kt-accordion-panel-inner\">\n<p>La Formation continue de Glendon se r\u00e9serve le droit de&nbsp;modifier ou d\u2019annuler des cours&nbsp;en cas de circonstances exceptionnelles. Si nous ne sommes plus en mesure d\u2019offrir un cours, ou si vous ne pouvez plus y participer en raison de changements apport\u00e9s \u00e0 l\u2019offre, un&nbsp;remboursement complet&nbsp;sera effectu\u00e9.<\/p>\n\n\n\n<p>Les participants qui choisissent de se retirer&nbsp;apr\u00e8s le d\u00e9but du cours&nbsp;pourraient \u00eatre admissibles \u00e0 un&nbsp;remboursement partiel, \u00e0 la discr\u00e9tion de la Formation continue de Glendon.<\/p>\n<\/div><\/div><\/div>\n<\/div><\/div><\/div>\n\n\n\n<div style=\"height:25px\" aria-hidden=\"true\" class=\"wp-block-spacer\"><\/div>\n\n\n\n<p><em>*Gr\u00e2ce au programme de&nbsp;<a href=\"https:\/\/www.ontario.ca\/fr\/page\/microcertifications-offertes-par-les-etablissements-postsecondaires-de-lontario\">Fonds ontarien d\u2019aide pour la microcertification<\/a>&nbsp;financ\u00e9 par le Gouvernement de l\u2019Ontario, nous sommes reconnaissants de pouvoir offrir ce cours gratuitement.<\/em><\/p>\n\n\n\n<div style=\"height:50px\" aria-hidden=\"true\" class=\"wp-block-spacer\"><\/div>\n","protected":false},"excerpt":{"rendered":"<p>Faire tomber les barri\u00e8res. Agir pour l\u2019inclusion. Faire tomber les barri\u00e8res : Introduction aux pr\u00e9jug\u00e9s&nbsp;est un micro-titre de comp\u00e9tences flexible, offert \u00e0 votre rythme, destin\u00e9 aux leaders et aux professionnelles et professionnels pr\u00eats \u00e0 passer \u00e0 l\u2019action en mati\u00e8re d\u2019\u00e9quit\u00e9 et d\u2019inclusion. Analysez les biais aux niveaux individuel et syst\u00e9mique, remettez en question vos perceptions [&hellip;]<\/p>\n","protected":false},"author":546,"featured_media":1634,"parent":0,"menu_order":0,"comment_status":"closed","ping_status":"closed","template":"secondary-page.php","meta":{"_kad_blocks_custom_css":"","_kad_blocks_head_custom_js":"","_kad_blocks_body_custom_js":"","_kad_blocks_footer_custom_js":"","footnotes":""},"tags":[],"class_list":["post-1641","page","type-page","status-publish","has-post-thumbnail","hentry"],"yoast_head":"<!-- This site is optimized with the Yoast SEO plugin v24.0 - https:\/\/yoast.com\/wordpress\/plugins\/seo\/ -->\n<title>Faire tomber les barri\u00e8res : Introduction aux pr\u00e9jug\u00e9s - Continuing Education<\/title>\n<meta name=\"robots\" content=\"noindex, follow, max-snippet:-1, max-image-preview:large, max-video-preview:-1\" \/>\n<meta property=\"og:locale\" content=\"en_US\" \/>\n<meta property=\"og:type\" content=\"article\" \/>\n<meta property=\"og:title\" content=\"Faire tomber les barri\u00e8res : Introduction aux pr\u00e9jug\u00e9s - Continuing Education\" \/>\n<meta property=\"og:description\" content=\"Faire tomber les barri\u00e8res. Agir pour l\u2019inclusion. Faire tomber les barri\u00e8res : Introduction aux pr\u00e9jug\u00e9s&nbsp;est un micro-titre de comp\u00e9tences flexible, offert \u00e0 votre rythme, destin\u00e9 aux leaders et aux professionnelles et professionnels pr\u00eats \u00e0 passer \u00e0 l\u2019action en mati\u00e8re d\u2019\u00e9quit\u00e9 et d\u2019inclusion. Analysez les biais aux niveaux individuel et syst\u00e9mique, remettez en question vos perceptions [&hellip;]\" \/>\n<meta property=\"og:url\" content=\"https:\/\/www.yorku.ca\/glendon\/continuing-education\/faire-tomber-les-barrieres-introduction-aux-prejuges\/?lang=fr\" \/>\n<meta property=\"og:site_name\" content=\"Continuing Education\" \/>\n<meta property=\"article:modified_time\" content=\"2026-03-05T20:02:51+00:00\" \/>\n<meta property=\"og:image\" content=\"https:\/\/www.yorku.ca\/glendon\/continuing-education\/wp-content\/uploads\/sites\/932\/2026\/02\/New-CE-Website-Photos-2560-x-1330-px-1024x532.png\" \/>\n\t<meta property=\"og:image:width\" content=\"1024\" \/>\n\t<meta property=\"og:image:height\" content=\"532\" \/>\n\t<meta property=\"og:image:type\" content=\"image\/png\" \/>\n<meta name=\"twitter:card\" content=\"summary_large_image\" \/>\n<meta name=\"twitter:label1\" content=\"Est. reading time\" \/>\n\t<meta name=\"twitter:data1\" content=\"4 minutes\" \/>\n<script type=\"application\/ld+json\" class=\"yoast-schema-graph\">{\"@context\":\"https:\/\/schema.org\",\"@graph\":[{\"@type\":\"WebPage\",\"@id\":\"https:\/\/www.yorku.ca\/glendon\/continuing-education\/faire-tomber-les-barrieres-introduction-aux-prejuges\/?lang=fr\",\"url\":\"https:\/\/www.yorku.ca\/glendon\/continuing-education\/faire-tomber-les-barrieres-introduction-aux-prejuges\/?lang=fr\",\"name\":\"Faire tomber les barri\u00e8res : Introduction aux pr\u00e9jug\u00e9s - Continuing Education\",\"isPartOf\":{\"@id\":\"https:\/\/www.yorku.ca\/glendon\/continuing-education\/#website\"},\"primaryImageOfPage\":{\"@id\":\"https:\/\/www.yorku.ca\/glendon\/continuing-education\/faire-tomber-les-barrieres-introduction-aux-prejuges\/?lang=fr#primaryimage\"},\"image\":{\"@id\":\"https:\/\/www.yorku.ca\/glendon\/continuing-education\/faire-tomber-les-barrieres-introduction-aux-prejuges\/?lang=fr#primaryimage\"},\"thumbnailUrl\":\"https:\/\/www.yorku.ca\/glendon\/continuing-education\/wp-content\/uploads\/sites\/932\/2026\/02\/New-CE-Website-Photos-2560-x-1330-px.png\",\"datePublished\":\"2026-02-17T20:34:27+00:00\",\"dateModified\":\"2026-03-05T20:02:51+00:00\",\"breadcrumb\":{\"@id\":\"https:\/\/www.yorku.ca\/glendon\/continuing-education\/faire-tomber-les-barrieres-introduction-aux-prejuges\/?lang=fr#breadcrumb\"},\"inLanguage\":\"en-US\",\"potentialAction\":[{\"@type\":\"ReadAction\",\"target\":[\"https:\/\/www.yorku.ca\/glendon\/continuing-education\/faire-tomber-les-barrieres-introduction-aux-prejuges\/?lang=fr\"]}]},{\"@type\":\"ImageObject\",\"inLanguage\":\"en-US\",\"@id\":\"https:\/\/www.yorku.ca\/glendon\/continuing-education\/faire-tomber-les-barrieres-introduction-aux-prejuges\/?lang=fr#primaryimage\",\"url\":\"https:\/\/www.yorku.ca\/glendon\/continuing-education\/wp-content\/uploads\/sites\/932\/2026\/02\/New-CE-Website-Photos-2560-x-1330-px.png\",\"contentUrl\":\"https:\/\/www.yorku.ca\/glendon\/continuing-education\/wp-content\/uploads\/sites\/932\/2026\/02\/New-CE-Website-Photos-2560-x-1330-px.png\",\"width\":2560,\"height\":1330},{\"@type\":\"BreadcrumbList\",\"@id\":\"https:\/\/www.yorku.ca\/glendon\/continuing-education\/faire-tomber-les-barrieres-introduction-aux-prejuges\/?lang=fr#breadcrumb\",\"itemListElement\":[{\"@type\":\"ListItem\",\"position\":1,\"name\":\"Home\",\"item\":\"\/glendon\/\"},{\"@type\":\"ListItem\",\"position\":2,\"name\":\"Continuing Education\",\"item\":\"https:\/\/www.yorku.ca\/glendon\/continuing-education\/\"},{\"@type\":\"ListItem\",\"position\":3,\"name\":\"Faire tomber les barri\u00e8res : Introduction aux pr\u00e9jug\u00e9s\"}]},{\"@type\":\"WebSite\",\"@id\":\"https:\/\/www.yorku.ca\/glendon\/continuing-education\/#website\",\"url\":\"https:\/\/www.yorku.ca\/glendon\/continuing-education\/\",\"name\":\"Continuing Education\",\"description\":\"Just another York Central CMS Sites site\",\"potentialAction\":[{\"@type\":\"SearchAction\",\"target\":{\"@type\":\"EntryPoint\",\"urlTemplate\":\"https:\/\/www.yorku.ca\/glendon\/continuing-education\/?s={search_term_string}\"},\"query-input\":{\"@type\":\"PropertyValueSpecification\",\"valueRequired\":true,\"valueName\":\"search_term_string\"}}],\"inLanguage\":\"en-US\"}]}<\/script>\n<!-- \/ Yoast SEO plugin. -->","yoast_head_json":{"title":"Faire tomber les barri\u00e8res : Introduction aux pr\u00e9jug\u00e9s - Continuing Education","robots":{"index":"noindex","follow":"follow","max-snippet":"max-snippet:-1","max-image-preview":"max-image-preview:large","max-video-preview":"max-video-preview:-1"},"og_locale":"en_US","og_type":"article","og_title":"Faire tomber les barri\u00e8res : Introduction aux pr\u00e9jug\u00e9s - Continuing Education","og_description":"Faire tomber les barri\u00e8res. Agir pour l\u2019inclusion. Faire tomber les barri\u00e8res : Introduction aux pr\u00e9jug\u00e9s&nbsp;est un micro-titre de comp\u00e9tences flexible, offert \u00e0 votre rythme, destin\u00e9 aux leaders et aux professionnelles et professionnels pr\u00eats \u00e0 passer \u00e0 l\u2019action en mati\u00e8re d\u2019\u00e9quit\u00e9 et d\u2019inclusion. Analysez les biais aux niveaux individuel et syst\u00e9mique, remettez en question vos perceptions [&hellip;]","og_url":"https:\/\/www.yorku.ca\/glendon\/continuing-education\/faire-tomber-les-barrieres-introduction-aux-prejuges\/?lang=fr","og_site_name":"Continuing Education","article_modified_time":"2026-03-05T20:02:51+00:00","og_image":[{"width":1024,"height":532,"url":"https:\/\/www.yorku.ca\/glendon\/continuing-education\/wp-content\/uploads\/sites\/932\/2026\/02\/New-CE-Website-Photos-2560-x-1330-px-1024x532.png","type":"image\/png"}],"twitter_card":"summary_large_image","twitter_misc":{"Est. reading time":"4 minutes"},"schema":{"@context":"https:\/\/schema.org","@graph":[{"@type":"WebPage","@id":"https:\/\/www.yorku.ca\/glendon\/continuing-education\/faire-tomber-les-barrieres-introduction-aux-prejuges\/?lang=fr","url":"https:\/\/www.yorku.ca\/glendon\/continuing-education\/faire-tomber-les-barrieres-introduction-aux-prejuges\/?lang=fr","name":"Faire tomber les barri\u00e8res : Introduction aux pr\u00e9jug\u00e9s - Continuing Education","isPartOf":{"@id":"https:\/\/www.yorku.ca\/glendon\/continuing-education\/#website"},"primaryImageOfPage":{"@id":"https:\/\/www.yorku.ca\/glendon\/continuing-education\/faire-tomber-les-barrieres-introduction-aux-prejuges\/?lang=fr#primaryimage"},"image":{"@id":"https:\/\/www.yorku.ca\/glendon\/continuing-education\/faire-tomber-les-barrieres-introduction-aux-prejuges\/?lang=fr#primaryimage"},"thumbnailUrl":"https:\/\/www.yorku.ca\/glendon\/continuing-education\/wp-content\/uploads\/sites\/932\/2026\/02\/New-CE-Website-Photos-2560-x-1330-px.png","datePublished":"2026-02-17T20:34:27+00:00","dateModified":"2026-03-05T20:02:51+00:00","breadcrumb":{"@id":"https:\/\/www.yorku.ca\/glendon\/continuing-education\/faire-tomber-les-barrieres-introduction-aux-prejuges\/?lang=fr#breadcrumb"},"inLanguage":"en-US","potentialAction":[{"@type":"ReadAction","target":["https:\/\/www.yorku.ca\/glendon\/continuing-education\/faire-tomber-les-barrieres-introduction-aux-prejuges\/?lang=fr"]}]},{"@type":"ImageObject","inLanguage":"en-US","@id":"https:\/\/www.yorku.ca\/glendon\/continuing-education\/faire-tomber-les-barrieres-introduction-aux-prejuges\/?lang=fr#primaryimage","url":"https:\/\/www.yorku.ca\/glendon\/continuing-education\/wp-content\/uploads\/sites\/932\/2026\/02\/New-CE-Website-Photos-2560-x-1330-px.png","contentUrl":"https:\/\/www.yorku.ca\/glendon\/continuing-education\/wp-content\/uploads\/sites\/932\/2026\/02\/New-CE-Website-Photos-2560-x-1330-px.png","width":2560,"height":1330},{"@type":"BreadcrumbList","@id":"https:\/\/www.yorku.ca\/glendon\/continuing-education\/faire-tomber-les-barrieres-introduction-aux-prejuges\/?lang=fr#breadcrumb","itemListElement":[{"@type":"ListItem","position":1,"name":"Home","item":"\/glendon\/"},{"@type":"ListItem","position":2,"name":"Continuing Education","item":"https:\/\/www.yorku.ca\/glendon\/continuing-education\/"},{"@type":"ListItem","position":3,"name":"Faire tomber les barri\u00e8res : Introduction aux pr\u00e9jug\u00e9s"}]},{"@type":"WebSite","@id":"https:\/\/www.yorku.ca\/glendon\/continuing-education\/#website","url":"https:\/\/www.yorku.ca\/glendon\/continuing-education\/","name":"Continuing Education","description":"Just another York Central CMS Sites site","potentialAction":[{"@type":"SearchAction","target":{"@type":"EntryPoint","urlTemplate":"https:\/\/www.yorku.ca\/glendon\/continuing-education\/?s={search_term_string}"},"query-input":{"@type":"PropertyValueSpecification","valueRequired":true,"valueName":"search_term_string"}}],"inLanguage":"en-US"}]}},"taxonomy_info":[],"featured_image_src_large":["https:\/\/www.yorku.ca\/glendon\/continuing-education\/wp-content\/uploads\/sites\/932\/2026\/02\/New-CE-Website-Photos-2560-x-1330-px-1024x532.png",1024,532,true],"author_info":{"display_name":"ginnyc","author_link":"https:\/\/www.yorku.ca\/glendon\/continuing-education\/author\/ginnyc\/"},"comment_info":0,"_links":{"self":[{"href":"https:\/\/www.yorku.ca\/glendon\/continuing-education\/wp-json\/wp\/v2\/pages\/1641","targetHints":{"allow":["GET"]}}],"collection":[{"href":"https:\/\/www.yorku.ca\/glendon\/continuing-education\/wp-json\/wp\/v2\/pages"}],"about":[{"href":"https:\/\/www.yorku.ca\/glendon\/continuing-education\/wp-json\/wp\/v2\/types\/page"}],"author":[{"embeddable":true,"href":"https:\/\/www.yorku.ca\/glendon\/continuing-education\/wp-json\/wp\/v2\/users\/546"}],"replies":[{"embeddable":true,"href":"https:\/\/www.yorku.ca\/glendon\/continuing-education\/wp-json\/wp\/v2\/comments?post=1641"}],"version-history":[{"count":9,"href":"https:\/\/www.yorku.ca\/glendon\/continuing-education\/wp-json\/wp\/v2\/pages\/1641\/revisions"}],"predecessor-version":[{"id":1687,"href":"https:\/\/www.yorku.ca\/glendon\/continuing-education\/wp-json\/wp\/v2\/pages\/1641\/revisions\/1687"}],"wp:featuredmedia":[{"embeddable":true,"href":"https:\/\/www.yorku.ca\/glendon\/continuing-education\/wp-json\/wp\/v2\/media\/1634"}],"wp:attachment":[{"href":"https:\/\/www.yorku.ca\/glendon\/continuing-education\/wp-json\/wp\/v2\/media?parent=1641"}],"wp:term":[{"taxonomy":"post_tag","embeddable":true,"href":"https:\/\/www.yorku.ca\/glendon\/continuing-education\/wp-json\/wp\/v2\/tags?post=1641"}],"curies":[{"name":"wp","href":"https:\/\/api.w.org\/{rel}","templated":true}]}}