  {"id":1376,"date":"2026-02-10T13:27:23","date_gmt":"2026-02-10T18:27:23","guid":{"rendered":"https:\/\/www.yorku.ca\/glendon\/continuing-education\/?page_id=1376"},"modified":"2026-03-10T15:09:32","modified_gmt":"2026-03-10T19:09:32","slug":"cours-danglais-prives","status":"publish","type":"page","link":"https:\/\/www.yorku.ca\/glendon\/continuing-education\/cours-danglais-prives\/?lang=fr","title":{"rendered":"Cours d\u2019anglais priv\u00e9s"},"content":{"rendered":"\n<div style=\"height:25px\" aria-hidden=\"true\" class=\"wp-block-spacer\"><\/div>\n\n\n\n<div class=\"wp-block-columns faculty-textbox is-layout-flex wp-container-core-columns-is-layout-28f84493 wp-block-columns-is-layout-flex\">\n<div class=\"wp-block-column border-lg border-gl px-3 py-4 is-layout-flow wp-block-column-is-layout-flow\" style=\"flex-basis:66.66%\">\n<h2 class=\"wp-block-heading\">Faites progresser vos comp\u00e9tences en anglais gr\u00e2ce \u00e0 un accompagnement personnalis\u00e9.<\/h2>\n\n\n\n<p>Nos cours d\u2019anglais priv\u00e9s offrent une exp\u00e9rience d\u2019apprentissage pratique, flexible et enti\u00e8rement individualis\u00e9e. Que vous d\u00e9butiez ou visiez un niveau avanc\u00e9, l\u2019enseignement individuel vous permet d\u2019apprendre \u00e0 votre rythme, avec un contenu con\u00e7u selon vos objectifs personnels.<\/p>\n\n\n\n<p><a href=\"https:\/\/continue.glendon.yorku.ca\/produit\/lecons-privees-danglais-langue-seconde-als\/?lang=fr\">INSCRIVEZ-VOUS D\u00c8S MAINTENANT.<\/a><\/p>\n<\/div>\n\n\n\n<div class=\"wp-block-column is-layout-flow wp-block-column-is-layout-flow\">\n<h2 class=\"wp-block-heading\">Points forts<\/h2>\n\n\n\n<ul class=\"wp-block-list\">\n<li>Cours individuels<\/li>\n\n\n\n<li>Tous les niveaux du CECR (A0 \u00e0 C2)<\/li>\n\n\n\n<li>Programme personnalis\u00e9<\/li>\n\n\n\n<li>Format en ligne et flexible<\/li>\n\n\n\n<li>Enseignants bilingues exp\u00e9riment\u00e9s<\/li>\n\n\n\n<li>Horaire \u00e9tabli selon vos disponibilit\u00e9s<\/li>\n<\/ul>\n<\/div>\n<\/div>\n\n\n\n<div style=\"height:25px\" aria-hidden=\"true\" class=\"wp-block-spacer\"><\/div>\n\n\n\n<div class=\"wp-block-columns is-layout-flex wp-container-core-columns-is-layout-28f84493 wp-block-columns-is-layout-flex\">\n<div class=\"wp-block-column is-layout-flow wp-block-column-is-layout-flow\" style=\"flex-basis:66.66%\">\n<h2 class=\"wp-block-heading\">Votre parcours le plus direct vers une progression assur\u00e9e<\/h2>\n\n\n\n<p>Gr\u00e2ce \u00e0 un accompagnement individuel, votre enseignant adapte chaque s\u00e9ance \u00e0 vos besoins, \u00e0 votre style d\u2019apprentissage et \u00e0 vos objectifs. Que vous souhaitiez am\u00e9liorer vos comp\u00e9tences en conversation, vous pr\u00e9parer \u00e0 un poste bilingue, perfectionner votre grammaire ou d\u00e9velopper votre anglais acad\u00e9mique ou professionnel, l\u2019enseignement est enti\u00e8rement personnalis\u00e9.<\/p>\n\n\n\n<p>\u00c0 Glendon, l\u2019apprentissage des langues repose sur des applications concr\u00e8tes et un soutien personnalis\u00e9. Les cours priv\u00e9s offrent un espace o\u00f9 vous pouvez progresser en toute confiance, guid\u00e9 par un enseignant pleinement engag\u00e9 dans votre r\u00e9ussite.<\/p>\n<\/div>\n\n\n\n<div class=\"wp-block-column is-layout-flow wp-block-column-is-layout-flow\" style=\"flex-basis:33.33%\">\n<figure class=\"wp-block-image size-full\"><img loading=\"lazy\" decoding=\"async\" width=\"538\" height=\"303\" src=\"https:\/\/www.yorku.ca\/glendon\/continuing-education\/wp-content\/uploads\/sites\/932\/2026\/01\/New-CE-Website-Photos-538-x-303-px-11.png\" alt=\"\" class=\"wp-image-1146\" srcset=\"https:\/\/www.yorku.ca\/glendon\/continuing-education\/wp-content\/uploads\/sites\/932\/2026\/01\/New-CE-Website-Photos-538-x-303-px-11.png 538w, https:\/\/www.yorku.ca\/glendon\/continuing-education\/wp-content\/uploads\/sites\/932\/2026\/01\/New-CE-Website-Photos-538-x-303-px-11-400x225.png 400w\" sizes=\"auto, (max-width: 538px) 100vw, 538px\" \/><\/figure>\n<\/div>\n<\/div>\n\n\n\n<div class=\"wp-block-columns is-layout-flex wp-container-core-columns-is-layout-28f84493 wp-block-columns-is-layout-flex\">\n<div class=\"wp-block-column is-layout-flow wp-block-column-is-layout-flow\" style=\"flex-basis:33.3%\">\n<figure class=\"wp-block-image size-full\"><img loading=\"lazy\" decoding=\"async\" width=\"538\" height=\"303\" src=\"https:\/\/www.yorku.ca\/glendon\/continuing-education\/wp-content\/uploads\/sites\/932\/2026\/01\/New-CE-Website-Photos-538-x-303-px-13.png\" alt=\"\" class=\"wp-image-1152\" srcset=\"https:\/\/www.yorku.ca\/glendon\/continuing-education\/wp-content\/uploads\/sites\/932\/2026\/01\/New-CE-Website-Photos-538-x-303-px-13.png 538w, https:\/\/www.yorku.ca\/glendon\/continuing-education\/wp-content\/uploads\/sites\/932\/2026\/01\/New-CE-Website-Photos-538-x-303-px-13-400x225.png 400w\" sizes=\"auto, (max-width: 538px) 100vw, 538px\" \/><\/figure>\n<\/div>\n\n\n\n<div class=\"wp-block-column is-layout-flow wp-block-column-is-layout-flow\" style=\"flex-basis:66.6%\">\n<h2 class=\"wp-block-heading\">\u00c0 qui s\u2019adressent les cours priv\u00e9s ?<\/h2>\n\n\n\n<ul class=\"wp-block-list\">\n<li>Professionnels&nbsp;ayant besoin de comp\u00e9tences cibl\u00e9es en anglais pour des postes bilingues ou la communication en milieu de travail<\/li>\n\n\n\n<li>Apprenants&nbsp;\u00e0 la recherche d\u2019un accompagnement personnalis\u00e9 et d\u2019un horaire flexible<\/li>\n\n\n\n<li>Futurs \u00e9tudiants&nbsp;se pr\u00e9parant \u00e0 des programmes acad\u00e9miques n\u00e9cessitant une meilleure ma\u00eetrise de l\u2019anglais<\/li>\n\n\n\n<li>Apprenants&nbsp;souhaitant progresser plus rapidement ou atteindre des objectifs pr\u00e9cis<\/li>\n<\/ul>\n<\/div>\n<\/div>\n\n\n\n<div style=\"height:25px\" aria-hidden=\"true\" class=\"wp-block-spacer\"><\/div>\n\n\n\n<h2 class=\"wp-block-heading\">Pr\u00eat \u00e0 commencer ?<\/h2>\n\n\n\n<hr class=\"wp-block-separator has-alpha-channel-opacity\"\/>\n\n\n\n<div class=\"wp-block-group grey-bg-block px-5 m-0 has-very-light-gray-background-color has-background is-layout-flow wp-block-group-is-layout-flow\">\n<div class=\"wp-block-columns is-layout-flex wp-container-core-columns-is-layout-28f84493 wp-block-columns-is-layout-flex\">\n<div class=\"wp-block-column is-layout-flow wp-block-column-is-layout-flow\">\n<p><strong>DATE ET HEURE<\/strong> <br>Flexible<\/p>\n<\/div>\n\n\n\n<div class=\"wp-block-column is-layout-flow wp-block-column-is-layout-flow\">\n<p><strong>FORMAT<\/strong><br>En ligne<\/p>\n<\/div>\n\n\n\n<div class=\"wp-block-column is-layout-flow wp-block-column-is-layout-flow\">\n<p><strong>DUR\u00c9E<\/strong><br>10 heures<\/p>\n<\/div>\n\n\n\n<div class=\"wp-block-column is-layout-flow wp-block-column-is-layout-flow\">\n<p><strong>FRAIS<\/strong><br>700 $ CAD<\/p>\n\n\n\n<div class=\"wp-block-buttons is-content-justification-left is-layout-flex wp-container-core-buttons-is-layout-fc4fd283 wp-block-buttons-is-layout-flex\">\n<div class=\"wp-block-button is-style-blue is-style-blue--1\"><a class=\"wp-block-button__link wp-element-button\" href=\"https:\/\/continue.glendon.yorku.ca\/produit\/lecons-privees-danglais-langue-seconde-als\/?lang=fr\">S'inscrire<\/a><\/div>\n<\/div>\n<\/div>\n<\/div>\n<\/div>\n\n\n\n<div style=\"height:25px\" aria-hidden=\"true\" class=\"wp-block-spacer\"><\/div>\n\n\n\n<div class=\"wp-block-columns pl-md-0 pb-0 ee-cropped has-background is-layout-flex wp-container-core-columns-is-layout-28f84493 wp-block-columns-is-layout-flex\" style=\"background-color:#e1dfdc\">\n<div class=\"wp-block-column is-vertically-aligned-bottom is-layout-flow wp-block-column-is-layout-flow\" style=\"flex-basis:33.33%\">\n<figure class=\"wp-block-image size-full\"><img decoding=\"async\" src=\"https:\/\/www.yorku.ca\/glendon\/continuing-education\/wp-content\/plugins\/yu-blockpatterns\/images\/ThreeArrowsUp_600px.png\" alt=\"\" class=\"wp-image-90000012966\"\/><\/figure>\n<\/div>\n\n\n\n<div class=\"wp-block-column is-vertically-aligned-center is-layout-flow wp-block-column-is-layout-flow\" style=\"flex-basis:66.66%\">\n<div class=\"wp-block-columns px-3 is-layout-flex wp-container-core-columns-is-layout-28f84493 wp-block-columns-is-layout-flex\">\n<div class=\"wp-block-column is-layout-flow wp-block-column-is-layout-flow\">\n<hr class=\"wp-block-separator has-alpha-channel-opacity\"\/>\n\n\n\n<h2 class=\"wp-block-heading text-primary text-uppercase h4 has-text-color has-link-color wp-elements-839dceaff10b01538d7a0e756bef5892\" style=\"color:#e31837\">Niveaux et classement<\/h2>\n\n\n\n<p>Nous offrons tous les niveaux du&nbsp;CECR&nbsp;:<br>A0, A1, A2, B1, B2, C1 et C2.<\/p>\n\n\n\n<p>Pour consulter les descriptions compl\u00e8tes des niveaux, visitez notre page sur les <a href=\"https:\/\/www.yorku.ca\/glendon\/continuing-education\/cadre-europeen-commun-de-reference-pour-les-langues\/?lang=fr\">niveaux du CECR<\/a>.<\/p>\n<\/div>\n\n\n\n<div class=\"wp-block-column is-layout-flow wp-block-column-is-layout-flow\">\n<hr class=\"wp-block-separator has-alpha-channel-opacity\"\/>\n\n\n\n<h2 class=\"wp-block-heading text-primary text-uppercase h4 has-text-color has-link-color wp-elements-740b037869d085a2cea5087b90959140\" style=\"color:#e31837\">Rabais<\/h2>\n\n\n\n<p>Le personnel, les \u00e9tudiants et les dipl\u00f4m\u00e9s de York b\u00e9n\u00e9ficient d\u2019un&nbsp;rabais de 10 %.<br>Pour obtenir le code de r\u00e9duction, envoyez votre&nbsp;num\u00e9ro d\u2019identification York&nbsp;\u00e0<br><a href=\"mailto:continue@glendon.yorku.ca\">continue@glendon.yorku.ca<\/a>.<\/p>\n<\/div>\n<\/div>\n<\/div>\n<\/div>\n\n\n\n<div style=\"height:25px\" aria-hidden=\"true\" class=\"wp-block-spacer\"><\/div>\n\n\n\n<h2 class=\"wp-block-heading\">Notes importantes<\/h2>\n\n\n\n<hr class=\"wp-block-separator has-alpha-channel-opacity\"\/>\n\n\n<style>.kt-accordion-id1376_ede654-d3 .kt-accordion-inner-wrap{column-gap:var(--global-kb-gap-md, 2rem);row-gap:8px;}.kt-accordion-id1376_ede654-d3 .kt-accordion-panel-inner{padding-top:var(--global-kb-spacing-sm, 1.5rem);padding-right:var(--global-kb-spacing-sm, 1.5rem);padding-bottom:var(--global-kb-spacing-sm, 1.5rem);padding-left:var(--global-kb-spacing-sm, 1.5rem);}.kt-accordion-id1376_ede654-d3 > .kt-accordion-inner-wrap > .wp-block-kadence-pane > .kt-accordion-header-wrap > .kt-blocks-accordion-header{padding-top:var(--global-kb-spacing-xxs, 0.5rem);padding-right:var(--global-kb-spacing-xs, 1rem);padding-bottom:var(--global-kb-spacing-xxs, 0.5rem);padding-left:var(--global-kb-spacing-xs, 1rem);}@media all and (max-width: 767px){.kt-accordion-id1376_ede654-d3 .kt-accordion-inner-wrap{display:block;}.kt-accordion-id1376_ede654-d3 .kt-accordion-inner-wrap .kt-accordion-pane:not(:first-child){margin-top:8px;}}<\/style>\n<div class=\"wp-block-kadence-accordion alignnone\"><div class=\"kt-accordion-wrap kt-accordion-id1376_ede654-d3 kt-accordion-has-6-panes kt-active-pane-0 kt-accordion-block kt-pane-header-alignment-left kt-accodion-icon-style-arrow kt-accodion-icon-side-right\" style=\"max-width:none\"><div class=\"kt-accordion-inner-wrap\" data-allow-multiple-open=\"false\" data-start-open=\"none\">\n<div class=\"wp-block-kadence-pane kt-accordion-pane kt-accordion-pane-3 kt-pane1376_ad129f-03\"><div class=\"kt-accordion-header-wrap\"><button class=\"kt-blocks-accordion-header kt-acccordion-button-label-show\" type=\"button\"><span class=\"kt-blocks-accordion-title-wrap\"><span class=\"kt-blocks-accordion-title\">Information sur les cours non cr\u00e9dit\u00e9s<\/span><\/span><span class=\"kt-blocks-accordion-icon-trigger\"><\/span><\/button><\/div><div class=\"kt-accordion-panel kt-accordion-panel-hidden\"><div class=\"kt-accordion-panel-inner\">\n<p>Veuillez noter que nos cours de langue sont&nbsp;non cr\u00e9dit\u00e9s, ce qui signifie qu\u2019ils ne comptent pas pour l\u2019obtention de cr\u00e9dits dans le cadre d\u2019un programme menant \u00e0 un dipl\u00f4me. Ces cours sont con\u00e7us pour le d\u00e9veloppement des comp\u00e9tences, que ce soit pour un int\u00e9r\u00eat personnel ou un perfectionnement professionnel.<\/p>\n<\/div><\/div><\/div>\n\n\n\n<div class=\"wp-block-kadence-pane kt-accordion-pane kt-accordion-pane-5 kt-pane1376_2838d3-00\"><div class=\"kt-accordion-header-wrap\"><button class=\"kt-blocks-accordion-header kt-acccordion-button-label-show\" type=\"button\"><span class=\"kt-blocks-accordion-title-wrap\"><span class=\"kt-blocks-accordion-title\">Test de classement et \u00e9valuation du niveau<\/span><\/span><span class=\"kt-blocks-accordion-icon-trigger\"><\/span><\/button><\/div><div class=\"kt-accordion-panel kt-accordion-panel-hidden\"><div class=\"kt-accordion-panel-inner\">\n<p>Avant le d\u00e9but des cours, votre niveau de comp\u00e9tence linguistique est \u00e9valu\u00e9 \u00e0 l\u2019aide d\u2019un&nbsp;test de classement en ligne. Une fois votre inscription et votre paiement compl\u00e9t\u00e9s, vous recevrez les instructions pour acc\u00e9der au test.<\/p>\n\n\n\n<p>Afin d\u2019assurer une \u00e9valuation pr\u00e9cise et compl\u00e8te de vos comp\u00e9tences linguistiques et de vous placer au niveau le plus appropri\u00e9,&nbsp;toutes les sections du test de classement doivent \u00eatre compl\u00e9t\u00e9es.<\/p>\n<\/div><\/div><\/div>\n\n\n\n<div class=\"wp-block-kadence-pane kt-accordion-pane kt-accordion-pane-6 kt-pane1376_98618f-d8\"><div class=\"kt-accordion-header-wrap\"><button class=\"kt-blocks-accordion-header kt-acccordion-button-label-show\" type=\"button\"><span class=\"kt-blocks-accordion-title-wrap\"><span class=\"kt-blocks-accordion-title\">Modifications, annulations et remboursements<\/span><\/span><span class=\"kt-blocks-accordion-icon-trigger\"><\/span><\/button><\/div><div class=\"kt-accordion-panel kt-accordion-panel-hidden\"><div class=\"kt-accordion-panel-inner\">\n<p>Glendon Formation continue se r\u00e9serve le droit de&nbsp;modifier ou d\u2019annuler des cours&nbsp;en cas de circonstances att\u00e9nuantes. Si un cours ne peut \u00eatre offert ou si vous n\u2019\u00eates plus en mesure d\u2019y participer en raison de changements apport\u00e9s \u00e0 l\u2019offre, un&nbsp;remboursement complet&nbsp;sera effectu\u00e9.<\/p>\n\n\n\n<p>Les participants qui choisissent de se retirer&nbsp;apr\u00e8s le d\u00e9but du cours&nbsp;peuvent \u00eatre admissibles \u00e0 un&nbsp;remboursement partiel, \u00e0 la discr\u00e9tion de Glendon Formation continue.<\/p>\n<\/div><\/div><\/div>\n<\/div><\/div><\/div>\n\n\n\n<div style=\"height:50px\" aria-hidden=\"true\" class=\"wp-block-spacer\"><\/div>\n","protected":false},"excerpt":{"rendered":"<p>Faites progresser vos comp\u00e9tences en anglais gr\u00e2ce \u00e0 un accompagnement personnalis\u00e9. Nos cours d\u2019anglais priv\u00e9s offrent une exp\u00e9rience d\u2019apprentissage pratique, flexible et enti\u00e8rement individualis\u00e9e. Que vous d\u00e9butiez ou visiez un niveau avanc\u00e9, l\u2019enseignement individuel vous permet d\u2019apprendre \u00e0 votre rythme, avec un contenu con\u00e7u selon vos objectifs personnels. INSCRIVEZ-VOUS D\u00c8S MAINTENANT. Points forts Votre parcours [&hellip;]<\/p>\n","protected":false},"author":546,"featured_media":1139,"parent":0,"menu_order":0,"comment_status":"closed","ping_status":"closed","template":"secondary-page.php","meta":{"_kad_blocks_custom_css":"","_kad_blocks_head_custom_js":"","_kad_blocks_body_custom_js":"","_kad_blocks_footer_custom_js":"","footnotes":""},"tags":[],"class_list":["post-1376","page","type-page","status-publish","has-post-thumbnail","hentry"],"yoast_head":"<!-- This site is optimized with the Yoast SEO plugin v27.3 - https:\/\/yoast.com\/product\/yoast-seo-wordpress\/ -->\n<title>Cours d\u2019anglais priv\u00e9s - Continuing Education<\/title>\n<meta name=\"robots\" content=\"noindex, follow, max-snippet:-1, max-image-preview:large, max-video-preview:-1\" \/>\n<meta property=\"og:locale\" content=\"en_US\" \/>\n<meta property=\"og:type\" content=\"article\" \/>\n<meta property=\"og:title\" content=\"Cours d\u2019anglais priv\u00e9s - Continuing Education\" \/>\n<meta property=\"og:description\" content=\"Faites progresser vos comp\u00e9tences en anglais gr\u00e2ce \u00e0 un accompagnement personnalis\u00e9. Nos cours d\u2019anglais priv\u00e9s offrent une exp\u00e9rience d\u2019apprentissage pratique, flexible et enti\u00e8rement individualis\u00e9e. Que vous d\u00e9butiez ou visiez un niveau avanc\u00e9, l\u2019enseignement individuel vous permet d\u2019apprendre \u00e0 votre rythme, avec un contenu con\u00e7u selon vos objectifs personnels. INSCRIVEZ-VOUS D\u00c8S MAINTENANT. Points forts Votre parcours [&hellip;]\" \/>\n<meta property=\"og:url\" content=\"https:\/\/www.yorku.ca\/glendon\/continuing-education\/cours-danglais-prives\/?lang=fr\" \/>\n<meta property=\"og:site_name\" content=\"Continuing Education\" \/>\n<meta property=\"article:modified_time\" content=\"2026-03-10T19:09:32+00:00\" \/>\n<meta property=\"og:image\" content=\"https:\/\/www.yorku.ca\/glendon\/continuing-education\/wp-content\/uploads\/sites\/932\/2026\/01\/New-CE-Website-Photos-2560-x-1330-px-1-1024x532.png\" \/>\n\t<meta property=\"og:image:width\" content=\"1024\" \/>\n\t<meta property=\"og:image:height\" content=\"532\" \/>\n\t<meta property=\"og:image:type\" content=\"image\/png\" \/>\n<meta name=\"twitter:card\" content=\"summary_large_image\" \/>\n<meta name=\"twitter:label1\" content=\"Est. reading time\" \/>\n\t<meta name=\"twitter:data1\" content=\"4 minutes\" \/>\n<script type=\"application\/ld+json\" class=\"yoast-schema-graph\">{\"@context\":\"https:\\\/\\\/schema.org\",\"@graph\":[{\"@type\":\"WebPage\",\"@id\":\"https:\\\/\\\/www.yorku.ca\\\/glendon\\\/continuing-education\\\/cours-danglais-prives\\\/?lang=fr\",\"url\":\"https:\\\/\\\/www.yorku.ca\\\/glendon\\\/continuing-education\\\/cours-danglais-prives\\\/?lang=fr\",\"name\":\"Cours d\u2019anglais priv\u00e9s - Continuing Education\",\"isPartOf\":{\"@id\":\"https:\\\/\\\/www.yorku.ca\\\/glendon\\\/continuing-education\\\/#website\"},\"primaryImageOfPage\":{\"@id\":\"https:\\\/\\\/www.yorku.ca\\\/glendon\\\/continuing-education\\\/cours-danglais-prives\\\/?lang=fr#primaryimage\"},\"image\":{\"@id\":\"https:\\\/\\\/www.yorku.ca\\\/glendon\\\/continuing-education\\\/cours-danglais-prives\\\/?lang=fr#primaryimage\"},\"thumbnailUrl\":\"https:\\\/\\\/www.yorku.ca\\\/glendon\\\/continuing-education\\\/wp-content\\\/uploads\\\/sites\\\/932\\\/2026\\\/01\\\/New-CE-Website-Photos-2560-x-1330-px-1.png\",\"datePublished\":\"2026-02-10T18:27:23+00:00\",\"dateModified\":\"2026-03-10T19:09:32+00:00\",\"breadcrumb\":{\"@id\":\"https:\\\/\\\/www.yorku.ca\\\/glendon\\\/continuing-education\\\/cours-danglais-prives\\\/?lang=fr#breadcrumb\"},\"inLanguage\":\"en-US\",\"potentialAction\":[{\"@type\":\"ReadAction\",\"target\":[\"https:\\\/\\\/www.yorku.ca\\\/glendon\\\/continuing-education\\\/cours-danglais-prives\\\/?lang=fr\"]}]},{\"@type\":\"ImageObject\",\"inLanguage\":\"en-US\",\"@id\":\"https:\\\/\\\/www.yorku.ca\\\/glendon\\\/continuing-education\\\/cours-danglais-prives\\\/?lang=fr#primaryimage\",\"url\":\"https:\\\/\\\/www.yorku.ca\\\/glendon\\\/continuing-education\\\/wp-content\\\/uploads\\\/sites\\\/932\\\/2026\\\/01\\\/New-CE-Website-Photos-2560-x-1330-px-1.png\",\"contentUrl\":\"https:\\\/\\\/www.yorku.ca\\\/glendon\\\/continuing-education\\\/wp-content\\\/uploads\\\/sites\\\/932\\\/2026\\\/01\\\/New-CE-Website-Photos-2560-x-1330-px-1.png\",\"width\":2560,\"height\":1330},{\"@type\":\"BreadcrumbList\",\"@id\":\"https:\\\/\\\/www.yorku.ca\\\/glendon\\\/continuing-education\\\/cours-danglais-prives\\\/?lang=fr#breadcrumb\",\"itemListElement\":[{\"@type\":\"ListItem\",\"position\":1,\"name\":\"Home\",\"item\":\"\\\/glendon\\\/\"},{\"@type\":\"ListItem\",\"position\":2,\"name\":\"Continuing Education\",\"item\":\"https:\\\/\\\/www.yorku.ca\\\/glendon\\\/continuing-education\\\/\"},{\"@type\":\"ListItem\",\"position\":3,\"name\":\"Cours d\u2019anglais priv\u00e9s\"}]},{\"@type\":\"WebSite\",\"@id\":\"https:\\\/\\\/www.yorku.ca\\\/glendon\\\/continuing-education\\\/#website\",\"url\":\"https:\\\/\\\/www.yorku.ca\\\/glendon\\\/continuing-education\\\/\",\"name\":\"Continuing Education\",\"description\":\"Just another York Central CMS Sites site\",\"potentialAction\":[{\"@type\":\"SearchAction\",\"target\":{\"@type\":\"EntryPoint\",\"urlTemplate\":\"https:\\\/\\\/www.yorku.ca\\\/glendon\\\/continuing-education\\\/?s={search_term_string}\"},\"query-input\":{\"@type\":\"PropertyValueSpecification\",\"valueRequired\":true,\"valueName\":\"search_term_string\"}}],\"inLanguage\":\"en-US\"}]}<\/script>\n<!-- \/ Yoast SEO plugin. -->","yoast_head_json":{"title":"Cours d\u2019anglais priv\u00e9s - Continuing Education","robots":{"index":"noindex","follow":"follow","max-snippet":"max-snippet:-1","max-image-preview":"max-image-preview:large","max-video-preview":"max-video-preview:-1"},"og_locale":"en_US","og_type":"article","og_title":"Cours d\u2019anglais priv\u00e9s - Continuing Education","og_description":"Faites progresser vos comp\u00e9tences en anglais gr\u00e2ce \u00e0 un accompagnement personnalis\u00e9. Nos cours d\u2019anglais priv\u00e9s offrent une exp\u00e9rience d\u2019apprentissage pratique, flexible et enti\u00e8rement individualis\u00e9e. Que vous d\u00e9butiez ou visiez un niveau avanc\u00e9, l\u2019enseignement individuel vous permet d\u2019apprendre \u00e0 votre rythme, avec un contenu con\u00e7u selon vos objectifs personnels. INSCRIVEZ-VOUS D\u00c8S MAINTENANT. Points forts Votre parcours [&hellip;]","og_url":"https:\/\/www.yorku.ca\/glendon\/continuing-education\/cours-danglais-prives\/?lang=fr","og_site_name":"Continuing Education","article_modified_time":"2026-03-10T19:09:32+00:00","og_image":[{"width":1024,"height":532,"url":"https:\/\/www.yorku.ca\/glendon\/continuing-education\/wp-content\/uploads\/sites\/932\/2026\/01\/New-CE-Website-Photos-2560-x-1330-px-1-1024x532.png","type":"image\/png"}],"twitter_card":"summary_large_image","twitter_misc":{"Est. reading time":"4 minutes"},"schema":{"@context":"https:\/\/schema.org","@graph":[{"@type":"WebPage","@id":"https:\/\/www.yorku.ca\/glendon\/continuing-education\/cours-danglais-prives\/?lang=fr","url":"https:\/\/www.yorku.ca\/glendon\/continuing-education\/cours-danglais-prives\/?lang=fr","name":"Cours d\u2019anglais priv\u00e9s - Continuing Education","isPartOf":{"@id":"https:\/\/www.yorku.ca\/glendon\/continuing-education\/#website"},"primaryImageOfPage":{"@id":"https:\/\/www.yorku.ca\/glendon\/continuing-education\/cours-danglais-prives\/?lang=fr#primaryimage"},"image":{"@id":"https:\/\/www.yorku.ca\/glendon\/continuing-education\/cours-danglais-prives\/?lang=fr#primaryimage"},"thumbnailUrl":"https:\/\/www.yorku.ca\/glendon\/continuing-education\/wp-content\/uploads\/sites\/932\/2026\/01\/New-CE-Website-Photos-2560-x-1330-px-1.png","datePublished":"2026-02-10T18:27:23+00:00","dateModified":"2026-03-10T19:09:32+00:00","breadcrumb":{"@id":"https:\/\/www.yorku.ca\/glendon\/continuing-education\/cours-danglais-prives\/?lang=fr#breadcrumb"},"inLanguage":"en-US","potentialAction":[{"@type":"ReadAction","target":["https:\/\/www.yorku.ca\/glendon\/continuing-education\/cours-danglais-prives\/?lang=fr"]}]},{"@type":"ImageObject","inLanguage":"en-US","@id":"https:\/\/www.yorku.ca\/glendon\/continuing-education\/cours-danglais-prives\/?lang=fr#primaryimage","url":"https:\/\/www.yorku.ca\/glendon\/continuing-education\/wp-content\/uploads\/sites\/932\/2026\/01\/New-CE-Website-Photos-2560-x-1330-px-1.png","contentUrl":"https:\/\/www.yorku.ca\/glendon\/continuing-education\/wp-content\/uploads\/sites\/932\/2026\/01\/New-CE-Website-Photos-2560-x-1330-px-1.png","width":2560,"height":1330},{"@type":"BreadcrumbList","@id":"https:\/\/www.yorku.ca\/glendon\/continuing-education\/cours-danglais-prives\/?lang=fr#breadcrumb","itemListElement":[{"@type":"ListItem","position":1,"name":"Home","item":"\/glendon\/"},{"@type":"ListItem","position":2,"name":"Continuing Education","item":"https:\/\/www.yorku.ca\/glendon\/continuing-education\/"},{"@type":"ListItem","position":3,"name":"Cours d\u2019anglais priv\u00e9s"}]},{"@type":"WebSite","@id":"https:\/\/www.yorku.ca\/glendon\/continuing-education\/#website","url":"https:\/\/www.yorku.ca\/glendon\/continuing-education\/","name":"Continuing Education","description":"Just another York Central CMS Sites site","potentialAction":[{"@type":"SearchAction","target":{"@type":"EntryPoint","urlTemplate":"https:\/\/www.yorku.ca\/glendon\/continuing-education\/?s={search_term_string}"},"query-input":{"@type":"PropertyValueSpecification","valueRequired":true,"valueName":"search_term_string"}}],"inLanguage":"en-US"}]}},"taxonomy_info":[],"featured_image_src_large":["https:\/\/www.yorku.ca\/glendon\/continuing-education\/wp-content\/uploads\/sites\/932\/2026\/01\/New-CE-Website-Photos-2560-x-1330-px-1-1024x532.png",1024,532,true],"author_info":{"display_name":"ginnyc","author_link":"https:\/\/www.yorku.ca\/glendon\/continuing-education\/author\/ginnyc\/"},"comment_info":0,"_links":{"self":[{"href":"https:\/\/www.yorku.ca\/glendon\/continuing-education\/wp-json\/wp\/v2\/pages\/1376","targetHints":{"allow":["GET"]}}],"collection":[{"href":"https:\/\/www.yorku.ca\/glendon\/continuing-education\/wp-json\/wp\/v2\/pages"}],"about":[{"href":"https:\/\/www.yorku.ca\/glendon\/continuing-education\/wp-json\/wp\/v2\/types\/page"}],"author":[{"embeddable":true,"href":"https:\/\/www.yorku.ca\/glendon\/continuing-education\/wp-json\/wp\/v2\/users\/546"}],"replies":[{"embeddable":true,"href":"https:\/\/www.yorku.ca\/glendon\/continuing-education\/wp-json\/wp\/v2\/comments?post=1376"}],"version-history":[{"count":13,"href":"https:\/\/www.yorku.ca\/glendon\/continuing-education\/wp-json\/wp\/v2\/pages\/1376\/revisions"}],"predecessor-version":[{"id":1736,"href":"https:\/\/www.yorku.ca\/glendon\/continuing-education\/wp-json\/wp\/v2\/pages\/1376\/revisions\/1736"}],"wp:featuredmedia":[{"embeddable":true,"href":"https:\/\/www.yorku.ca\/glendon\/continuing-education\/wp-json\/wp\/v2\/media\/1139"}],"wp:attachment":[{"href":"https:\/\/www.yorku.ca\/glendon\/continuing-education\/wp-json\/wp\/v2\/media?parent=1376"}],"wp:term":[{"taxonomy":"post_tag","embeddable":true,"href":"https:\/\/www.yorku.ca\/glendon\/continuing-education\/wp-json\/wp\/v2\/tags?post=1376"}],"curies":[{"name":"wp","href":"https:\/\/api.w.org\/{rel}","templated":true}]}}