  {"id":1343,"date":"2026-02-09T12:35:21","date_gmt":"2026-02-09T17:35:21","guid":{"rendered":"https:\/\/www.yorku.ca\/glendon\/continuing-education\/?page_id=1343"},"modified":"2026-03-10T15:22:32","modified_gmt":"2026-03-10T19:22:32","slug":"cours-de-langues","status":"publish","type":"page","link":"https:\/\/www.yorku.ca\/glendon\/continuing-education\/cours-de-langues\/?lang=fr","title":{"rendered":"Cours de langues"},"content":{"rendered":"\n<p>Apprenez l\u2019anglais&nbsp;ou le&nbsp;fran\u00e7ais gr\u00e2ce \u00e0 des options flexibles adapt\u00e9es \u00e0 vos objectifs, \u00e0 votre horaire et \u00e0 votre style d\u2019apprentissage. Que vous pr\u00e9f\u00e9riez la structure des cours en groupe ou l\u2019accompagnement personnalis\u00e9 des cours priv\u00e9s, nos formations linguistiques soutiennent les apprenants \u00e0 chaque \u00e9tape de leur parcours.<\/p>\n\n\n\n<div style=\"height:25px\" aria-hidden=\"true\" class=\"wp-block-spacer\"><\/div>\n\n\n\n<h2 class=\"wp-block-heading\">Formation en anglais<\/h2>\n\n\n\n<hr class=\"wp-block-separator has-alpha-channel-opacity\"\/>\n\n\n\n<p>Am\u00e9liorez vos comp\u00e9tences en anglais gr\u00e2ce \u00e0 un enseignement pratique ax\u00e9 sur des situations r\u00e9elles.<\/p>\n\n\n\n<div class=\"wp-block-columns card-deck aspect-ratio fade-bottom is-layout-flex wp-container-core-columns-is-layout-1 wp-block-columns-is-layout-flex\">\n<div class=\"wp-block-column card rounded-0 bg-white is-layout-flow wp-block-column-is-layout-flow\">\n<figure class=\"wp-block-image size-full is-resized\"><img loading=\"lazy\" decoding=\"async\" width=\"538\" height=\"303\" src=\"https:\/\/www.yorku.ca\/glendon\/continuing-education\/wp-content\/uploads\/sites\/932\/2026\/02\/2.png\" alt=\"\" class=\"wp-image-1326\" style=\"width:477px;height:auto\" srcset=\"https:\/\/www.yorku.ca\/glendon\/continuing-education\/wp-content\/uploads\/sites\/932\/2026\/02\/2.png 538w, https:\/\/www.yorku.ca\/glendon\/continuing-education\/wp-content\/uploads\/sites\/932\/2026\/02\/2-400x225.png 400w\" sizes=\"auto, (max-width: 538px) 100vw, 538px\" \/><\/figure>\n\n\n\n<div class=\"wp-block-group card-body is-layout-flow wp-block-group-is-layout-flow\">\n<h2 class=\"wp-block-heading card-title h5\">Cours en groupe<\/h2>\n\n\n\n<p class=\"card-text\">D\u00e9veloppez vos comp\u00e9tences par la pratique guid\u00e9e et l\u2019apprentissage en groupe avec des apprenants de votre niveau. Les cours visent \u00e0 renforcer la confiance en expression orale, en compr\u00e9hension orale, en lecture et en \u00e9criture.<\/p>\n\n\n\n<p class=\"card-text\" style=\"text-transform:uppercase\"><a href=\"https:\/\/www.yorku.ca\/glendon\/continuing-education\/cours-danglais-en-groupe\/?lang=fr\">D\u00e9couvrir les cours d\u2019anglais en groupe.<\/a><\/p>\n<\/div>\n<\/div>\n\n\n\n<div class=\"wp-block-column card rounded-0 bg-white is-layout-flow wp-block-column-is-layout-flow\">\n<figure class=\"wp-block-image size-full\"><img loading=\"lazy\" decoding=\"async\" width=\"538\" height=\"303\" src=\"https:\/\/www.yorku.ca\/glendon\/continuing-education\/wp-content\/uploads\/sites\/932\/2026\/02\/3.png\" alt=\"\" class=\"wp-image-1328\" srcset=\"https:\/\/www.yorku.ca\/glendon\/continuing-education\/wp-content\/uploads\/sites\/932\/2026\/02\/3.png 538w, https:\/\/www.yorku.ca\/glendon\/continuing-education\/wp-content\/uploads\/sites\/932\/2026\/02\/3-400x225.png 400w\" sizes=\"auto, (max-width: 538px) 100vw, 538px\" \/><\/figure>\n\n\n\n<div class=\"wp-block-group card-body is-layout-flow wp-block-group-is-layout-flow\">\n<h2 class=\"wp-block-heading card-title h5\">Cours priv\u00e9s<\/h2>\n\n\n\n<p>Un enseignement personnalis\u00e9 en anglais, con\u00e7u en fonction de vos objectifs d\u2019apprentissage. Les s\u00e9ances peuvent cibler la communication professionnelle, les comp\u00e9tences acad\u00e9miques ou l\u2019anglais du quotidien.<\/p>\n\n\n\n<p style=\"text-transform:uppercase\"><a href=\"https:\/\/www.yorku.ca\/glendon\/continuing-education\/cours-danglais-prives\/?lang=fr\">D\u00e9couvrir les cours d\u2019anglais priv\u00e9s.<\/a><\/p>\n<\/div>\n<\/div>\n<\/div>\n\n\n\n<div style=\"height:25px\" aria-hidden=\"true\" class=\"wp-block-spacer\"><\/div>\n\n\n\n<h2 class=\"wp-block-heading\">Formation en fran\u00e7ais<\/h2>\n\n\n\n<hr class=\"wp-block-separator has-alpha-channel-opacity\"\/>\n\n\n\n<p>Gagnez en confiance en fran\u00e7ais pour le travail, les \u00e9tudes ou la communication au quotidien. Choisissez le format qui correspond le mieux \u00e0 vos besoins.<\/p>\n\n\n\n<div class=\"wp-block-columns card-deck aspect-ratio fade-bottom is-layout-flex wp-container-core-columns-is-layout-2 wp-block-columns-is-layout-flex\">\n<div class=\"wp-block-column card rounded-0 bg-white is-layout-flow wp-block-column-is-layout-flow\">\n<figure class=\"wp-block-image size-full\"><img loading=\"lazy\" decoding=\"async\" width=\"538\" height=\"303\" src=\"https:\/\/www.yorku.ca\/glendon\/continuing-education\/wp-content\/uploads\/sites\/932\/2026\/02\/5-1.png\" alt=\"\" class=\"wp-image-1330\" srcset=\"https:\/\/www.yorku.ca\/glendon\/continuing-education\/wp-content\/uploads\/sites\/932\/2026\/02\/5-1.png 538w, https:\/\/www.yorku.ca\/glendon\/continuing-education\/wp-content\/uploads\/sites\/932\/2026\/02\/5-1-400x225.png 400w\" sizes=\"auto, (max-width: 538px) 100vw, 538px\" \/><\/figure>\n\n\n\n<div class=\"wp-block-group card-body is-layout-flow wp-block-group-is-layout-flow\">\n<h2 class=\"wp-block-heading card-title h5\">Cours en groupe<\/h2>\n\n\n\n<p class=\"card-text\">Apprenez avec des personnes de niveau similaire dans un environnement structur\u00e9 et favorable \u00e0 l\u2019apprentissage. Les cours mettent l\u2019accent sur la communication, la grammaire et le vocabulaire \u00e0 travers des activit\u00e9s guid\u00e9es et des \u00e9changes en groupe.<\/p>\n\n\n\n<p style=\"text-transform:uppercase\"><a href=\"https:\/\/www.yorku.ca\/glendon\/continuing-education\/cours-de-francais-en-groupe\/?lang=fr\">D\u00e9couvrir les cours de fran\u00e7ais en groupe.<\/a><\/p>\n<\/div>\n<\/div>\n\n\n\n<div class=\"wp-block-column card rounded-0 bg-white is-layout-flow wp-block-column-is-layout-flow\">\n<figure class=\"wp-block-image size-full\"><img loading=\"lazy\" decoding=\"async\" width=\"538\" height=\"303\" src=\"https:\/\/www.yorku.ca\/glendon\/continuing-education\/wp-content\/uploads\/sites\/932\/2026\/02\/1.png\" alt=\"\" class=\"wp-image-1324\" srcset=\"https:\/\/www.yorku.ca\/glendon\/continuing-education\/wp-content\/uploads\/sites\/932\/2026\/02\/1.png 538w, https:\/\/www.yorku.ca\/glendon\/continuing-education\/wp-content\/uploads\/sites\/932\/2026\/02\/1-400x225.png 400w\" sizes=\"auto, (max-width: 538px) 100vw, 538px\" \/><\/figure>\n\n\n\n<div class=\"wp-block-group card-body is-layout-flow wp-block-group-is-layout-flow\">\n<h2 class=\"wp-block-heading card-title h5\">Cours priv\u00e9s<\/h2>\n\n\n\n<p>Un accompagnement individuel adapt\u00e9 \u00e0 vos objectifs, \u00e0 votre rythme et \u00e0 vos disponibilit\u00e9s. L\u2019enseignant \u00e9labore un plan d\u2019apprentissage personnalis\u00e9 selon vos objectifs et votre niveau de comp\u00e9tence.<\/p>\n\n\n\n<p style=\"text-transform:uppercase\"><a href=\"https:\/\/www.yorku.ca\/glendon\/continuing-education\/cours-de-francais-prives\/?lang=fr\">D\u00e9couvrir les cours de fran\u00e7ais priv\u00e9s.<\/a><\/p>\n<\/div>\n<\/div>\n<\/div>\n\n\n\n<div style=\"height:25px\" aria-hidden=\"true\" class=\"wp-block-spacer\"><\/div>\n\n\n\n<h2 class=\"wp-block-heading\">Niveaux et classement<\/h2>\n\n\n\n<hr class=\"wp-block-separator has-alpha-channel-opacity\"\/>\n\n\n\n<p>Notre formation linguistique suit le\u00a0Cadre europ\u00e9en commun de r\u00e9f\u00e9rence pour les langues (CECR), une norme internationale reconnue qui d\u00e9crit les niveaux de comp\u00e9tence linguistique de\u00a0A0 (d\u00e9butant)\u00a0\u00e0\u00a0C2 (avanc\u00e9). Il offre des descriptions claires et coh\u00e9rentes des niveaux, vous permettant de comprendre les comp\u00e9tences d\u00e9velopp\u00e9es et de suivre votre progression avec confiance. <a href=\"https:\/\/www.yorku.ca\/glendon\/continuing-education\/cadre-europeen-commun-de-reference-pour-les-langues\/?lang=fr\">En savoir plus sur les niveaux du CECR<\/a>.<\/p>\n\n\n\n<p>Tous les apprenants doivent compl\u00e9ter un&nbsp;test de classement en ligne&nbsp;apr\u00e8s l\u2019inscription. Ce test \u00e9value la&nbsp;compr\u00e9hension orale, la lecture, l\u2019\u00e9criture et la grammaire&nbsp;afin d\u2019assurer un classement pr\u00e9cis et une exp\u00e9rience d\u2019apprentissage optimale.<\/p>\n\n\n\n<div style=\"height:50px\" aria-hidden=\"true\" class=\"wp-block-spacer\"><\/div>\n","protected":false},"excerpt":{"rendered":"<p>Apprenez l\u2019anglais&nbsp;ou le&nbsp;fran\u00e7ais gr\u00e2ce \u00e0 des options flexibles adapt\u00e9es \u00e0 vos objectifs, \u00e0 votre horaire et \u00e0 votre style d\u2019apprentissage. Que vous pr\u00e9f\u00e9riez la structure des cours en groupe ou l\u2019accompagnement personnalis\u00e9 des cours priv\u00e9s, nos formations linguistiques soutiennent les apprenants \u00e0 chaque \u00e9tape de leur parcours. Formation en anglais Am\u00e9liorez vos comp\u00e9tences en anglais [&hellip;]<\/p>\n","protected":false},"author":546,"featured_media":0,"parent":0,"menu_order":0,"comment_status":"closed","ping_status":"closed","template":"","meta":{"_kad_blocks_custom_css":"","_kad_blocks_head_custom_js":"","_kad_blocks_body_custom_js":"","_kad_blocks_footer_custom_js":"","footnotes":""},"tags":[],"class_list":["post-1343","page","type-page","status-publish","hentry"],"yoast_head":"<!-- This site is optimized with the Yoast SEO plugin v24.0 - https:\/\/yoast.com\/wordpress\/plugins\/seo\/ -->\n<title>Cours de langues - Continuing Education<\/title>\n<meta name=\"robots\" content=\"noindex, follow, max-snippet:-1, max-image-preview:large, max-video-preview:-1\" \/>\n<meta property=\"og:locale\" content=\"en_US\" \/>\n<meta property=\"og:type\" content=\"article\" \/>\n<meta property=\"og:title\" content=\"Cours de langues - Continuing Education\" \/>\n<meta property=\"og:description\" content=\"Apprenez l\u2019anglais&nbsp;ou le&nbsp;fran\u00e7ais gr\u00e2ce \u00e0 des options flexibles adapt\u00e9es \u00e0 vos objectifs, \u00e0 votre horaire et \u00e0 votre style d\u2019apprentissage. Que vous pr\u00e9f\u00e9riez la structure des cours en groupe ou l\u2019accompagnement personnalis\u00e9 des cours priv\u00e9s, nos formations linguistiques soutiennent les apprenants \u00e0 chaque \u00e9tape de leur parcours. Formation en anglais Am\u00e9liorez vos comp\u00e9tences en anglais [&hellip;]\" \/>\n<meta property=\"og:url\" content=\"https:\/\/www.yorku.ca\/glendon\/continuing-education\/cours-de-langues\/?lang=fr\" \/>\n<meta property=\"og:site_name\" content=\"Continuing Education\" \/>\n<meta property=\"article:modified_time\" content=\"2026-03-10T19:22:32+00:00\" \/>\n<meta property=\"og:image\" content=\"https:\/\/www.yorku.ca\/glendon\/continuing-education\/wp-content\/uploads\/sites\/932\/2026\/02\/2.png\" \/>\n\t<meta property=\"og:image:width\" content=\"538\" \/>\n\t<meta property=\"og:image:height\" content=\"303\" \/>\n\t<meta property=\"og:image:type\" content=\"image\/png\" \/>\n<meta name=\"twitter:card\" content=\"summary_large_image\" \/>\n<meta name=\"twitter:label1\" content=\"Est. reading time\" \/>\n\t<meta name=\"twitter:data1\" content=\"3 minutes\" \/>\n<script type=\"application\/ld+json\" class=\"yoast-schema-graph\">{\"@context\":\"https:\/\/schema.org\",\"@graph\":[{\"@type\":\"WebPage\",\"@id\":\"https:\/\/www.yorku.ca\/glendon\/continuing-education\/cours-de-langues\/?lang=fr\",\"url\":\"https:\/\/www.yorku.ca\/glendon\/continuing-education\/cours-de-langues\/?lang=fr\",\"name\":\"Cours de langues - Continuing Education\",\"isPartOf\":{\"@id\":\"https:\/\/www.yorku.ca\/glendon\/continuing-education\/#website\"},\"primaryImageOfPage\":{\"@id\":\"https:\/\/www.yorku.ca\/glendon\/continuing-education\/cours-de-langues\/?lang=fr#primaryimage\"},\"image\":{\"@id\":\"https:\/\/www.yorku.ca\/glendon\/continuing-education\/cours-de-langues\/?lang=fr#primaryimage\"},\"thumbnailUrl\":\"https:\/\/www.yorku.ca\/glendon\/continuing-education\/wp-content\/uploads\/sites\/932\/2026\/02\/2.png\",\"datePublished\":\"2026-02-09T17:35:21+00:00\",\"dateModified\":\"2026-03-10T19:22:32+00:00\",\"breadcrumb\":{\"@id\":\"https:\/\/www.yorku.ca\/glendon\/continuing-education\/cours-de-langues\/?lang=fr#breadcrumb\"},\"inLanguage\":\"en-US\",\"potentialAction\":[{\"@type\":\"ReadAction\",\"target\":[\"https:\/\/www.yorku.ca\/glendon\/continuing-education\/cours-de-langues\/?lang=fr\"]}]},{\"@type\":\"ImageObject\",\"inLanguage\":\"en-US\",\"@id\":\"https:\/\/www.yorku.ca\/glendon\/continuing-education\/cours-de-langues\/?lang=fr#primaryimage\",\"url\":\"https:\/\/www.yorku.ca\/glendon\/continuing-education\/wp-content\/uploads\/sites\/932\/2026\/02\/2.png\",\"contentUrl\":\"https:\/\/www.yorku.ca\/glendon\/continuing-education\/wp-content\/uploads\/sites\/932\/2026\/02\/2.png\",\"width\":538,\"height\":303},{\"@type\":\"BreadcrumbList\",\"@id\":\"https:\/\/www.yorku.ca\/glendon\/continuing-education\/cours-de-langues\/?lang=fr#breadcrumb\",\"itemListElement\":[{\"@type\":\"ListItem\",\"position\":1,\"name\":\"Home\",\"item\":\"https:\/\/www.yorku.ca\/glendon\/continuing-education\/\"},{\"@type\":\"ListItem\",\"position\":2,\"name\":\"Cours de langues\"}]},{\"@type\":\"WebSite\",\"@id\":\"https:\/\/www.yorku.ca\/glendon\/continuing-education\/#website\",\"url\":\"https:\/\/www.yorku.ca\/glendon\/continuing-education\/\",\"name\":\"Continuing Education\",\"description\":\"Just another York Central CMS Sites site\",\"potentialAction\":[{\"@type\":\"SearchAction\",\"target\":{\"@type\":\"EntryPoint\",\"urlTemplate\":\"https:\/\/www.yorku.ca\/glendon\/continuing-education\/?s={search_term_string}\"},\"query-input\":{\"@type\":\"PropertyValueSpecification\",\"valueRequired\":true,\"valueName\":\"search_term_string\"}}],\"inLanguage\":\"en-US\"}]}<\/script>\n<!-- \/ Yoast SEO plugin. -->","yoast_head_json":{"title":"Cours de langues - Continuing Education","robots":{"index":"noindex","follow":"follow","max-snippet":"max-snippet:-1","max-image-preview":"max-image-preview:large","max-video-preview":"max-video-preview:-1"},"og_locale":"en_US","og_type":"article","og_title":"Cours de langues - Continuing Education","og_description":"Apprenez l\u2019anglais&nbsp;ou le&nbsp;fran\u00e7ais gr\u00e2ce \u00e0 des options flexibles adapt\u00e9es \u00e0 vos objectifs, \u00e0 votre horaire et \u00e0 votre style d\u2019apprentissage. Que vous pr\u00e9f\u00e9riez la structure des cours en groupe ou l\u2019accompagnement personnalis\u00e9 des cours priv\u00e9s, nos formations linguistiques soutiennent les apprenants \u00e0 chaque \u00e9tape de leur parcours. Formation en anglais Am\u00e9liorez vos comp\u00e9tences en anglais [&hellip;]","og_url":"https:\/\/www.yorku.ca\/glendon\/continuing-education\/cours-de-langues\/?lang=fr","og_site_name":"Continuing Education","article_modified_time":"2026-03-10T19:22:32+00:00","og_image":[{"width":538,"height":303,"url":"https:\/\/www.yorku.ca\/glendon\/continuing-education\/wp-content\/uploads\/sites\/932\/2026\/02\/2.png","type":"image\/png"}],"twitter_card":"summary_large_image","twitter_misc":{"Est. reading time":"3 minutes"},"schema":{"@context":"https:\/\/schema.org","@graph":[{"@type":"WebPage","@id":"https:\/\/www.yorku.ca\/glendon\/continuing-education\/cours-de-langues\/?lang=fr","url":"https:\/\/www.yorku.ca\/glendon\/continuing-education\/cours-de-langues\/?lang=fr","name":"Cours de langues - Continuing Education","isPartOf":{"@id":"https:\/\/www.yorku.ca\/glendon\/continuing-education\/#website"},"primaryImageOfPage":{"@id":"https:\/\/www.yorku.ca\/glendon\/continuing-education\/cours-de-langues\/?lang=fr#primaryimage"},"image":{"@id":"https:\/\/www.yorku.ca\/glendon\/continuing-education\/cours-de-langues\/?lang=fr#primaryimage"},"thumbnailUrl":"https:\/\/www.yorku.ca\/glendon\/continuing-education\/wp-content\/uploads\/sites\/932\/2026\/02\/2.png","datePublished":"2026-02-09T17:35:21+00:00","dateModified":"2026-03-10T19:22:32+00:00","breadcrumb":{"@id":"https:\/\/www.yorku.ca\/glendon\/continuing-education\/cours-de-langues\/?lang=fr#breadcrumb"},"inLanguage":"en-US","potentialAction":[{"@type":"ReadAction","target":["https:\/\/www.yorku.ca\/glendon\/continuing-education\/cours-de-langues\/?lang=fr"]}]},{"@type":"ImageObject","inLanguage":"en-US","@id":"https:\/\/www.yorku.ca\/glendon\/continuing-education\/cours-de-langues\/?lang=fr#primaryimage","url":"https:\/\/www.yorku.ca\/glendon\/continuing-education\/wp-content\/uploads\/sites\/932\/2026\/02\/2.png","contentUrl":"https:\/\/www.yorku.ca\/glendon\/continuing-education\/wp-content\/uploads\/sites\/932\/2026\/02\/2.png","width":538,"height":303},{"@type":"BreadcrumbList","@id":"https:\/\/www.yorku.ca\/glendon\/continuing-education\/cours-de-langues\/?lang=fr#breadcrumb","itemListElement":[{"@type":"ListItem","position":1,"name":"Home","item":"https:\/\/www.yorku.ca\/glendon\/continuing-education\/"},{"@type":"ListItem","position":2,"name":"Cours de langues"}]},{"@type":"WebSite","@id":"https:\/\/www.yorku.ca\/glendon\/continuing-education\/#website","url":"https:\/\/www.yorku.ca\/glendon\/continuing-education\/","name":"Continuing Education","description":"Just another York Central CMS Sites site","potentialAction":[{"@type":"SearchAction","target":{"@type":"EntryPoint","urlTemplate":"https:\/\/www.yorku.ca\/glendon\/continuing-education\/?s={search_term_string}"},"query-input":{"@type":"PropertyValueSpecification","valueRequired":true,"valueName":"search_term_string"}}],"inLanguage":"en-US"}]}},"taxonomy_info":[],"featured_image_src_large":false,"author_info":{"display_name":"ginnyc","author_link":"https:\/\/www.yorku.ca\/glendon\/continuing-education\/author\/ginnyc\/"},"comment_info":0,"_links":{"self":[{"href":"https:\/\/www.yorku.ca\/glendon\/continuing-education\/wp-json\/wp\/v2\/pages\/1343","targetHints":{"allow":["GET"]}}],"collection":[{"href":"https:\/\/www.yorku.ca\/glendon\/continuing-education\/wp-json\/wp\/v2\/pages"}],"about":[{"href":"https:\/\/www.yorku.ca\/glendon\/continuing-education\/wp-json\/wp\/v2\/types\/page"}],"author":[{"embeddable":true,"href":"https:\/\/www.yorku.ca\/glendon\/continuing-education\/wp-json\/wp\/v2\/users\/546"}],"replies":[{"embeddable":true,"href":"https:\/\/www.yorku.ca\/glendon\/continuing-education\/wp-json\/wp\/v2\/comments?post=1343"}],"version-history":[{"count":8,"href":"https:\/\/www.yorku.ca\/glendon\/continuing-education\/wp-json\/wp\/v2\/pages\/1343\/revisions"}],"predecessor-version":[{"id":1741,"href":"https:\/\/www.yorku.ca\/glendon\/continuing-education\/wp-json\/wp\/v2\/pages\/1343\/revisions\/1741"}],"wp:attachment":[{"href":"https:\/\/www.yorku.ca\/glendon\/continuing-education\/wp-json\/wp\/v2\/media?parent=1343"}],"wp:term":[{"taxonomy":"post_tag","embeddable":true,"href":"https:\/\/www.yorku.ca\/glendon\/continuing-education\/wp-json\/wp\/v2\/tags?post=1343"}],"curies":[{"name":"wp","href":"https:\/\/api.w.org\/{rel}","templated":true}]}}