  {"id":1971,"date":"2023-04-18T15:12:19","date_gmt":"2023-04-18T19:12:19","guid":{"rendered":"https:\/\/www.yorku.ca\/glendon\/businessinternational\/supplementary-application\/"},"modified":"2023-04-18T16:08:37","modified_gmt":"2023-04-18T20:08:37","slug":"supplementary-application","status":"publish","type":"page","link":"https:\/\/www.yorku.ca\/glendon\/businessinternational\/supplementary-application\/?lang=fr","title":{"rendered":"Candidature compl\u00e9mentaire"},"content":{"rendered":"\n<p>Une\u00a0<strong>candidature bilingue compl\u00e9mentaire<\/strong>\u00a0fait partie du\u00a0<strong>processus d\u2019admission<\/strong>\u00a0au programme de double dipl\u00f4me i.B.A.\/B.A.A.<\/p>\n\n\n\n<p>Cette page d\u00e9crit les exigences et fournit les \u00e9tapes \u00e0 suivre pour vos soumissions.<\/p>\n\n\n\n<p>Puisque le programme de double dipl\u00f4me est bilingue, la candidature suppl\u00e9mentaire aidera le comit\u00e9 \u00e0 \u00e9valuer vos comp\u00e9tences linguistiques.<\/p>\n\n\n\n<p>Vous devrez soumettre&nbsp;:<\/p>\n\n\n\n<p>1.&nbsp;&nbsp;&nbsp;&nbsp;&nbsp;&nbsp;&nbsp;&nbsp;&nbsp;<strong>Une vid\u00e9o&nbsp;<\/strong><strong>(d\u2019une minute)<\/strong>&nbsp;<strong>dans laquelle vous r\u00e9pondrez \u00e0 une question fournie en fran\u00e7ais.<\/strong><\/p>\n\n\n\n<p>2.&nbsp;&nbsp;&nbsp;&nbsp;&nbsp;&nbsp;&nbsp;&nbsp;&nbsp;<strong>Une vid\u00e9o&nbsp;<\/strong><strong>(d\u2019une minute)<\/strong>&nbsp;<strong>dans laquelle vous r\u00e9pondrez \u00e0 une question fournie en anglais.&nbsp;<\/strong><\/p>\n\n\n\n<p>3.&nbsp;&nbsp;&nbsp;&nbsp;&nbsp;&nbsp;&nbsp;&nbsp;&nbsp;<strong>Une r\u00e9ponse \u00e9crite (250 mots) \u00e0 une question pos\u00e9e en anglais.<\/strong><\/p>\n\n\n\n<p>4.&nbsp;&nbsp;&nbsp;&nbsp;&nbsp;&nbsp;&nbsp;&nbsp;&nbsp;<strong>Une r\u00e9ponse \u00e9crite (250 mots) \u00e0 une question pos\u00e9e en fran\u00e7ais.<\/strong><\/p>\n\n\n\n<div style=\"height:35px\" aria-hidden=\"true\" class=\"wp-block-spacer\"><\/div>\n\n\n\n<h2 class=\"wp-block-heading\"><strong><strong>Voici la d\u00e9marche\u00a0:\u00a0<\/strong><\/strong><\/h2>\n\n\n\n<div style=\"height:27px\" aria-hidden=\"true\" class=\"wp-block-spacer\"><\/div>\n\n\n\n<p>Apr\u00e8s avoir postul\u00e9, vous recevrez un courriel contenant un lien vers le site d\u2019\u00e9valuation o\u00f9 vous soumettrez votre demande suppl\u00e9mentaire (<a href=\"https:\/\/eval.glendon.yorku.ca\/\">https:\/\/eval.glendon.yorku.ca<\/a>) [assurez-vous de v\u00e9rifier vos courriels ind\u00e9sirables].<\/p>\n\n\n\n<p>Dans un d\u00e9lai de cinq jours ouvrables, vous recevrez aussi un courriel de l\u2019Universit\u00e9 York&nbsp;contenant votre num\u00e9ro de r\u00e9f\u00e9rence \u00e0 neuf chiffres (22xxxxxxx).<\/p>\n\n\n\n<p>Pour acc\u00e9der au portail, utilisez l\u2019<strong>adresse\u00a0\u00e9lectronique<\/strong>\u00a0fournie lors de la demande de candidature comme nom d\u2019utilisateur et le\u00a0<strong>num\u00e9ro de r\u00e9f\u00e9rence \u00e0 neuf chiffres<\/strong>\u00a0comme mot de passe.\u00a0<\/p>\n\n\n\n<div style=\"height:33px\" aria-hidden=\"true\" class=\"wp-block-spacer\"><\/div>\n\n\n\n<figure class=\"wp-block-image size-large is-resized\"><img loading=\"lazy\" decoding=\"async\" src=\"https:\/\/www.yorku.ca\/glendon\/businessinternational\/wp-content\/uploads\/sites\/146\/2023\/04\/image010-1024x425.png\" alt=\"\" class=\"wp-image-1974\" width=\"696\" height=\"289\" srcset=\"https:\/\/www.yorku.ca\/glendon\/businessinternational\/wp-content\/uploads\/sites\/146\/2023\/04\/image010-1024x425.png 1024w, https:\/\/www.yorku.ca\/glendon\/businessinternational\/wp-content\/uploads\/sites\/146\/2023\/04\/image010-400x166.png 400w, https:\/\/www.yorku.ca\/glendon\/businessinternational\/wp-content\/uploads\/sites\/146\/2023\/04\/image010.png 1444w\" sizes=\"auto, (max-width: 696px) 100vw, 696px\" \/><\/figure>\n\n\n\n<div style=\"height:33px\" aria-hidden=\"true\" class=\"wp-block-spacer\"><\/div>\n\n\n\n<p>Les d\u00e9cisions d\u2019admission seront seulement envoy\u00e9es aux candidats et candidates ayant satisfait toutes les exigences de leur demande d\u2019admission (y compris la candidature compl\u00e9mentaire).\u00a0<strong>Nous ne serons pas en mesure d\u2019\u00e9tudier votre dossier tant que vous n\u2019aurez pas\u00a0soumis\u00a0votre candidature compl\u00e9mentaire<\/strong>.\u00a0Les d\u00e9cisions commenceront \u00e0 \u00eatre envoy\u00e9es sur une base continue \u00e0 partir de la premi\u00e8re semaine de f\u00e9vrier.\u00a0<strong>Nous\u00a0vous\u00a0encourageons\u00a0\u00e0 soumettre votre candidature compl\u00e9mentaire aussit\u00f4t que possible apr\u00e8s avoir d\u00e9pos\u00e9 votre demande d\u2019admission<\/strong>. Les places dans ce programme sont limit\u00e9es et les\u00a0dossiers\u00a0seront \u00e9valu\u00e9s selon le principe du premier arriv\u00e9, premier servi.\u00a0\u00a0<\/p>\n\n\n\n<div style=\"height:55px\" aria-hidden=\"true\" class=\"wp-block-spacer\"><\/div>\n\n\n\n<h2 class=\"wp-block-heading\"><strong><strong>Conseils pour soumettre vos vid\u00e9os :<\/strong><\/strong><\/h2>\n\n\n\n<div style=\"height:25px\" aria-hidden=\"true\" class=\"wp-block-spacer\"><\/div>\n\n\n\n<p>Il est important de noter\u00a0que nous ne recherchons pas une qualit\u00e9 de production \u00e9lev\u00e9e\u00a0: vous pouvez filmer les vid\u00e9os avec une webcam ou un cellulaire. Il faut simplement\u00a0que la\u00a0qualit\u00e9 soit\u00a0assez bonne pour que nous puissions entendre clairement votre voix et vous voir.\u00a0<\/p>\n\n\n\n<div style=\"height:25px\" aria-hidden=\"true\" class=\"wp-block-spacer\"><\/div>\n\n\n\n<p><strong>Une fois vos vid\u00e9os*&nbsp;enregistr\u00e9es, suivez les \u00e9tapes suivantes\u202f:&nbsp;<\/strong><\/p>\n\n\n\n<ol class=\"wp-block-list\" type=\"1\"><li>Cr\u00e9ez une cha\u00eene YouTube priv\u00e9e, si vous n\u2019en avez pas.&nbsp;<\/li><li>T\u00e9l\u00e9chargez vos vid\u00e9os sur votre cha\u00eene YouTube.&nbsp;<\/li><li>Assurez-vous que les vid\u00e9os soient accessibles (en mode&nbsp;<strong>non r\u00e9pertori\u00e9e*<\/strong>) \u00e0 l\u2019aide du lien (URL).&nbsp; Sinon, les membres du comit\u00e9 d\u2019\u00e9valuation ne pourront visionner vos vid\u00e9os, et votre \u00e9valuation ne pourra pas se poursuivre.&nbsp;<\/li><li>Ajoutez le lien de votre vid\u00e9o sur le portail de la candidature compl\u00e9mentaire.<\/li><\/ol>\n\n\n\n<p>*Pour&nbsp;cr\u00e9er une vid\u00e9o non r\u00e9pertori\u00e9e,&nbsp;veuillez suivre les directives ci-dessous\u202f:&nbsp;<\/p>\n\n\n\n<ul class=\"wp-block-list\"><li>Connectez-vous \u00e0\u202fYouTube\u202fStudio.\u00a0<\/li><li>Dans le menu de gauche, s\u00e9lectionnez\u202f\u00ab\u00a0Vid\u00e9os\u00a0\u00bb.\u00a0<\/li><li>D\u00e9placez la souris sur la\u202fvid\u00e9o\u202fque vous souhaitez mettre \u00e0 jour.\u00a0<\/li><li>Cliquez sur la fl\u00e8che descendante sous \u00ab\u00a0Visibilit\u00e9\u00a0\u00bb et s\u00e9lectionnez \u00ab\u00a0Non r\u00e9pertori\u00e9e\u00a0\u00bb.\u00a0<\/li><li>Cliquez\u00a0sur\u00a0\u00ab\u00a0Enregistrer\u00a0\u00bb.<\/li><\/ul>\n\n\n\n<p><br>\u00a0<\/p>\n\n\n\n<div style=\"height:100px\" aria-hidden=\"true\" class=\"wp-block-spacer\"><\/div>\n","protected":false},"excerpt":{"rendered":"<p>Une\u00a0candidature bilingue compl\u00e9mentaire\u00a0fait partie du\u00a0processus d\u2019admission\u00a0au programme de double dipl\u00f4me i.B.A.\/B.A.A. Cette page d\u00e9crit les exigences et fournit les \u00e9tapes \u00e0 suivre pour vos soumissions. Puisque le programme de double dipl\u00f4me est bilingue, la candidature suppl\u00e9mentaire aidera le comit\u00e9 \u00e0 \u00e9valuer vos comp\u00e9tences linguistiques. Vous devrez soumettre&nbsp;: 1.&nbsp;&nbsp;&nbsp;&nbsp;&nbsp;&nbsp;&nbsp;&nbsp;&nbsp;Une vid\u00e9o&nbsp;(d\u2019une minute)&nbsp;dans laquelle vous r\u00e9pondrez \u00e0 une [&hellip;]<\/p>\n","protected":false},"author":275,"featured_media":0,"parent":0,"menu_order":0,"comment_status":"closed","ping_status":"closed","template":"","meta":{"_kad_blocks_custom_css":"","_kad_blocks_head_custom_js":"","_kad_blocks_body_custom_js":"","_kad_blocks_footer_custom_js":"","footnotes":""},"tags":[],"class_list":["post-1971","page","type-page","status-publish","hentry"],"yoast_head":"<!-- This site is optimized with the Yoast SEO plugin v24.0 - https:\/\/yoast.com\/wordpress\/plugins\/seo\/ -->\n<title>Candidature compl\u00e9mentaire | International Studies and Business Administration Dual Degree<\/title>\n<meta name=\"robots\" content=\"index, follow, max-snippet:-1, max-image-preview:large, max-video-preview:-1\" \/>\n<link rel=\"canonical\" href=\"https:\/\/www.yorku.ca\/glendon\/businessinternational\/supplementary-application\/\" \/>\n<meta property=\"og:locale\" content=\"en_US\" \/>\n<meta property=\"og:type\" content=\"article\" \/>\n<meta property=\"og:title\" content=\"Candidature compl\u00e9mentaire | International Studies and Business Administration Dual Degree\" \/>\n<meta property=\"og:description\" content=\"Une\u00a0candidature bilingue compl\u00e9mentaire\u00a0fait partie du\u00a0processus d\u2019admission\u00a0au programme de double dipl\u00f4me i.B.A.\/B.A.A. Cette page d\u00e9crit les exigences et fournit les \u00e9tapes \u00e0 suivre pour vos soumissions. Puisque le programme de double dipl\u00f4me est bilingue, la candidature suppl\u00e9mentaire aidera le comit\u00e9 \u00e0 \u00e9valuer vos comp\u00e9tences linguistiques. Vous devrez soumettre&nbsp;: 1.&nbsp;&nbsp;&nbsp;&nbsp;&nbsp;&nbsp;&nbsp;&nbsp;&nbsp;Une vid\u00e9o&nbsp;(d\u2019une minute)&nbsp;dans laquelle vous r\u00e9pondrez \u00e0 une [&hellip;]\" \/>\n<meta property=\"og:url\" content=\"https:\/\/www.yorku.ca\/glendon\/businessinternational\/supplementary-application\/?lang=fr\" \/>\n<meta property=\"og:site_name\" content=\"International Studies and Business Administration Dual Degree\" \/>\n<meta property=\"article:modified_time\" content=\"2023-04-18T20:08:37+00:00\" \/>\n<meta property=\"og:image\" content=\"https:\/\/www.yorku.ca\/glendon\/businessinternational\/wp-content\/uploads\/sites\/146\/2023\/04\/image010-1024x425.png\" \/>\n<meta name=\"twitter:card\" content=\"summary_large_image\" \/>\n<meta name=\"twitter:label1\" content=\"Est. reading time\" \/>\n\t<meta name=\"twitter:data1\" content=\"3 minutes\" \/>\n<script type=\"application\/ld+json\" class=\"yoast-schema-graph\">{\"@context\":\"https:\/\/schema.org\",\"@graph\":[{\"@type\":\"WebPage\",\"@id\":\"https:\/\/www.yorku.ca\/glendon\/businessinternational\/supplementary-application\/?lang=fr\",\"url\":\"https:\/\/www.yorku.ca\/glendon\/businessinternational\/supplementary-application\/?lang=fr\",\"name\":\"Candidature compl\u00e9mentaire | International Studies and Business Administration Dual Degree\",\"isPartOf\":{\"@id\":\"https:\/\/www.yorku.ca\/glendon\/businessinternational\/#website\"},\"primaryImageOfPage\":{\"@id\":\"https:\/\/www.yorku.ca\/glendon\/businessinternational\/supplementary-application\/?lang=fr#primaryimage\"},\"image\":{\"@id\":\"https:\/\/www.yorku.ca\/glendon\/businessinternational\/supplementary-application\/?lang=fr#primaryimage\"},\"thumbnailUrl\":\"https:\/\/www.yorku.ca\/glendon\/businessinternational\/wp-content\/uploads\/sites\/146\/2023\/04\/image010-1024x425.png\",\"datePublished\":\"2023-04-18T19:12:19+00:00\",\"dateModified\":\"2023-04-18T20:08:37+00:00\",\"breadcrumb\":{\"@id\":\"https:\/\/www.yorku.ca\/glendon\/businessinternational\/supplementary-application\/?lang=fr#breadcrumb\"},\"inLanguage\":\"en-US\",\"potentialAction\":[{\"@type\":\"ReadAction\",\"target\":[\"https:\/\/www.yorku.ca\/glendon\/businessinternational\/supplementary-application\/?lang=fr\"]}]},{\"@type\":\"ImageObject\",\"inLanguage\":\"en-US\",\"@id\":\"https:\/\/www.yorku.ca\/glendon\/businessinternational\/supplementary-application\/?lang=fr#primaryimage\",\"url\":\"https:\/\/www.yorku.ca\/glendon\/businessinternational\/wp-content\/uploads\/sites\/146\/2023\/04\/image010.png\",\"contentUrl\":\"https:\/\/www.yorku.ca\/glendon\/businessinternational\/wp-content\/uploads\/sites\/146\/2023\/04\/image010.png\",\"width\":1444,\"height\":599},{\"@type\":\"BreadcrumbList\",\"@id\":\"https:\/\/www.yorku.ca\/glendon\/businessinternational\/supplementary-application\/?lang=fr#breadcrumb\",\"itemListElement\":[{\"@type\":\"ListItem\",\"position\":1,\"name\":\"Home\",\"item\":\"https:\/\/www.yorku.ca\/glendon\/businessinternational\/\"},{\"@type\":\"ListItem\",\"position\":2,\"name\":\"Candidature compl\u00e9mentaire\"}]},{\"@type\":\"WebSite\",\"@id\":\"https:\/\/www.yorku.ca\/glendon\/businessinternational\/#website\",\"url\":\"https:\/\/www.yorku.ca\/glendon\/businessinternational\/\",\"name\":\"International Studies and Business Administration Dual Degree\",\"description\":\"\",\"publisher\":{\"@id\":\"https:\/\/www.yorku.ca\/glendon\/businessinternational\/#organization\"},\"potentialAction\":[{\"@type\":\"SearchAction\",\"target\":{\"@type\":\"EntryPoint\",\"urlTemplate\":\"https:\/\/www.yorku.ca\/glendon\/businessinternational\/?s={search_term_string}\"},\"query-input\":{\"@type\":\"PropertyValueSpecification\",\"valueRequired\":true,\"valueName\":\"search_term_string\"}}],\"inLanguage\":\"en-US\"},{\"@type\":\"Organization\",\"@id\":\"https:\/\/www.yorku.ca\/glendon\/businessinternational\/#organization\",\"name\":\"Glendon School Of International Studies & Business Administration\",\"url\":\"https:\/\/www.yorku.ca\/glendon\/businessinternational\/\",\"logo\":{\"@type\":\"ImageObject\",\"inLanguage\":\"en-US\",\"@id\":\"https:\/\/www.yorku.ca\/glendon\/businessinternational\/#\/schema\/logo\/image\/\",\"url\":\"https:\/\/www.yorku.ca\/glendon\/businessinternational\/wp-content\/uploads\/sites\/146\/2022\/05\/Gledon-Logo.png\",\"contentUrl\":\"https:\/\/www.yorku.ca\/glendon\/businessinternational\/wp-content\/uploads\/sites\/146\/2022\/05\/Gledon-Logo.png\",\"width\":2623,\"height\":601,\"caption\":\"Glendon School Of International Studies & Business Administration\"},\"image\":{\"@id\":\"https:\/\/www.yorku.ca\/glendon\/businessinternational\/#\/schema\/logo\/image\/\"}}]}<\/script>\n<!-- \/ Yoast SEO plugin. -->","yoast_head_json":{"title":"Candidature compl\u00e9mentaire | International Studies and Business Administration Dual Degree","robots":{"index":"index","follow":"follow","max-snippet":"max-snippet:-1","max-image-preview":"max-image-preview:large","max-video-preview":"max-video-preview:-1"},"canonical":"https:\/\/www.yorku.ca\/glendon\/businessinternational\/supplementary-application\/","og_locale":"en_US","og_type":"article","og_title":"Candidature compl\u00e9mentaire | International Studies and Business Administration Dual Degree","og_description":"Une\u00a0candidature bilingue compl\u00e9mentaire\u00a0fait partie du\u00a0processus d\u2019admission\u00a0au programme de double dipl\u00f4me i.B.A.\/B.A.A. Cette page d\u00e9crit les exigences et fournit les \u00e9tapes \u00e0 suivre pour vos soumissions. Puisque le programme de double dipl\u00f4me est bilingue, la candidature suppl\u00e9mentaire aidera le comit\u00e9 \u00e0 \u00e9valuer vos comp\u00e9tences linguistiques. Vous devrez soumettre&nbsp;: 1.&nbsp;&nbsp;&nbsp;&nbsp;&nbsp;&nbsp;&nbsp;&nbsp;&nbsp;Une vid\u00e9o&nbsp;(d\u2019une minute)&nbsp;dans laquelle vous r\u00e9pondrez \u00e0 une [&hellip;]","og_url":"https:\/\/www.yorku.ca\/glendon\/businessinternational\/supplementary-application\/?lang=fr","og_site_name":"International Studies and Business Administration Dual Degree","article_modified_time":"2023-04-18T20:08:37+00:00","og_image":[{"url":"https:\/\/www.yorku.ca\/glendon\/businessinternational\/wp-content\/uploads\/sites\/146\/2023\/04\/image010-1024x425.png","type":"","width":"","height":""}],"twitter_card":"summary_large_image","twitter_misc":{"Est. reading time":"3 minutes"},"schema":{"@context":"https:\/\/schema.org","@graph":[{"@type":"WebPage","@id":"https:\/\/www.yorku.ca\/glendon\/businessinternational\/supplementary-application\/?lang=fr","url":"https:\/\/www.yorku.ca\/glendon\/businessinternational\/supplementary-application\/?lang=fr","name":"Candidature compl\u00e9mentaire | International Studies and Business Administration Dual Degree","isPartOf":{"@id":"https:\/\/www.yorku.ca\/glendon\/businessinternational\/#website"},"primaryImageOfPage":{"@id":"https:\/\/www.yorku.ca\/glendon\/businessinternational\/supplementary-application\/?lang=fr#primaryimage"},"image":{"@id":"https:\/\/www.yorku.ca\/glendon\/businessinternational\/supplementary-application\/?lang=fr#primaryimage"},"thumbnailUrl":"https:\/\/www.yorku.ca\/glendon\/businessinternational\/wp-content\/uploads\/sites\/146\/2023\/04\/image010-1024x425.png","datePublished":"2023-04-18T19:12:19+00:00","dateModified":"2023-04-18T20:08:37+00:00","breadcrumb":{"@id":"https:\/\/www.yorku.ca\/glendon\/businessinternational\/supplementary-application\/?lang=fr#breadcrumb"},"inLanguage":"en-US","potentialAction":[{"@type":"ReadAction","target":["https:\/\/www.yorku.ca\/glendon\/businessinternational\/supplementary-application\/?lang=fr"]}]},{"@type":"ImageObject","inLanguage":"en-US","@id":"https:\/\/www.yorku.ca\/glendon\/businessinternational\/supplementary-application\/?lang=fr#primaryimage","url":"https:\/\/www.yorku.ca\/glendon\/businessinternational\/wp-content\/uploads\/sites\/146\/2023\/04\/image010.png","contentUrl":"https:\/\/www.yorku.ca\/glendon\/businessinternational\/wp-content\/uploads\/sites\/146\/2023\/04\/image010.png","width":1444,"height":599},{"@type":"BreadcrumbList","@id":"https:\/\/www.yorku.ca\/glendon\/businessinternational\/supplementary-application\/?lang=fr#breadcrumb","itemListElement":[{"@type":"ListItem","position":1,"name":"Home","item":"https:\/\/www.yorku.ca\/glendon\/businessinternational\/"},{"@type":"ListItem","position":2,"name":"Candidature compl\u00e9mentaire"}]},{"@type":"WebSite","@id":"https:\/\/www.yorku.ca\/glendon\/businessinternational\/#website","url":"https:\/\/www.yorku.ca\/glendon\/businessinternational\/","name":"International Studies and Business Administration Dual Degree","description":"","publisher":{"@id":"https:\/\/www.yorku.ca\/glendon\/businessinternational\/#organization"},"potentialAction":[{"@type":"SearchAction","target":{"@type":"EntryPoint","urlTemplate":"https:\/\/www.yorku.ca\/glendon\/businessinternational\/?s={search_term_string}"},"query-input":{"@type":"PropertyValueSpecification","valueRequired":true,"valueName":"search_term_string"}}],"inLanguage":"en-US"},{"@type":"Organization","@id":"https:\/\/www.yorku.ca\/glendon\/businessinternational\/#organization","name":"Glendon School Of International Studies & Business Administration","url":"https:\/\/www.yorku.ca\/glendon\/businessinternational\/","logo":{"@type":"ImageObject","inLanguage":"en-US","@id":"https:\/\/www.yorku.ca\/glendon\/businessinternational\/#\/schema\/logo\/image\/","url":"https:\/\/www.yorku.ca\/glendon\/businessinternational\/wp-content\/uploads\/sites\/146\/2022\/05\/Gledon-Logo.png","contentUrl":"https:\/\/www.yorku.ca\/glendon\/businessinternational\/wp-content\/uploads\/sites\/146\/2022\/05\/Gledon-Logo.png","width":2623,"height":601,"caption":"Glendon School Of International Studies & Business Administration"},"image":{"@id":"https:\/\/www.yorku.ca\/glendon\/businessinternational\/#\/schema\/logo\/image\/"}}]}},"taxonomy_info":[],"featured_image_src_large":false,"author_info":{"display_name":"Anna Mossakowska","author_link":"https:\/\/www.yorku.ca\/glendon\/businessinternational\/author\/anyamoss\/"},"comment_info":0,"_links":{"self":[{"href":"https:\/\/www.yorku.ca\/glendon\/businessinternational\/wp-json\/wp\/v2\/pages\/1971","targetHints":{"allow":["GET"]}}],"collection":[{"href":"https:\/\/www.yorku.ca\/glendon\/businessinternational\/wp-json\/wp\/v2\/pages"}],"about":[{"href":"https:\/\/www.yorku.ca\/glendon\/businessinternational\/wp-json\/wp\/v2\/types\/page"}],"author":[{"embeddable":true,"href":"https:\/\/www.yorku.ca\/glendon\/businessinternational\/wp-json\/wp\/v2\/users\/275"}],"replies":[{"embeddable":true,"href":"https:\/\/www.yorku.ca\/glendon\/businessinternational\/wp-json\/wp\/v2\/comments?post=1971"}],"version-history":[{"count":2,"href":"https:\/\/www.yorku.ca\/glendon\/businessinternational\/wp-json\/wp\/v2\/pages\/1971\/revisions"}],"predecessor-version":[{"id":1976,"href":"https:\/\/www.yorku.ca\/glendon\/businessinternational\/wp-json\/wp\/v2\/pages\/1971\/revisions\/1976"}],"wp:attachment":[{"href":"https:\/\/www.yorku.ca\/glendon\/businessinternational\/wp-json\/wp\/v2\/media?parent=1971"}],"wp:term":[{"taxonomy":"post_tag","embeddable":true,"href":"https:\/\/www.yorku.ca\/glendon\/businessinternational\/wp-json\/wp\/v2\/tags?post=1971"}],"curies":[{"name":"wp","href":"https:\/\/api.w.org\/{rel}","templated":true}]}}