  {"id":903,"date":"2026-01-12T15:50:33","date_gmt":"2026-01-12T20:50:33","guid":{"rendered":"https:\/\/www.yorku.ca\/glendon\/academic-servicesdev\/apply-to-graduate\/"},"modified":"2026-01-26T13:13:02","modified_gmt":"2026-01-26T18:13:02","slug":"apply-to-graduate","status":"publish","type":"page","link":"https:\/\/www.yorku.ca\/glendon\/academic-services\/apply-to-graduate\/?lang=fr","title":{"rendered":"Demande d'obtention du dipl\u00f4me"},"content":{"rendered":"\n<div style=\"height:35px\" aria-hidden=\"true\" class=\"wp-block-spacer\"><\/div>\n\n\n\n<p>Pour faire une demande de dipl\u00f4me, rendez-vous sur le <a href=\"https:\/\/registrar.yorku.ca\/graduation\/apply\" target=\"_blank\" rel=\"noreferrer noopener\">site Web du bureau du registraire<\/a>. Veillez \u00e0 faire votre demande avant la date limite indiqu\u00e9e pour la c\u00e9r\u00e9monie \u00e0 laquelle vous souhaitez participer.<\/p>\n\n\n\n<p><strong>Aucune demande tardive ne sera accept\u00e9e.<\/strong><\/p>\n\n\n\n<p>Il arrive parfois que la demande de dipl\u00f4me en ligne ne fonctionne pas comme pr\u00e9vu. Si tel est votre cas, vous pouvez soumettre cette <a href=\"https:\/\/www.yorku.ca\/glendon\/academic-services\/wp-content\/uploads\/sites\/1037\/2026\/01\/Application-to-Graduate-FR-2.pdf\">demande papier<\/a>.<\/p>\n\n\n\n<div style=\"height:45px\" aria-hidden=\"true\" class=\"wp-block-spacer\"><\/div>\n\n\n\n<p>Vous avez une question rapide pour laquelle vous d\u00e9sirez une r\u00e9ponse vite-faite?  Visitez <a href=\"https:\/\/www.yorku.ca\/glendon\/academic-services\/academic-services-faq\/?lang=fr\" target=\"_blank\" rel=\"noreferrer noopener\">notre page FAQ<\/a><\/p>\n\n\n\n<div style=\"height:100px\" aria-hidden=\"true\" class=\"wp-block-spacer\"><\/div>\n","protected":false},"excerpt":{"rendered":"<p>Pour faire une demande de dipl\u00f4me, rendez-vous sur le site Web du bureau du registraire. Veillez \u00e0 faire votre demande avant la date limite indiqu\u00e9e pour la c\u00e9r\u00e9monie \u00e0 laquelle vous souhaitez participer. Aucune demande tardive ne sera accept\u00e9e. Il arrive parfois que la demande de dipl\u00f4me en ligne ne fonctionne pas comme pr\u00e9vu. Si [&hellip;]<\/p>\n","protected":false},"author":1199,"featured_media":364,"parent":0,"menu_order":0,"comment_status":"closed","ping_status":"closed","template":"secondary-page.php","meta":{"_kad_blocks_custom_css":"","_kad_blocks_head_custom_js":"","_kad_blocks_body_custom_js":"","_kad_blocks_footer_custom_js":"","footnotes":""},"tags":[],"class_list":["post-903","page","type-page","status-publish","has-post-thumbnail","hentry"],"yoast_head":"<!-- This site is optimized with the Yoast SEO plugin v24.0 - https:\/\/yoast.com\/wordpress\/plugins\/seo\/ -->\n<title>Demande d&#039;obtention du dipl\u00f4me - Academic Services<\/title>\n<meta name=\"description\" content=\"Demandez l&#039;obtention de dipl\u00f4me \u00e0 Glendon- dates limites, conditions d&#039;admissibilit\u00e9, documents requis et \u00e9tapes pour confirmer votre statut.\" \/>\n<meta name=\"robots\" content=\"noindex, follow, max-snippet:-1, max-image-preview:large, max-video-preview:-1\" \/>\n<meta property=\"og:locale\" content=\"en_US\" \/>\n<meta property=\"og:type\" content=\"article\" \/>\n<meta property=\"og:title\" content=\"Demande d&#039;obtention du dipl\u00f4me - Academic Services\" \/>\n<meta property=\"og:description\" content=\"Demandez l&#039;obtention de dipl\u00f4me \u00e0 Glendon- dates limites, conditions d&#039;admissibilit\u00e9, documents requis et \u00e9tapes pour confirmer votre statut.\" \/>\n<meta property=\"og:url\" content=\"https:\/\/www.yorku.ca\/glendon\/academic-services\/apply-to-graduate\/?lang=fr\" \/>\n<meta property=\"og:site_name\" content=\"Academic Services\" \/>\n<meta property=\"article:modified_time\" content=\"2026-01-26T18:13:02+00:00\" \/>\n<meta property=\"og:image\" content=\"https:\/\/www.yorku.ca\/glendon\/academic-services\/wp-content\/uploads\/sites\/1037\/2025\/12\/Untitled-design-21.png\" \/>\n\t<meta property=\"og:image:width\" content=\"725\" \/>\n\t<meta property=\"og:image:height\" content=\"483\" \/>\n\t<meta property=\"og:image:type\" content=\"image\/png\" \/>\n<meta name=\"twitter:card\" content=\"summary_large_image\" \/>\n<meta name=\"twitter:label1\" content=\"Est. reading time\" \/>\n\t<meta name=\"twitter:data1\" content=\"1 minute\" \/>\n<script type=\"application\/ld+json\" class=\"yoast-schema-graph\">{\"@context\":\"https:\/\/schema.org\",\"@graph\":[{\"@type\":\"WebPage\",\"@id\":\"https:\/\/www.yorku.ca\/glendon\/academic-services\/apply-to-graduate\/?lang=fr\",\"url\":\"https:\/\/www.yorku.ca\/glendon\/academic-services\/apply-to-graduate\/?lang=fr\",\"name\":\"Demande d'obtention du dipl\u00f4me - Academic Services\",\"isPartOf\":{\"@id\":\"https:\/\/www.yorku.ca\/glendon\/academic-services\/#website\"},\"primaryImageOfPage\":{\"@id\":\"https:\/\/www.yorku.ca\/glendon\/academic-services\/apply-to-graduate\/?lang=fr#primaryimage\"},\"image\":{\"@id\":\"https:\/\/www.yorku.ca\/glendon\/academic-services\/apply-to-graduate\/?lang=fr#primaryimage\"},\"thumbnailUrl\":\"https:\/\/www.yorku.ca\/glendon\/academic-services\/wp-content\/uploads\/sites\/1037\/2025\/12\/Untitled-design-21.png\",\"datePublished\":\"2026-01-12T20:50:33+00:00\",\"dateModified\":\"2026-01-26T18:13:02+00:00\",\"description\":\"Demandez l'obtention de dipl\u00f4me \u00e0 Glendon- dates limites, conditions d'admissibilit\u00e9, documents requis et \u00e9tapes pour confirmer votre statut.\",\"breadcrumb\":{\"@id\":\"https:\/\/www.yorku.ca\/glendon\/academic-services\/apply-to-graduate\/?lang=fr#breadcrumb\"},\"inLanguage\":\"en-US\",\"potentialAction\":[{\"@type\":\"ReadAction\",\"target\":[\"https:\/\/www.yorku.ca\/glendon\/academic-services\/apply-to-graduate\/?lang=fr\"]}]},{\"@type\":\"ImageObject\",\"inLanguage\":\"en-US\",\"@id\":\"https:\/\/www.yorku.ca\/glendon\/academic-services\/apply-to-graduate\/?lang=fr#primaryimage\",\"url\":\"https:\/\/www.yorku.ca\/glendon\/academic-services\/wp-content\/uploads\/sites\/1037\/2025\/12\/Untitled-design-21.png\",\"contentUrl\":\"https:\/\/www.yorku.ca\/glendon\/academic-services\/wp-content\/uploads\/sites\/1037\/2025\/12\/Untitled-design-21.png\",\"width\":725,\"height\":483},{\"@type\":\"BreadcrumbList\",\"@id\":\"https:\/\/www.yorku.ca\/glendon\/academic-services\/apply-to-graduate\/?lang=fr#breadcrumb\",\"itemListElement\":[{\"@type\":\"ListItem\",\"position\":1,\"name\":\"Home\",\"item\":\"\/glendon\/\"},{\"@type\":\"ListItem\",\"position\":2,\"name\":\"Academic Services\",\"item\":\"https:\/\/www.yorku.ca\/glendon\/academic-services\/\"},{\"@type\":\"ListItem\",\"position\":3,\"name\":\"Demande d'obtention du dipl\u00f4me\"}]},{\"@type\":\"WebSite\",\"@id\":\"https:\/\/www.yorku.ca\/glendon\/academic-services\/#website\",\"url\":\"https:\/\/www.yorku.ca\/glendon\/academic-services\/\",\"name\":\"Academic Services\",\"description\":\"Just another York Central CMS Sites site\",\"potentialAction\":[{\"@type\":\"SearchAction\",\"target\":{\"@type\":\"EntryPoint\",\"urlTemplate\":\"https:\/\/www.yorku.ca\/glendon\/academic-services\/?s={search_term_string}\"},\"query-input\":{\"@type\":\"PropertyValueSpecification\",\"valueRequired\":true,\"valueName\":\"search_term_string\"}}],\"inLanguage\":\"en-US\"}]}<\/script>\n<!-- \/ Yoast SEO plugin. -->","yoast_head_json":{"title":"Demande d'obtention du dipl\u00f4me - Academic Services","description":"Demandez l'obtention de dipl\u00f4me \u00e0 Glendon- dates limites, conditions d'admissibilit\u00e9, documents requis et \u00e9tapes pour confirmer votre statut.","robots":{"index":"noindex","follow":"follow","max-snippet":"max-snippet:-1","max-image-preview":"max-image-preview:large","max-video-preview":"max-video-preview:-1"},"og_locale":"en_US","og_type":"article","og_title":"Demande d'obtention du dipl\u00f4me - Academic Services","og_description":"Demandez l'obtention de dipl\u00f4me \u00e0 Glendon- dates limites, conditions d'admissibilit\u00e9, documents requis et \u00e9tapes pour confirmer votre statut.","og_url":"https:\/\/www.yorku.ca\/glendon\/academic-services\/apply-to-graduate\/?lang=fr","og_site_name":"Academic Services","article_modified_time":"2026-01-26T18:13:02+00:00","og_image":[{"width":725,"height":483,"url":"https:\/\/www.yorku.ca\/glendon\/academic-services\/wp-content\/uploads\/sites\/1037\/2025\/12\/Untitled-design-21.png","type":"image\/png"}],"twitter_card":"summary_large_image","twitter_misc":{"Est. reading time":"1 minute"},"schema":{"@context":"https:\/\/schema.org","@graph":[{"@type":"WebPage","@id":"https:\/\/www.yorku.ca\/glendon\/academic-services\/apply-to-graduate\/?lang=fr","url":"https:\/\/www.yorku.ca\/glendon\/academic-services\/apply-to-graduate\/?lang=fr","name":"Demande d'obtention du dipl\u00f4me - Academic Services","isPartOf":{"@id":"https:\/\/www.yorku.ca\/glendon\/academic-services\/#website"},"primaryImageOfPage":{"@id":"https:\/\/www.yorku.ca\/glendon\/academic-services\/apply-to-graduate\/?lang=fr#primaryimage"},"image":{"@id":"https:\/\/www.yorku.ca\/glendon\/academic-services\/apply-to-graduate\/?lang=fr#primaryimage"},"thumbnailUrl":"https:\/\/www.yorku.ca\/glendon\/academic-services\/wp-content\/uploads\/sites\/1037\/2025\/12\/Untitled-design-21.png","datePublished":"2026-01-12T20:50:33+00:00","dateModified":"2026-01-26T18:13:02+00:00","description":"Demandez l'obtention de dipl\u00f4me \u00e0 Glendon- dates limites, conditions d'admissibilit\u00e9, documents requis et \u00e9tapes pour confirmer votre statut.","breadcrumb":{"@id":"https:\/\/www.yorku.ca\/glendon\/academic-services\/apply-to-graduate\/?lang=fr#breadcrumb"},"inLanguage":"en-US","potentialAction":[{"@type":"ReadAction","target":["https:\/\/www.yorku.ca\/glendon\/academic-services\/apply-to-graduate\/?lang=fr"]}]},{"@type":"ImageObject","inLanguage":"en-US","@id":"https:\/\/www.yorku.ca\/glendon\/academic-services\/apply-to-graduate\/?lang=fr#primaryimage","url":"https:\/\/www.yorku.ca\/glendon\/academic-services\/wp-content\/uploads\/sites\/1037\/2025\/12\/Untitled-design-21.png","contentUrl":"https:\/\/www.yorku.ca\/glendon\/academic-services\/wp-content\/uploads\/sites\/1037\/2025\/12\/Untitled-design-21.png","width":725,"height":483},{"@type":"BreadcrumbList","@id":"https:\/\/www.yorku.ca\/glendon\/academic-services\/apply-to-graduate\/?lang=fr#breadcrumb","itemListElement":[{"@type":"ListItem","position":1,"name":"Home","item":"\/glendon\/"},{"@type":"ListItem","position":2,"name":"Academic Services","item":"https:\/\/www.yorku.ca\/glendon\/academic-services\/"},{"@type":"ListItem","position":3,"name":"Demande d'obtention du dipl\u00f4me"}]},{"@type":"WebSite","@id":"https:\/\/www.yorku.ca\/glendon\/academic-services\/#website","url":"https:\/\/www.yorku.ca\/glendon\/academic-services\/","name":"Academic Services","description":"Just another York Central CMS Sites site","potentialAction":[{"@type":"SearchAction","target":{"@type":"EntryPoint","urlTemplate":"https:\/\/www.yorku.ca\/glendon\/academic-services\/?s={search_term_string}"},"query-input":{"@type":"PropertyValueSpecification","valueRequired":true,"valueName":"search_term_string"}}],"inLanguage":"en-US"}]}},"taxonomy_info":[],"featured_image_src_large":["https:\/\/www.yorku.ca\/glendon\/academic-services\/wp-content\/uploads\/sites\/1037\/2025\/12\/Untitled-design-21.png",725,483,false],"author_info":{"display_name":"gillest","author_link":"https:\/\/www.yorku.ca\/glendon\/academic-services\/author\/gillest\/"},"comment_info":0,"_links":{"self":[{"href":"https:\/\/www.yorku.ca\/glendon\/academic-services\/wp-json\/wp\/v2\/pages\/903","targetHints":{"allow":["GET"]}}],"collection":[{"href":"https:\/\/www.yorku.ca\/glendon\/academic-services\/wp-json\/wp\/v2\/pages"}],"about":[{"href":"https:\/\/www.yorku.ca\/glendon\/academic-services\/wp-json\/wp\/v2\/types\/page"}],"author":[{"embeddable":true,"href":"https:\/\/www.yorku.ca\/glendon\/academic-services\/wp-json\/wp\/v2\/users\/1199"}],"replies":[{"embeddable":true,"href":"https:\/\/www.yorku.ca\/glendon\/academic-services\/wp-json\/wp\/v2\/comments?post=903"}],"version-history":[{"count":3,"href":"https:\/\/www.yorku.ca\/glendon\/academic-services\/wp-json\/wp\/v2\/pages\/903\/revisions"}],"predecessor-version":[{"id":1220,"href":"https:\/\/www.yorku.ca\/glendon\/academic-services\/wp-json\/wp\/v2\/pages\/903\/revisions\/1220"}],"wp:featuredmedia":[{"embeddable":true,"href":"https:\/\/www.yorku.ca\/glendon\/academic-services\/wp-json\/wp\/v2\/media\/364"}],"wp:attachment":[{"href":"https:\/\/www.yorku.ca\/glendon\/academic-services\/wp-json\/wp\/v2\/media?parent=903"}],"wp:term":[{"taxonomy":"post_tag","embeddable":true,"href":"https:\/\/www.yorku.ca\/glendon\/academic-services\/wp-json\/wp\/v2\/tags?post=903"}],"curies":[{"name":"wp","href":"https:\/\/api.w.org\/{rel}","templated":true}]}}