  {"id":795,"date":"2026-01-07T15:48:17","date_gmt":"2026-01-07T20:48:17","guid":{"rendered":"https:\/\/www.yorku.ca\/glendon\/academic-servicesdev\/academic-forms\/"},"modified":"2026-01-26T12:33:59","modified_gmt":"2026-01-26T17:33:59","slug":"academic-forms","status":"publish","type":"page","link":"https:\/\/www.yorku.ca\/glendon\/academic-services\/academic-forms\/?lang=fr","title":{"rendered":"Formulaires administratifs"},"content":{"rendered":"\n<div style=\"height:45px\" aria-hidden=\"true\" class=\"wp-block-spacer\"><\/div>\n\n\n\n<div class=\"wp-block-columns is-layout-flex wp-container-core-columns-is-layout-1 wp-block-columns-is-layout-flex\">\n<div class=\"wp-block-column is-layout-flow wp-block-column-is-layout-flow\">\n<h2 class=\"wp-block-heading\">Dossier \u00e9tudiants<\/h2>\n\n\n\n<p><a href=\"https:\/\/www.yorku.ca\/glendon\/academic-services\/apply-to-a-certificate-program-2\/?lang=fr\" target=\"_blank\" rel=\"noreferrer noopener\">Postulez \u00e0 un programme de certificat<\/a><br><a href=\"https:\/\/www.yorku.ca\/glendon\/academic-services\/deferred-standing-agreement\/?lang=fr\" target=\"_blank\" rel=\"noreferrer noopener\">Accord de report d'un travail ou d'un examen final<\/a><br><a href=\"https:\/\/www.yorku.ca\/glendon\/academic-services\/requesting-a-custom-letter-or-document-verification\/?lang=fr\" target=\"_blank\" rel=\"noreferrer noopener\">Demande de lettre et de v\u00e9rification de documents<\/a>&nbsp;<br><a href=\"https:\/\/www.yorku.ca\/glendon\/academic-services\/program-or-faculty-change-request\/?lang=fr\" target=\"_blank\" rel=\"noreferrer noopener\">Demande de changement de facult\u00e9 ou de programme<\/a><br><a href=\"https:\/\/www.yorku.ca\/glendon\/academic-services\/request-for-non-degree-status\/?lang=fr\" target=\"_blank\" rel=\"noreferrer noopener\">Demande pour le statut d'\u00e9tudiant libre<\/a><br><a href=\"https:\/\/www.yorku.ca\/glendon\/academic-services\/wp-content\/uploads\/sites\/1037\/2025\/12\/Demande-dacces-pour-une-tierce-personne.pdf\" target=\"_blank\" rel=\"noreferrer noopener\">Demande d'acc\u00e8s pour une tierce personne<\/a><br><\/p>\n\n\n\n<h2 class=\"wp-block-heading\">Inscriptions et cours<\/h2>\n\n\n\n<p><a href=\"https:\/\/www.yorku.ca\/glendon\/academic-services\/application-for-language-credit\/?lang=fr\" target=\"_blank\" rel=\"noreferrer noopener\">Demande de cr\u00e9dit linguistique<\/a><br><a href=\"https:\/\/www.yorku.ca\/glendon\/academic-services\/bilingual-and-flexible-language-requirements\/?lang=fr\" target=\"_blank\" rel=\"noreferrer noopener\">Exigences linguistiques (bilinguisme, flexibles, etc.)<\/a><br><a href=\"https:\/\/www.yorku.ca\/glendon\/academic-services\/course-permission-form\/?lang=fr\" target=\"_blank\" rel=\"noreferrer noopener\">Formulaire de permission de cours<\/a><br><a href=\"https:\/\/www.yorku.ca\/glendon\/academic-services\/letter-of-permission\/?lang=fr\" target=\"_blank\" rel=\"noreferrer noopener\">Lettre de permission<\/a><br><a href=\"https:\/\/www.yorku.ca\/glendon\/academic-services\/exams\/?lang=fr\" target=\"_blank\" rel=\"noreferrer noopener\">Examens (reports, conflits, accommodements, etc.)<\/a><br><a href=\"https:\/\/www.yorku.ca\/glendon\/academic-services\/wp-content\/uploads\/sites\/1037\/2025\/12\/Language-Requirements-Change-Request-Glendon-BA-EN-FR-2.pdf\" target=\"_blank\" rel=\"noreferrer noopener\">Demande de changement d'exigences linguistiques<\/a><\/p>\n<\/div>\n\n\n\n<div class=\"wp-block-column is-layout-flow wp-block-column-is-layout-flow\">\n<h2 class=\"wp-block-heading\">P\u00e9titions<\/h2>\n\n\n\n<p><a href=\"https:\/\/www.yorku.ca\/glendon\/academic-services\/appeals\/?lang=fr\" target=\"_blank\" rel=\"noreferrer noopener\">Appels de d\u00e9cision<\/a><br><a href=\"https:\/\/www.yorku.ca\/glendon\/academic-services\/petition-to-drop-a-course-from-the-transcript\/?lang=fr\" target=\"_blank\" rel=\"noreferrer noopener\">P\u00e9tition en vue de l'abandon de cours du relev\u00e9 de notes<\/a><br><a href=\"https:\/\/www.yorku.ca\/glendon\/academic-services\/petition-to-enrol-late\/?lang=fr\" target=\"_blank\" rel=\"noreferrer noopener\">P\u00e9tition pour s'inscrire aux cours apr\u00e8s la date limite<\/a><br><a href=\"https:\/\/www.yorku.ca\/glendon\/academic-services\/wp-content\/uploads\/sites\/1037\/2025\/12\/Attending-Physician-Statement-FR.pdf\" target=\"_blank\" rel=\"noreferrer noopener\">D\u00e9claration du m\u00e9decin traitant<\/a><a href=\"https:\/\/www.glendon.yorku.ca\/academic-services\/advising-resources\/academic-forms\/petition-enrol-late\/\"><br><\/a><a href=\"https:\/\/www.yorku.ca\/glendon\/academic-services\/wp-content\/uploads\/sites\/1037\/2025\/12\/Counsellors-Statement-FR.pdf\" target=\"_blank\" rel=\"noreferrer noopener\">D\u00e9claration du conseiller<\/a><\/p>\n\n\n\n<h2 class=\"wp-block-heading\">Notes<\/h2>\n\n\n\n<p><a href=\"https:\/\/www.yorku.ca\/glendon\/academic-services\/wp-content\/uploads\/sites\/1037\/2025\/12\/Final-Grade-Reappraisal-EN-FR.pdf\">Demande de r\u00e9vision d'une note<\/a><br><a href=\"https:\/\/www.yorku.ca\/glendon\/academic-services\/pass-fail-option-application\/?lang=fr\">Demande de l'option r\u00e9ussite\/\u00e9chec<\/a><br><a href=\"https:\/\/www.yorku.ca\/glendon\/academic-services\/change-from-pass-fail-to-graded\/?lang=fr\" target=\"_blank\" rel=\"noreferrer noopener\">Changement de l'option r\u00e9ussite\/\u00e9chec au syst\u00e8me de notation<\/a><\/p>\n\n\n\n<h2 class=\"wp-block-heading\">Obtention du dipl\u00f4me<\/h2>\n\n\n\n<p><a href=\"https:\/\/www.yorku.ca\/glendon\/academic-services\/apply-to-graduate\/?lang=fr\" target=\"_blank\" rel=\"noreferrer noopener\">Demande d'obtention du dipl\u00f4me de premier cycle<\/a><br>Commandez un relev\u00e9 de notes<\/p>\n<\/div>\n<\/div>\n\n\n\n<div style=\"height:44px\" aria-hidden=\"true\" class=\"wp-block-spacer\"><\/div>\n\n\n\n<p>Vous avez une question rapide pour laquelle vous d\u00e9sirez une r\u00e9ponse vite-faite?  Visitez <a href=\"https:\/\/www.yorku.ca\/glendon\/academic-services\/academic-services-faq\/?lang=fr\" target=\"_blank\" rel=\"noreferrer noopener\">notre page FAQ<\/a><\/p>\n\n\n\n<div style=\"height:45px\" aria-hidden=\"true\" class=\"wp-block-spacer\"><\/div>\n\n\n\n<div class=\"wp-block-columns is-layout-flex wp-container-core-columns-is-layout-2 wp-block-columns-is-layout-flex\">\n<div class=\"wp-block-column is-layout-flow wp-block-column-is-layout-flow\">\n<div class=\"wp-block-group grey-bg-block px-5 m-0 has-very-light-gray-background-color has-background is-layout-flow wp-block-group-is-layout-flow\">\n<p>Protection of Privacy: Personal information in connection with these forms is collected under the authority of Freedom of Information and Protection of Privacy Act and The 快播视频 Act, 1965 for educational, administrative and statistical purposes. The information will be used to process your enrolment and registration in academic programs; to record and track your academic progress; and for related record-keeping purposes. If you have any questions about the collection of this information by 快播视频, please contact: Information and Privacy Coordinator, 快播视频, N926 Ross, 4700 Keele Street, Toronto, ON M3J 1P3.<\/p>\n<\/div>\n<\/div>\n<\/div>\n\n\n\n<div style=\"height:100px\" aria-hidden=\"true\" class=\"wp-block-spacer\"><\/div>\n","protected":false},"excerpt":{"rendered":"<p>Dossier \u00e9tudiants Postulez \u00e0 un programme de certificatAccord de report d'un travail ou d'un examen finalDemande de lettre et de v\u00e9rification de documents&nbsp;Demande de changement de facult\u00e9 ou de programmeDemande pour le statut d'\u00e9tudiant libreDemande d'acc\u00e8s pour une tierce personne Inscriptions et cours Demande de cr\u00e9dit linguistiqueExigences linguistiques (bilinguisme, flexibles, etc.)Formulaire de permission de coursLettre [&hellip;]<\/p>\n","protected":false},"author":1199,"featured_media":384,"parent":0,"menu_order":0,"comment_status":"closed","ping_status":"closed","template":"secondary-page.php","meta":{"_kad_blocks_custom_css":"","_kad_blocks_head_custom_js":"","_kad_blocks_body_custom_js":"","_kad_blocks_footer_custom_js":"","footnotes":""},"tags":[],"class_list":["post-795","page","type-page","status-publish","has-post-thumbnail","hentry"],"yoast_head":"<!-- This site is optimized with the Yoast SEO plugin v24.0 - https:\/\/yoast.com\/wordpress\/plugins\/seo\/ -->\n<title>Formulaires administratifs - Academic Services<\/title>\n<meta name=\"description\" content=\"Acc\u00e9dez aux formulaires acad\u00e9miques de Glendon pour dossiers \u00e9tudiants, inscriptions, examens et changements de programme, en un seul endroit pratique.\" \/>\n<meta name=\"robots\" content=\"noindex, follow, max-snippet:-1, max-image-preview:large, max-video-preview:-1\" \/>\n<meta property=\"og:locale\" content=\"en_US\" \/>\n<meta property=\"og:type\" content=\"article\" \/>\n<meta property=\"og:title\" content=\"Formulaires administratifs - Academic Services\" \/>\n<meta property=\"og:description\" content=\"Acc\u00e9dez aux formulaires acad\u00e9miques de Glendon pour dossiers \u00e9tudiants, inscriptions, examens et changements de programme, en un seul endroit pratique.\" \/>\n<meta property=\"og:url\" content=\"https:\/\/www.yorku.ca\/glendon\/academic-services\/academic-forms\/?lang=fr\" \/>\n<meta property=\"og:site_name\" content=\"Academic Services\" \/>\n<meta property=\"article:modified_time\" content=\"2026-01-26T17:33:59+00:00\" \/>\n<meta property=\"og:image\" content=\"https:\/\/www.yorku.ca\/glendon\/academic-services\/wp-content\/uploads\/sites\/1037\/2025\/12\/dsc03840-1642x925-11.jpg\" \/>\n\t<meta property=\"og:image:width\" content=\"1642\" \/>\n\t<meta property=\"og:image:height\" content=\"925\" \/>\n\t<meta property=\"og:image:type\" content=\"image\/jpeg\" \/>\n<meta name=\"twitter:card\" content=\"summary_large_image\" \/>\n<meta name=\"twitter:label1\" content=\"Est. reading time\" \/>\n\t<meta name=\"twitter:data1\" content=\"2 minutes\" \/>\n<script type=\"application\/ld+json\" class=\"yoast-schema-graph\">{\"@context\":\"https:\/\/schema.org\",\"@graph\":[{\"@type\":\"WebPage\",\"@id\":\"https:\/\/www.yorku.ca\/glendon\/academic-services\/academic-forms\/?lang=fr\",\"url\":\"https:\/\/www.yorku.ca\/glendon\/academic-services\/academic-forms\/?lang=fr\",\"name\":\"Formulaires administratifs - Academic Services\",\"isPartOf\":{\"@id\":\"https:\/\/www.yorku.ca\/glendon\/academic-services\/#website\"},\"primaryImageOfPage\":{\"@id\":\"https:\/\/www.yorku.ca\/glendon\/academic-services\/academic-forms\/?lang=fr#primaryimage\"},\"image\":{\"@id\":\"https:\/\/www.yorku.ca\/glendon\/academic-services\/academic-forms\/?lang=fr#primaryimage\"},\"thumbnailUrl\":\"https:\/\/www.yorku.ca\/glendon\/academic-services\/wp-content\/uploads\/sites\/1037\/2025\/12\/dsc03840-1642x925-11.jpg\",\"datePublished\":\"2026-01-07T20:48:17+00:00\",\"dateModified\":\"2026-01-26T17:33:59+00:00\",\"description\":\"Acc\u00e9dez aux formulaires acad\u00e9miques de Glendon pour dossiers \u00e9tudiants, inscriptions, examens et changements de programme, en un seul endroit pratique.\",\"breadcrumb\":{\"@id\":\"https:\/\/www.yorku.ca\/glendon\/academic-services\/academic-forms\/?lang=fr#breadcrumb\"},\"inLanguage\":\"en-US\",\"potentialAction\":[{\"@type\":\"ReadAction\",\"target\":[\"https:\/\/www.yorku.ca\/glendon\/academic-services\/academic-forms\/?lang=fr\"]}]},{\"@type\":\"ImageObject\",\"inLanguage\":\"en-US\",\"@id\":\"https:\/\/www.yorku.ca\/glendon\/academic-services\/academic-forms\/?lang=fr#primaryimage\",\"url\":\"https:\/\/www.yorku.ca\/glendon\/academic-services\/wp-content\/uploads\/sites\/1037\/2025\/12\/dsc03840-1642x925-11.jpg\",\"contentUrl\":\"https:\/\/www.yorku.ca\/glendon\/academic-services\/wp-content\/uploads\/sites\/1037\/2025\/12\/dsc03840-1642x925-11.jpg\",\"width\":1642,\"height\":925},{\"@type\":\"BreadcrumbList\",\"@id\":\"https:\/\/www.yorku.ca\/glendon\/academic-services\/academic-forms\/?lang=fr#breadcrumb\",\"itemListElement\":[{\"@type\":\"ListItem\",\"position\":1,\"name\":\"Home\",\"item\":\"\/glendon\/\"},{\"@type\":\"ListItem\",\"position\":2,\"name\":\"Academic Services\",\"item\":\"https:\/\/www.yorku.ca\/glendon\/academic-services\/\"},{\"@type\":\"ListItem\",\"position\":3,\"name\":\"Formulaires administratifs\"}]},{\"@type\":\"WebSite\",\"@id\":\"https:\/\/www.yorku.ca\/glendon\/academic-services\/#website\",\"url\":\"https:\/\/www.yorku.ca\/glendon\/academic-services\/\",\"name\":\"Academic Services\",\"description\":\"Just another York Central CMS Sites site\",\"potentialAction\":[{\"@type\":\"SearchAction\",\"target\":{\"@type\":\"EntryPoint\",\"urlTemplate\":\"https:\/\/www.yorku.ca\/glendon\/academic-services\/?s={search_term_string}\"},\"query-input\":{\"@type\":\"PropertyValueSpecification\",\"valueRequired\":true,\"valueName\":\"search_term_string\"}}],\"inLanguage\":\"en-US\"}]}<\/script>\n<!-- \/ Yoast SEO plugin. -->","yoast_head_json":{"title":"Formulaires administratifs - Academic Services","description":"Acc\u00e9dez aux formulaires acad\u00e9miques de Glendon pour dossiers \u00e9tudiants, inscriptions, examens et changements de programme, en un seul endroit pratique.","robots":{"index":"noindex","follow":"follow","max-snippet":"max-snippet:-1","max-image-preview":"max-image-preview:large","max-video-preview":"max-video-preview:-1"},"og_locale":"en_US","og_type":"article","og_title":"Formulaires administratifs - Academic Services","og_description":"Acc\u00e9dez aux formulaires acad\u00e9miques de Glendon pour dossiers \u00e9tudiants, inscriptions, examens et changements de programme, en un seul endroit pratique.","og_url":"https:\/\/www.yorku.ca\/glendon\/academic-services\/academic-forms\/?lang=fr","og_site_name":"Academic Services","article_modified_time":"2026-01-26T17:33:59+00:00","og_image":[{"width":1642,"height":925,"url":"https:\/\/www.yorku.ca\/glendon\/academic-services\/wp-content\/uploads\/sites\/1037\/2025\/12\/dsc03840-1642x925-11.jpg","type":"image\/jpeg"}],"twitter_card":"summary_large_image","twitter_misc":{"Est. reading time":"2 minutes"},"schema":{"@context":"https:\/\/schema.org","@graph":[{"@type":"WebPage","@id":"https:\/\/www.yorku.ca\/glendon\/academic-services\/academic-forms\/?lang=fr","url":"https:\/\/www.yorku.ca\/glendon\/academic-services\/academic-forms\/?lang=fr","name":"Formulaires administratifs - Academic Services","isPartOf":{"@id":"https:\/\/www.yorku.ca\/glendon\/academic-services\/#website"},"primaryImageOfPage":{"@id":"https:\/\/www.yorku.ca\/glendon\/academic-services\/academic-forms\/?lang=fr#primaryimage"},"image":{"@id":"https:\/\/www.yorku.ca\/glendon\/academic-services\/academic-forms\/?lang=fr#primaryimage"},"thumbnailUrl":"https:\/\/www.yorku.ca\/glendon\/academic-services\/wp-content\/uploads\/sites\/1037\/2025\/12\/dsc03840-1642x925-11.jpg","datePublished":"2026-01-07T20:48:17+00:00","dateModified":"2026-01-26T17:33:59+00:00","description":"Acc\u00e9dez aux formulaires acad\u00e9miques de Glendon pour dossiers \u00e9tudiants, inscriptions, examens et changements de programme, en un seul endroit pratique.","breadcrumb":{"@id":"https:\/\/www.yorku.ca\/glendon\/academic-services\/academic-forms\/?lang=fr#breadcrumb"},"inLanguage":"en-US","potentialAction":[{"@type":"ReadAction","target":["https:\/\/www.yorku.ca\/glendon\/academic-services\/academic-forms\/?lang=fr"]}]},{"@type":"ImageObject","inLanguage":"en-US","@id":"https:\/\/www.yorku.ca\/glendon\/academic-services\/academic-forms\/?lang=fr#primaryimage","url":"https:\/\/www.yorku.ca\/glendon\/academic-services\/wp-content\/uploads\/sites\/1037\/2025\/12\/dsc03840-1642x925-11.jpg","contentUrl":"https:\/\/www.yorku.ca\/glendon\/academic-services\/wp-content\/uploads\/sites\/1037\/2025\/12\/dsc03840-1642x925-11.jpg","width":1642,"height":925},{"@type":"BreadcrumbList","@id":"https:\/\/www.yorku.ca\/glendon\/academic-services\/academic-forms\/?lang=fr#breadcrumb","itemListElement":[{"@type":"ListItem","position":1,"name":"Home","item":"\/glendon\/"},{"@type":"ListItem","position":2,"name":"Academic Services","item":"https:\/\/www.yorku.ca\/glendon\/academic-services\/"},{"@type":"ListItem","position":3,"name":"Formulaires administratifs"}]},{"@type":"WebSite","@id":"https:\/\/www.yorku.ca\/glendon\/academic-services\/#website","url":"https:\/\/www.yorku.ca\/glendon\/academic-services\/","name":"Academic Services","description":"Just another York Central CMS Sites site","potentialAction":[{"@type":"SearchAction","target":{"@type":"EntryPoint","urlTemplate":"https:\/\/www.yorku.ca\/glendon\/academic-services\/?s={search_term_string}"},"query-input":{"@type":"PropertyValueSpecification","valueRequired":true,"valueName":"search_term_string"}}],"inLanguage":"en-US"}]}},"taxonomy_info":[],"featured_image_src_large":["https:\/\/www.yorku.ca\/glendon\/academic-services\/wp-content\/uploads\/sites\/1037\/2025\/12\/dsc03840-1642x925-11-1024x577.jpg",1024,577,true],"author_info":{"display_name":"gillest","author_link":"https:\/\/www.yorku.ca\/glendon\/academic-services\/author\/gillest\/"},"comment_info":0,"_links":{"self":[{"href":"https:\/\/www.yorku.ca\/glendon\/academic-services\/wp-json\/wp\/v2\/pages\/795","targetHints":{"allow":["GET"]}}],"collection":[{"href":"https:\/\/www.yorku.ca\/glendon\/academic-services\/wp-json\/wp\/v2\/pages"}],"about":[{"href":"https:\/\/www.yorku.ca\/glendon\/academic-services\/wp-json\/wp\/v2\/types\/page"}],"author":[{"embeddable":true,"href":"https:\/\/www.yorku.ca\/glendon\/academic-services\/wp-json\/wp\/v2\/users\/1199"}],"replies":[{"embeddable":true,"href":"https:\/\/www.yorku.ca\/glendon\/academic-services\/wp-json\/wp\/v2\/comments?post=795"}],"version-history":[{"count":22,"href":"https:\/\/www.yorku.ca\/glendon\/academic-services\/wp-json\/wp\/v2\/pages\/795\/revisions"}],"predecessor-version":[{"id":1193,"href":"https:\/\/www.yorku.ca\/glendon\/academic-services\/wp-json\/wp\/v2\/pages\/795\/revisions\/1193"}],"wp:featuredmedia":[{"embeddable":true,"href":"https:\/\/www.yorku.ca\/glendon\/academic-services\/wp-json\/wp\/v2\/media\/384"}],"wp:attachment":[{"href":"https:\/\/www.yorku.ca\/glendon\/academic-services\/wp-json\/wp\/v2\/media?parent=795"}],"wp:term":[{"taxonomy":"post_tag","embeddable":true,"href":"https:\/\/www.yorku.ca\/glendon\/academic-services\/wp-json\/wp\/v2\/tags?post=795"}],"curies":[{"name":"wp","href":"https:\/\/api.w.org\/{rel}","templated":true}]}}