  {"id":782,"date":"2025-12-19T16:31:03","date_gmt":"2025-12-19T21:31:03","guid":{"rendered":"https:\/\/www.yorku.ca\/glendon\/academic-servicesdev\/?page_id=782"},"modified":"2026-02-19T14:16:45","modified_gmt":"2026-02-19T19:16:45","slug":"petition-for-deferred-standing","status":"publish","type":"page","link":"https:\/\/www.yorku.ca\/glendon\/academic-services\/petition-for-deferred-standing\/?lang=fr","title":{"rendered":"P\u00e9tition pour report"},"content":{"rendered":"\n<div style=\"height:35px\" aria-hidden=\"true\" class=\"wp-block-spacer\"><\/div>\n\n\n\n<h4 class=\"wp-block-heading\">Si vous utilisez l'IA g\u00e9n\u00e9rative (Chat GPT, Llama, Gemini, etc.) pour vous aider \u00e0 cr\u00e9er votre lettre:<\/h4>\n\n\n\n<p><\/p>\n\n\n\n<ol class=\"wp-block-list\">\n<li>Ne soumettez PAS ce qui est produit sans l'\u00e9diter;<\/li>\n\n\n\n<li>Vous devez AJOUTER les d\u00e9tails sp\u00e9cifiques \u00e0 votre cas. Le comit\u00e9 a besoin de conna\u00eetre les dates et les circonstances, et il a besoin d'entendre VOTRE voix;<\/li>\n\n\n\n<li>Les lettres de p\u00e9tition d\u00e9pourvues des d\u00e9tails n\u00e9cessaires meneront \u00e0 des p\u00e9titions infructueuses - bien que vous puissiez utiliser les LLM pour vous aider \u00e0 structurer votre brouillon, ils ne doivent \u00eatre utilis\u00e9s que comme un outil de point de d\u00e9part.\u00a0<\/li>\n<\/ol>\n\n\n\n<div style=\"height:25px\" aria-hidden=\"true\" class=\"wp-block-spacer\"><\/div>\n\n\n\n<p>AUne <em>p\u00e9tition pour report<\/em> est une demande officielle de report dans un cours lorsqu'une ou plusierus des conditions suivantes sont remplies:<\/p>\n\n\n\n<ul class=\"wp-block-list\">\n<li>Le ou la charg\u00e9.e de cours\/le d\u00e9partement a refus\u00e9 votre demande de report;<\/li>\n\n\n\n<li>Vous n'avez pas respect\u00e9 la date limite de report et le ou la charg\u00e9.e de cours\/le d\u00e9partement a refus\u00e9 de vous accorder un report additionel;<\/li>\n\n\n\n<li>La date limite propos\u00e9e pour soumettre vos travaux et\/ou finir vore examen final est apr\u00e8s la date limite de soumission des notes report\u00e9es:<ul><li>1 avril pour la session F (automne);<\/li><\/ul>\n<ul class=\"wp-block-list\">\n<li>1 ao\u00fbt pour les sessions Y et W (ann\u00e9e complete ou hiver);<\/li>\n\n\n\n<li>1 septembre pour la session S1 ou les autres cours de la premi\u00e8re moitil\u00e9 de la session d'\u00e9t\u00e9;<\/li>\n\n\n\n<li>1 octobre pour les cours des sessions S2, SU ou d'autres cours de la deuxi\u00e8eme moiti\u00e9 de la session d'\u00e9t\u00e9;<\/li>\n<\/ul>\n<\/li>\n<\/ul>\n\n\n\n<p>Les p\u00e9titions seront prises en consid\u00e9ration si des circonstances exceptionnelles se sont produites pendant la ou les sessions et la p\u00e9riode habituelle de report en question. Il est fortement recommand\u00e9 de <a href=\"https:\/\/www.yorku.ca\/glendon\/academic-services\/contact\/?lang=fr\" target=\"_blank\" rel=\"noreferrer noopener\">rencontrer une conseill\u00e8re p\u00e9dagogique (Opens in a new tab)<\/a><strong> avant de soumettre une p\u00e9tition.<\/strong><\/p>\n\n\n\n<p><\/p>\n\n\n\n<div class=\"wp-block-group grey-bg-block is-layout-flow wp-block-group-is-layout-flow\"><style>.kt-accordion-id782_1f76b4-d2 .kt-accordion-inner-wrap{column-gap:var(--global-kb-gap-md, 2rem);row-gap:8px;}.kt-accordion-id782_1f76b4-d2 .kt-accordion-panel-inner{padding-top:var(--global-kb-spacing-sm, 1.5rem);padding-right:var(--global-kb-spacing-sm, 1.5rem);padding-bottom:var(--global-kb-spacing-sm, 1.5rem);padding-left:var(--global-kb-spacing-sm, 1.5rem);}.kt-accordion-id782_1f76b4-d2 .wp-block-kadence-pane .kt-accordion-header-wrap .kt-blocks-accordion-header{padding-top:var(--global-kb-spacing-xxs, 0.5rem);padding-right:var(--global-kb-spacing-xs, 1rem);padding-bottom:var(--global-kb-spacing-xxs, 0.5rem);padding-left:var(--global-kb-spacing-xs, 1rem);}@media all and (max-width: 767px){.kt-accordion-id782_1f76b4-d2 .kt-accordion-inner-wrap{display:block;}.kt-accordion-id782_1f76b4-d2 .kt-accordion-inner-wrap .kt-accordion-pane:not(:first-child){margin-top:8px;}}<\/style>\n<div class=\"wp-block-kadence-accordion alignnone\"><div class=\"kt-accordion-wrap kt-accordion-id782_1f76b4-d2 kt-accordion-has-15-panes kt-active-pane-0 kt-accordion-block kt-pane-header-alignment-left kt-accodion-icon-style-arrow kt-accodion-icon-side-right\" style=\"max-width:none\"><div class=\"kt-accordion-inner-wrap\" data-allow-multiple-open=\"false\" data-start-open=\"none\">\n<div class=\"wp-block-kadence-pane kt-accordion-pane kt-accordion-pane-8 kt-pane782_5a2376-ae\"><div class=\"kt-accordion-header-wrap\"><button class=\"kt-blocks-accordion-header kt-acccordion-button-label-show\" type=\"button\"><span class=\"kt-blocks-accordion-title-wrap\"><span class=\"kt-blocks-accordion-title\">Que dois-je inclure dans ma p\u00e9tition?<\/span><\/span><span class=\"kt-blocks-accordion-icon-trigger\"><\/span><\/button><\/div><div class=\"kt-accordion-panel kt-accordion-panel-hidden\"><div class=\"kt-accordion-panel-inner\">\n<p><strong>Formulaire de report de travaux:<\/strong> Vous devez remplir la partie sup\u00e9rieure de <a href=\"https:\/\/www.yorku.ca\/glendon\/academic-services\/wp-content\/uploads\/sites\/1037\/2026\/02\/Petition-pour-report-formulaire-de-travaux-a-reportes-FR-1.pdf\" target=\"_blank\" rel=\"noreferrer noopener\">ce formulaire<\/a>, et demander au directeur du cours ou au d\u00e9partement de remplir la partie gris\u00e9e. Une fois les signatures obtenues, vous devez t\u00e9l\u00e9charger le formulaire lors du processus de soumission. Vous devez vous procurer ce formulaire dans un premier temps, avant de d\u00e9buter votre soumission.<\/p>\n\n\n\n<p><strong>D\u00e9claration(s) personnelle(s):<\/strong> Dans le cadre de votre p\u00e9tition, vous devrez r\u00e9pondre \u00e0 des questions pr\u00e9cises sur vos circonstances exceptionnelles. Veuillez r\u00e9pondre \u00e0 ces questions le plus directement possible, en indiquant toutes les dates pertinentes.<\/p>\n\n\n\n<p><strong>Documents justicatifs: <\/strong>Les p\u00e9titions doivent normalment \u00eatre accompagn\u00e9es de docuuments justificatifs pertinents. Cela signifie que pour toute d\u00e9claration concernant votre situation et l'\u00e9ch\u00e9ancier, vous devez inclure des documets qu appuient\/prouvent ce que vous avez \u00e9crit.<\/p>\n\n\n\n<p>Voici quelques exemples de documents justificatifs que vous pouvez utiliser:<\/p>\n\n\n\n<ul class=\"wp-block-list\">\n<li><a href=\"https:\/\/www.yorku.ca\/glendon\/academic-services\/wp-content\/uploads\/sites\/1037\/2025\/12\/Attending-Physician-Statement-FR.pdf\" target=\"_blank\" rel=\"noreferrer noopener\">D\u00e9claration du\/de la m\u00e9decin traitant.e<\/a>\u00a0ou du\/de la <a href=\"https:\/\/www.yorku.ca\/glendon\/academic-services\/wp-content\/uploads\/sites\/1037\/2025\/12\/Counsellors-Statement-FR.pdf\" target=\"_blank\" rel=\"noreferrer noopener\">psychologue-conseil traitant.e<\/a><\/li>\n\n\n\n<li>Preuves d'autres circonstances (par exemple, certificat de d\u00e9c\u00e8s, lettre de soutien du Centre d'intervention, de soutien et d'\u00e9ducation contre la violence ssexuelle, billets d'avion\/detrain, plan de cours, etc.)<\/li>\n<\/ul>\n\n\n\n<p>Les documents suivants ne seront pas consid\u00e9r\u00e9s comme des preuves:<\/p>\n\n\n\n<ul class=\"wp-block-list\">\n<li>Photos<\/li>\n\n\n\n<li>Lettre non dat\u00e9es<\/li>\n\n\n\n<li>La plupart des documents ne vous nommant pas explicitement<\/li>\n\n\n\n<li>Des documents r\u00e9dig\u00e9 dans une langue autre que l'anglais ou le fran\u00e7ais, \u00e0 moins qu'ils n'aient \u00e9t\u00e9 traduits professionnellemetn et notari\u00e9s..<\/li>\n<\/ul>\n\n\n\n<hr class=\"wp-block-separator has-alpha-channel-opacity\"\/>\n\n\n\n<p><strong>Formulaire de p\u00e9tition pour report - report de travaux: <\/strong>Vous devrez soumettre un formulaire de deux pages pour report de cours avec un sommaire des r\u00e9sultats obtenus dans le cours (CPS), rempli et sign\u00e9 par votre enseignant\u00b7e ou le d\u00e9partement, pour chaque cours inclus dans votre p\u00e9tition. Si vous avez du mal \u00e0 obtenir un exemplaire de votre enseignant\u00b7e, <a href=\"https:\/\/registrar.yorku.ca\/enrol\/course-contacts\/\" target=\"_blank\" rel=\"noreferrer noopener\">contactez le d\u00e9partment concern\u00e9 (Opens in a new tab)<\/a>, En cas de difficult\u00e9s, contactez les <a href=\"https:\/\/www.yorku.ca\/glendon\/academic-services\/contact\/?lang=fr\" target=\"_blank\" rel=\"noreferrer noopener\">Services acad\u00e9miques<\/a>.<\/p>\n<\/div><\/div><\/div>\n\n\n\n<div class=\"wp-block-kadence-pane kt-accordion-pane kt-accordion-pane-9 kt-pane782_e31e79-13\"><div class=\"kt-accordion-header-wrap\"><button class=\"kt-blocks-accordion-header kt-acccordion-button-label-show\" type=\"button\"><span class=\"kt-blocks-accordion-title-wrap\"><span class=\"kt-blocks-accordion-title\">Quelle est la date limite pour la soumission?<\/span><\/span><span class=\"kt-blocks-accordion-icon-trigger\"><\/span><\/button><\/div><div class=\"kt-accordion-panel kt-accordion-panel-hidden\"><div class=\"kt-accordion-panel-inner\">\n<p>Il faut toujours soumettre la p\u00e9tition le plus rapidement possible.<\/p>\n\n\n\n<p>Les p\u00e9titions pour report doivent \u00eatre d\u00e9pos\u00e9es par l\u2019\u00e9tudiant\u00b7e au plus tard cinq jours ouvrables apr\u00e8s la fin de la p\u00e9riode d\u2019examens du trimestre concern\u00e9.<\/p>\n\n\n\n<p>La date limite pour d\u00e9poser une p\u00e9tition pour une prolongation de report est fix\u00e9e au plus tard cinq jours ouvrables apr\u00e8s l\u2019examen report\u00e9 manqu\u00e9 ou la date d\u2019\u00e9ch\u00e9ance report\u00e9e des travaux.<\/p>\n\n\n\n<p>Les p\u00e9titions soumises apr\u00e8s ces dates peuvent \u00eatre examin\u00e9es si elles sont fond\u00e9es sur des circonstances particuli\u00e8res. Vos d\u00e9clarations et votre documentation doivent justifier le retard.<\/p>\n<\/div><\/div><\/div>\n\n\n\n<div class=\"wp-block-kadence-pane kt-accordion-pane kt-accordion-pane-10 kt-pane782_04ea4d-0d\"><div class=\"kt-accordion-header-wrap\"><button class=\"kt-blocks-accordion-header kt-acccordion-button-label-show\" type=\"button\"><span class=\"kt-blocks-accordion-title-wrap\"><span class=\"kt-blocks-accordion-title\">Que se passe-t-il une fois que j'ai soumis ma p\u00e9tition?<\/span><\/span><span class=\"kt-blocks-accordion-icon-trigger\"><\/span><\/button><\/div><div class=\"kt-accordion-panel kt-accordion-panel-hidden\"><div class=\"kt-accordion-panel-inner\">\n<p>Votre p\u00e9tition sera examin\u00e9e par les Services acad\u00e9miques, qui v\u00e9rifieront qu\u2019elle est compl\u00e8te, puis elle sera anonymis\u00e9e et envoy\u00e9e au Comit\u00e9 des p\u00e9titions pour d\u00e9cision.<\/p>\n\n\n\n<p><em>Seules les p\u00e9titions compl\u00e8tes seront transmises au Comit\u00e9 pour examen.<\/em><\/p>\n\n\n\n<p>Le Comit\u00e9 des p\u00e9titions se r\u00e9unit une fois par mois, d\u2019ao\u00fbt \u00e0 juin. Vous recevrez par courriel une lettre de d\u00e9cision, normalement dans les deux semaines suivant la r\u00e9union du comit\u00e9<\/p>\n\n\n\n<p><strong>NOTE:<\/strong> Vous devez continuer \u00e0 suivre vos cours selon l\u2019\u00e9ch\u00e9ancier propos\u00e9 et \u00e0 \u00e9tudier pour tout test ou examen, en pr\u00e9vision d\u2019une issue potentiellement favorable de votre p\u00e9tition. Si votre p\u00e9tition est accept\u00e9e et que vous n\u2019avez pas respect\u00e9 les dates propos\u00e9es, il est peu probable qu\u2019une nouvelle prolongation vous soit accord\u00e9e en raison d\u2019un pr\u00e9avis insuffisant.<\/p>\n<\/div><\/div><\/div>\n\n\n\n<div class=\"wp-block-kadence-pane kt-accordion-pane kt-accordion-pane-12 kt-pane782_231cb7-f7\"><div class=\"kt-accordion-header-wrap\"><button class=\"kt-blocks-accordion-header kt-acccordion-button-label-show\" type=\"button\"><span class=\"kt-blocks-accordion-title-wrap\"><span class=\"kt-blocks-accordion-title\">R\u00e9sultats possibles?<\/span><\/span><span class=\"kt-blocks-accordion-icon-trigger\"><\/span><\/button><\/div><div class=\"kt-accordion-panel kt-accordion-panel-hidden\"><div class=\"kt-accordion-panel-inner\">\n<ul class=\"wp-block-list\">\n<li><strong>P\u00e9tition accept\u00e9e avec les dates que vous avez propos\u00e9es:<\/strong><br>Continuez \u00e0 soumettre vos travaux selon l\u2019\u00e9ch\u00e9ancier propos\u00e9 initialement. Si vous recevez l\u2019autorisation pour un report de test ou d\u2019un examen, vous devez assurer un suivi avec le d\u00e9partement afin que des dispositions soient prises pour passer le test ou l\u2019examen.<\/li>\n\n\n\n<li><strong>P\u00e9tition accept\u00e9e avec dates alternatives:<\/strong><br>Le comit\u00e9 peut approuver votre demande en fixant d\u2019autres \u00e9ch\u00e9ances (g\u00e9n\u00e9ralement plus rapproch\u00e9es).<\/li>\n\n\n\n<li><strong>P\u00e9tition refus\u00e9e:<\/strong><br>Aucun travail suppl\u00e9mentaire ne peut \u00eatre pris en compte dans votre note finale. Votre enseignant\u00b7e soumettra votre note (si elle n\u2019a pas d\u00e9j\u00e0 \u00e9t\u00e9 soumise) avec un 0 calcul\u00e9 pour tout travail de cours ou test\/examen en suspens.<\/li>\n\n\n\n<li><strong>P\u00e9tition accept\u00e9e, mais avec solution alternative:<br><\/strong>Dans de rares cas, le Comit\u00e9 des p\u00e9titions peut d\u00e9cider d\u2019appliquer une solution diff\u00e9rente \u00e0 votre cas.<\/li>\n<\/ul>\n<\/div><\/div><\/div>\n\n\n\n<div class=\"wp-block-kadence-pane kt-accordion-pane kt-accordion-pane-15 kt-pane782_c119ea-cb\"><div class=\"kt-accordion-header-wrap\"><button class=\"kt-blocks-accordion-header kt-acccordion-button-label-show\" type=\"button\"><span class=\"kt-blocks-accordion-title-wrap\"><span class=\"kt-blocks-accordion-title\">Soumission<\/span><\/span><span class=\"kt-blocks-accordion-icon-trigger\"><\/span><\/button><\/div><div class=\"kt-accordion-panel kt-accordion-panel-hidden\"><div class=\"kt-accordion-panel-inner\">\n<p>Veuillez soumettre votre p\u00e9tition \u00e0 l\u2019aide du formulaire en ligne dont le lien figure ci-dessous. Une fois cela fait, vous recevrez une confirmation de sa r\u00e9ception par courriel.<\/p>\n\n\n\n<p>*Il est fortement recommand\u00e9 de pr\u00e9parer vos r\u00e9ponses dans un logiciel de traitement de texte et de les copier-coller dans le formulaire. Veuillez noter que vous pouvez sauvegarder le formulaire et y revenir plus tard si vous avez besoin de temps pour r\u00e9diger vos r\u00e9ponses ou pour rassembler des documents.*<\/p>\n\n\n\n<div style=\"height:30px\" aria-hidden=\"true\" class=\"wp-block-spacer\"><\/div>\n\n\n\n<div class=\"wp-block-buttons is-layout-flex wp-block-buttons-is-layout-flex\">\n<div class=\"wp-block-button\"><a class=\"wp-block-button__link has-background wp-element-button\" href=\"https:\/\/www.yorku.ca\/glendon\/academic-services\/application-petition-for-deferred-standing\/?lang=fr\" style=\"background-color:#004a8d\" target=\"_blank\" rel=\"noreferrer noopener\">Commencez votre soummission<\/a><\/div>\n<\/div>\n<\/div><\/div><\/div>\n<\/div><\/div><\/div>\n<\/div>\n\n\n\n<div style=\"height:45px\" aria-hidden=\"true\" class=\"wp-block-spacer\"><\/div>\n\n\n\n<p>Vous avez une question rapide pour laquelle vous d\u00e9sirez une r\u00e9ponse vite-faite?  Visitez <a href=\"https:\/\/www.yorku.ca\/glendon\/academic-services\/academic-services-faq\/?lang=fr\" target=\"_blank\" rel=\"noreferrer noopener\">notre page FAQ<\/a><\/p>\n\n\n\n<div style=\"height:100px\" aria-hidden=\"true\" class=\"wp-block-spacer\"><\/div>\n","protected":false},"excerpt":{"rendered":"<p>Si vous utilisez l'IA g\u00e9n\u00e9rative (Chat GPT, Llama, Gemini, etc.) pour vous aider \u00e0 cr\u00e9er votre lettre: AUne p\u00e9tition pour report est une demande officielle de report dans un cours lorsqu'une ou plusierus des conditions suivantes sont remplies: Les p\u00e9titions seront prises en consid\u00e9ration si des circonstances exceptionnelles se sont produites pendant la ou les [&hellip;]<\/p>\n","protected":false},"author":1199,"featured_media":0,"parent":0,"menu_order":0,"comment_status":"closed","ping_status":"closed","template":"","meta":{"_kad_blocks_custom_css":"","_kad_blocks_head_custom_js":"","_kad_blocks_body_custom_js":"","_kad_blocks_footer_custom_js":"","footnotes":""},"tags":[],"class_list":["post-782","page","type-page","status-publish","hentry"],"yoast_head":"<!-- This site is optimized with the Yoast SEO plugin v24.0 - https:\/\/yoast.com\/wordpress\/plugins\/seo\/ -->\n<title>P\u00e9tition pour report - Academic Services<\/title>\n<meta name=\"description\" content=\"D\u00e9couvrez comment p\u00e9titioner pour un report d\u2019\u00e9valuation \u00e0 Glendon, incluant l\u2019admissibilit\u00e9, les dates limites et les \u00e9tapes de la demande.\" \/>\n<meta name=\"robots\" content=\"noindex, follow, max-snippet:-1, max-image-preview:large, max-video-preview:-1\" \/>\n<meta property=\"og:locale\" content=\"en_US\" \/>\n<meta property=\"og:type\" content=\"article\" \/>\n<meta property=\"og:title\" content=\"P\u00e9tition pour report - Academic Services\" \/>\n<meta property=\"og:description\" content=\"D\u00e9couvrez comment p\u00e9titioner pour un report d\u2019\u00e9valuation \u00e0 Glendon, incluant l\u2019admissibilit\u00e9, les dates limites et les \u00e9tapes de la demande.\" \/>\n<meta property=\"og:url\" content=\"https:\/\/www.yorku.ca\/glendon\/academic-services\/petition-for-deferred-standing\/?lang=fr\" \/>\n<meta property=\"og:site_name\" content=\"Academic Services\" \/>\n<meta property=\"article:modified_time\" content=\"2026-02-19T19:16:45+00:00\" \/>\n<meta name=\"twitter:card\" content=\"summary_large_image\" \/>\n<meta name=\"twitter:label1\" content=\"Est. reading time\" \/>\n\t<meta name=\"twitter:data1\" content=\"5 minutes\" \/>\n<script type=\"application\/ld+json\" class=\"yoast-schema-graph\">{\"@context\":\"https:\/\/schema.org\",\"@graph\":[{\"@type\":\"WebPage\",\"@id\":\"https:\/\/www.yorku.ca\/glendon\/academic-services\/petition-for-deferred-standing\/?lang=fr\",\"url\":\"https:\/\/www.yorku.ca\/glendon\/academic-services\/petition-for-deferred-standing\/?lang=fr\",\"name\":\"P\u00e9tition pour report - Academic Services\",\"isPartOf\":{\"@id\":\"https:\/\/www.yorku.ca\/glendon\/academic-services\/#website\"},\"datePublished\":\"2025-12-19T21:31:03+00:00\",\"dateModified\":\"2026-02-19T19:16:45+00:00\",\"description\":\"D\u00e9couvrez comment p\u00e9titioner pour un report d\u2019\u00e9valuation \u00e0 Glendon, incluant l\u2019admissibilit\u00e9, les dates limites et les \u00e9tapes de la demande.\",\"breadcrumb\":{\"@id\":\"https:\/\/www.yorku.ca\/glendon\/academic-services\/petition-for-deferred-standing\/?lang=fr#breadcrumb\"},\"inLanguage\":\"en-US\",\"potentialAction\":[{\"@type\":\"ReadAction\",\"target\":[\"https:\/\/www.yorku.ca\/glendon\/academic-services\/petition-for-deferred-standing\/?lang=fr\"]}]},{\"@type\":\"BreadcrumbList\",\"@id\":\"https:\/\/www.yorku.ca\/glendon\/academic-services\/petition-for-deferred-standing\/?lang=fr#breadcrumb\",\"itemListElement\":[{\"@type\":\"ListItem\",\"position\":1,\"name\":\"Home\",\"item\":\"https:\/\/www.yorku.ca\/glendon\/academic-services\/\"},{\"@type\":\"ListItem\",\"position\":2,\"name\":\"P\u00e9tition pour report\"}]},{\"@type\":\"WebSite\",\"@id\":\"https:\/\/www.yorku.ca\/glendon\/academic-services\/#website\",\"url\":\"https:\/\/www.yorku.ca\/glendon\/academic-services\/\",\"name\":\"Academic Services\",\"description\":\"Just another York Central CMS Sites site\",\"potentialAction\":[{\"@type\":\"SearchAction\",\"target\":{\"@type\":\"EntryPoint\",\"urlTemplate\":\"https:\/\/www.yorku.ca\/glendon\/academic-services\/?s={search_term_string}\"},\"query-input\":{\"@type\":\"PropertyValueSpecification\",\"valueRequired\":true,\"valueName\":\"search_term_string\"}}],\"inLanguage\":\"en-US\"}]}<\/script>\n<!-- \/ Yoast SEO plugin. -->","yoast_head_json":{"title":"P\u00e9tition pour report - Academic Services","description":"D\u00e9couvrez comment p\u00e9titioner pour un report d\u2019\u00e9valuation \u00e0 Glendon, incluant l\u2019admissibilit\u00e9, les dates limites et les \u00e9tapes de la demande.","robots":{"index":"noindex","follow":"follow","max-snippet":"max-snippet:-1","max-image-preview":"max-image-preview:large","max-video-preview":"max-video-preview:-1"},"og_locale":"en_US","og_type":"article","og_title":"P\u00e9tition pour report - Academic Services","og_description":"D\u00e9couvrez comment p\u00e9titioner pour un report d\u2019\u00e9valuation \u00e0 Glendon, incluant l\u2019admissibilit\u00e9, les dates limites et les \u00e9tapes de la demande.","og_url":"https:\/\/www.yorku.ca\/glendon\/academic-services\/petition-for-deferred-standing\/?lang=fr","og_site_name":"Academic Services","article_modified_time":"2026-02-19T19:16:45+00:00","twitter_card":"summary_large_image","twitter_misc":{"Est. reading time":"5 minutes"},"schema":{"@context":"https:\/\/schema.org","@graph":[{"@type":"WebPage","@id":"https:\/\/www.yorku.ca\/glendon\/academic-services\/petition-for-deferred-standing\/?lang=fr","url":"https:\/\/www.yorku.ca\/glendon\/academic-services\/petition-for-deferred-standing\/?lang=fr","name":"P\u00e9tition pour report - Academic Services","isPartOf":{"@id":"https:\/\/www.yorku.ca\/glendon\/academic-services\/#website"},"datePublished":"2025-12-19T21:31:03+00:00","dateModified":"2026-02-19T19:16:45+00:00","description":"D\u00e9couvrez comment p\u00e9titioner pour un report d\u2019\u00e9valuation \u00e0 Glendon, incluant l\u2019admissibilit\u00e9, les dates limites et les \u00e9tapes de la demande.","breadcrumb":{"@id":"https:\/\/www.yorku.ca\/glendon\/academic-services\/petition-for-deferred-standing\/?lang=fr#breadcrumb"},"inLanguage":"en-US","potentialAction":[{"@type":"ReadAction","target":["https:\/\/www.yorku.ca\/glendon\/academic-services\/petition-for-deferred-standing\/?lang=fr"]}]},{"@type":"BreadcrumbList","@id":"https:\/\/www.yorku.ca\/glendon\/academic-services\/petition-for-deferred-standing\/?lang=fr#breadcrumb","itemListElement":[{"@type":"ListItem","position":1,"name":"Home","item":"https:\/\/www.yorku.ca\/glendon\/academic-services\/"},{"@type":"ListItem","position":2,"name":"P\u00e9tition pour report"}]},{"@type":"WebSite","@id":"https:\/\/www.yorku.ca\/glendon\/academic-services\/#website","url":"https:\/\/www.yorku.ca\/glendon\/academic-services\/","name":"Academic Services","description":"Just another York Central CMS Sites site","potentialAction":[{"@type":"SearchAction","target":{"@type":"EntryPoint","urlTemplate":"https:\/\/www.yorku.ca\/glendon\/academic-services\/?s={search_term_string}"},"query-input":{"@type":"PropertyValueSpecification","valueRequired":true,"valueName":"search_term_string"}}],"inLanguage":"en-US"}]}},"taxonomy_info":[],"featured_image_src_large":false,"author_info":{"display_name":"gillest","author_link":"https:\/\/www.yorku.ca\/glendon\/academic-services\/author\/gillest\/"},"comment_info":0,"_links":{"self":[{"href":"https:\/\/www.yorku.ca\/glendon\/academic-services\/wp-json\/wp\/v2\/pages\/782","targetHints":{"allow":["GET"]}}],"collection":[{"href":"https:\/\/www.yorku.ca\/glendon\/academic-services\/wp-json\/wp\/v2\/pages"}],"about":[{"href":"https:\/\/www.yorku.ca\/glendon\/academic-services\/wp-json\/wp\/v2\/types\/page"}],"author":[{"embeddable":true,"href":"https:\/\/www.yorku.ca\/glendon\/academic-services\/wp-json\/wp\/v2\/users\/1199"}],"replies":[{"embeddable":true,"href":"https:\/\/www.yorku.ca\/glendon\/academic-services\/wp-json\/wp\/v2\/comments?post=782"}],"version-history":[{"count":10,"href":"https:\/\/www.yorku.ca\/glendon\/academic-services\/wp-json\/wp\/v2\/pages\/782\/revisions"}],"predecessor-version":[{"id":1390,"href":"https:\/\/www.yorku.ca\/glendon\/academic-services\/wp-json\/wp\/v2\/pages\/782\/revisions\/1390"}],"wp:attachment":[{"href":"https:\/\/www.yorku.ca\/glendon\/academic-services\/wp-json\/wp\/v2\/media?parent=782"}],"wp:term":[{"taxonomy":"post_tag","embeddable":true,"href":"https:\/\/www.yorku.ca\/glendon\/academic-services\/wp-json\/wp\/v2\/tags?post=782"}],"curies":[{"name":"wp","href":"https:\/\/api.w.org\/{rel}","templated":true}]}}