  {"id":712,"date":"2025-12-19T12:13:18","date_gmt":"2025-12-19T17:13:18","guid":{"rendered":"https:\/\/www.yorku.ca\/glendon\/academic-servicesdev\/change-from-pass-fail-to-graded\/"},"modified":"2026-01-26T13:17:34","modified_gmt":"2026-01-26T18:17:34","slug":"change-from-pass-fail-to-graded","status":"publish","type":"page","link":"https:\/\/www.yorku.ca\/glendon\/academic-services\/change-from-pass-fail-to-graded\/?lang=fr","title":{"rendered":"Changer de l'option r\u00e9ussite\/\u00e9chec au syst\u00e8me de notation"},"content":{"rendered":"\n<div style=\"height:25px\" aria-hidden=\"true\" class=\"wp-block-spacer\"><\/div>\n\n\n\n<p>Ce formulaire sert \u00e0 annuler une demande de notation \u00ab r\u00e9ussite\/\u00e9chec \u00bb et \u00e0 revenir \u00e0 une notation traditionnelle pour un cours donn\u00e9. Le cours sera alors enregistr\u00e9 avec une note sur votre relev\u00e9 de notes et votre relev\u00e9 de r\u00e9sultats.<\/p>\n\n\n\n<div style=\"height:25px\" aria-hidden=\"true\" class=\"wp-block-spacer\"><\/div>\n\n\n\n<h2 class=\"wp-block-heading\"><strong>Dates limites et soumissions<\/strong><\/h2>\n\n\n\n<p>Les \u00e9tudiants qui choisissent de suivre un cours selon le syst\u00e8me r\u00e9ussite\/\u00e9chec peuvent demander \u00e0 revenir au syst\u00e8me de notation jusqu'\u00e0 la derni\u00e8re date de cours correspondant au semestre du cours. Consultez la page <a href=\"https:\/\/registrar.yorku.ca\/enrol\/dates\/2025-2026\/fall-winter\" target=\"_blank\" rel=\"noreferrer noopener\">Important Dates<\/a> avant de soumettre votre demande.<\/p>\n\n\n\n<p>Pour demander le passage de l'option \u00ab r\u00e9ussite\/\u00e9chec \u00bb \u00e0 l'option notation, remplissez le <a href=\"https:\/\/forms.students.yorku.ca\/view.php?id=22950\" target=\"_blank\" rel=\"noreferrer noopener\">formulaire suivant<\/a>.<\/p>\n\n\n\n<div style=\"height:45px\" aria-hidden=\"true\" class=\"wp-block-spacer\"><\/div>\n\n\n\n<p>Vous avez une question rapide pour laquelle vous d\u00e9sirez une r\u00e9ponse vite-faite?  Visitez <a href=\"https:\/\/www.yorku.ca\/glendon\/academic-services\/academic-services-faq\/?lang=fr\" target=\"_blank\" rel=\"noreferrer noopener\">notre page FAQ<\/a><\/p>\n\n\n\n<div style=\"height:100px\" aria-hidden=\"true\" class=\"wp-block-spacer\"><\/div>\n\n\n\n<p><\/p>\n","protected":false},"excerpt":{"rendered":"<p>Ce formulaire sert \u00e0 annuler une demande de notation \u00ab r\u00e9ussite\/\u00e9chec \u00bb et \u00e0 revenir \u00e0 une notation traditionnelle pour un cours donn\u00e9. Le cours sera alors enregistr\u00e9 avec une note sur votre relev\u00e9 de notes et votre relev\u00e9 de r\u00e9sultats. Dates limites et soumissions Les \u00e9tudiants qui choisissent de suivre un cours selon le [&hellip;]<\/p>\n","protected":false},"author":1199,"featured_media":366,"parent":0,"menu_order":0,"comment_status":"closed","ping_status":"closed","template":"secondary-page.php","meta":{"_kad_blocks_custom_css":"","_kad_blocks_head_custom_js":"","_kad_blocks_body_custom_js":"","_kad_blocks_footer_custom_js":"","footnotes":""},"tags":[],"class_list":["post-712","page","type-page","status-publish","has-post-thumbnail","hentry"],"yoast_head":"<!-- This site is optimized with the Yoast SEO plugin v27.3 - https:\/\/yoast.com\/product\/yoast-seo-wordpress\/ -->\n<title>Changer de l&#039;option r\u00e9ussite\/\u00e9chec au syst\u00e8me de notation - Academic Services<\/title>\n<meta name=\"description\" content=\"Changez d&#039;un cours \u00e9valu\u00e9 &quot;r\u00e9ussite\/l&#039;\u00e9chec&quot; \u00e0 un cours not\u00e9 \u00e0 Glendon, y compris les dates limites, les \u00e9tapes et les exigences.\" \/>\n<meta name=\"robots\" content=\"noindex, follow, max-snippet:-1, max-image-preview:large, max-video-preview:-1\" \/>\n<meta property=\"og:locale\" content=\"en_US\" \/>\n<meta property=\"og:type\" content=\"article\" \/>\n<meta property=\"og:title\" content=\"Changer de l&#039;option r\u00e9ussite\/\u00e9chec au syst\u00e8me de notation - Academic Services\" \/>\n<meta property=\"og:description\" content=\"Changez d&#039;un cours \u00e9valu\u00e9 &quot;r\u00e9ussite\/l&#039;\u00e9chec&quot; \u00e0 un cours not\u00e9 \u00e0 Glendon, y compris les dates limites, les \u00e9tapes et les exigences.\" \/>\n<meta property=\"og:url\" content=\"https:\/\/www.yorku.ca\/glendon\/academic-services\/change-from-pass-fail-to-graded\/?lang=fr\" \/>\n<meta property=\"og:site_name\" content=\"Academic Services\" \/>\n<meta property=\"article:modified_time\" content=\"2026-01-26T18:17:34+00:00\" \/>\n<meta property=\"og:image\" content=\"https:\/\/www.yorku.ca\/glendon\/academic-services\/wp-content\/uploads\/sites\/1037\/2025\/12\/glendon-campus-CoE-Outside-1024x577-11.jpg\" \/>\n\t<meta property=\"og:image:width\" content=\"1024\" \/>\n\t<meta property=\"og:image:height\" content=\"577\" \/>\n\t<meta property=\"og:image:type\" content=\"image\/jpeg\" \/>\n<meta name=\"twitter:card\" content=\"summary_large_image\" \/>\n<meta name=\"twitter:label1\" content=\"Est. reading time\" \/>\n\t<meta name=\"twitter:data1\" content=\"1 minute\" \/>\n<script type=\"application\/ld+json\" class=\"yoast-schema-graph\">{\"@context\":\"https:\\\/\\\/schema.org\",\"@graph\":[{\"@type\":\"WebPage\",\"@id\":\"https:\\\/\\\/www.yorku.ca\\\/glendon\\\/academic-services\\\/change-from-pass-fail-to-graded\\\/?lang=fr\",\"url\":\"https:\\\/\\\/www.yorku.ca\\\/glendon\\\/academic-services\\\/change-from-pass-fail-to-graded\\\/?lang=fr\",\"name\":\"Changer de l'option r\u00e9ussite\\\/\u00e9chec au syst\u00e8me de notation - Academic Services\",\"isPartOf\":{\"@id\":\"https:\\\/\\\/www.yorku.ca\\\/glendon\\\/academic-services\\\/#website\"},\"primaryImageOfPage\":{\"@id\":\"https:\\\/\\\/www.yorku.ca\\\/glendon\\\/academic-services\\\/change-from-pass-fail-to-graded\\\/?lang=fr#primaryimage\"},\"image\":{\"@id\":\"https:\\\/\\\/www.yorku.ca\\\/glendon\\\/academic-services\\\/change-from-pass-fail-to-graded\\\/?lang=fr#primaryimage\"},\"thumbnailUrl\":\"https:\\\/\\\/www.yorku.ca\\\/glendon\\\/academic-services\\\/wp-content\\\/uploads\\\/sites\\\/1037\\\/2025\\\/12\\\/glendon-campus-CoE-Outside-1024x577-11.jpg\",\"datePublished\":\"2025-12-19T17:13:18+00:00\",\"dateModified\":\"2026-01-26T18:17:34+00:00\",\"description\":\"Changez d'un cours \u00e9valu\u00e9 \\\"r\u00e9ussite\\\/l'\u00e9chec\\\" \u00e0 un cours not\u00e9 \u00e0 Glendon, y compris les dates limites, les \u00e9tapes et les exigences.\",\"breadcrumb\":{\"@id\":\"https:\\\/\\\/www.yorku.ca\\\/glendon\\\/academic-services\\\/change-from-pass-fail-to-graded\\\/?lang=fr#breadcrumb\"},\"inLanguage\":\"en-US\",\"potentialAction\":[{\"@type\":\"ReadAction\",\"target\":[\"https:\\\/\\\/www.yorku.ca\\\/glendon\\\/academic-services\\\/change-from-pass-fail-to-graded\\\/?lang=fr\"]}]},{\"@type\":\"ImageObject\",\"inLanguage\":\"en-US\",\"@id\":\"https:\\\/\\\/www.yorku.ca\\\/glendon\\\/academic-services\\\/change-from-pass-fail-to-graded\\\/?lang=fr#primaryimage\",\"url\":\"https:\\\/\\\/www.yorku.ca\\\/glendon\\\/academic-services\\\/wp-content\\\/uploads\\\/sites\\\/1037\\\/2025\\\/12\\\/glendon-campus-CoE-Outside-1024x577-11.jpg\",\"contentUrl\":\"https:\\\/\\\/www.yorku.ca\\\/glendon\\\/academic-services\\\/wp-content\\\/uploads\\\/sites\\\/1037\\\/2025\\\/12\\\/glendon-campus-CoE-Outside-1024x577-11.jpg\",\"width\":1024,\"height\":577},{\"@type\":\"BreadcrumbList\",\"@id\":\"https:\\\/\\\/www.yorku.ca\\\/glendon\\\/academic-services\\\/change-from-pass-fail-to-graded\\\/?lang=fr#breadcrumb\",\"itemListElement\":[{\"@type\":\"ListItem\",\"position\":1,\"name\":\"Home\",\"item\":\"\\\/glendon\\\/\"},{\"@type\":\"ListItem\",\"position\":2,\"name\":\"Academic Services\",\"item\":\"https:\\\/\\\/www.yorku.ca\\\/glendon\\\/academic-services\\\/\"},{\"@type\":\"ListItem\",\"position\":3,\"name\":\"Changer de l'option r\u00e9ussite\\\/\u00e9chec au syst\u00e8me de notation\"}]},{\"@type\":\"WebSite\",\"@id\":\"https:\\\/\\\/www.yorku.ca\\\/glendon\\\/academic-services\\\/#website\",\"url\":\"https:\\\/\\\/www.yorku.ca\\\/glendon\\\/academic-services\\\/\",\"name\":\"Academic Services\",\"description\":\"Just another York Central CMS Sites site\",\"potentialAction\":[{\"@type\":\"SearchAction\",\"target\":{\"@type\":\"EntryPoint\",\"urlTemplate\":\"https:\\\/\\\/www.yorku.ca\\\/glendon\\\/academic-services\\\/?s={search_term_string}\"},\"query-input\":{\"@type\":\"PropertyValueSpecification\",\"valueRequired\":true,\"valueName\":\"search_term_string\"}}],\"inLanguage\":\"en-US\"}]}<\/script>\n<!-- \/ Yoast SEO plugin. -->","yoast_head_json":{"title":"Changer de l'option r\u00e9ussite\/\u00e9chec au syst\u00e8me de notation - Academic Services","description":"Changez d'un cours \u00e9valu\u00e9 \"r\u00e9ussite\/l'\u00e9chec\" \u00e0 un cours not\u00e9 \u00e0 Glendon, y compris les dates limites, les \u00e9tapes et les exigences.","robots":{"index":"noindex","follow":"follow","max-snippet":"max-snippet:-1","max-image-preview":"max-image-preview:large","max-video-preview":"max-video-preview:-1"},"og_locale":"en_US","og_type":"article","og_title":"Changer de l'option r\u00e9ussite\/\u00e9chec au syst\u00e8me de notation - Academic Services","og_description":"Changez d'un cours \u00e9valu\u00e9 \"r\u00e9ussite\/l'\u00e9chec\" \u00e0 un cours not\u00e9 \u00e0 Glendon, y compris les dates limites, les \u00e9tapes et les exigences.","og_url":"https:\/\/www.yorku.ca\/glendon\/academic-services\/change-from-pass-fail-to-graded\/?lang=fr","og_site_name":"Academic Services","article_modified_time":"2026-01-26T18:17:34+00:00","og_image":[{"width":1024,"height":577,"url":"https:\/\/www.yorku.ca\/glendon\/academic-services\/wp-content\/uploads\/sites\/1037\/2025\/12\/glendon-campus-CoE-Outside-1024x577-11.jpg","type":"image\/jpeg"}],"twitter_card":"summary_large_image","twitter_misc":{"Est. reading time":"1 minute"},"schema":{"@context":"https:\/\/schema.org","@graph":[{"@type":"WebPage","@id":"https:\/\/www.yorku.ca\/glendon\/academic-services\/change-from-pass-fail-to-graded\/?lang=fr","url":"https:\/\/www.yorku.ca\/glendon\/academic-services\/change-from-pass-fail-to-graded\/?lang=fr","name":"Changer de l'option r\u00e9ussite\/\u00e9chec au syst\u00e8me de notation - Academic Services","isPartOf":{"@id":"https:\/\/www.yorku.ca\/glendon\/academic-services\/#website"},"primaryImageOfPage":{"@id":"https:\/\/www.yorku.ca\/glendon\/academic-services\/change-from-pass-fail-to-graded\/?lang=fr#primaryimage"},"image":{"@id":"https:\/\/www.yorku.ca\/glendon\/academic-services\/change-from-pass-fail-to-graded\/?lang=fr#primaryimage"},"thumbnailUrl":"https:\/\/www.yorku.ca\/glendon\/academic-services\/wp-content\/uploads\/sites\/1037\/2025\/12\/glendon-campus-CoE-Outside-1024x577-11.jpg","datePublished":"2025-12-19T17:13:18+00:00","dateModified":"2026-01-26T18:17:34+00:00","description":"Changez d'un cours \u00e9valu\u00e9 \"r\u00e9ussite\/l'\u00e9chec\" \u00e0 un cours not\u00e9 \u00e0 Glendon, y compris les dates limites, les \u00e9tapes et les exigences.","breadcrumb":{"@id":"https:\/\/www.yorku.ca\/glendon\/academic-services\/change-from-pass-fail-to-graded\/?lang=fr#breadcrumb"},"inLanguage":"en-US","potentialAction":[{"@type":"ReadAction","target":["https:\/\/www.yorku.ca\/glendon\/academic-services\/change-from-pass-fail-to-graded\/?lang=fr"]}]},{"@type":"ImageObject","inLanguage":"en-US","@id":"https:\/\/www.yorku.ca\/glendon\/academic-services\/change-from-pass-fail-to-graded\/?lang=fr#primaryimage","url":"https:\/\/www.yorku.ca\/glendon\/academic-services\/wp-content\/uploads\/sites\/1037\/2025\/12\/glendon-campus-CoE-Outside-1024x577-11.jpg","contentUrl":"https:\/\/www.yorku.ca\/glendon\/academic-services\/wp-content\/uploads\/sites\/1037\/2025\/12\/glendon-campus-CoE-Outside-1024x577-11.jpg","width":1024,"height":577},{"@type":"BreadcrumbList","@id":"https:\/\/www.yorku.ca\/glendon\/academic-services\/change-from-pass-fail-to-graded\/?lang=fr#breadcrumb","itemListElement":[{"@type":"ListItem","position":1,"name":"Home","item":"\/glendon\/"},{"@type":"ListItem","position":2,"name":"Academic Services","item":"https:\/\/www.yorku.ca\/glendon\/academic-services\/"},{"@type":"ListItem","position":3,"name":"Changer de l'option r\u00e9ussite\/\u00e9chec au syst\u00e8me de notation"}]},{"@type":"WebSite","@id":"https:\/\/www.yorku.ca\/glendon\/academic-services\/#website","url":"https:\/\/www.yorku.ca\/glendon\/academic-services\/","name":"Academic Services","description":"Just another York Central CMS Sites site","potentialAction":[{"@type":"SearchAction","target":{"@type":"EntryPoint","urlTemplate":"https:\/\/www.yorku.ca\/glendon\/academic-services\/?s={search_term_string}"},"query-input":{"@type":"PropertyValueSpecification","valueRequired":true,"valueName":"search_term_string"}}],"inLanguage":"en-US"}]}},"taxonomy_info":[],"featured_image_src_large":["https:\/\/www.yorku.ca\/glendon\/academic-services\/wp-content\/uploads\/sites\/1037\/2025\/12\/glendon-campus-CoE-Outside-1024x577-11.jpg",1024,577,false],"author_info":{"display_name":"gillest","author_link":"https:\/\/www.yorku.ca\/glendon\/academic-services\/author\/gillest\/"},"comment_info":0,"_links":{"self":[{"href":"https:\/\/www.yorku.ca\/glendon\/academic-services\/wp-json\/wp\/v2\/pages\/712","targetHints":{"allow":["GET"]}}],"collection":[{"href":"https:\/\/www.yorku.ca\/glendon\/academic-services\/wp-json\/wp\/v2\/pages"}],"about":[{"href":"https:\/\/www.yorku.ca\/glendon\/academic-services\/wp-json\/wp\/v2\/types\/page"}],"author":[{"embeddable":true,"href":"https:\/\/www.yorku.ca\/glendon\/academic-services\/wp-json\/wp\/v2\/users\/1199"}],"replies":[{"embeddable":true,"href":"https:\/\/www.yorku.ca\/glendon\/academic-services\/wp-json\/wp\/v2\/comments?post=712"}],"version-history":[{"count":4,"href":"https:\/\/www.yorku.ca\/glendon\/academic-services\/wp-json\/wp\/v2\/pages\/712\/revisions"}],"predecessor-version":[{"id":1226,"href":"https:\/\/www.yorku.ca\/glendon\/academic-services\/wp-json\/wp\/v2\/pages\/712\/revisions\/1226"}],"wp:featuredmedia":[{"embeddable":true,"href":"https:\/\/www.yorku.ca\/glendon\/academic-services\/wp-json\/wp\/v2\/media\/366"}],"wp:attachment":[{"href":"https:\/\/www.yorku.ca\/glendon\/academic-services\/wp-json\/wp\/v2\/media?parent=712"}],"wp:term":[{"taxonomy":"post_tag","embeddable":true,"href":"https:\/\/www.yorku.ca\/glendon\/academic-services\/wp-json\/wp\/v2\/tags?post=712"}],"curies":[{"name":"wp","href":"https:\/\/api.w.org\/{rel}","templated":true}]}}