  {"id":662,"date":"2025-12-17T15:13:38","date_gmt":"2025-12-17T20:13:38","guid":{"rendered":"https:\/\/www.yorku.ca\/glendon\/academic-servicesdev\/application-for-language-credit\/"},"modified":"2026-01-26T12:48:16","modified_gmt":"2026-01-26T17:48:16","slug":"application-for-language-credit","status":"publish","type":"page","link":"https:\/\/www.yorku.ca\/glendon\/academic-services\/application-for-language-credit\/?lang=fr","title":{"rendered":"Formulaire de demande de cr\u00e9dit linguistique"},"content":{"rendered":"\n<div style=\"height:35px\" aria-hidden=\"true\" class=\"wp-block-spacer\"><\/div>\n\n\n\n<p>Le cr\u00e9dit linguistique est une dispense pouvant aller jusqu'\u00e0 6 cr\u00e9dits, accord\u00e9e en fonction des cours suivis dans la langue officielle non dominante de l'\u00e9tudiant (fran\u00e7ais ou anglais). Les \u00e9tudiants qui obtiennent un dipl\u00f4me bilingue ou trilingue peuvent demander un cr\u00e9dit linguistique (jusqu'\u00e0 6 cr\u00e9dits), comme suit :<\/p>\n\n\n\n<div style=\"height:35px\" aria-hidden=\"true\" class=\"wp-block-spacer\"><\/div>\n\n\n<style>.kt-accordion-id662_d65be4-bd .kt-accordion-inner-wrap{column-gap:var(--global-kb-gap-md, 2rem);row-gap:10px;}.kt-accordion-id662_d65be4-bd .kt-accordion-panel-inner{border-top:0px solid transparent;border-right:1px solid transparent;border-bottom:1px solid transparent;border-left:1px solid transparent;background:#ffffff;padding-top:var(--global-kb-spacing-sm, 1.5rem);padding-right:var(--global-kb-spacing-sm, 1.5rem);padding-bottom:var(--global-kb-spacing-sm, 1.5rem);padding-left:var(--global-kb-spacing-sm, 1.5rem);}.kt-accordion-id662_d65be4-bd .wp-block-kadence-pane .kt-accordion-header-wrap .kt-blocks-accordion-header{border-top:1px solid #eeeeee;border-right:1px solid #eeeeee;border-bottom:1px solid #eeeeee;border-left:2px solid #eeeeee;border-top-left-radius:0px;border-top-right-radius:0px;border-bottom-right-radius:0px;border-bottom-left-radius:0px;background:#ffffff;color:#444444;padding-top:14px;padding-right:16px;padding-bottom:14px;padding-left:16px;}.kt-accordion-id662_d65be4-bd:not( .kt-accodion-icon-style-basiccircle ):not( .kt-accodion-icon-style-xclosecircle ):not( .kt-accodion-icon-style-arrowcircle ) .kt-blocks-accordion-icon-trigger:after, .kt-accordion-id662_d65be4-bd:not( .kt-accodion-icon-style-basiccircle ):not( .kt-accodion-icon-style-xclosecircle ):not( .kt-accodion-icon-style-arrowcircle ) .kt-blocks-accordion-icon-trigger:before{background:#444444;}.kt-accordion-id662_d65be4-bd:not( .kt-accodion-icon-style-basic ):not( .kt-accodion-icon-style-xclose ):not( .kt-accodion-icon-style-arrow ) .kt-blocks-accordion-icon-trigger{background:#444444;}.kt-accordion-id662_d65be4-bd:not( .kt-accodion-icon-style-basic ):not( .kt-accodion-icon-style-xclose ):not( .kt-accodion-icon-style-arrow ) .kt-blocks-accordion-icon-trigger:after, .kt-accordion-id662_d65be4-bd:not( .kt-accodion-icon-style-basic ):not( .kt-accodion-icon-style-xclose ):not( .kt-accodion-icon-style-arrow ) .kt-blocks-accordion-icon-trigger:before{background:#ffffff;}.kt-accordion-id662_d65be4-bd .kt-accordion-header-wrap .kt-blocks-accordion-header:hover, body:not(.hide-focus-outline) .kt-accordion-id662_d65be4-bd .kt-accordion-header-wrap .kt-blocks-accordion-header:focus-visible{color:#444444;background:#ffffff;border-top-color:#d4d4d4;border-top-style:solid;border-right-color:#d4d4d4;border-right-style:solid;border-bottom-color:#d4d4d4;border-bottom-style:solid;border-left-color:#d4d4d4;border-left-style:solid;}.kt-accordion-id662_d65be4-bd:not( .kt-accodion-icon-style-basiccircle ):not( .kt-accodion-icon-style-xclosecircle ):not( .kt-accodion-icon-style-arrowcircle ) .kt-blocks-accordion-header:hover .kt-blocks-accordion-icon-trigger:after, .kt-accordion-id662_d65be4-bd:not( .kt-accodion-icon-style-basiccircle ):not( .kt-accodion-icon-style-xclosecircle ):not( .kt-accodion-icon-style-arrowcircle ) .kt-blocks-accordion-header:hover .kt-blocks-accordion-icon-trigger:before, body:not(.hide-focus-outline) .kt-accordion-id662_d65be4-bd:not( .kt-accodion-icon-style-basiccircle ):not( .kt-accodion-icon-style-xclosecircle ):not( .kt-accodion-icon-style-arrowcircle ) .kt-blocks-accordion--visible .kt-blocks-accordion-icon-trigger:after, body:not(.hide-focus-outline) .kt-accordion-id662_d65be4-bd:not( .kt-accodion-icon-style-basiccircle ):not( .kt-accodion-icon-style-xclosecircle ):not( .kt-accodion-icon-style-arrowcircle ) .kt-blocks-accordion-header:focus-visible .kt-blocks-accordion-icon-trigger:before{background:#444444;}.kt-accordion-id662_d65be4-bd:not( .kt-accodion-icon-style-basic ):not( .kt-accodion-icon-style-xclose ):not( .kt-accodion-icon-style-arrow ) .kt-blocks-accordion-header:hover .kt-blocks-accordion-icon-trigger, body:not(.hide-focus-outline) .kt-accordion-id662_d65be4-bd:not( .kt-accodion-icon-style-basic ):not( .kt-accodion-icon-style-xclose ):not( .kt-accodion-icon-style-arrow ) .kt-blocks-accordion-header:focus-visible .kt-blocks-accordion-icon-trigger{background:#444444;}.kt-accordion-id662_d65be4-bd:not( .kt-accodion-icon-style-basic ):not( .kt-accodion-icon-style-xclose ):not( .kt-accodion-icon-style-arrow ) .kt-blocks-accordion-header:hover .kt-blocks-accordion-icon-trigger:after, .kt-accordion-id662_d65be4-bd:not( .kt-accodion-icon-style-basic ):not( .kt-accodion-icon-style-xclose ):not( .kt-accodion-icon-style-arrow ) .kt-blocks-accordion-header:hover .kt-blocks-accordion-icon-trigger:before, body:not(.hide-focus-outline) .kt-accordion-id662_d65be4-bd:not( .kt-accodion-icon-style-basic ):not( .kt-accodion-icon-style-xclose ):not( .kt-accodion-icon-style-arrow ) .kt-blocks-accordion-header:focus-visible .kt-blocks-accordion-icon-trigger:after, body:not(.hide-focus-outline) .kt-accordion-id662_d65be4-bd:not( .kt-accodion-icon-style-basic ):not( .kt-accodion-icon-style-xclose ):not( .kt-accodion-icon-style-arrow ) .kt-blocks-accordion-header:focus-visible .kt-blocks-accordion-icon-trigger:before{background:#ffffff;}.kt-accordion-id662_d65be4-bd .kt-accordion-header-wrap .kt-blocks-accordion-header:focus-visible, .kt-accordion-id662_d65be4-bd .kt-accordion-header-wrap .kt-blocks-accordion-header.kt-accordion-panel-active{color:#444444;background:#ffffff;border-top-color:#eeeeee;border-top-style:solid;border-right-color:#eeeeee;border-right-style:solid;border-bottom-color:#eeeeee;border-bottom-style:solid;border-left-color:#0e9cd1;border-left-style:solid;}.kt-accordion-id662_d65be4-bd:not( .kt-accodion-icon-style-basiccircle ):not( .kt-accodion-icon-style-xclosecircle ):not( .kt-accodion-icon-style-arrowcircle ) .kt-blocks-accordion-header.kt-accordion-panel-active .kt-blocks-accordion-icon-trigger:after, .kt-accordion-id662_d65be4-bd:not( .kt-accodion-icon-style-basiccircle ):not( .kt-accodion-icon-style-xclosecircle ):not( .kt-accodion-icon-style-arrowcircle ) .kt-blocks-accordion-header.kt-accordion-panel-active .kt-blocks-accordion-icon-trigger:before{background:#444444;}.kt-accordion-id662_d65be4-bd:not( .kt-accodion-icon-style-basic ):not( .kt-accodion-icon-style-xclose ):not( .kt-accodion-icon-style-arrow ) .kt-blocks-accordion-header.kt-accordion-panel-active .kt-blocks-accordion-icon-trigger{background:#444444;}.kt-accordion-id662_d65be4-bd:not( .kt-accodion-icon-style-basic ):not( .kt-accodion-icon-style-xclose ):not( .kt-accodion-icon-style-arrow ) .kt-blocks-accordion-header.kt-accordion-panel-active .kt-blocks-accordion-icon-trigger:after, .kt-accordion-id662_d65be4-bd:not( .kt-accodion-icon-style-basic ):not( .kt-accodion-icon-style-xclose ):not( .kt-accodion-icon-style-arrow ) .kt-blocks-accordion-header.kt-accordion-panel-active .kt-blocks-accordion-icon-trigger:before{background:#ffffff;}@media all and (max-width: 1024px){.kt-accordion-id662_d65be4-bd .kt-accordion-panel-inner{border-top:0px solid transparent;border-right:1px solid transparent;border-bottom:1px solid transparent;border-left:1px solid transparent;}}@media all and (max-width: 1024px){.kt-accordion-id662_d65be4-bd .wp-block-kadence-pane .kt-accordion-header-wrap .kt-blocks-accordion-header{border-top:1px solid #eeeeee;border-right:1px solid #eeeeee;border-bottom:1px solid #eeeeee;border-left:2px solid #eeeeee;}}@media all and (max-width: 1024px){.kt-accordion-id662_d65be4-bd .kt-accordion-header-wrap .kt-blocks-accordion-header:hover, body:not(.hide-focus-outline) .kt-accordion-id662_d65be4-bd .kt-accordion-header-wrap .kt-blocks-accordion-header:focus-visible{border-top-color:#d4d4d4;border-top-style:solid;border-right-color:#d4d4d4;border-right-style:solid;border-bottom-color:#d4d4d4;border-bottom-style:solid;border-left-color:#d4d4d4;border-left-style:solid;}}@media all and (max-width: 1024px){.kt-accordion-id662_d65be4-bd .kt-accordion-header-wrap .kt-blocks-accordion-header:focus-visible, .kt-accordion-id662_d65be4-bd .kt-accordion-header-wrap .kt-blocks-accordion-header.kt-accordion-panel-active{border-top-color:#eeeeee;border-top-style:solid;border-right-color:#eeeeee;border-right-style:solid;border-bottom-color:#eeeeee;border-bottom-style:solid;border-left-color:#0e9cd1;border-left-style:solid;}}@media all and (max-width: 767px){.kt-accordion-id662_d65be4-bd .kt-accordion-inner-wrap{display:block;}.kt-accordion-id662_d65be4-bd .kt-accordion-inner-wrap .kt-accordion-pane:not(:first-child){margin-top:10px;}.kt-accordion-id662_d65be4-bd .kt-accordion-panel-inner{border-top:0px solid transparent;border-right:1px solid transparent;border-bottom:1px solid transparent;border-left:1px solid transparent;}.kt-accordion-id662_d65be4-bd .wp-block-kadence-pane .kt-accordion-header-wrap .kt-blocks-accordion-header{border-top:1px solid #eeeeee;border-right:1px solid #eeeeee;border-bottom:1px solid #eeeeee;border-left:2px solid #eeeeee;}.kt-accordion-id662_d65be4-bd .kt-accordion-header-wrap .kt-blocks-accordion-header:hover, body:not(.hide-focus-outline) .kt-accordion-id662_d65be4-bd .kt-accordion-header-wrap .kt-blocks-accordion-header:focus-visible{border-top-color:#d4d4d4;border-top-style:solid;border-right-color:#d4d4d4;border-right-style:solid;border-bottom-color:#d4d4d4;border-bottom-style:solid;border-left-color:#d4d4d4;border-left-style:solid;}.kt-accordion-id662_d65be4-bd .kt-accordion-header-wrap .kt-blocks-accordion-header:focus-visible, .kt-accordion-id662_d65be4-bd .kt-accordion-header-wrap .kt-blocks-accordion-header.kt-accordion-panel-active{border-top-color:#eeeeee;border-top-style:solid;border-right-color:#eeeeee;border-right-style:solid;border-bottom-color:#eeeeee;border-bottom-style:solid;border-left-color:#0e9cd1;border-left-style:solid;}}<\/style>\n<div class=\"wp-block-kadence-accordion alignnone\"><div class=\"kt-accordion-wrap kt-accordion-id662_d65be4-bd kt-accordion-has-2-panes kt-active-pane-0 kt-accordion-block kt-pane-header-alignment-left kt-accodion-icon-style-arrow kt-accodion-icon-side-right\" style=\"max-width:none\"><div class=\"kt-accordion-inner-wrap\" data-allow-multiple-open=\"false\" data-start-open=\"none\">\n<div class=\"wp-block-kadence-pane kt-accordion-pane kt-accordion-pane-1 kt-pane662_c0f243-58\"><div class=\"kt-accordion-header-wrap\"><button class=\"kt-blocks-accordion-header kt-acccordion-button-label-show\" type=\"button\"><span class=\"kt-blocks-accordion-title-wrap\"><span class=\"kt-blocks-accordion-title\">Conditions pour l'obtention du cr\u00e9dit linguistique<\/span><\/span><span class=\"kt-blocks-accordion-icon-trigger\"><\/span><\/button><\/div><div class=\"kt-accordion-panel kt-accordion-panel-hidden\"><div class=\"kt-accordion-panel-inner\">\n<p><\/p>\n\n\n\n<ul class=\"wp-block-list\">\n<li>Les \u00e9tudiants anglophones qui obtiennent une note minimale de C dans 12 cr\u00e9dits suivis enti\u00e8rement en fran\u00e7ais peuvent demander un cr\u00e9dit linguistique d'une valeur de 6 cr\u00e9dits. Les \u00e9tudiants anglophones qui obtiennent une note minimale de C dans 6 cr\u00e9dits suivis enti\u00e8rement en fran\u00e7ais peuvent demander un cr\u00e9dit linguistique d'une valeur de 3 cr\u00e9dits.<\/li>\n\n\n\n<li>Les \u00e9tudiants francophones qui obtiennent une note minimale de C dans 12 cr\u00e9dits suivis enti\u00e8rement en anglais peuvent demander un cr\u00e9dit linguistique d'une valeur de 6 cr\u00e9dits. Les \u00e9tudiants francophones qui obtiennent une note minimale de C dans 6 cr\u00e9dits suivis enti\u00e8rement en anglais peuvent demander un cr\u00e9dit linguistique d'une valeur de 3 cr\u00e9dits.<\/li>\n\n\n\n<li>Les cr\u00e9dits linguistiques, qu'ils soient pond\u00e9r\u00e9s \u00e0 3 ou 6 cr\u00e9dits, seront pris en compte dans les cours optionnels du dipl\u00f4me.<strong> Les \u00e9tudiants doivent tout de m\u00eame satisfaire \u00e0 toutes les exigences du dipl\u00f4me<\/strong>.<\/li>\n\n\n\n<li>Le cr\u00e9dit de langue n'appara\u00eetra sur le dossier de l'\u00e9tudiant qu'\u00e0 l'obtention de son dipl\u00f4me \u00e0 Glendon. Les \u00e9tudiants qui changent de facult\u00e9 au sein de l'Universit\u00e9 York ou qui changent d'universit\u00e9 ne recevront pas de cr\u00e9dit de langue. Certaines \u00e9coles sup\u00e9rieures ne reconnaissent pas le cr\u00e9dit de langue comme \u00e9quivalent \u00e0 un cours.<\/li>\n<\/ul>\n\n\n\n<p><strong>Remarque :<\/strong> tous les travaux \u00e9crits soumis dans le cadre du cours doivent \u00eatre r\u00e9dig\u00e9s dans la langue du cours.<\/p>\n\n\n\n<p>Les cours et programmes suivants ne donnent pas droit au cr\u00e9dit de langue :<\/p>\n\n\n\n<p><\/p>\n\n\n\n<ul class=\"wp-block-list\">\n<li>Tous les cours de ENSL<\/li>\n\n\n\n<li>Les cours donn\u00e9s, moiti\u00e9 dans une langue et moiti\u00e9 dans l\u2019autre ou dans toute autre langue que l\u2019anglais ou le fran\u00e7ais.<\/li>\n\n\n\n<li>Si le cours est donn\u00e9 en anglais, mais que le s\u00e9minaire est aussi offert en fran\u00e7ais,  le cours ne compte pas si l\u2019\u00e9tudiant choisit le s\u00e9minaire fran\u00e7ais.<\/li>\n\n\n\n<li>Les cours suivis dans le D\u00e9partement d\u2019anglais par les \u00e9tudiants francophones qui suivent un programme d\u2019\u00e9tudes avec concentration en anglais.<\/li>\n<\/ul>\n\n\n\n<p>Pour plus de d\u00e9tails, veuillez voir <a href=\"http:\/\/calendars.registrar.yorku.ca\/\">le calendrier de premier cycle<\/a>.<\/p>\n<\/div><\/div><\/div>\n\n\n\n<div class=\"wp-block-kadence-pane kt-accordion-pane kt-accordion-pane-2 kt-pane662_1cc96d-f0\"><div class=\"kt-accordion-header-wrap\"><button class=\"kt-blocks-accordion-header kt-acccordion-button-label-show\" type=\"button\"><span class=\"kt-blocks-accordion-title-wrap\"><span class=\"kt-blocks-accordion-title\">\u00c9ch\u00e9ances et soumission<\/span><\/span><span class=\"kt-blocks-accordion-icon-trigger\"><\/span><\/button><\/div><div class=\"kt-accordion-panel kt-accordion-panel-hidden\"><div class=\"kt-accordion-panel-inner\">\n<p>Ce formulaire, d\u00fbment rempli, doit \u00eatre remis au Bureau des services acad\u00e9miques, pavillon York, C102 ou soumis par courriel \u00e0 acadservices@glendon.yorku.ca.<\/p>\n<\/div><\/div><\/div>\n<\/div><\/div><\/div>\n\n\n\n<div style=\"height:28px\" aria-hidden=\"true\" class=\"wp-block-spacer\"><\/div>\n\n\n\n<div style=\"height:34px\" aria-hidden=\"true\" class=\"wp-block-spacer\"><\/div>\n\n\n\n<div class=\"wp-block-buttons is-layout-flex wp-block-buttons-is-layout-flex\">\n<div class=\"wp-block-button\"><a class=\"wp-block-button__link has-background wp-element-button\" href=\"https:\/\/www.yorku.ca\/glendon\/academic-services\/wp-content\/uploads\/sites\/1037\/2025\/12\/Application-Language-Credit-EN-FR.pdf\" style=\"background-color:#004a8d\" target=\"_blank\" rel=\"noreferrer noopener\">T\u00e9l\u00e9chargez le formulaire<\/a><\/div>\n<\/div>\n\n\n\n<div style=\"height:45px\" aria-hidden=\"true\" class=\"wp-block-spacer\"><\/div>\n\n\n\n<p>Vous avez une question rapide pour laquelle vous d\u00e9sirez une r\u00e9ponse vite-faite?  Visitez <a href=\"https:\/\/www.yorku.ca\/glendon\/academic-services\/academic-services-faq\/?lang=fr\" target=\"_blank\" rel=\"noreferrer noopener\">notre page FAQ<\/a><\/p>\n\n\n\n<div style=\"height:100px\" aria-hidden=\"true\" class=\"wp-block-spacer\"><\/div>\n","protected":false},"excerpt":{"rendered":"<p>Le cr\u00e9dit linguistique est une dispense pouvant aller jusqu'\u00e0 6 cr\u00e9dits, accord\u00e9e en fonction des cours suivis dans la langue officielle non dominante de l'\u00e9tudiant (fran\u00e7ais ou anglais). Les \u00e9tudiants qui obtiennent un dipl\u00f4me bilingue ou trilingue peuvent demander un cr\u00e9dit linguistique (jusqu'\u00e0 6 cr\u00e9dits), comme suit :<\/p>\n","protected":false},"author":1199,"featured_media":362,"parent":0,"menu_order":0,"comment_status":"closed","ping_status":"closed","template":"secondary-page.php","meta":{"_kad_blocks_custom_css":"","_kad_blocks_head_custom_js":"","_kad_blocks_body_custom_js":"","_kad_blocks_footer_custom_js":"","footnotes":""},"tags":[],"class_list":["post-662","page","type-page","status-publish","has-post-thumbnail","hentry"],"yoast_head":"<!-- This site is optimized with the Yoast SEO plugin v24.0 - https:\/\/yoast.com\/wordpress\/plugins\/seo\/ -->\n<title>Formulaire de demande de cr\u00e9dit linguistique - Academic Services<\/title>\n<meta name=\"description\" content=\"Demandez des cr\u00e9dits linguistiques \u00e0 Glendon: admissibilit\u00e9, \u00e9tapes, et formulaires pour faire reconna\u00eetre vos cr\u00e9dits linguistiques.\" \/>\n<meta name=\"robots\" content=\"noindex, follow, max-snippet:-1, max-image-preview:large, max-video-preview:-1\" \/>\n<meta property=\"og:locale\" content=\"en_US\" \/>\n<meta property=\"og:type\" content=\"article\" \/>\n<meta property=\"og:title\" content=\"Formulaire de demande de cr\u00e9dit linguistique - Academic Services\" \/>\n<meta property=\"og:description\" content=\"Demandez des cr\u00e9dits linguistiques \u00e0 Glendon: admissibilit\u00e9, \u00e9tapes, et formulaires pour faire reconna\u00eetre vos cr\u00e9dits linguistiques.\" \/>\n<meta property=\"og:url\" content=\"https:\/\/www.yorku.ca\/glendon\/academic-services\/application-for-language-credit\/?lang=fr\" \/>\n<meta property=\"og:site_name\" content=\"Academic Services\" \/>\n<meta property=\"article:modified_time\" content=\"2026-01-26T17:48:16+00:00\" \/>\n<meta property=\"og:image\" content=\"https:\/\/www.yorku.ca\/glendon\/academic-services\/wp-content\/uploads\/sites\/1037\/2025\/12\/CMYK_DSC_04491-1024x683.jpeg\" \/>\n\t<meta property=\"og:image:width\" content=\"1024\" \/>\n\t<meta property=\"og:image:height\" content=\"683\" \/>\n\t<meta property=\"og:image:type\" content=\"image\/jpeg\" \/>\n<meta name=\"twitter:card\" content=\"summary_large_image\" \/>\n<meta name=\"twitter:label1\" content=\"Est. reading time\" \/>\n\t<meta name=\"twitter:data1\" content=\"2 minutes\" \/>\n<script type=\"application\/ld+json\" class=\"yoast-schema-graph\">{\"@context\":\"https:\/\/schema.org\",\"@graph\":[{\"@type\":\"WebPage\",\"@id\":\"https:\/\/www.yorku.ca\/glendon\/academic-services\/application-for-language-credit\/?lang=fr\",\"url\":\"https:\/\/www.yorku.ca\/glendon\/academic-services\/application-for-language-credit\/?lang=fr\",\"name\":\"Formulaire de demande de cr\u00e9dit linguistique - Academic Services\",\"isPartOf\":{\"@id\":\"https:\/\/www.yorku.ca\/glendon\/academic-services\/#website\"},\"primaryImageOfPage\":{\"@id\":\"https:\/\/www.yorku.ca\/glendon\/academic-services\/application-for-language-credit\/?lang=fr#primaryimage\"},\"image\":{\"@id\":\"https:\/\/www.yorku.ca\/glendon\/academic-services\/application-for-language-credit\/?lang=fr#primaryimage\"},\"thumbnailUrl\":\"https:\/\/www.yorku.ca\/glendon\/academic-services\/wp-content\/uploads\/sites\/1037\/2025\/12\/CMYK_DSC_04491.jpeg\",\"datePublished\":\"2025-12-17T20:13:38+00:00\",\"dateModified\":\"2026-01-26T17:48:16+00:00\",\"description\":\"Demandez des cr\u00e9dits linguistiques \u00e0 Glendon: admissibilit\u00e9, \u00e9tapes, et formulaires pour faire reconna\u00eetre vos cr\u00e9dits linguistiques.\",\"breadcrumb\":{\"@id\":\"https:\/\/www.yorku.ca\/glendon\/academic-services\/application-for-language-credit\/?lang=fr#breadcrumb\"},\"inLanguage\":\"en-US\",\"potentialAction\":[{\"@type\":\"ReadAction\",\"target\":[\"https:\/\/www.yorku.ca\/glendon\/academic-services\/application-for-language-credit\/?lang=fr\"]}]},{\"@type\":\"ImageObject\",\"inLanguage\":\"en-US\",\"@id\":\"https:\/\/www.yorku.ca\/glendon\/academic-services\/application-for-language-credit\/?lang=fr#primaryimage\",\"url\":\"https:\/\/www.yorku.ca\/glendon\/academic-services\/wp-content\/uploads\/sites\/1037\/2025\/12\/CMYK_DSC_04491.jpeg\",\"contentUrl\":\"https:\/\/www.yorku.ca\/glendon\/academic-services\/wp-content\/uploads\/sites\/1037\/2025\/12\/CMYK_DSC_04491.jpeg\",\"width\":8256,\"height\":5504},{\"@type\":\"BreadcrumbList\",\"@id\":\"https:\/\/www.yorku.ca\/glendon\/academic-services\/application-for-language-credit\/?lang=fr#breadcrumb\",\"itemListElement\":[{\"@type\":\"ListItem\",\"position\":1,\"name\":\"Home\",\"item\":\"\/glendon\/\"},{\"@type\":\"ListItem\",\"position\":2,\"name\":\"Academic Services\",\"item\":\"https:\/\/www.yorku.ca\/glendon\/academic-services\/\"},{\"@type\":\"ListItem\",\"position\":3,\"name\":\"Formulaire de demande de cr\u00e9dit linguistique\"}]},{\"@type\":\"WebSite\",\"@id\":\"https:\/\/www.yorku.ca\/glendon\/academic-services\/#website\",\"url\":\"https:\/\/www.yorku.ca\/glendon\/academic-services\/\",\"name\":\"Academic Services\",\"description\":\"Just another York Central CMS Sites site\",\"potentialAction\":[{\"@type\":\"SearchAction\",\"target\":{\"@type\":\"EntryPoint\",\"urlTemplate\":\"https:\/\/www.yorku.ca\/glendon\/academic-services\/?s={search_term_string}\"},\"query-input\":{\"@type\":\"PropertyValueSpecification\",\"valueRequired\":true,\"valueName\":\"search_term_string\"}}],\"inLanguage\":\"en-US\"}]}<\/script>\n<!-- \/ Yoast SEO plugin. -->","yoast_head_json":{"title":"Formulaire de demande de cr\u00e9dit linguistique - Academic Services","description":"Demandez des cr\u00e9dits linguistiques \u00e0 Glendon: admissibilit\u00e9, \u00e9tapes, et formulaires pour faire reconna\u00eetre vos cr\u00e9dits linguistiques.","robots":{"index":"noindex","follow":"follow","max-snippet":"max-snippet:-1","max-image-preview":"max-image-preview:large","max-video-preview":"max-video-preview:-1"},"og_locale":"en_US","og_type":"article","og_title":"Formulaire de demande de cr\u00e9dit linguistique - Academic Services","og_description":"Demandez des cr\u00e9dits linguistiques \u00e0 Glendon: admissibilit\u00e9, \u00e9tapes, et formulaires pour faire reconna\u00eetre vos cr\u00e9dits linguistiques.","og_url":"https:\/\/www.yorku.ca\/glendon\/academic-services\/application-for-language-credit\/?lang=fr","og_site_name":"Academic Services","article_modified_time":"2026-01-26T17:48:16+00:00","og_image":[{"width":1024,"height":683,"url":"https:\/\/www.yorku.ca\/glendon\/academic-services\/wp-content\/uploads\/sites\/1037\/2025\/12\/CMYK_DSC_04491-1024x683.jpeg","type":"image\/jpeg"}],"twitter_card":"summary_large_image","twitter_misc":{"Est. reading time":"2 minutes"},"schema":{"@context":"https:\/\/schema.org","@graph":[{"@type":"WebPage","@id":"https:\/\/www.yorku.ca\/glendon\/academic-services\/application-for-language-credit\/?lang=fr","url":"https:\/\/www.yorku.ca\/glendon\/academic-services\/application-for-language-credit\/?lang=fr","name":"Formulaire de demande de cr\u00e9dit linguistique - Academic Services","isPartOf":{"@id":"https:\/\/www.yorku.ca\/glendon\/academic-services\/#website"},"primaryImageOfPage":{"@id":"https:\/\/www.yorku.ca\/glendon\/academic-services\/application-for-language-credit\/?lang=fr#primaryimage"},"image":{"@id":"https:\/\/www.yorku.ca\/glendon\/academic-services\/application-for-language-credit\/?lang=fr#primaryimage"},"thumbnailUrl":"https:\/\/www.yorku.ca\/glendon\/academic-services\/wp-content\/uploads\/sites\/1037\/2025\/12\/CMYK_DSC_04491.jpeg","datePublished":"2025-12-17T20:13:38+00:00","dateModified":"2026-01-26T17:48:16+00:00","description":"Demandez des cr\u00e9dits linguistiques \u00e0 Glendon: admissibilit\u00e9, \u00e9tapes, et formulaires pour faire reconna\u00eetre vos cr\u00e9dits linguistiques.","breadcrumb":{"@id":"https:\/\/www.yorku.ca\/glendon\/academic-services\/application-for-language-credit\/?lang=fr#breadcrumb"},"inLanguage":"en-US","potentialAction":[{"@type":"ReadAction","target":["https:\/\/www.yorku.ca\/glendon\/academic-services\/application-for-language-credit\/?lang=fr"]}]},{"@type":"ImageObject","inLanguage":"en-US","@id":"https:\/\/www.yorku.ca\/glendon\/academic-services\/application-for-language-credit\/?lang=fr#primaryimage","url":"https:\/\/www.yorku.ca\/glendon\/academic-services\/wp-content\/uploads\/sites\/1037\/2025\/12\/CMYK_DSC_04491.jpeg","contentUrl":"https:\/\/www.yorku.ca\/glendon\/academic-services\/wp-content\/uploads\/sites\/1037\/2025\/12\/CMYK_DSC_04491.jpeg","width":8256,"height":5504},{"@type":"BreadcrumbList","@id":"https:\/\/www.yorku.ca\/glendon\/academic-services\/application-for-language-credit\/?lang=fr#breadcrumb","itemListElement":[{"@type":"ListItem","position":1,"name":"Home","item":"\/glendon\/"},{"@type":"ListItem","position":2,"name":"Academic Services","item":"https:\/\/www.yorku.ca\/glendon\/academic-services\/"},{"@type":"ListItem","position":3,"name":"Formulaire de demande de cr\u00e9dit linguistique"}]},{"@type":"WebSite","@id":"https:\/\/www.yorku.ca\/glendon\/academic-services\/#website","url":"https:\/\/www.yorku.ca\/glendon\/academic-services\/","name":"Academic Services","description":"Just another York Central CMS Sites site","potentialAction":[{"@type":"SearchAction","target":{"@type":"EntryPoint","urlTemplate":"https:\/\/www.yorku.ca\/glendon\/academic-services\/?s={search_term_string}"},"query-input":{"@type":"PropertyValueSpecification","valueRequired":true,"valueName":"search_term_string"}}],"inLanguage":"en-US"}]}},"taxonomy_info":[],"featured_image_src_large":["https:\/\/www.yorku.ca\/glendon\/academic-services\/wp-content\/uploads\/sites\/1037\/2025\/12\/CMYK_DSC_04491-1024x683.jpeg",1024,683,true],"author_info":{"display_name":"gillest","author_link":"https:\/\/www.yorku.ca\/glendon\/academic-services\/author\/gillest\/"},"comment_info":0,"_links":{"self":[{"href":"https:\/\/www.yorku.ca\/glendon\/academic-services\/wp-json\/wp\/v2\/pages\/662","targetHints":{"allow":["GET"]}}],"collection":[{"href":"https:\/\/www.yorku.ca\/glendon\/academic-services\/wp-json\/wp\/v2\/pages"}],"about":[{"href":"https:\/\/www.yorku.ca\/glendon\/academic-services\/wp-json\/wp\/v2\/types\/page"}],"author":[{"embeddable":true,"href":"https:\/\/www.yorku.ca\/glendon\/academic-services\/wp-json\/wp\/v2\/users\/1199"}],"replies":[{"embeddable":true,"href":"https:\/\/www.yorku.ca\/glendon\/academic-services\/wp-json\/wp\/v2\/comments?post=662"}],"version-history":[{"count":6,"href":"https:\/\/www.yorku.ca\/glendon\/academic-services\/wp-json\/wp\/v2\/pages\/662\/revisions"}],"predecessor-version":[{"id":1208,"href":"https:\/\/www.yorku.ca\/glendon\/academic-services\/wp-json\/wp\/v2\/pages\/662\/revisions\/1208"}],"wp:featuredmedia":[{"embeddable":true,"href":"https:\/\/www.yorku.ca\/glendon\/academic-services\/wp-json\/wp\/v2\/media\/362"}],"wp:attachment":[{"href":"https:\/\/www.yorku.ca\/glendon\/academic-services\/wp-json\/wp\/v2\/media?parent=662"}],"wp:term":[{"taxonomy":"post_tag","embeddable":true,"href":"https:\/\/www.yorku.ca\/glendon\/academic-services\/wp-json\/wp\/v2\/tags?post=662"}],"curies":[{"name":"wp","href":"https:\/\/api.w.org\/{rel}","templated":true}]}}