  {"id":648,"date":"2025-12-17T14:06:49","date_gmt":"2025-12-17T19:06:49","guid":{"rendered":"https:\/\/www.yorku.ca\/glendon\/academic-servicesdev\/apply-to-a-certificate-program-2\/"},"modified":"2026-04-07T15:14:33","modified_gmt":"2026-04-07T19:14:33","slug":"apply-to-a-certificate-program-2","status":"publish","type":"page","link":"https:\/\/www.yorku.ca\/glendon\/academic-services\/apply-to-a-certificate-program-2\/?lang=fr","title":{"rendered":"Comment s'inscrire \u00e0 un programme de certificat"},"content":{"rendered":"\n<div style=\"height:35px\" aria-hidden=\"true\" class=\"wp-block-spacer\"><\/div>\n\n\n\n<p><strong>Chaque programme de certificat poss\u00e8de ses propres conditions qui doivent \u00eatre remplies pr\u00e9alablement \u00e0 la demande.<\/strong><\/p>\n\n\n\n<p>Veuillez contacter le d\u00e9partement respectif pour de plus amples renseignements.<\/p>\n\n\n\n<p><strong>Veuillez consulter&nbsp;<a href=\"http:\/\/calendars.registrar.yorku.ca\/\">l\u2019Annuaire de premier cycle<\/a>&nbsp;pour plus d\u2019information sur les certificats suivants :<\/strong><\/p>\n\n\n\n<ul class=\"wp-block-list\">\n<li><a href=\"https:\/\/www.glendon.yorku.ca\/english-studies\/dteil\/\">Certificate in the Discipline of Teaching English as an International Language (en anglais uniquement)<\/a><\/li>\n\n\n\n<li><a href=\"https:\/\/calendars.students.yorku.ca\/academic-calendar#\/programs\/r1Hd7MWV_\/SyPXQWQuO\" target=\"_blank\" rel=\"noreferrer noopener\">Certificat d\u2019\u00e9tudes sur les r\u00e9fugi\u00e9s et la migration<\/a><\/li>\n\n\n\n<li><a href=\"https:\/\/www.glendon.yorku.ca\/philosophy\/fr\/certificat\/\">Certificat en droit et pens\u00e9e sociale<\/a><\/li>\n\n\n\n<li><a href=\"https:\/\/www.glendon.yorku.ca\/sexuality-studies\/fr\/certificat\/\">Certificat en \u00e9tudes sur le sexualit\u00e9<\/a><\/li>\n\n\n\n<li><a href=\"https:\/\/www.glendon.yorku.ca\/hispanic-studies\/fr\/certificat-en-traduction-espagnolanglais-anglaisespagnol\/\">Certificat en traduction anglais\/espagnol-espagnol\/anglais<\/a><\/li>\n\n\n\n<li><a href=\"https:\/\/www.glendon.yorku.ca\/certificate-technical-communication\/\">Certificate in Technical and Professional Communication (en anglais uniquement)<\/a><\/li>\n\n\n\n<li><a href=\"https:\/\/www.glendon.yorku.ca\/hispanic-studies\/fr\/certificat-en-espagnol-des-affaires-et-communication-professionnelle\/\">Certificat de competence en espagnol des affaires et en communication professionnelle<\/a><\/li>\n\n\n\n<li><a href=\"https:\/\/www.yorku.ca\/glendon\/certificates\/publichistory\/?lang=fr\">Certificat interdisciplinaire en histoire publique<\/a><\/li>\n<\/ul>\n\n\n\n<div style=\"height:35px\" aria-hidden=\"true\" class=\"wp-block-spacer\"><\/div>\n\n\n\n<div class=\"wp-block-buttons is-layout-flex wp-block-buttons-is-layout-flex\">\n<div class=\"wp-block-button\"><a class=\"wp-block-button__link has-background wp-element-button\" href=\"https:\/\/www.yorku.ca\/glendon\/academic-services\/form-add-a-certifcate-formulaire-ajout-de-certificats\/?lang=fr\" style=\"background-color:#004a8d\" target=\"_blank\" rel=\"noreferrer noopener\">Accc\u00e9dez au formulaire<\/a><\/div>\n<\/div>\n\n\n\n<div style=\"height:35px\" aria-hidden=\"true\" class=\"wp-block-spacer\"><\/div>\n\n\n\n<p><strong>Les certificats suivants ne sont plus ouverts \u00e0 l\u2019admission:<\/strong><\/p>\n\n\n\n<ul class=\"wp-block-list\">\n<li>Certificat en cr\u00e9ation litt\u00e9raire dans divers contextes (en anglais uniquement)<\/li>\n\n\n\n<li>Certificate in Technical and Professional Communication (en anglais uniquement)<\/li>\n\n\n\n<li><a href=\"http:\/\/2022-2023.calendars.students.yorku.ca\/2022-2023\/programs\/GL\/bilingual-certificate-in-public-administration-and-public-policy\">Certificat bilingue en administration publique et politique publique<\/a><\/li>\n<\/ul>\n\n\n\n<div style=\"height:45px\" aria-hidden=\"true\" class=\"wp-block-spacer\"><\/div>\n\n\n\n<p>Vous avez une question rapide pour laquelle vous d\u00e9sirez une r\u00e9ponse vite-faite?  Visitez <a href=\"https:\/\/www.yorku.ca\/glendon\/academic-services\/academic-services-faq\/?lang=fr\" target=\"_blank\" rel=\"noreferrer noopener\">notre page FAQ<\/a><\/p>\n\n\n\n<div style=\"height:100px\" aria-hidden=\"true\" class=\"wp-block-spacer\"><\/div>\n","protected":false},"excerpt":{"rendered":"<p>Chaque programme de certificat poss\u00e8de ses propres conditions qui doivent \u00eatre remplies pr\u00e9alablement \u00e0 la demande. Veuillez contacter le d\u00e9partement respectif pour de plus amples renseignements. Veuillez consulter&nbsp;l\u2019Annuaire de premier cycle&nbsp;pour plus d\u2019information sur les certificats suivants : Les certificats suivants ne sont plus ouverts \u00e0 l\u2019admission:<\/p>\n","protected":false},"author":1199,"featured_media":384,"parent":0,"menu_order":0,"comment_status":"closed","ping_status":"closed","template":"secondary-page.php","meta":{"_kad_blocks_custom_css":"","_kad_blocks_head_custom_js":"","_kad_blocks_body_custom_js":"","_kad_blocks_footer_custom_js":"","footnotes":""},"tags":[],"class_list":["post-648","page","type-page","status-publish","has-post-thumbnail","hentry"],"yoast_head":"<!-- This site is optimized with the Yoast SEO plugin v27.3 - https:\/\/yoast.com\/product\/yoast-seo-wordpress\/ -->\n<title>Comment s&#039;inscrire \u00e0 un programme de certificat - Academic Services<\/title>\n<meta name=\"description\" content=\"D\u00e9couvrez comment postuler aux programmes de certificats de Glendon, les conditions requises, dates limites et formulaires.\" \/>\n<meta name=\"robots\" content=\"noindex, follow, max-snippet:-1, max-image-preview:large, max-video-preview:-1\" \/>\n<meta property=\"og:locale\" content=\"en_US\" \/>\n<meta property=\"og:type\" content=\"article\" \/>\n<meta property=\"og:title\" content=\"Comment s&#039;inscrire \u00e0 un programme de certificat - Academic Services\" \/>\n<meta property=\"og:description\" content=\"D\u00e9couvrez comment postuler aux programmes de certificats de Glendon, les conditions requises, dates limites et formulaires.\" \/>\n<meta property=\"og:url\" content=\"https:\/\/www.yorku.ca\/glendon\/academic-services\/apply-to-a-certificate-program-2\/?lang=fr\" \/>\n<meta property=\"og:site_name\" content=\"Academic Services\" \/>\n<meta property=\"article:modified_time\" content=\"2026-04-07T19:14:33+00:00\" \/>\n<meta property=\"og:image\" content=\"https:\/\/www.yorku.ca\/glendon\/academic-services\/wp-content\/uploads\/sites\/1037\/2025\/12\/dsc03840-1642x925-11.jpg\" \/>\n\t<meta property=\"og:image:width\" content=\"1642\" \/>\n\t<meta property=\"og:image:height\" content=\"925\" \/>\n\t<meta property=\"og:image:type\" content=\"image\/jpeg\" \/>\n<meta name=\"twitter:card\" content=\"summary_large_image\" \/>\n<meta name=\"twitter:label1\" content=\"Est. reading time\" \/>\n\t<meta name=\"twitter:data1\" content=\"2 minutes\" \/>\n<script type=\"application\/ld+json\" class=\"yoast-schema-graph\">{\"@context\":\"https:\\\/\\\/schema.org\",\"@graph\":[{\"@type\":\"WebPage\",\"@id\":\"https:\\\/\\\/www.yorku.ca\\\/glendon\\\/academic-services\\\/apply-to-a-certificate-program-2\\\/?lang=fr\",\"url\":\"https:\\\/\\\/www.yorku.ca\\\/glendon\\\/academic-services\\\/apply-to-a-certificate-program-2\\\/?lang=fr\",\"name\":\"Comment s'inscrire \u00e0 un programme de certificat - Academic Services\",\"isPartOf\":{\"@id\":\"https:\\\/\\\/www.yorku.ca\\\/glendon\\\/academic-services\\\/#website\"},\"primaryImageOfPage\":{\"@id\":\"https:\\\/\\\/www.yorku.ca\\\/glendon\\\/academic-services\\\/apply-to-a-certificate-program-2\\\/?lang=fr#primaryimage\"},\"image\":{\"@id\":\"https:\\\/\\\/www.yorku.ca\\\/glendon\\\/academic-services\\\/apply-to-a-certificate-program-2\\\/?lang=fr#primaryimage\"},\"thumbnailUrl\":\"https:\\\/\\\/www.yorku.ca\\\/glendon\\\/academic-services\\\/wp-content\\\/uploads\\\/sites\\\/1037\\\/2025\\\/12\\\/dsc03840-1642x925-11.jpg\",\"datePublished\":\"2025-12-17T19:06:49+00:00\",\"dateModified\":\"2026-04-07T19:14:33+00:00\",\"description\":\"D\u00e9couvrez comment postuler aux programmes de certificats de Glendon, les conditions requises, dates limites et formulaires.\",\"breadcrumb\":{\"@id\":\"https:\\\/\\\/www.yorku.ca\\\/glendon\\\/academic-services\\\/apply-to-a-certificate-program-2\\\/?lang=fr#breadcrumb\"},\"inLanguage\":\"en-US\",\"potentialAction\":[{\"@type\":\"ReadAction\",\"target\":[\"https:\\\/\\\/www.yorku.ca\\\/glendon\\\/academic-services\\\/apply-to-a-certificate-program-2\\\/?lang=fr\"]}]},{\"@type\":\"ImageObject\",\"inLanguage\":\"en-US\",\"@id\":\"https:\\\/\\\/www.yorku.ca\\\/glendon\\\/academic-services\\\/apply-to-a-certificate-program-2\\\/?lang=fr#primaryimage\",\"url\":\"https:\\\/\\\/www.yorku.ca\\\/glendon\\\/academic-services\\\/wp-content\\\/uploads\\\/sites\\\/1037\\\/2025\\\/12\\\/dsc03840-1642x925-11.jpg\",\"contentUrl\":\"https:\\\/\\\/www.yorku.ca\\\/glendon\\\/academic-services\\\/wp-content\\\/uploads\\\/sites\\\/1037\\\/2025\\\/12\\\/dsc03840-1642x925-11.jpg\",\"width\":1642,\"height\":925},{\"@type\":\"BreadcrumbList\",\"@id\":\"https:\\\/\\\/www.yorku.ca\\\/glendon\\\/academic-services\\\/apply-to-a-certificate-program-2\\\/?lang=fr#breadcrumb\",\"itemListElement\":[{\"@type\":\"ListItem\",\"position\":1,\"name\":\"Home\",\"item\":\"\\\/glendon\\\/\"},{\"@type\":\"ListItem\",\"position\":2,\"name\":\"Academic Services\",\"item\":\"https:\\\/\\\/www.yorku.ca\\\/glendon\\\/academic-services\\\/\"},{\"@type\":\"ListItem\",\"position\":3,\"name\":\"Comment s'inscrire \u00e0 un programme de certificat\"}]},{\"@type\":\"WebSite\",\"@id\":\"https:\\\/\\\/www.yorku.ca\\\/glendon\\\/academic-services\\\/#website\",\"url\":\"https:\\\/\\\/www.yorku.ca\\\/glendon\\\/academic-services\\\/\",\"name\":\"Academic Services\",\"description\":\"Just another York Central CMS Sites site\",\"potentialAction\":[{\"@type\":\"SearchAction\",\"target\":{\"@type\":\"EntryPoint\",\"urlTemplate\":\"https:\\\/\\\/www.yorku.ca\\\/glendon\\\/academic-services\\\/?s={search_term_string}\"},\"query-input\":{\"@type\":\"PropertyValueSpecification\",\"valueRequired\":true,\"valueName\":\"search_term_string\"}}],\"inLanguage\":\"en-US\"}]}<\/script>\n<!-- \/ Yoast SEO plugin. -->","yoast_head_json":{"title":"Comment s'inscrire \u00e0 un programme de certificat - Academic Services","description":"D\u00e9couvrez comment postuler aux programmes de certificats de Glendon, les conditions requises, dates limites et formulaires.","robots":{"index":"noindex","follow":"follow","max-snippet":"max-snippet:-1","max-image-preview":"max-image-preview:large","max-video-preview":"max-video-preview:-1"},"og_locale":"en_US","og_type":"article","og_title":"Comment s'inscrire \u00e0 un programme de certificat - Academic Services","og_description":"D\u00e9couvrez comment postuler aux programmes de certificats de Glendon, les conditions requises, dates limites et formulaires.","og_url":"https:\/\/www.yorku.ca\/glendon\/academic-services\/apply-to-a-certificate-program-2\/?lang=fr","og_site_name":"Academic Services","article_modified_time":"2026-04-07T19:14:33+00:00","og_image":[{"width":1642,"height":925,"url":"https:\/\/www.yorku.ca\/glendon\/academic-services\/wp-content\/uploads\/sites\/1037\/2025\/12\/dsc03840-1642x925-11.jpg","type":"image\/jpeg"}],"twitter_card":"summary_large_image","twitter_misc":{"Est. reading time":"2 minutes"},"schema":{"@context":"https:\/\/schema.org","@graph":[{"@type":"WebPage","@id":"https:\/\/www.yorku.ca\/glendon\/academic-services\/apply-to-a-certificate-program-2\/?lang=fr","url":"https:\/\/www.yorku.ca\/glendon\/academic-services\/apply-to-a-certificate-program-2\/?lang=fr","name":"Comment s'inscrire \u00e0 un programme de certificat - Academic Services","isPartOf":{"@id":"https:\/\/www.yorku.ca\/glendon\/academic-services\/#website"},"primaryImageOfPage":{"@id":"https:\/\/www.yorku.ca\/glendon\/academic-services\/apply-to-a-certificate-program-2\/?lang=fr#primaryimage"},"image":{"@id":"https:\/\/www.yorku.ca\/glendon\/academic-services\/apply-to-a-certificate-program-2\/?lang=fr#primaryimage"},"thumbnailUrl":"https:\/\/www.yorku.ca\/glendon\/academic-services\/wp-content\/uploads\/sites\/1037\/2025\/12\/dsc03840-1642x925-11.jpg","datePublished":"2025-12-17T19:06:49+00:00","dateModified":"2026-04-07T19:14:33+00:00","description":"D\u00e9couvrez comment postuler aux programmes de certificats de Glendon, les conditions requises, dates limites et formulaires.","breadcrumb":{"@id":"https:\/\/www.yorku.ca\/glendon\/academic-services\/apply-to-a-certificate-program-2\/?lang=fr#breadcrumb"},"inLanguage":"en-US","potentialAction":[{"@type":"ReadAction","target":["https:\/\/www.yorku.ca\/glendon\/academic-services\/apply-to-a-certificate-program-2\/?lang=fr"]}]},{"@type":"ImageObject","inLanguage":"en-US","@id":"https:\/\/www.yorku.ca\/glendon\/academic-services\/apply-to-a-certificate-program-2\/?lang=fr#primaryimage","url":"https:\/\/www.yorku.ca\/glendon\/academic-services\/wp-content\/uploads\/sites\/1037\/2025\/12\/dsc03840-1642x925-11.jpg","contentUrl":"https:\/\/www.yorku.ca\/glendon\/academic-services\/wp-content\/uploads\/sites\/1037\/2025\/12\/dsc03840-1642x925-11.jpg","width":1642,"height":925},{"@type":"BreadcrumbList","@id":"https:\/\/www.yorku.ca\/glendon\/academic-services\/apply-to-a-certificate-program-2\/?lang=fr#breadcrumb","itemListElement":[{"@type":"ListItem","position":1,"name":"Home","item":"\/glendon\/"},{"@type":"ListItem","position":2,"name":"Academic Services","item":"https:\/\/www.yorku.ca\/glendon\/academic-services\/"},{"@type":"ListItem","position":3,"name":"Comment s'inscrire \u00e0 un programme de certificat"}]},{"@type":"WebSite","@id":"https:\/\/www.yorku.ca\/glendon\/academic-services\/#website","url":"https:\/\/www.yorku.ca\/glendon\/academic-services\/","name":"Academic Services","description":"Just another York Central CMS Sites site","potentialAction":[{"@type":"SearchAction","target":{"@type":"EntryPoint","urlTemplate":"https:\/\/www.yorku.ca\/glendon\/academic-services\/?s={search_term_string}"},"query-input":{"@type":"PropertyValueSpecification","valueRequired":true,"valueName":"search_term_string"}}],"inLanguage":"en-US"}]}},"taxonomy_info":[],"featured_image_src_large":["https:\/\/www.yorku.ca\/glendon\/academic-services\/wp-content\/uploads\/sites\/1037\/2025\/12\/dsc03840-1642x925-11-1024x577.jpg",1024,577,true],"author_info":{"display_name":"gillest","author_link":"https:\/\/www.yorku.ca\/glendon\/academic-services\/author\/gillest\/"},"comment_info":0,"_links":{"self":[{"href":"https:\/\/www.yorku.ca\/glendon\/academic-services\/wp-json\/wp\/v2\/pages\/648","targetHints":{"allow":["GET"]}}],"collection":[{"href":"https:\/\/www.yorku.ca\/glendon\/academic-services\/wp-json\/wp\/v2\/pages"}],"about":[{"href":"https:\/\/www.yorku.ca\/glendon\/academic-services\/wp-json\/wp\/v2\/types\/page"}],"author":[{"embeddable":true,"href":"https:\/\/www.yorku.ca\/glendon\/academic-services\/wp-json\/wp\/v2\/users\/1199"}],"replies":[{"embeddable":true,"href":"https:\/\/www.yorku.ca\/glendon\/academic-services\/wp-json\/wp\/v2\/comments?post=648"}],"version-history":[{"count":5,"href":"https:\/\/www.yorku.ca\/glendon\/academic-services\/wp-json\/wp\/v2\/pages\/648\/revisions"}],"predecessor-version":[{"id":1489,"href":"https:\/\/www.yorku.ca\/glendon\/academic-services\/wp-json\/wp\/v2\/pages\/648\/revisions\/1489"}],"wp:featuredmedia":[{"embeddable":true,"href":"https:\/\/www.yorku.ca\/glendon\/academic-services\/wp-json\/wp\/v2\/media\/384"}],"wp:attachment":[{"href":"https:\/\/www.yorku.ca\/glendon\/academic-services\/wp-json\/wp\/v2\/media?parent=648"}],"wp:term":[{"taxonomy":"post_tag","embeddable":true,"href":"https:\/\/www.yorku.ca\/glendon\/academic-services\/wp-json\/wp\/v2\/tags?post=648"}],"curies":[{"name":"wp","href":"https:\/\/api.w.org\/{rel}","templated":true}]}}