  {"id":624,"date":"2025-12-16T15:31:07","date_gmt":"2025-12-16T20:31:07","guid":{"rendered":"https:\/\/www.yorku.ca\/glendon\/academic-servicesdev\/deferred-standing-agreement\/"},"modified":"2026-01-26T13:41:49","modified_gmt":"2026-01-26T18:41:49","slug":"deferred-standing-agreement","status":"publish","type":"page","link":"https:\/\/www.yorku.ca\/glendon\/academic-services\/deferred-standing-agreement\/?lang=fr","title":{"rendered":"Accord de report"},"content":{"rendered":"\n<div style=\"height:25px\" aria-hidden=\"true\" class=\"wp-block-spacer\"><\/div>\n\n\n\n<p>Ce formulaire est utilis\u00e9 dans le cadre d\u2019un accord sur l\u2019ajournement d\u2019un travail final et\/ou de la date d\u2019un examen final.<\/p>\n\n\n\n<p>Toute demande de report pourrait \u00eatre refus\u00e9e.<\/p>\n\n\n\n<div style=\"height:25px\" aria-hidden=\"true\" class=\"wp-block-spacer\"><\/div>\n\n\n\n<div class=\"wp-block-group is-layout-constrained wp-block-group-is-layout-constrained\"><style>.kt-accordion-id624_ac2c7c-7a .kt-accordion-inner-wrap{column-gap:var(--global-kb-gap-md, 2rem);row-gap:8px;}.kt-accordion-id624_ac2c7c-7a .kt-accordion-panel-inner{padding-top:var(--global-kb-spacing-sm, 1.5rem);padding-right:var(--global-kb-spacing-sm, 1.5rem);padding-bottom:var(--global-kb-spacing-sm, 1.5rem);padding-left:var(--global-kb-spacing-sm, 1.5rem);}.kt-accordion-id624_ac2c7c-7a .wp-block-kadence-pane .kt-accordion-header-wrap .kt-blocks-accordion-header{padding-top:var(--global-kb-spacing-xxs, 0.5rem);padding-right:var(--global-kb-spacing-xs, 1rem);padding-bottom:var(--global-kb-spacing-xxs, 0.5rem);padding-left:var(--global-kb-spacing-xs, 1rem);}@media all and (max-width: 767px){.kt-accordion-id624_ac2c7c-7a .kt-accordion-inner-wrap{display:block;}.kt-accordion-id624_ac2c7c-7a .kt-accordion-inner-wrap .kt-accordion-pane:not(:first-child){margin-top:8px;}}<\/style>\n<div class=\"wp-block-kadence-accordion alignnone\"><div class=\"kt-accordion-wrap kt-accordion-id624_ac2c7c-7a kt-accordion-has-26-panes kt-active-pane-0 kt-accordion-block kt-pane-header-alignment-left kt-accodion-icon-style-arrow kt-accodion-icon-side-right\" style=\"max-width:none\"><div class=\"kt-accordion-inner-wrap\" data-allow-multiple-open=\"false\" data-start-open=\"none\">\n<div class=\"wp-block-kadence-pane kt-accordion-pane kt-accordion-pane-20 kt-pane624_f249a5-18\"><div class=\"kt-accordion-header-wrap\"><button class=\"kt-blocks-accordion-header kt-acccordion-button-label-show\" type=\"button\"><span class=\"kt-blocks-accordion-title-wrap\"><span class=\"kt-blocks-accordion-title\">CONDITIONS<\/span><\/span><span class=\"kt-blocks-accordion-icon-trigger\"><\/span><\/button><\/div><div class=\"kt-accordion-panel kt-accordion-panel-hidden\"><div class=\"kt-accordion-panel-inner\">\n<ol class=\"wp-block-list\">\n<li>Le directeur de cours et l\u2019\u00e9tudiant doivent convenir d\u2019une date \u00e0 laquelle l\u2019\u00e9tudiant passera l\u2019examen manqu\u00e9 ou remettra un travail requis.<\/li>\n\n\n\n<li>L\u2019\u00e9tudiant doit founir tout document pertinent appuyant les motifs invoqu\u00e9s. (ex.&nbsp;<a href=\"https:\/\/www.yorku.ca\/glendon\/academic-services\/wp-content\/uploads\/sites\/1037\/2025\/12\/Attending-Physician-Statement-FR.pdf\">d\u00e9claration du m\u00e9decin traitant<\/a>,&nbsp;<a href=\"https:\/\/www.yorku.ca\/glendon\/academic-services\/wp-content\/uploads\/sites\/1037\/2025\/12\/Counsellors-Statement-FR.pdf\">d\u00e9claration de conseiller<\/a>, ou tout document pertinent d\u2019un service de l\u2019universit\u00e9).<\/li>\n<\/ol>\n<\/div><\/div><\/div>\n\n\n\n<div class=\"wp-block-kadence-pane kt-accordion-pane kt-accordion-pane-21 kt-pane624_b16f97-ca\"><div class=\"kt-accordion-header-wrap\"><button class=\"kt-blocks-accordion-header kt-acccordion-button-label-show\" type=\"button\"><span class=\"kt-blocks-accordion-title-wrap\"><span class=\"kt-blocks-accordion-title\">\u00c9CH\u00c9ANCES<\/span><\/span><span class=\"kt-blocks-accordion-icon-trigger\"><\/span><\/button><\/div><div class=\"kt-accordion-panel kt-accordion-panel-hidden\"><div class=\"kt-accordion-panel-inner\">\n<p>La politique du S\u00e9nat stipule que \u201cnormally requests for deferred standing must be communicated within one week following a missed examination or the last day to submit course work\u201d. La p\u00e9riode pendant laquelle l'universit\u00e9 est officiellement ferm\u00e9e pour les vacances de d\u00e9cembre et les jours f\u00e9ri\u00e9s n'est pas prise en compte dans le calcul des d\u00e9lais.<\/p>\n\n\n\n<p>Si un \u00e9tudiant manque la date limite pour soumettre le formulaire d'accord de report d'examen final\/de devoir, ou si le directeur du cours n'accepte pas d'examiner les demandes de report, les \u00e9tudiants doivent rencontrer un conseiller, soit en se rendant \u00e0 une s\u00e9ance \"drop-in\" sans rendez-vous, soit en <a href=\"https:\/\/www.yorku.ca\/glendon\/academic-services\/academic-petitions\/?lang=fr\" target=\"_blank\" rel=\"noreferrer noopener\">prenant rendez-vous<\/a>, afin de discuter de leur demande de report, et de la possibilit\u00e9 de faire une <a href=\"https:\/\/www.yorku.ca\/glendon\/supports-and-services\/services-academiques\/academic-petitions\/petition-for-deferred-standing\/?lang=fr\" target=\"_blank\" rel=\"noreferrer noopener\">p\u00e9tition pour report<\/a>.<\/p>\n<\/div><\/div><\/div>\n<\/div><\/div><\/div>\n\n\n<style>.kt-accordion-id624_c6c85f-ee .kt-accordion-inner-wrap{column-gap:var(--global-kb-gap-md, 2rem);row-gap:8px;}.kt-accordion-id624_c6c85f-ee .kt-accordion-panel-inner{padding-top:var(--global-kb-spacing-sm, 1.5rem);padding-right:var(--global-kb-spacing-sm, 1.5rem);padding-bottom:var(--global-kb-spacing-sm, 1.5rem);padding-left:var(--global-kb-spacing-sm, 1.5rem);}.kt-accordion-id624_c6c85f-ee .wp-block-kadence-pane .kt-accordion-header-wrap .kt-blocks-accordion-header{padding-top:var(--global-kb-spacing-xxs, 0.5rem);padding-right:var(--global-kb-spacing-xs, 1rem);padding-bottom:var(--global-kb-spacing-xxs, 0.5rem);padding-left:var(--global-kb-spacing-xs, 1rem);}@media all and (max-width: 767px){.kt-accordion-id624_c6c85f-ee .kt-accordion-inner-wrap{display:block;}.kt-accordion-id624_c6c85f-ee .kt-accordion-inner-wrap .kt-accordion-pane:not(:first-child){margin-top:8px;}}<\/style>\n<div class=\"wp-block-kadence-accordion alignnone\"><div class=\"kt-accordion-wrap kt-accordion-id624_c6c85f-ee kt-accordion-has-26-panes kt-active-pane-0 kt-accordion-block kt-pane-header-alignment-left kt-accodion-icon-style-arrow kt-accodion-icon-side-right\" style=\"max-width:none\"><div class=\"kt-accordion-inner-wrap\" data-allow-multiple-open=\"false\" data-start-open=\"none\">\n<div class=\"wp-block-kadence-pane kt-accordion-pane kt-accordion-pane-20 kt-pane624_800fce-82\"><div class=\"kt-accordion-header-wrap\"><button class=\"kt-blocks-accordion-header kt-acccordion-button-label-show\" type=\"button\"><span class=\"kt-blocks-accordion-title-wrap\"><span class=\"kt-blocks-accordion-title\">DATES<\/span><\/span><span class=\"kt-blocks-accordion-icon-trigger\"><\/span><\/button><\/div><div class=\"kt-accordion-panel kt-accordion-panel-hidden\"><div class=\"kt-accordion-panel-inner\">\n<figure class=\"wp-block-table\"><table><thead><tr><th class=\"has-text-align-left\" data-align=\"left\"><strong>Toute r\u00e9vision de note finale doit \u00eatre remise au Bureau des services acad\u00e9miques avant les dates suivantes:<\/strong><\/th><th><\/th><\/tr><\/thead><tbody><tr><td class=\"has-text-align-left\" data-align=\"left\">Cours d\u2019automne (F)<\/td><td><br>1er avril<\/td><\/tr><tr><td class=\"has-text-align-left\" data-align=\"left\">Cours d\u2019hiver (W) et d\u2019ann\u00e9e (Y)<\/td><td>1et Ao\u00fbt<\/td><\/tr><tr><td class=\"has-text-align-left\" data-align=\"left\">Cours d\u2019\u00e9t\u00e9<\/td><td>1er semestre \u2013 1er septembre<br>2\u00e8me semestre \u2013 1er octobre<\/td><\/tr><tr><\/tr><\/tbody><\/table><\/figure>\n\n\n\n<p>Veuillez consulter le site web indiquant les&nbsp;<a href=\"http:\/\/registrar.yorku.ca\/enrol\/dates\">Dates Importantes.<\/a><\/p>\n<\/div><\/div><\/div>\n\n\n\n<div class=\"wp-block-kadence-pane kt-accordion-pane kt-accordion-pane-21 kt-pane624_28de11-ba\"><div class=\"kt-accordion-header-wrap\"><button class=\"kt-blocks-accordion-header kt-acccordion-button-label-show\" type=\"button\"><span class=\"kt-blocks-accordion-title-wrap\"><span class=\"kt-blocks-accordion-title\">SOUMISSION<\/span><\/span><span class=\"kt-blocks-accordion-icon-trigger\"><\/span><\/button><\/div><div class=\"kt-accordion-panel kt-accordion-panel-hidden\"><div class=\"kt-accordion-panel-inner\">\n<h3 class=\"wp-block-heading\">Cours au campus Glendon<\/h3>\n\n\n\n<p>Ce formulaire doit \u00eatre remis au Bureau des services acad\u00e9miques, pavillon York, C102 ou bien soumis par courriel \u00e0 <a href=\"mailto:acadservices@glendon.yorku.ca\" target=\"_blank\" rel=\"noreferrer noopener\">acadservices@glendon.yorku.ca<\/a>.<\/p>\n\n\n\n<h3 class=\"wp-block-heading\">Cours au campus Keele<\/h3>\n\n\n\n<p>Veuillez soumettre le formulaire au d\u00e9partement acad\u00e9mique qui offre le cours. Veuillez consulter&nbsp;<a href=\"https:\/\/myacademicrecord.students.yorku.ca\/deferred-standing\">le site web d\u2019accord de cote diff\u00e9r\u00e9e de York<\/a>&nbsp;pour les plus amples informations.<\/p>\n<\/div><\/div><\/div>\n<\/div><\/div><\/div>\n<\/div>\n\n\n\n<div style=\"height:45px\" aria-hidden=\"true\" class=\"wp-block-spacer\"><\/div>\n\n\n\n<div class=\"wp-block-buttons is-layout-flex wp-block-buttons-is-layout-flex\">\n<div class=\"wp-block-button\"><a class=\"wp-block-button__link has-kb-palette-19-color has-text-color has-background has-link-color wp-element-button\" href=\"https:\/\/www.yorku.ca\/glendon\/academic-services\/wp-content\/uploads\/sites\/1037\/2025\/12\/Accord-de-cote-deferree.pdf\" style=\"background-color:#004a8d\" target=\"_blank\" rel=\"noreferrer noopener\">T\u00e9l\u00e9chargez le formulaire<\/a><\/div>\n<\/div>\n\n\n\n<div style=\"height:45px\" aria-hidden=\"true\" class=\"wp-block-spacer\"><\/div>\n\n\n\n<p>Vous avez une question rapide pour laquelle vous d\u00e9sirez une r\u00e9ponse vite-faite?  Visitez <a href=\"https:\/\/www.yorku.ca\/glendon\/academic-services\/academic-services-faq\/?lang=fr\" target=\"_blank\" rel=\"noreferrer noopener\">notre page FAQ<\/a><\/p>\n\n\n\n<div style=\"height:100px\" aria-hidden=\"true\" class=\"wp-block-spacer\"><\/div>\n","protected":false},"excerpt":{"rendered":"<p>Ce formulaire est utilis\u00e9 dans le cadre d\u2019un accord sur l\u2019ajournement d\u2019un travail final et\/ou de la date d\u2019un examen final. Toute demande de report pourrait \u00eatre refus\u00e9e.<\/p>\n","protected":false},"author":1199,"featured_media":531,"parent":0,"menu_order":0,"comment_status":"closed","ping_status":"closed","template":"secondary-page.php","meta":{"_kad_blocks_custom_css":"","_kad_blocks_head_custom_js":"","_kad_blocks_body_custom_js":"","_kad_blocks_footer_custom_js":"","footnotes":""},"tags":[],"class_list":["post-624","page","type-page","status-publish","has-post-thumbnail","hentry"],"yoast_head":"<!-- This site is optimized with the Yoast SEO plugin v24.0 - https:\/\/yoast.com\/wordpress\/plugins\/seo\/ -->\n<title>Accord de report - Academic Services<\/title>\n<meta name=\"description\" content=\"Apprenez comment demander un report \u00e0 Glendon, notamment les conditions d&#039;admissibilit\u00e9, \u00e9tapes \u00e0 suivre et comment soumettre le formulaire.\" \/>\n<meta name=\"robots\" content=\"noindex, follow, max-snippet:-1, max-image-preview:large, max-video-preview:-1\" \/>\n<meta property=\"og:locale\" content=\"en_US\" \/>\n<meta property=\"og:type\" content=\"article\" \/>\n<meta property=\"og:title\" content=\"Accord de report - Academic Services\" \/>\n<meta property=\"og:description\" content=\"Apprenez comment demander un report \u00e0 Glendon, notamment les conditions d&#039;admissibilit\u00e9, \u00e9tapes \u00e0 suivre et comment soumettre le formulaire.\" \/>\n<meta property=\"og:url\" content=\"https:\/\/www.yorku.ca\/glendon\/academic-services\/deferred-standing-agreement\/?lang=fr\" \/>\n<meta property=\"og:site_name\" content=\"Academic Services\" \/>\n<meta property=\"article:modified_time\" content=\"2026-01-26T18:41:49+00:00\" \/>\n<meta property=\"og:image\" content=\"https:\/\/www.yorku.ca\/glendon\/academic-services\/wp-content\/uploads\/sites\/1037\/2025\/12\/Capture-1024x7691-1.png\" \/>\n\t<meta property=\"og:image:width\" content=\"1024\" \/>\n\t<meta property=\"og:image:height\" content=\"769\" \/>\n\t<meta property=\"og:image:type\" content=\"image\/png\" \/>\n<meta name=\"twitter:card\" content=\"summary_large_image\" \/>\n<meta name=\"twitter:label1\" content=\"Est. reading time\" \/>\n\t<meta name=\"twitter:data1\" content=\"2 minutes\" \/>\n<script type=\"application\/ld+json\" class=\"yoast-schema-graph\">{\"@context\":\"https:\/\/schema.org\",\"@graph\":[{\"@type\":\"WebPage\",\"@id\":\"https:\/\/www.yorku.ca\/glendon\/academic-services\/deferred-standing-agreement\/?lang=fr\",\"url\":\"https:\/\/www.yorku.ca\/glendon\/academic-services\/deferred-standing-agreement\/?lang=fr\",\"name\":\"Accord de report - Academic Services\",\"isPartOf\":{\"@id\":\"https:\/\/www.yorku.ca\/glendon\/academic-services\/#website\"},\"primaryImageOfPage\":{\"@id\":\"https:\/\/www.yorku.ca\/glendon\/academic-services\/deferred-standing-agreement\/?lang=fr#primaryimage\"},\"image\":{\"@id\":\"https:\/\/www.yorku.ca\/glendon\/academic-services\/deferred-standing-agreement\/?lang=fr#primaryimage\"},\"thumbnailUrl\":\"https:\/\/www.yorku.ca\/glendon\/academic-services\/wp-content\/uploads\/sites\/1037\/2025\/12\/Capture-1024x7691-1.png\",\"datePublished\":\"2025-12-16T20:31:07+00:00\",\"dateModified\":\"2026-01-26T18:41:49+00:00\",\"description\":\"Apprenez comment demander un report \u00e0 Glendon, notamment les conditions d'admissibilit\u00e9, \u00e9tapes \u00e0 suivre et comment soumettre le formulaire.\",\"breadcrumb\":{\"@id\":\"https:\/\/www.yorku.ca\/glendon\/academic-services\/deferred-standing-agreement\/?lang=fr#breadcrumb\"},\"inLanguage\":\"en-US\",\"potentialAction\":[{\"@type\":\"ReadAction\",\"target\":[\"https:\/\/www.yorku.ca\/glendon\/academic-services\/deferred-standing-agreement\/?lang=fr\"]}]},{\"@type\":\"ImageObject\",\"inLanguage\":\"en-US\",\"@id\":\"https:\/\/www.yorku.ca\/glendon\/academic-services\/deferred-standing-agreement\/?lang=fr#primaryimage\",\"url\":\"https:\/\/www.yorku.ca\/glendon\/academic-services\/wp-content\/uploads\/sites\/1037\/2025\/12\/Capture-1024x7691-1.png\",\"contentUrl\":\"https:\/\/www.yorku.ca\/glendon\/academic-services\/wp-content\/uploads\/sites\/1037\/2025\/12\/Capture-1024x7691-1.png\",\"width\":1024,\"height\":769},{\"@type\":\"BreadcrumbList\",\"@id\":\"https:\/\/www.yorku.ca\/glendon\/academic-services\/deferred-standing-agreement\/?lang=fr#breadcrumb\",\"itemListElement\":[{\"@type\":\"ListItem\",\"position\":1,\"name\":\"Home\",\"item\":\"\/glendon\/\"},{\"@type\":\"ListItem\",\"position\":2,\"name\":\"Academic Services\",\"item\":\"https:\/\/www.yorku.ca\/glendon\/academic-services\/\"},{\"@type\":\"ListItem\",\"position\":3,\"name\":\"Accord de report\"}]},{\"@type\":\"WebSite\",\"@id\":\"https:\/\/www.yorku.ca\/glendon\/academic-services\/#website\",\"url\":\"https:\/\/www.yorku.ca\/glendon\/academic-services\/\",\"name\":\"Academic Services\",\"description\":\"Just another York Central CMS Sites site\",\"potentialAction\":[{\"@type\":\"SearchAction\",\"target\":{\"@type\":\"EntryPoint\",\"urlTemplate\":\"https:\/\/www.yorku.ca\/glendon\/academic-services\/?s={search_term_string}\"},\"query-input\":{\"@type\":\"PropertyValueSpecification\",\"valueRequired\":true,\"valueName\":\"search_term_string\"}}],\"inLanguage\":\"en-US\"}]}<\/script>\n<!-- \/ Yoast SEO plugin. -->","yoast_head_json":{"title":"Accord de report - Academic Services","description":"Apprenez comment demander un report \u00e0 Glendon, notamment les conditions d'admissibilit\u00e9, \u00e9tapes \u00e0 suivre et comment soumettre le formulaire.","robots":{"index":"noindex","follow":"follow","max-snippet":"max-snippet:-1","max-image-preview":"max-image-preview:large","max-video-preview":"max-video-preview:-1"},"og_locale":"en_US","og_type":"article","og_title":"Accord de report - Academic Services","og_description":"Apprenez comment demander un report \u00e0 Glendon, notamment les conditions d'admissibilit\u00e9, \u00e9tapes \u00e0 suivre et comment soumettre le formulaire.","og_url":"https:\/\/www.yorku.ca\/glendon\/academic-services\/deferred-standing-agreement\/?lang=fr","og_site_name":"Academic Services","article_modified_time":"2026-01-26T18:41:49+00:00","og_image":[{"width":1024,"height":769,"url":"https:\/\/www.yorku.ca\/glendon\/academic-services\/wp-content\/uploads\/sites\/1037\/2025\/12\/Capture-1024x7691-1.png","type":"image\/png"}],"twitter_card":"summary_large_image","twitter_misc":{"Est. reading time":"2 minutes"},"schema":{"@context":"https:\/\/schema.org","@graph":[{"@type":"WebPage","@id":"https:\/\/www.yorku.ca\/glendon\/academic-services\/deferred-standing-agreement\/?lang=fr","url":"https:\/\/www.yorku.ca\/glendon\/academic-services\/deferred-standing-agreement\/?lang=fr","name":"Accord de report - Academic Services","isPartOf":{"@id":"https:\/\/www.yorku.ca\/glendon\/academic-services\/#website"},"primaryImageOfPage":{"@id":"https:\/\/www.yorku.ca\/glendon\/academic-services\/deferred-standing-agreement\/?lang=fr#primaryimage"},"image":{"@id":"https:\/\/www.yorku.ca\/glendon\/academic-services\/deferred-standing-agreement\/?lang=fr#primaryimage"},"thumbnailUrl":"https:\/\/www.yorku.ca\/glendon\/academic-services\/wp-content\/uploads\/sites\/1037\/2025\/12\/Capture-1024x7691-1.png","datePublished":"2025-12-16T20:31:07+00:00","dateModified":"2026-01-26T18:41:49+00:00","description":"Apprenez comment demander un report \u00e0 Glendon, notamment les conditions d'admissibilit\u00e9, \u00e9tapes \u00e0 suivre et comment soumettre le formulaire.","breadcrumb":{"@id":"https:\/\/www.yorku.ca\/glendon\/academic-services\/deferred-standing-agreement\/?lang=fr#breadcrumb"},"inLanguage":"en-US","potentialAction":[{"@type":"ReadAction","target":["https:\/\/www.yorku.ca\/glendon\/academic-services\/deferred-standing-agreement\/?lang=fr"]}]},{"@type":"ImageObject","inLanguage":"en-US","@id":"https:\/\/www.yorku.ca\/glendon\/academic-services\/deferred-standing-agreement\/?lang=fr#primaryimage","url":"https:\/\/www.yorku.ca\/glendon\/academic-services\/wp-content\/uploads\/sites\/1037\/2025\/12\/Capture-1024x7691-1.png","contentUrl":"https:\/\/www.yorku.ca\/glendon\/academic-services\/wp-content\/uploads\/sites\/1037\/2025\/12\/Capture-1024x7691-1.png","width":1024,"height":769},{"@type":"BreadcrumbList","@id":"https:\/\/www.yorku.ca\/glendon\/academic-services\/deferred-standing-agreement\/?lang=fr#breadcrumb","itemListElement":[{"@type":"ListItem","position":1,"name":"Home","item":"\/glendon\/"},{"@type":"ListItem","position":2,"name":"Academic Services","item":"https:\/\/www.yorku.ca\/glendon\/academic-services\/"},{"@type":"ListItem","position":3,"name":"Accord de report"}]},{"@type":"WebSite","@id":"https:\/\/www.yorku.ca\/glendon\/academic-services\/#website","url":"https:\/\/www.yorku.ca\/glendon\/academic-services\/","name":"Academic Services","description":"Just another York Central CMS Sites site","potentialAction":[{"@type":"SearchAction","target":{"@type":"EntryPoint","urlTemplate":"https:\/\/www.yorku.ca\/glendon\/academic-services\/?s={search_term_string}"},"query-input":{"@type":"PropertyValueSpecification","valueRequired":true,"valueName":"search_term_string"}}],"inLanguage":"en-US"}]}},"taxonomy_info":[],"featured_image_src_large":["https:\/\/www.yorku.ca\/glendon\/academic-services\/wp-content\/uploads\/sites\/1037\/2025\/12\/Capture-1024x7691-1.png",1024,769,false],"author_info":{"display_name":"gillest","author_link":"https:\/\/www.yorku.ca\/glendon\/academic-services\/author\/gillest\/"},"comment_info":0,"_links":{"self":[{"href":"https:\/\/www.yorku.ca\/glendon\/academic-services\/wp-json\/wp\/v2\/pages\/624","targetHints":{"allow":["GET"]}}],"collection":[{"href":"https:\/\/www.yorku.ca\/glendon\/academic-services\/wp-json\/wp\/v2\/pages"}],"about":[{"href":"https:\/\/www.yorku.ca\/glendon\/academic-services\/wp-json\/wp\/v2\/types\/page"}],"author":[{"embeddable":true,"href":"https:\/\/www.yorku.ca\/glendon\/academic-services\/wp-json\/wp\/v2\/users\/1199"}],"replies":[{"embeddable":true,"href":"https:\/\/www.yorku.ca\/glendon\/academic-services\/wp-json\/wp\/v2\/comments?post=624"}],"version-history":[{"count":7,"href":"https:\/\/www.yorku.ca\/glendon\/academic-services\/wp-json\/wp\/v2\/pages\/624\/revisions"}],"predecessor-version":[{"id":1236,"href":"https:\/\/www.yorku.ca\/glendon\/academic-services\/wp-json\/wp\/v2\/pages\/624\/revisions\/1236"}],"wp:featuredmedia":[{"embeddable":true,"href":"https:\/\/www.yorku.ca\/glendon\/academic-services\/wp-json\/wp\/v2\/media\/531"}],"wp:attachment":[{"href":"https:\/\/www.yorku.ca\/glendon\/academic-services\/wp-json\/wp\/v2\/media?parent=624"}],"wp:term":[{"taxonomy":"post_tag","embeddable":true,"href":"https:\/\/www.yorku.ca\/glendon\/academic-services\/wp-json\/wp\/v2\/tags?post=624"}],"curies":[{"name":"wp","href":"https:\/\/api.w.org\/{rel}","templated":true}]}}