  {"id":504,"date":"2025-12-10T14:02:53","date_gmt":"2025-12-10T19:02:53","guid":{"rendered":"https:\/\/www.yorku.ca\/glendon\/academic-servicesdev\/?page_id=504"},"modified":"2026-01-26T14:12:03","modified_gmt":"2026-01-26T19:12:03","slug":"eclass-courses-for-continuing-student-enrollment","status":"publish","type":"page","link":"https:\/\/www.yorku.ca\/glendon\/academic-services\/eclass-courses-for-continuing-student-enrollment\/?lang=fr","title":{"rendered":"Cours eClass pour les \u00e9tudiants actuels"},"content":{"rendered":"\n<div style=\"height:35px\" aria-hidden=\"true\" class=\"wp-block-spacer\"><\/div>\n\n\n\n<p>\u00c0 partir de la session automne\/hiver 2023-2024, nous avons cr\u00e9\u00e9 des cours sur eClass afin de vous aider \u00e0 choisir les cours adapt\u00e9s \u00e0 votre programme sp\u00e9cifique. \u00c0 l'aide de la fiche de planification des inscriptions et du cours, vous pouvez d\u00e9terminer les exigences restantes pour l'obtention de votre dipl\u00f4me et planifier votre s\u00e9lection de cours en cons\u00e9quence.<\/p>\n\n\n\n<p>Vous devez choisir le cours qui correspond \u00e0 l'ann\u00e9e au cours de laquelle vous avez \u00e9t\u00e9 admis \u00e0 Glendon.<\/p>\n\n\n\n<div style=\"height:25px\" aria-hidden=\"true\" class=\"wp-block-spacer\"><\/div>\n\n\n\n<ul class=\"wp-block-list\">\n<li>Admis en <a href=\"https:\/\/www.yorku.ca\/glendon\/academic-services\/enrollment-course-for-fw23-24-admits\/?lang=fr\" target=\"_blank\" rel=\"noreferrer noopener\">Fall\/Winter 2023-24<\/a><\/li>\n\n\n\n<li>Admis en <a href=\"https:\/\/www.yorku.ca\/glendon\/academic-services\/enrollment-course-for-fw24-25-admits\/?lang=fr\" target=\"_blank\" rel=\"noreferrer noopener\">Fall\/Winter 2024-25<\/a><\/li>\n\n\n\n<li>Admis en <a href=\"https:\/\/www.yorku.ca\/glendon\/academic-services\/enrollment-course-for-fw25-26-admits\/?lang=fr\" target=\"_blank\" rel=\"noreferrer noopener\">Fall\/Winter 2025-26<\/a><\/li>\n<\/ul>\n\n\n\n<div style=\"height:45px\" aria-hidden=\"true\" class=\"wp-block-spacer\"><\/div>\n\n\n\n<p>Vous avez une question rapide pour laquelle vous d\u00e9sirez une r\u00e9ponse vite-faite?  Visitez <a href=\"https:\/\/www.yorku.ca\/glendon\/academic-services\/academic-services-faq\/?lang=fr\" target=\"_blank\" rel=\"noreferrer noopener\">notre page FAQ<\/a><\/p>\n\n\n\n<div style=\"height:100px\" aria-hidden=\"true\" class=\"wp-block-spacer\"><\/div>\n","protected":false},"excerpt":{"rendered":"<p>\u00c0 partir de la session automne\/hiver 2023-2024, nous avons cr\u00e9\u00e9 des cours sur eClass afin de vous aider \u00e0 choisir les cours adapt\u00e9s \u00e0 votre programme sp\u00e9cifique. \u00c0 l'aide de la fiche de planification des inscriptions et du cours, vous pouvez d\u00e9terminer les exigences restantes pour l'obtention de votre dipl\u00f4me et planifier votre s\u00e9lection de [&hellip;]<\/p>\n","protected":false},"author":1199,"featured_media":508,"parent":0,"menu_order":0,"comment_status":"closed","ping_status":"closed","template":"secondary-page.php","meta":{"_kad_blocks_custom_css":"","_kad_blocks_head_custom_js":"","_kad_blocks_body_custom_js":"","_kad_blocks_footer_custom_js":"","footnotes":""},"tags":[],"class_list":["post-504","page","type-page","status-publish","has-post-thumbnail","hentry"],"yoast_head":"<!-- This site is optimized with the Yoast SEO plugin v27.3 - https:\/\/yoast.com\/product\/yoast-seo-wordpress\/ -->\n<title>Cours eClass pour les \u00e9tudiants actuels - Academic Services<\/title>\n<meta name=\"description\" content=\"Trouvez les cours Glendon eClass pour l&#039;inscription, y compris les \u00e9tapes \u00e0 suivre pour s&#039;inscrire et les directives acad\u00e9miques\" \/>\n<meta name=\"robots\" content=\"noindex, follow, max-snippet:-1, max-image-preview:large, max-video-preview:-1\" \/>\n<meta property=\"og:locale\" content=\"en_US\" \/>\n<meta property=\"og:type\" content=\"article\" \/>\n<meta property=\"og:title\" content=\"Cours eClass pour les \u00e9tudiants actuels - Academic Services\" \/>\n<meta property=\"og:description\" content=\"Trouvez les cours Glendon eClass pour l&#039;inscription, y compris les \u00e9tapes \u00e0 suivre pour s&#039;inscrire et les directives acad\u00e9miques\" \/>\n<meta property=\"og:url\" content=\"https:\/\/www.yorku.ca\/glendon\/academic-services\/eclass-courses-for-continuing-student-enrollment\/?lang=fr\" \/>\n<meta property=\"og:site_name\" content=\"Academic Services\" \/>\n<meta property=\"article:modified_time\" content=\"2026-01-26T19:12:03+00:00\" \/>\n<meta property=\"og:image\" content=\"https:\/\/www.yorku.ca\/glendon\/academic-services\/wp-content\/uploads\/sites\/1037\/2025\/12\/5-1024x6831-1.png\" \/>\n\t<meta property=\"og:image:width\" content=\"1024\" \/>\n\t<meta property=\"og:image:height\" content=\"683\" \/>\n\t<meta property=\"og:image:type\" content=\"image\/png\" \/>\n<meta name=\"twitter:card\" content=\"summary_large_image\" \/>\n<meta name=\"twitter:label1\" content=\"Est. reading time\" \/>\n\t<meta name=\"twitter:data1\" content=\"1 minute\" \/>\n<script type=\"application\/ld+json\" class=\"yoast-schema-graph\">{\"@context\":\"https:\\\/\\\/schema.org\",\"@graph\":[{\"@type\":\"WebPage\",\"@id\":\"https:\\\/\\\/www.yorku.ca\\\/glendon\\\/academic-services\\\/eclass-courses-for-continuing-student-enrollment\\\/?lang=fr\",\"url\":\"https:\\\/\\\/www.yorku.ca\\\/glendon\\\/academic-services\\\/eclass-courses-for-continuing-student-enrollment\\\/?lang=fr\",\"name\":\"Cours eClass pour les \u00e9tudiants actuels - Academic Services\",\"isPartOf\":{\"@id\":\"https:\\\/\\\/www.yorku.ca\\\/glendon\\\/academic-services\\\/#website\"},\"primaryImageOfPage\":{\"@id\":\"https:\\\/\\\/www.yorku.ca\\\/glendon\\\/academic-services\\\/eclass-courses-for-continuing-student-enrollment\\\/?lang=fr#primaryimage\"},\"image\":{\"@id\":\"https:\\\/\\\/www.yorku.ca\\\/glendon\\\/academic-services\\\/eclass-courses-for-continuing-student-enrollment\\\/?lang=fr#primaryimage\"},\"thumbnailUrl\":\"https:\\\/\\\/www.yorku.ca\\\/glendon\\\/academic-services\\\/wp-content\\\/uploads\\\/sites\\\/1037\\\/2025\\\/12\\\/5-1024x6831-1.png\",\"datePublished\":\"2025-12-10T19:02:53+00:00\",\"dateModified\":\"2026-01-26T19:12:03+00:00\",\"description\":\"Trouvez les cours Glendon eClass pour l'inscription, y compris les \u00e9tapes \u00e0 suivre pour s'inscrire et les directives acad\u00e9miques\",\"breadcrumb\":{\"@id\":\"https:\\\/\\\/www.yorku.ca\\\/glendon\\\/academic-services\\\/eclass-courses-for-continuing-student-enrollment\\\/?lang=fr#breadcrumb\"},\"inLanguage\":\"en-US\",\"potentialAction\":[{\"@type\":\"ReadAction\",\"target\":[\"https:\\\/\\\/www.yorku.ca\\\/glendon\\\/academic-services\\\/eclass-courses-for-continuing-student-enrollment\\\/?lang=fr\"]}]},{\"@type\":\"ImageObject\",\"inLanguage\":\"en-US\",\"@id\":\"https:\\\/\\\/www.yorku.ca\\\/glendon\\\/academic-services\\\/eclass-courses-for-continuing-student-enrollment\\\/?lang=fr#primaryimage\",\"url\":\"https:\\\/\\\/www.yorku.ca\\\/glendon\\\/academic-services\\\/wp-content\\\/uploads\\\/sites\\\/1037\\\/2025\\\/12\\\/5-1024x6831-1.png\",\"contentUrl\":\"https:\\\/\\\/www.yorku.ca\\\/glendon\\\/academic-services\\\/wp-content\\\/uploads\\\/sites\\\/1037\\\/2025\\\/12\\\/5-1024x6831-1.png\",\"width\":1024,\"height\":683},{\"@type\":\"BreadcrumbList\",\"@id\":\"https:\\\/\\\/www.yorku.ca\\\/glendon\\\/academic-services\\\/eclass-courses-for-continuing-student-enrollment\\\/?lang=fr#breadcrumb\",\"itemListElement\":[{\"@type\":\"ListItem\",\"position\":1,\"name\":\"Home\",\"item\":\"\\\/glendon\\\/\"},{\"@type\":\"ListItem\",\"position\":2,\"name\":\"Academic Services\",\"item\":\"https:\\\/\\\/www.yorku.ca\\\/glendon\\\/academic-services\\\/\"},{\"@type\":\"ListItem\",\"position\":3,\"name\":\"Cours eClass pour les \u00e9tudiants actuels\"}]},{\"@type\":\"WebSite\",\"@id\":\"https:\\\/\\\/www.yorku.ca\\\/glendon\\\/academic-services\\\/#website\",\"url\":\"https:\\\/\\\/www.yorku.ca\\\/glendon\\\/academic-services\\\/\",\"name\":\"Academic Services\",\"description\":\"Just another York Central CMS Sites site\",\"potentialAction\":[{\"@type\":\"SearchAction\",\"target\":{\"@type\":\"EntryPoint\",\"urlTemplate\":\"https:\\\/\\\/www.yorku.ca\\\/glendon\\\/academic-services\\\/?s={search_term_string}\"},\"query-input\":{\"@type\":\"PropertyValueSpecification\",\"valueRequired\":true,\"valueName\":\"search_term_string\"}}],\"inLanguage\":\"en-US\"}]}<\/script>\n<!-- \/ Yoast SEO plugin. -->","yoast_head_json":{"title":"Cours eClass pour les \u00e9tudiants actuels - Academic Services","description":"Trouvez les cours Glendon eClass pour l'inscription, y compris les \u00e9tapes \u00e0 suivre pour s'inscrire et les directives acad\u00e9miques","robots":{"index":"noindex","follow":"follow","max-snippet":"max-snippet:-1","max-image-preview":"max-image-preview:large","max-video-preview":"max-video-preview:-1"},"og_locale":"en_US","og_type":"article","og_title":"Cours eClass pour les \u00e9tudiants actuels - Academic Services","og_description":"Trouvez les cours Glendon eClass pour l'inscription, y compris les \u00e9tapes \u00e0 suivre pour s'inscrire et les directives acad\u00e9miques","og_url":"https:\/\/www.yorku.ca\/glendon\/academic-services\/eclass-courses-for-continuing-student-enrollment\/?lang=fr","og_site_name":"Academic Services","article_modified_time":"2026-01-26T19:12:03+00:00","og_image":[{"width":1024,"height":683,"url":"https:\/\/www.yorku.ca\/glendon\/academic-services\/wp-content\/uploads\/sites\/1037\/2025\/12\/5-1024x6831-1.png","type":"image\/png"}],"twitter_card":"summary_large_image","twitter_misc":{"Est. reading time":"1 minute"},"schema":{"@context":"https:\/\/schema.org","@graph":[{"@type":"WebPage","@id":"https:\/\/www.yorku.ca\/glendon\/academic-services\/eclass-courses-for-continuing-student-enrollment\/?lang=fr","url":"https:\/\/www.yorku.ca\/glendon\/academic-services\/eclass-courses-for-continuing-student-enrollment\/?lang=fr","name":"Cours eClass pour les \u00e9tudiants actuels - Academic Services","isPartOf":{"@id":"https:\/\/www.yorku.ca\/glendon\/academic-services\/#website"},"primaryImageOfPage":{"@id":"https:\/\/www.yorku.ca\/glendon\/academic-services\/eclass-courses-for-continuing-student-enrollment\/?lang=fr#primaryimage"},"image":{"@id":"https:\/\/www.yorku.ca\/glendon\/academic-services\/eclass-courses-for-continuing-student-enrollment\/?lang=fr#primaryimage"},"thumbnailUrl":"https:\/\/www.yorku.ca\/glendon\/academic-services\/wp-content\/uploads\/sites\/1037\/2025\/12\/5-1024x6831-1.png","datePublished":"2025-12-10T19:02:53+00:00","dateModified":"2026-01-26T19:12:03+00:00","description":"Trouvez les cours Glendon eClass pour l'inscription, y compris les \u00e9tapes \u00e0 suivre pour s'inscrire et les directives acad\u00e9miques","breadcrumb":{"@id":"https:\/\/www.yorku.ca\/glendon\/academic-services\/eclass-courses-for-continuing-student-enrollment\/?lang=fr#breadcrumb"},"inLanguage":"en-US","potentialAction":[{"@type":"ReadAction","target":["https:\/\/www.yorku.ca\/glendon\/academic-services\/eclass-courses-for-continuing-student-enrollment\/?lang=fr"]}]},{"@type":"ImageObject","inLanguage":"en-US","@id":"https:\/\/www.yorku.ca\/glendon\/academic-services\/eclass-courses-for-continuing-student-enrollment\/?lang=fr#primaryimage","url":"https:\/\/www.yorku.ca\/glendon\/academic-services\/wp-content\/uploads\/sites\/1037\/2025\/12\/5-1024x6831-1.png","contentUrl":"https:\/\/www.yorku.ca\/glendon\/academic-services\/wp-content\/uploads\/sites\/1037\/2025\/12\/5-1024x6831-1.png","width":1024,"height":683},{"@type":"BreadcrumbList","@id":"https:\/\/www.yorku.ca\/glendon\/academic-services\/eclass-courses-for-continuing-student-enrollment\/?lang=fr#breadcrumb","itemListElement":[{"@type":"ListItem","position":1,"name":"Home","item":"\/glendon\/"},{"@type":"ListItem","position":2,"name":"Academic Services","item":"https:\/\/www.yorku.ca\/glendon\/academic-services\/"},{"@type":"ListItem","position":3,"name":"Cours eClass pour les \u00e9tudiants actuels"}]},{"@type":"WebSite","@id":"https:\/\/www.yorku.ca\/glendon\/academic-services\/#website","url":"https:\/\/www.yorku.ca\/glendon\/academic-services\/","name":"Academic Services","description":"Just another York Central CMS Sites site","potentialAction":[{"@type":"SearchAction","target":{"@type":"EntryPoint","urlTemplate":"https:\/\/www.yorku.ca\/glendon\/academic-services\/?s={search_term_string}"},"query-input":{"@type":"PropertyValueSpecification","valueRequired":true,"valueName":"search_term_string"}}],"inLanguage":"en-US"}]}},"taxonomy_info":[],"featured_image_src_large":["https:\/\/www.yorku.ca\/glendon\/academic-services\/wp-content\/uploads\/sites\/1037\/2025\/12\/5-1024x6831-1.png",1024,683,false],"author_info":{"display_name":"gillest","author_link":"https:\/\/www.yorku.ca\/glendon\/academic-services\/author\/gillest\/"},"comment_info":0,"_links":{"self":[{"href":"https:\/\/www.yorku.ca\/glendon\/academic-services\/wp-json\/wp\/v2\/pages\/504","targetHints":{"allow":["GET"]}}],"collection":[{"href":"https:\/\/www.yorku.ca\/glendon\/academic-services\/wp-json\/wp\/v2\/pages"}],"about":[{"href":"https:\/\/www.yorku.ca\/glendon\/academic-services\/wp-json\/wp\/v2\/types\/page"}],"author":[{"embeddable":true,"href":"https:\/\/www.yorku.ca\/glendon\/academic-services\/wp-json\/wp\/v2\/users\/1199"}],"replies":[{"embeddable":true,"href":"https:\/\/www.yorku.ca\/glendon\/academic-services\/wp-json\/wp\/v2\/comments?post=504"}],"version-history":[{"count":8,"href":"https:\/\/www.yorku.ca\/glendon\/academic-services\/wp-json\/wp\/v2\/pages\/504\/revisions"}],"predecessor-version":[{"id":1240,"href":"https:\/\/www.yorku.ca\/glendon\/academic-services\/wp-json\/wp\/v2\/pages\/504\/revisions\/1240"}],"wp:featuredmedia":[{"embeddable":true,"href":"https:\/\/www.yorku.ca\/glendon\/academic-services\/wp-json\/wp\/v2\/media\/508"}],"wp:attachment":[{"href":"https:\/\/www.yorku.ca\/glendon\/academic-services\/wp-json\/wp\/v2\/media?parent=504"}],"wp:term":[{"taxonomy":"post_tag","embeddable":true,"href":"https:\/\/www.yorku.ca\/glendon\/academic-services\/wp-json\/wp\/v2\/tags?post=504"}],"curies":[{"name":"wp","href":"https:\/\/api.w.org\/{rel}","templated":true}]}}