  {"id":492,"date":"2025-12-10T13:53:03","date_gmt":"2025-12-10T18:53:03","guid":{"rendered":"https:\/\/www.yorku.ca\/glendon\/academic-servicesdev\/enrollment-for-continuing-students\/"},"modified":"2026-03-31T16:05:47","modified_gmt":"2026-03-31T20:05:47","slug":"enrollment-for-continuing-students","status":"publish","type":"page","link":"https:\/\/www.yorku.ca\/glendon\/academic-services\/enrollment-for-continuing-students\/?lang=fr","title":{"rendered":"Inscription pour les \u00e9tudiants actuels"},"content":{"rendered":"\n<div style=\"height:35px\" aria-hidden=\"true\" class=\"wp-block-spacer\"><\/div>\n\n\n\n<p>L'inscription aux cours peut \u00eatre un processus complexe. Cr\u00e9er un plan de cours avant votre inscription pour l'\u00e9t\u00e9 ou l'automne peut vous faciliter la t\u00e2che.<\/p>\n\n\n\n<p>Notre cours en ligne eClass sur la planification des inscriptions vous donnera les outils n\u00e9cessaires pour choisir vos cours en toute confiance. Vous y trouverez des informations sur chacune des exigences de votre dipl\u00f4me et sur la mani\u00e8re de v\u00e9rifier votre progression. Veillez \u00e0 s\u00e9lectionner l'ann\u00e9e au cours de laquelle vous avez \u00e9t\u00e9 admis (votre premier semestre \u00e0 Glendon), car des changements surviennent r\u00e9guli\u00e8rement dans les programmes.<\/p>\n\n\n\n<p>Tous les cours disponibles pour la planification des inscriptions sont <a href=\"https:\/\/www.yorku.ca\/glendon\/academic-services\/eclass-courses-for-continuing-student-enrollment\/?lang=fr\" target=\"_blank\" rel=\"noreferrer noopener\">disponibles ici<\/a>.<\/p>\n\n\n\n<div style=\"height:25px\" aria-hidden=\"true\" class=\"wp-block-spacer\"><\/div>\n\n\n\n<p>Au fur et \u00e0 mesure que vous avancez dans votre cours de planification des inscriptions \u00e0 eClass, ces ressources suppl\u00e9mentaires pourraient vous \u00eatre utiles. Nous vous recommandons de garder cette page ouverte dans un onglet s\u00e9par\u00e9.<\/p>\n\n\n\n<div style=\"height:25px\" aria-hidden=\"true\" class=\"wp-block-spacer\"><\/div>\n\n\n\n<h4 class=\"wp-block-heading\">GUIDES PRATIQUES<\/h4>\n\n\n\n<ul class=\"wp-block-list\">\n<li><a href=\"https:\/\/www.yorku.ca\/glendon\/wp-content\/uploads\/sites\/508\/2025\/11\/INSTRUCTIONS_Chercher-un-cours.pdf\" target=\"_blank\" rel=\"noreferrer noopener\">Comment trouver un cours (PDF)<\/a><\/li>\n\n\n\n<li><a href=\"https:\/\/www.yorku.ca\/glendon\/wp-content\/uploads\/sites\/508\/2025\/11\/INSTRUCTIONS_Comment-sinscrire.pdf\" target=\"_blank\" rel=\"noreferrer noopener\">Comment ajouter ou abandonner un cour sur REM (PDF)<\/a><\/li>\n<\/ul>\n\n\n\n<div style=\"height:45px\" aria-hidden=\"true\" class=\"wp-block-spacer\"><\/div>\n\n\n\n<div class=\"wp-block-columns card-deck aspect-ratio is-layout-flex wp-container-core-columns-is-layout-1 wp-block-columns-is-layout-flex\">\n<div class=\"wp-block-column card rounded-0 is-layout-flow wp-block-column-is-layout-flow\">\n<figure class=\"wp-block-image size-large mb-0\"><img decoding=\"async\" src=\"https:\/\/www.yorku.ca\/glendon\/academic-services\/wp-content\/plugins\/yu-blockpatterns\/images\/Commons_sitting5.jpg\" alt=\"\"\/><\/figure>\n\n\n\n<div class=\"wp-block-group card-body is-layout-flow wp-block-group-is-layout-flow\">\n<p class=\"card-title font-weight-bold\"><a href=\"https:\/\/registrar.yorku.ca\/enrol\/guide\/\" target=\"_blank\" rel=\"noreferrer noopener\">Guide \u00e0 l'inscription<\/a><\/p>\n\n\n\n<p class=\"card-text\">Voici le guide officiel de York pour l'inscription des \u00e9tudiants actuels.<\/p>\n<\/div>\n<\/div>\n\n\n\n<div class=\"wp-block-column is-layout-flow wp-block-column-is-layout-flow\"><\/div>\n<\/div>\n\n\n\n<div style=\"height:100px\" aria-hidden=\"true\" class=\"wp-block-spacer\"><\/div>\n\n\n\n<p>Vous avez une question rapide pour laquelle vous d\u00e9sirez une r\u00e9ponse vite-faite?  Visitez <a href=\"https:\/\/www.yorku.ca\/glendon\/academic-services\/academic-services-faq\/?lang=fr\" target=\"_blank\" rel=\"noreferrer noopener\">notre page FAQ<\/a><\/p>\n\n\n\n<div style=\"height:100px\" aria-hidden=\"true\" class=\"wp-block-spacer\"><\/div>\n\n\n\n<p><\/p>\n","protected":false},"excerpt":{"rendered":"<p>L'inscription aux cours peut \u00eatre un processus complexe. Cr\u00e9er un plan de cours avant votre inscription pour l'\u00e9t\u00e9 ou l'automne peut vous faciliter la t\u00e2che. Notre cours en ligne eClass sur la planification des inscriptions vous donnera les outils n\u00e9cessaires pour choisir vos cours en toute confiance. Vous y trouverez des informations sur chacune des [&hellip;]<\/p>\n","protected":false},"author":1199,"featured_media":491,"parent":0,"menu_order":0,"comment_status":"closed","ping_status":"closed","template":"secondary-page.php","meta":{"_kad_blocks_custom_css":"","_kad_blocks_head_custom_js":"","_kad_blocks_body_custom_js":"","_kad_blocks_footer_custom_js":"","footnotes":""},"tags":[],"class_list":["post-492","page","type-page","status-publish","has-post-thumbnail","hentry"],"yoast_head":"<!-- This site is optimized with the Yoast SEO plugin v24.0 - https:\/\/yoast.com\/wordpress\/plugins\/seo\/ -->\n<title>Inscription pour les \u00e9tudiants actuels - Academic Services<\/title>\n<meta name=\"description\" content=\"Information sur l\u2019inscription pour \u00e9tudiants en progression \u00e0 Glendon, incluant \u00e9tapes, dates limites et soutien pour s\u2019inscrire aux cours.\" \/>\n<meta name=\"robots\" content=\"noindex, follow, max-snippet:-1, max-image-preview:large, max-video-preview:-1\" \/>\n<meta property=\"og:locale\" content=\"en_US\" \/>\n<meta property=\"og:type\" content=\"article\" \/>\n<meta property=\"og:title\" content=\"Inscription pour les \u00e9tudiants actuels - Academic Services\" \/>\n<meta property=\"og:description\" content=\"Information sur l\u2019inscription pour \u00e9tudiants en progression \u00e0 Glendon, incluant \u00e9tapes, dates limites et soutien pour s\u2019inscrire aux cours.\" \/>\n<meta property=\"og:url\" content=\"https:\/\/www.yorku.ca\/glendon\/academic-services\/enrollment-for-continuing-students\/?lang=fr\" \/>\n<meta property=\"og:site_name\" content=\"Academic Services\" \/>\n<meta property=\"article:modified_time\" content=\"2026-03-31T20:05:47+00:00\" \/>\n<meta property=\"og:image\" content=\"https:\/\/www.yorku.ca\/glendon\/academic-services\/wp-content\/uploads\/sites\/1037\/2025\/12\/Glendon-Students-Header-1024x4621-1.png\" \/>\n\t<meta property=\"og:image:width\" content=\"1024\" \/>\n\t<meta property=\"og:image:height\" content=\"462\" \/>\n\t<meta property=\"og:image:type\" content=\"image\/png\" \/>\n<meta name=\"twitter:card\" content=\"summary_large_image\" \/>\n<meta name=\"twitter:label1\" content=\"Est. reading time\" \/>\n\t<meta name=\"twitter:data1\" content=\"3 minutes\" \/>\n<script type=\"application\/ld+json\" class=\"yoast-schema-graph\">{\"@context\":\"https:\/\/schema.org\",\"@graph\":[{\"@type\":\"WebPage\",\"@id\":\"https:\/\/www.yorku.ca\/glendon\/academic-services\/enrollment-for-continuing-students\/?lang=fr\",\"url\":\"https:\/\/www.yorku.ca\/glendon\/academic-services\/enrollment-for-continuing-students\/?lang=fr\",\"name\":\"Inscription pour les \u00e9tudiants actuels - Academic Services\",\"isPartOf\":{\"@id\":\"https:\/\/www.yorku.ca\/glendon\/academic-services\/#website\"},\"primaryImageOfPage\":{\"@id\":\"https:\/\/www.yorku.ca\/glendon\/academic-services\/enrollment-for-continuing-students\/?lang=fr#primaryimage\"},\"image\":{\"@id\":\"https:\/\/www.yorku.ca\/glendon\/academic-services\/enrollment-for-continuing-students\/?lang=fr#primaryimage\"},\"thumbnailUrl\":\"https:\/\/www.yorku.ca\/glendon\/academic-services\/wp-content\/uploads\/sites\/1037\/2025\/12\/Glendon-Students-Header-1024x4621-1.png\",\"datePublished\":\"2025-12-10T18:53:03+00:00\",\"dateModified\":\"2026-03-31T20:05:47+00:00\",\"description\":\"Information sur l\u2019inscription pour \u00e9tudiants en progression \u00e0 Glendon, incluant \u00e9tapes, dates limites et soutien pour s\u2019inscrire aux cours.\",\"breadcrumb\":{\"@id\":\"https:\/\/www.yorku.ca\/glendon\/academic-services\/enrollment-for-continuing-students\/?lang=fr#breadcrumb\"},\"inLanguage\":\"en-US\",\"potentialAction\":[{\"@type\":\"ReadAction\",\"target\":[\"https:\/\/www.yorku.ca\/glendon\/academic-services\/enrollment-for-continuing-students\/?lang=fr\"]}]},{\"@type\":\"ImageObject\",\"inLanguage\":\"en-US\",\"@id\":\"https:\/\/www.yorku.ca\/glendon\/academic-services\/enrollment-for-continuing-students\/?lang=fr#primaryimage\",\"url\":\"https:\/\/www.yorku.ca\/glendon\/academic-services\/wp-content\/uploads\/sites\/1037\/2025\/12\/Glendon-Students-Header-1024x4621-1.png\",\"contentUrl\":\"https:\/\/www.yorku.ca\/glendon\/academic-services\/wp-content\/uploads\/sites\/1037\/2025\/12\/Glendon-Students-Header-1024x4621-1.png\",\"width\":1024,\"height\":462},{\"@type\":\"BreadcrumbList\",\"@id\":\"https:\/\/www.yorku.ca\/glendon\/academic-services\/enrollment-for-continuing-students\/?lang=fr#breadcrumb\",\"itemListElement\":[{\"@type\":\"ListItem\",\"position\":1,\"name\":\"Home\",\"item\":\"\/glendon\/\"},{\"@type\":\"ListItem\",\"position\":2,\"name\":\"Academic Services\",\"item\":\"https:\/\/www.yorku.ca\/glendon\/academic-services\/\"},{\"@type\":\"ListItem\",\"position\":3,\"name\":\"Inscription pour les \u00e9tudiants actuels\"}]},{\"@type\":\"WebSite\",\"@id\":\"https:\/\/www.yorku.ca\/glendon\/academic-services\/#website\",\"url\":\"https:\/\/www.yorku.ca\/glendon\/academic-services\/\",\"name\":\"Academic Services\",\"description\":\"Just another York Central CMS Sites site\",\"potentialAction\":[{\"@type\":\"SearchAction\",\"target\":{\"@type\":\"EntryPoint\",\"urlTemplate\":\"https:\/\/www.yorku.ca\/glendon\/academic-services\/?s={search_term_string}\"},\"query-input\":{\"@type\":\"PropertyValueSpecification\",\"valueRequired\":true,\"valueName\":\"search_term_string\"}}],\"inLanguage\":\"en-US\"}]}<\/script>\n<!-- \/ Yoast SEO plugin. -->","yoast_head_json":{"title":"Inscription pour les \u00e9tudiants actuels - Academic Services","description":"Information sur l\u2019inscription pour \u00e9tudiants en progression \u00e0 Glendon, incluant \u00e9tapes, dates limites et soutien pour s\u2019inscrire aux cours.","robots":{"index":"noindex","follow":"follow","max-snippet":"max-snippet:-1","max-image-preview":"max-image-preview:large","max-video-preview":"max-video-preview:-1"},"og_locale":"en_US","og_type":"article","og_title":"Inscription pour les \u00e9tudiants actuels - Academic Services","og_description":"Information sur l\u2019inscription pour \u00e9tudiants en progression \u00e0 Glendon, incluant \u00e9tapes, dates limites et soutien pour s\u2019inscrire aux cours.","og_url":"https:\/\/www.yorku.ca\/glendon\/academic-services\/enrollment-for-continuing-students\/?lang=fr","og_site_name":"Academic Services","article_modified_time":"2026-03-31T20:05:47+00:00","og_image":[{"width":1024,"height":462,"url":"https:\/\/www.yorku.ca\/glendon\/academic-services\/wp-content\/uploads\/sites\/1037\/2025\/12\/Glendon-Students-Header-1024x4621-1.png","type":"image\/png"}],"twitter_card":"summary_large_image","twitter_misc":{"Est. reading time":"3 minutes"},"schema":{"@context":"https:\/\/schema.org","@graph":[{"@type":"WebPage","@id":"https:\/\/www.yorku.ca\/glendon\/academic-services\/enrollment-for-continuing-students\/?lang=fr","url":"https:\/\/www.yorku.ca\/glendon\/academic-services\/enrollment-for-continuing-students\/?lang=fr","name":"Inscription pour les \u00e9tudiants actuels - Academic Services","isPartOf":{"@id":"https:\/\/www.yorku.ca\/glendon\/academic-services\/#website"},"primaryImageOfPage":{"@id":"https:\/\/www.yorku.ca\/glendon\/academic-services\/enrollment-for-continuing-students\/?lang=fr#primaryimage"},"image":{"@id":"https:\/\/www.yorku.ca\/glendon\/academic-services\/enrollment-for-continuing-students\/?lang=fr#primaryimage"},"thumbnailUrl":"https:\/\/www.yorku.ca\/glendon\/academic-services\/wp-content\/uploads\/sites\/1037\/2025\/12\/Glendon-Students-Header-1024x4621-1.png","datePublished":"2025-12-10T18:53:03+00:00","dateModified":"2026-03-31T20:05:47+00:00","description":"Information sur l\u2019inscription pour \u00e9tudiants en progression \u00e0 Glendon, incluant \u00e9tapes, dates limites et soutien pour s\u2019inscrire aux cours.","breadcrumb":{"@id":"https:\/\/www.yorku.ca\/glendon\/academic-services\/enrollment-for-continuing-students\/?lang=fr#breadcrumb"},"inLanguage":"en-US","potentialAction":[{"@type":"ReadAction","target":["https:\/\/www.yorku.ca\/glendon\/academic-services\/enrollment-for-continuing-students\/?lang=fr"]}]},{"@type":"ImageObject","inLanguage":"en-US","@id":"https:\/\/www.yorku.ca\/glendon\/academic-services\/enrollment-for-continuing-students\/?lang=fr#primaryimage","url":"https:\/\/www.yorku.ca\/glendon\/academic-services\/wp-content\/uploads\/sites\/1037\/2025\/12\/Glendon-Students-Header-1024x4621-1.png","contentUrl":"https:\/\/www.yorku.ca\/glendon\/academic-services\/wp-content\/uploads\/sites\/1037\/2025\/12\/Glendon-Students-Header-1024x4621-1.png","width":1024,"height":462},{"@type":"BreadcrumbList","@id":"https:\/\/www.yorku.ca\/glendon\/academic-services\/enrollment-for-continuing-students\/?lang=fr#breadcrumb","itemListElement":[{"@type":"ListItem","position":1,"name":"Home","item":"\/glendon\/"},{"@type":"ListItem","position":2,"name":"Academic Services","item":"https:\/\/www.yorku.ca\/glendon\/academic-services\/"},{"@type":"ListItem","position":3,"name":"Inscription pour les \u00e9tudiants actuels"}]},{"@type":"WebSite","@id":"https:\/\/www.yorku.ca\/glendon\/academic-services\/#website","url":"https:\/\/www.yorku.ca\/glendon\/academic-services\/","name":"Academic Services","description":"Just another York Central CMS Sites site","potentialAction":[{"@type":"SearchAction","target":{"@type":"EntryPoint","urlTemplate":"https:\/\/www.yorku.ca\/glendon\/academic-services\/?s={search_term_string}"},"query-input":{"@type":"PropertyValueSpecification","valueRequired":true,"valueName":"search_term_string"}}],"inLanguage":"en-US"}]}},"taxonomy_info":[],"featured_image_src_large":["https:\/\/www.yorku.ca\/glendon\/academic-services\/wp-content\/uploads\/sites\/1037\/2025\/12\/Glendon-Students-Header-1024x4621-1.png",1024,462,false],"author_info":{"display_name":"gillest","author_link":"https:\/\/www.yorku.ca\/glendon\/academic-services\/author\/gillest\/"},"comment_info":0,"_links":{"self":[{"href":"https:\/\/www.yorku.ca\/glendon\/academic-services\/wp-json\/wp\/v2\/pages\/492","targetHints":{"allow":["GET"]}}],"collection":[{"href":"https:\/\/www.yorku.ca\/glendon\/academic-services\/wp-json\/wp\/v2\/pages"}],"about":[{"href":"https:\/\/www.yorku.ca\/glendon\/academic-services\/wp-json\/wp\/v2\/types\/page"}],"author":[{"embeddable":true,"href":"https:\/\/www.yorku.ca\/glendon\/academic-services\/wp-json\/wp\/v2\/users\/1199"}],"replies":[{"embeddable":true,"href":"https:\/\/www.yorku.ca\/glendon\/academic-services\/wp-json\/wp\/v2\/comments?post=492"}],"version-history":[{"count":5,"href":"https:\/\/www.yorku.ca\/glendon\/academic-services\/wp-json\/wp\/v2\/pages\/492\/revisions"}],"predecessor-version":[{"id":1464,"href":"https:\/\/www.yorku.ca\/glendon\/academic-services\/wp-json\/wp\/v2\/pages\/492\/revisions\/1464"}],"wp:featuredmedia":[{"embeddable":true,"href":"https:\/\/www.yorku.ca\/glendon\/academic-services\/wp-json\/wp\/v2\/media\/491"}],"wp:attachment":[{"href":"https:\/\/www.yorku.ca\/glendon\/academic-services\/wp-json\/wp\/v2\/media?parent=492"}],"wp:term":[{"taxonomy":"post_tag","embeddable":true,"href":"https:\/\/www.yorku.ca\/glendon\/academic-services\/wp-json\/wp\/v2\/tags?post=492"}],"curies":[{"name":"wp","href":"https:\/\/api.w.org\/{rel}","templated":true}]}}