  {"id":175,"date":"2020-07-16T10:32:36","date_gmt":"2020-07-16T14:32:36","guid":{"rendered":"https:\/\/www.yorku.ca\/glendon-academic-servicesdev\/?page_id=175"},"modified":"2026-03-31T12:34:22","modified_gmt":"2026-03-31T16:34:22","slug":"page-de-garde","status":"publish","type":"page","link":"https:\/\/www.yorku.ca\/glendon\/academic-services\/page-de-garde\/?lang=fr","title":{"rendered":"Services acad\u00e9miques Glendon"},"content":{"rendered":"\n<div style=\"height:35px\" aria-hidden=\"true\" class=\"wp-block-spacer\"><\/div>\n\n\n\n<h3 class=\"wp-block-heading\">Bienvenue!<\/h3>\n\n\n\n<p>Que vous soyez un nouvel \u00e9tudiant \u00e0 Glendon ou un v\u00e9t\u00e9ran chevronn\u00e9, l'\u00e9quipe des services acad\u00e9miques est l\u00e0 pour vous aider \u00e0 r\u00e9pondre \u00e0 toutes vos questions concernant les exigences de votre dipl\u00f4me, votre dossier \u00e9tudiant, votre statut acad\u00e9mique et bien plus encore.<\/p>\n\n\n\n<p>Nous sommes engag\u00e9s \u00e0 vous aider \u00e0 r\u00e9ussir vos \u00e9tudes et nous sommes l\u00e0 pour vous fournir les informations, les conseils et le soutien dont vous avez besoin pour atteindre vos objectifs. Nous sommes \u00e0 votre disposition pour vous aider dans des domaines tels que le changement de dipl\u00f4me, le respect des exigences de programme, les p\u00e9titions acad\u00e9miques, l'inscription aux cours, etc.<\/p>\n\n\n\n<div style=\"height:26px\" aria-hidden=\"true\" class=\"wp-block-spacer\"><\/div>\n\n\n\n<h3 class=\"wp-block-heading\">Navigation sur le site<\/h3>\n\n\n\n<p>Le menu en haut de la page est votre ressource essentielle pour naviguer sur le site : tout ce dont vous avez besoin s'y trouve !<\/p>\n\n\n\n<div style=\"height:25px\" aria-hidden=\"true\" class=\"wp-block-spacer\"><\/div>\n\n\n\n<h3 class=\"wp-block-heading\">Liens rapides<\/h3>\n\n\n\n<p>Voici quelques liens pour un acc\u00e8s rapide.<\/p>\n\n\n\n<div class=\"wp-block-columns is-layout-flex wp-container-core-columns-is-layout-1 wp-block-columns-is-layout-flex\">\n<div class=\"wp-block-column is-layout-flow wp-block-column-is-layout-flow\">\n<ul class=\"wp-block-list\">\n<li><a href=\"https:\/\/registrar.yorku.ca\/program\/letters\" target=\"_blank\" rel=\"noreferrer noopener\">Demande d'une lettre d'attestation<\/a><\/li>\n\n\n\n<li><a href=\"https:\/\/passportyork.yorku.ca\/ppylogin\/ppylogin\" target=\"_blank\" rel=\"noreferrer noopener\">Liste de mes cours et notes<\/a><\/li>\n\n\n\n<li><a href=\"https:\/\/www.yorku.ca\/glendon\/academic-services\/progress-report-request\/?lang=fr\" target=\"_blank\" rel=\"noreferrer noopener\">Request a Progress Report<\/a><\/li>\n<\/ul>\n<\/div>\n\n\n\n<div class=\"wp-block-column is-layout-flow wp-block-column-is-layout-flow\">\n<ul class=\"wp-block-list\">\n<li><a href=\"https:\/\/www.yorku.ca\/glendon\/academic-services\/double-majors-major-minors\/?lang=fr\" target=\"_blank\" rel=\"noreferrer noopener\">Ajouter une mineure ou une majeure<\/a><\/li>\n\n\n\n<li><a href=\"https:\/\/wrem.sis.yorku.ca\/Apps\/WebObjects\/REM.woa\/wa\/DirectAction\/rem\" target=\"_blank\" rel=\"noreferrer noopener\">Ajouter ou abandonner un cours<\/a><\/li>\n\n\n\n<li><a href=\"https:\/\/www.yorku.ca\/glendon\/academic-services\/academic-petitions\/?lang=fr\" target=\"_blank\" rel=\"noreferrer noopener\">P\u00e9titions acad\u00e9miques<\/a><\/li>\n<\/ul>\n<\/div>\n\n\n\n<div class=\"wp-block-column is-layout-flow wp-block-column-is-layout-flow\">\n<ul class=\"wp-block-list\">\n<li><a href=\"https:\/\/www.yorku.ca\/glendon\/academic-services\/exams\/?lang=fr\" target=\"_blank\" rel=\"noreferrer noopener\">Examens<\/a><\/li>\n\n\n\n<li><a href=\"https:\/\/www.yorku.ca\/convocation\/?lang=fr\" target=\"_blank\" rel=\"noreferrer noopener\">Remise des dipl\u00f4mes<\/a><\/li>\n\n\n\n<li><a href=\"https:\/\/www.yorku.ca\/glendon\/academic-services\/academic-forms\/?lang=fr\" target=\"_blank\" rel=\"noreferrer noopener\">Forms<\/a><\/li>\n<\/ul>\n<\/div>\n<\/div>\n\n\n\n<div style=\"height:25px\" aria-hidden=\"true\" class=\"wp-block-spacer\"><\/div>\n\n\n\n<div class=\"wp-block-columns card-deck aspect-ratio fade-bottom is-layout-flex wp-container-core-columns-is-layout-2 wp-block-columns-is-layout-flex\">\n<div class=\"wp-block-column card rounded-0 bg-white is-layout-flow wp-block-column-is-layout-flow\">\n<figure class=\"wp-block-image size-full\"><img loading=\"lazy\" decoding=\"async\" width=\"1024\" height=\"577\" src=\"https:\/\/www.yorku.ca\/glendon\/academic-services\/wp-content\/uploads\/sites\/1037\/2026\/03\/image-4.png\" alt=\"\" class=\"wp-image-1442\" srcset=\"https:\/\/www.yorku.ca\/glendon\/academic-services\/wp-content\/uploads\/sites\/1037\/2026\/03\/image-4.png 1024w, https:\/\/www.yorku.ca\/glendon\/academic-services\/wp-content\/uploads\/sites\/1037\/2026\/03\/image-4-400x225.png 400w\" sizes=\"auto, (max-width: 1024px) 100vw, 1024px\" \/><\/figure>\n\n\n\n<div class=\"wp-block-group card-body is-layout-flow wp-block-group-is-layout-flow\">\n<h2 class=\"wp-block-heading card-title h5\">Services financiers<\/h2>\n\n\n\n<p class=\"card-text\">Trouvez des r\u00e9ponses \u00e0 vos questions sur les frais, l\u2019aide financi\u00e8re, les bourses d\u2019\u00e9tudes, ainsi que sur le soutien avec la planification, de budget ou de remboursements.<br><\/p>\n\n\n\n<p class=\"card-text\"><a href=\"https:\/\/www.yorku.ca\/glendon\/student-financial-services\/?lang=fr\" target=\"_blank\" rel=\"noreferrer noopener\">Plus d'information<\/a><\/p>\n<\/div>\n<\/div>\n\n\n\n<div class=\"wp-block-column card rounded-0 bg-white is-layout-flow wp-block-column-is-layout-flow\">\n<figure class=\"wp-block-image size-full\"><img loading=\"lazy\" decoding=\"async\" width=\"1024\" height=\"577\" src=\"https:\/\/www.yorku.ca\/glendon\/academic-services\/wp-content\/uploads\/sites\/1037\/2026\/03\/image-5.png\" alt=\"\" class=\"wp-image-1444\" srcset=\"https:\/\/www.yorku.ca\/glendon\/academic-services\/wp-content\/uploads\/sites\/1037\/2026\/03\/image-5.png 1024w, https:\/\/www.yorku.ca\/glendon\/academic-services\/wp-content\/uploads\/sites\/1037\/2026\/03\/image-5-400x225.png 400w\" sizes=\"auto, (max-width: 1024px) 100vw, 1024px\" \/><\/figure>\n\n\n\n<div class=\"wp-block-group card-body is-layout-flow wp-block-group-is-layout-flow\">\n<h2 class=\"wp-block-heading card-title h5\">Resources linguistiques<\/h2>\n\n\n\n<p>Obtenez le soutien dont vous avez besoin tout au long de votre parcours d\u2019apprentissage des langues \u00e0 Glendon.<\/p>\n\n\n\n<p class=\"text-uppercase\"><a href=\"https:\/\/www.yorku.ca\/glendon\/language-resources\/?lang=fr\" target=\"_blank\" rel=\"noreferrer noopener\">Plus d'information<\/a><\/p>\n<\/div>\n<\/div>\n\n\n\n<div class=\"wp-block-column card rounded-0 bg-white is-layout-flow wp-block-column-is-layout-flow\">\n<figure class=\"wp-block-image size-full\"><img loading=\"lazy\" decoding=\"async\" width=\"1024\" height=\"577\" src=\"https:\/\/www.yorku.ca\/glendon\/academic-services\/wp-content\/uploads\/sites\/1037\/2026\/03\/image-6.png\" alt=\"\" class=\"wp-image-1446\" srcset=\"https:\/\/www.yorku.ca\/glendon\/academic-services\/wp-content\/uploads\/sites\/1037\/2026\/03\/image-6.png 1024w, https:\/\/www.yorku.ca\/glendon\/academic-services\/wp-content\/uploads\/sites\/1037\/2026\/03\/image-6-400x225.png 400w\" sizes=\"auto, (max-width: 1024px) 100vw, 1024px\" \/><\/figure>\n\n\n\n<div class=\"wp-block-group card-body is-layout-flow wp-block-group-is-layout-flow\">\n<h2 class=\"wp-block-heading card-title h5\">Ressources additionelles<\/h2>\n\n\n\n<p class=\"card-text\">Trouvez des ressources, des services et des communaut\u00e9s qui favorisent la r\u00e9ussite et le bien\u2011\u00eatre personnel.<\/p>\n\n\n\n<p class=\"text-uppercase\"><a href=\"https:\/\/www.yorku.ca\/glendon\/current-students\/?lang=fr\" target=\"_blank\" rel=\"noreferrer noopener\">Plus d'information<\/a><\/p>\n<\/div>\n<\/div>\n<\/div>\n\n\n\n<div style=\"height:25px\" aria-hidden=\"true\" class=\"wp-block-spacer\"><\/div>\n\n\n\n<h3 class=\"wp-block-heading\">Contactez-nous<\/h3>\n\n\n\n<p>Cliquez sur le lien \u00ab <a href=\"https:\/\/www.yorku.ca\/glendon\/academic-services\/contact\/?lang=fr\" target=\"_blank\" rel=\"noreferrer noopener\">Contactez-nous<\/a> \u00bb ici ou dans le menu pour conna\u00eetre nos heures d'ouverture et les moyens de nous joindre.<\/p>\n\n\n\n<div style=\"height:45px\" aria-hidden=\"true\" class=\"wp-block-spacer\"><\/div>\n\n\n\n<p>Vous avez une question rapide pour laquelle vous d\u00e9sirez une r\u00e9ponse vite-faite?  Visitez <a href=\"https:\/\/www.yorku.ca\/glendon\/academic-services\/academic-services-faq\/?lang=fr\" target=\"_blank\" rel=\"noreferrer noopener\">notre page FAQ<\/a><\/p>\n\n\n\n<div style=\"height:100px\" aria-hidden=\"true\" class=\"wp-block-spacer\"><\/div>\n","protected":false},"excerpt":{"rendered":"<p>Bienvenue! Que vous soyez un nouvel \u00e9tudiant \u00e0 Glendon ou un v\u00e9t\u00e9ran chevronn\u00e9, l'\u00e9quipe des services acad\u00e9miques est l\u00e0 pour vous aider \u00e0 r\u00e9pondre \u00e0 toutes vos questions concernant les exigences de votre dipl\u00f4me, votre dossier \u00e9tudiant, votre statut acad\u00e9mique et bien plus encore. Nous sommes engag\u00e9s \u00e0 vous aider \u00e0 r\u00e9ussir vos \u00e9tudes et [&hellip;]<\/p>\n","protected":false},"author":2,"featured_media":531,"parent":0,"menu_order":0,"comment_status":"closed","ping_status":"closed","template":"secondary-page.php","meta":{"_kad_blocks_custom_css":"","_kad_blocks_head_custom_js":"","_kad_blocks_body_custom_js":"","_kad_blocks_footer_custom_js":"","footnotes":""},"tags":[],"class_list":["post-175","page","type-page","status-publish","has-post-thumbnail","hentry"],"yoast_head":"<!-- This site is optimized with the Yoast SEO plugin v24.0 - https:\/\/yoast.com\/wordpress\/plugins\/seo\/ -->\n<title>Services acad\u00e9miques Glendon - Academic Services<\/title>\n<meta name=\"description\" content=\"Les Services acad\u00e9miques de Glendon offrent conseils, planification de dipl\u00f4me et soutien \u00e0 l\u2019inscription pour favoriser votre r\u00e9ussite\" \/>\n<meta name=\"robots\" content=\"noindex, follow, max-snippet:-1, max-image-preview:large, max-video-preview:-1\" \/>\n<meta property=\"og:locale\" content=\"en_US\" \/>\n<meta property=\"og:type\" content=\"article\" \/>\n<meta property=\"og:title\" content=\"Services acad\u00e9miques Glendon - Academic Services\" \/>\n<meta property=\"og:description\" content=\"Les Services acad\u00e9miques de Glendon offrent conseils, planification de dipl\u00f4me et soutien \u00e0 l\u2019inscription pour favoriser votre r\u00e9ussite\" \/>\n<meta property=\"og:url\" content=\"https:\/\/www.yorku.ca\/glendon\/academic-services\/?lang=fr\" \/>\n<meta property=\"og:site_name\" content=\"Academic Services\" \/>\n<meta property=\"article:modified_time\" content=\"2026-03-31T16:34:22+00:00\" \/>\n<meta property=\"og:image\" content=\"https:\/\/www.yorku.ca\/glendon\/academic-services\/wp-content\/uploads\/sites\/1037\/2025\/12\/Capture-1024x7691-1.png\" \/>\n\t<meta property=\"og:image:width\" content=\"1024\" \/>\n\t<meta property=\"og:image:height\" content=\"769\" \/>\n\t<meta property=\"og:image:type\" content=\"image\/png\" \/>\n<meta name=\"twitter:card\" content=\"summary_large_image\" \/>\n<meta name=\"twitter:label1\" content=\"Est. reading time\" \/>\n\t<meta name=\"twitter:data1\" content=\"3 minutes\" \/>\n<script type=\"application\/ld+json\" class=\"yoast-schema-graph\">{\"@context\":\"https:\/\/schema.org\",\"@graph\":[{\"@type\":\"WebPage\",\"@id\":\"https:\/\/www.yorku.ca\/glendon\/academic-services\/?lang=fr\",\"url\":\"https:\/\/www.yorku.ca\/glendon\/academic-services\/?lang=fr\",\"name\":\"Services acad\u00e9miques Glendon - Academic Services\",\"isPartOf\":{\"@id\":\"https:\/\/www.yorku.ca\/glendon\/academic-services\/#website\"},\"primaryImageOfPage\":{\"@id\":\"https:\/\/www.yorku.ca\/glendon\/academic-services\/?lang=fr#primaryimage\"},\"image\":{\"@id\":\"https:\/\/www.yorku.ca\/glendon\/academic-services\/?lang=fr#primaryimage\"},\"thumbnailUrl\":\"https:\/\/www.yorku.ca\/glendon\/academic-services\/wp-content\/uploads\/sites\/1037\/2025\/12\/Capture-1024x7691-1.png\",\"datePublished\":\"2020-07-16T14:32:36+00:00\",\"dateModified\":\"2026-03-31T16:34:22+00:00\",\"description\":\"Les Services acad\u00e9miques de Glendon offrent conseils, planification de dipl\u00f4me et soutien \u00e0 l\u2019inscription pour favoriser votre r\u00e9ussite\",\"breadcrumb\":{\"@id\":\"https:\/\/www.yorku.ca\/glendon\/academic-services\/?lang=fr#breadcrumb\"},\"inLanguage\":\"en-US\",\"potentialAction\":[{\"@type\":\"ReadAction\",\"target\":[\"https:\/\/www.yorku.ca\/glendon\/academic-services\/?lang=fr\"]}]},{\"@type\":\"ImageObject\",\"inLanguage\":\"en-US\",\"@id\":\"https:\/\/www.yorku.ca\/glendon\/academic-services\/?lang=fr#primaryimage\",\"url\":\"https:\/\/www.yorku.ca\/glendon\/academic-services\/wp-content\/uploads\/sites\/1037\/2025\/12\/Capture-1024x7691-1.png\",\"contentUrl\":\"https:\/\/www.yorku.ca\/glendon\/academic-services\/wp-content\/uploads\/sites\/1037\/2025\/12\/Capture-1024x7691-1.png\",\"width\":1024,\"height\":769},{\"@type\":\"BreadcrumbList\",\"@id\":\"https:\/\/www.yorku.ca\/glendon\/academic-services\/?lang=fr#breadcrumb\",\"itemListElement\":[{\"@type\":\"ListItem\",\"position\":1,\"name\":\"Home\",\"item\":\"\/glendon\/\"},{\"@type\":\"ListItem\",\"position\":2,\"name\":\"Academic Services\",\"item\":\"https:\/\/www.yorku.ca\/glendon\/academic-services\/\"},{\"@type\":\"ListItem\",\"position\":3,\"name\":\"Services acad\u00e9miques Glendon\"}]},{\"@type\":\"WebSite\",\"@id\":\"https:\/\/www.yorku.ca\/glendon\/academic-services\/#website\",\"url\":\"https:\/\/www.yorku.ca\/glendon\/academic-services\/\",\"name\":\"Academic Services\",\"description\":\"Just another York Central CMS Sites site\",\"potentialAction\":[{\"@type\":\"SearchAction\",\"target\":{\"@type\":\"EntryPoint\",\"urlTemplate\":\"https:\/\/www.yorku.ca\/glendon\/academic-services\/?s={search_term_string}\"},\"query-input\":{\"@type\":\"PropertyValueSpecification\",\"valueRequired\":true,\"valueName\":\"search_term_string\"}}],\"inLanguage\":\"en-US\"}]}<\/script>\n<!-- \/ Yoast SEO plugin. -->","yoast_head_json":{"title":"Services acad\u00e9miques Glendon - Academic Services","description":"Les Services acad\u00e9miques de Glendon offrent conseils, planification de dipl\u00f4me et soutien \u00e0 l\u2019inscription pour favoriser votre r\u00e9ussite","robots":{"index":"noindex","follow":"follow","max-snippet":"max-snippet:-1","max-image-preview":"max-image-preview:large","max-video-preview":"max-video-preview:-1"},"og_locale":"en_US","og_type":"article","og_title":"Services acad\u00e9miques Glendon - Academic Services","og_description":"Les Services acad\u00e9miques de Glendon offrent conseils, planification de dipl\u00f4me et soutien \u00e0 l\u2019inscription pour favoriser votre r\u00e9ussite","og_url":"https:\/\/www.yorku.ca\/glendon\/academic-services\/?lang=fr","og_site_name":"Academic Services","article_modified_time":"2026-03-31T16:34:22+00:00","og_image":[{"width":1024,"height":769,"url":"https:\/\/www.yorku.ca\/glendon\/academic-services\/wp-content\/uploads\/sites\/1037\/2025\/12\/Capture-1024x7691-1.png","type":"image\/png"}],"twitter_card":"summary_large_image","twitter_misc":{"Est. reading time":"3 minutes"},"schema":{"@context":"https:\/\/schema.org","@graph":[{"@type":"WebPage","@id":"https:\/\/www.yorku.ca\/glendon\/academic-services\/?lang=fr","url":"https:\/\/www.yorku.ca\/glendon\/academic-services\/?lang=fr","name":"Services acad\u00e9miques Glendon - Academic Services","isPartOf":{"@id":"https:\/\/www.yorku.ca\/glendon\/academic-services\/#website"},"primaryImageOfPage":{"@id":"https:\/\/www.yorku.ca\/glendon\/academic-services\/?lang=fr#primaryimage"},"image":{"@id":"https:\/\/www.yorku.ca\/glendon\/academic-services\/?lang=fr#primaryimage"},"thumbnailUrl":"https:\/\/www.yorku.ca\/glendon\/academic-services\/wp-content\/uploads\/sites\/1037\/2025\/12\/Capture-1024x7691-1.png","datePublished":"2020-07-16T14:32:36+00:00","dateModified":"2026-03-31T16:34:22+00:00","description":"Les Services acad\u00e9miques de Glendon offrent conseils, planification de dipl\u00f4me et soutien \u00e0 l\u2019inscription pour favoriser votre r\u00e9ussite","breadcrumb":{"@id":"https:\/\/www.yorku.ca\/glendon\/academic-services\/?lang=fr#breadcrumb"},"inLanguage":"en-US","potentialAction":[{"@type":"ReadAction","target":["https:\/\/www.yorku.ca\/glendon\/academic-services\/?lang=fr"]}]},{"@type":"ImageObject","inLanguage":"en-US","@id":"https:\/\/www.yorku.ca\/glendon\/academic-services\/?lang=fr#primaryimage","url":"https:\/\/www.yorku.ca\/glendon\/academic-services\/wp-content\/uploads\/sites\/1037\/2025\/12\/Capture-1024x7691-1.png","contentUrl":"https:\/\/www.yorku.ca\/glendon\/academic-services\/wp-content\/uploads\/sites\/1037\/2025\/12\/Capture-1024x7691-1.png","width":1024,"height":769},{"@type":"BreadcrumbList","@id":"https:\/\/www.yorku.ca\/glendon\/academic-services\/?lang=fr#breadcrumb","itemListElement":[{"@type":"ListItem","position":1,"name":"Home","item":"\/glendon\/"},{"@type":"ListItem","position":2,"name":"Academic Services","item":"https:\/\/www.yorku.ca\/glendon\/academic-services\/"},{"@type":"ListItem","position":3,"name":"Services acad\u00e9miques Glendon"}]},{"@type":"WebSite","@id":"https:\/\/www.yorku.ca\/glendon\/academic-services\/#website","url":"https:\/\/www.yorku.ca\/glendon\/academic-services\/","name":"Academic Services","description":"Just another York Central CMS Sites site","potentialAction":[{"@type":"SearchAction","target":{"@type":"EntryPoint","urlTemplate":"https:\/\/www.yorku.ca\/glendon\/academic-services\/?s={search_term_string}"},"query-input":{"@type":"PropertyValueSpecification","valueRequired":true,"valueName":"search_term_string"}}],"inLanguage":"en-US"}]}},"taxonomy_info":[],"featured_image_src_large":["https:\/\/www.yorku.ca\/glendon\/academic-services\/wp-content\/uploads\/sites\/1037\/2025\/12\/Capture-1024x7691-1.png",1024,769,false],"author_info":{"display_name":"Alice","author_link":"https:\/\/www.yorku.ca\/glendon\/academic-services\/author\/alicet\/"},"comment_info":0,"_links":{"self":[{"href":"https:\/\/www.yorku.ca\/glendon\/academic-services\/wp-json\/wp\/v2\/pages\/175","targetHints":{"allow":["GET"]}}],"collection":[{"href":"https:\/\/www.yorku.ca\/glendon\/academic-services\/wp-json\/wp\/v2\/pages"}],"about":[{"href":"https:\/\/www.yorku.ca\/glendon\/academic-services\/wp-json\/wp\/v2\/types\/page"}],"author":[{"embeddable":true,"href":"https:\/\/www.yorku.ca\/glendon\/academic-services\/wp-json\/wp\/v2\/users\/2"}],"replies":[{"embeddable":true,"href":"https:\/\/www.yorku.ca\/glendon\/academic-services\/wp-json\/wp\/v2\/comments?post=175"}],"version-history":[{"count":12,"href":"https:\/\/www.yorku.ca\/glendon\/academic-services\/wp-json\/wp\/v2\/pages\/175\/revisions"}],"predecessor-version":[{"id":1451,"href":"https:\/\/www.yorku.ca\/glendon\/academic-services\/wp-json\/wp\/v2\/pages\/175\/revisions\/1451"}],"wp:featuredmedia":[{"embeddable":true,"href":"https:\/\/www.yorku.ca\/glendon\/academic-services\/wp-json\/wp\/v2\/media\/531"}],"wp:attachment":[{"href":"https:\/\/www.yorku.ca\/glendon\/academic-services\/wp-json\/wp\/v2\/media?parent=175"}],"wp:term":[{"taxonomy":"post_tag","embeddable":true,"href":"https:\/\/www.yorku.ca\/glendon\/academic-services\/wp-json\/wp\/v2\/tags?post=175"}],"curies":[{"name":"wp","href":"https:\/\/api.w.org\/{rel}","templated":true}]}}