  {"id":498,"date":"2014-08-18T10:33:54","date_gmt":"2014-08-18T14:33:54","guid":{"rendered":"https:\/\/www.yorku.ca\/events\/conversations\/first-page\/webcast\/"},"modified":"2023-11-13T11:40:34","modified_gmt":"2023-11-13T16:40:34","slug":"webcast","status":"publish","type":"page","link":"https:\/\/www.yorku.ca\/events\/conversations\/first-page\/webcast\/?lang=fr","title":{"rendered":"Web\u00e9mission"},"content":{"rendered":"\n<p><\/p>\n\n\n\n<p>Si vous d\u00e9sirez soumettre une question avant ou pendant la web\u00e9mission, veuillez envoyer votre question dans un courriel \u00e0 <a href=\"mailto:conversations@yorku.ca\">conversations@yorku.ca<\/a>. <\/p>\n\n\n\n<p>Acc\u00e9dez aux web\u00e9missions des conversations communautaires ant\u00e9rieures&nbsp;<a href=\"https:\/\/www.yorku.ca\/events\/conversations\/past-town-hall-webcasts\/?lang=fr\" target=\"_blank\" rel=\"noreferrer noopener\">ici<\/a>.<\/p>\n\n\n\n<div class=\"wp-block-columns is-layout-flex wp-container-core-columns-is-layout-9d6595d7 wp-block-columns-is-layout-flex\">\n<div class=\"wp-block-column is-layout-flow wp-block-column-is-layout-flow\" style=\"flex-basis:70%\"><\/div>\n\n\n\n<div class=\"wp-block-column is-layout-flow wp-block-column-is-layout-flow\" style=\"flex-basis:30%\"><\/div>\n<\/div>\n\n\n\n<p><\/p>\n\n\n\n<div style=\"height:100px\" aria-hidden=\"true\" class=\"wp-block-spacer\"><\/div>\n","protected":false},"excerpt":{"rendered":"<p>Si vous d\u00e9sirez soumettre une question avant ou pendant la web\u00e9mission, veuillez envoyer votre question dans un courriel \u00e0 conversations@yorku.ca. Acc\u00e9dez aux web\u00e9missions des conversations communautaires ant\u00e9rieures&nbsp;ici.<\/p>\n","protected":false},"author":7,"featured_media":0,"parent":489,"menu_order":0,"comment_status":"closed","ping_status":"closed","template":"","meta":{"_kad_blocks_custom_css":"","_kad_blocks_head_custom_js":"","_kad_blocks_body_custom_js":"","_kad_blocks_footer_custom_js":"","footnotes":""},"tags":[],"class_list":["post-498","page","type-page","status-publish","hentry"],"yoast_head":"<!-- This site is optimized with the Yoast SEO plugin v27.4 - https:\/\/yoast.com\/product\/yoast-seo-wordpress\/ -->\n<title>Web\u00e9mission - Conversations<\/title>\n<meta name=\"robots\" content=\"index, follow, max-snippet:-1, max-image-preview:large, max-video-preview:-1\" \/>\n<link rel=\"canonical\" href=\"https:\/\/www.yorku.ca\/events\/conversations\/first-page\/webcast\/?lang=fr\" \/>\n<meta property=\"og:locale\" content=\"en_US\" \/>\n<meta property=\"og:type\" content=\"article\" \/>\n<meta property=\"og:title\" content=\"Web\u00e9mission - Conversations\" \/>\n<meta property=\"og:description\" content=\"Si vous d\u00e9sirez soumettre une question avant ou pendant la web\u00e9mission, veuillez envoyer votre question dans un courriel \u00e0 conversations@yorku.ca. Acc\u00e9dez aux web\u00e9missions des conversations communautaires ant\u00e9rieures&nbsp;ici.\" \/>\n<meta property=\"og:url\" content=\"https:\/\/www.yorku.ca\/events\/conversations\/first-page\/webcast\/?lang=fr\" \/>\n<meta property=\"og:site_name\" content=\"Conversations\" \/>\n<meta property=\"article:modified_time\" content=\"2023-11-13T16:40:34+00:00\" \/>\n<meta name=\"twitter:card\" content=\"summary_large_image\" \/>\n<meta name=\"twitter:label1\" content=\"Est. reading time\" \/>\n\t<meta name=\"twitter:data1\" content=\"1 minute\" \/>\n<script type=\"application\/ld+json\" class=\"yoast-schema-graph\">{\"@context\":\"https:\\\/\\\/schema.org\",\"@graph\":[{\"@type\":\"WebPage\",\"@id\":\"https:\\\/\\\/www.yorku.ca\\\/events\\\/conversations\\\/first-page\\\/webcast\\\/?lang=fr\",\"url\":\"https:\\\/\\\/www.yorku.ca\\\/events\\\/conversations\\\/first-page\\\/webcast\\\/?lang=fr\",\"name\":\"Web\u00e9mission - Conversations\",\"isPartOf\":{\"@id\":\"https:\\\/\\\/www.yorku.ca\\\/events\\\/conversations\\\/#website\"},\"datePublished\":\"2014-08-18T14:33:54+00:00\",\"dateModified\":\"2023-11-13T16:40:34+00:00\",\"breadcrumb\":{\"@id\":\"https:\\\/\\\/www.yorku.ca\\\/events\\\/conversations\\\/first-page\\\/webcast\\\/?lang=fr#breadcrumb\"},\"inLanguage\":\"en-US\",\"potentialAction\":[{\"@type\":\"ReadAction\",\"target\":[\"https:\\\/\\\/www.yorku.ca\\\/events\\\/conversations\\\/first-page\\\/webcast\\\/?lang=fr\"]}]},{\"@type\":\"BreadcrumbList\",\"@id\":\"https:\\\/\\\/www.yorku.ca\\\/events\\\/conversations\\\/first-page\\\/webcast\\\/?lang=fr#breadcrumb\",\"itemListElement\":[{\"@type\":\"ListItem\",\"position\":1,\"name\":\"Home\",\"item\":\"https:\\\/\\\/www.yorku.ca\\\/events\\\/conversations\\\/\"},{\"@type\":\"ListItem\",\"position\":2,\"name\":\"Joignez la conversation\",\"item\":\"https:\\\/\\\/www.yorku.ca\\\/events\\\/conversations\\\/?lang=fr\"},{\"@type\":\"ListItem\",\"position\":3,\"name\":\"Web\u00e9mission\"}]},{\"@type\":\"WebSite\",\"@id\":\"https:\\\/\\\/www.yorku.ca\\\/events\\\/conversations\\\/#website\",\"url\":\"https:\\\/\\\/www.yorku.ca\\\/events\\\/conversations\\\/\",\"name\":\"Conversations\",\"description\":\"\",\"potentialAction\":[{\"@type\":\"SearchAction\",\"target\":{\"@type\":\"EntryPoint\",\"urlTemplate\":\"https:\\\/\\\/www.yorku.ca\\\/events\\\/conversations\\\/?s={search_term_string}\"},\"query-input\":{\"@type\":\"PropertyValueSpecification\",\"valueRequired\":true,\"valueName\":\"search_term_string\"}}],\"inLanguage\":\"en-US\"}]}<\/script>\n<!-- \/ Yoast SEO plugin. -->","yoast_head_json":{"title":"Web\u00e9mission - Conversations","robots":{"index":"index","follow":"follow","max-snippet":"max-snippet:-1","max-image-preview":"max-image-preview:large","max-video-preview":"max-video-preview:-1"},"canonical":"https:\/\/www.yorku.ca\/events\/conversations\/first-page\/webcast\/?lang=fr","og_locale":"en_US","og_type":"article","og_title":"Web\u00e9mission - Conversations","og_description":"Si vous d\u00e9sirez soumettre une question avant ou pendant la web\u00e9mission, veuillez envoyer votre question dans un courriel \u00e0 conversations@yorku.ca. Acc\u00e9dez aux web\u00e9missions des conversations communautaires ant\u00e9rieures&nbsp;ici.","og_url":"https:\/\/www.yorku.ca\/events\/conversations\/first-page\/webcast\/?lang=fr","og_site_name":"Conversations","article_modified_time":"2023-11-13T16:40:34+00:00","twitter_card":"summary_large_image","twitter_misc":{"Est. reading time":"1 minute"},"schema":{"@context":"https:\/\/schema.org","@graph":[{"@type":"WebPage","@id":"https:\/\/www.yorku.ca\/events\/conversations\/first-page\/webcast\/?lang=fr","url":"https:\/\/www.yorku.ca\/events\/conversations\/first-page\/webcast\/?lang=fr","name":"Web\u00e9mission - Conversations","isPartOf":{"@id":"https:\/\/www.yorku.ca\/events\/conversations\/#website"},"datePublished":"2014-08-18T14:33:54+00:00","dateModified":"2023-11-13T16:40:34+00:00","breadcrumb":{"@id":"https:\/\/www.yorku.ca\/events\/conversations\/first-page\/webcast\/?lang=fr#breadcrumb"},"inLanguage":"en-US","potentialAction":[{"@type":"ReadAction","target":["https:\/\/www.yorku.ca\/events\/conversations\/first-page\/webcast\/?lang=fr"]}]},{"@type":"BreadcrumbList","@id":"https:\/\/www.yorku.ca\/events\/conversations\/first-page\/webcast\/?lang=fr#breadcrumb","itemListElement":[{"@type":"ListItem","position":1,"name":"Home","item":"https:\/\/www.yorku.ca\/events\/conversations\/"},{"@type":"ListItem","position":2,"name":"Joignez la conversation","item":"https:\/\/www.yorku.ca\/events\/conversations\/?lang=fr"},{"@type":"ListItem","position":3,"name":"Web\u00e9mission"}]},{"@type":"WebSite","@id":"https:\/\/www.yorku.ca\/events\/conversations\/#website","url":"https:\/\/www.yorku.ca\/events\/conversations\/","name":"Conversations","description":"","potentialAction":[{"@type":"SearchAction","target":{"@type":"EntryPoint","urlTemplate":"https:\/\/www.yorku.ca\/events\/conversations\/?s={search_term_string}"},"query-input":{"@type":"PropertyValueSpecification","valueRequired":true,"valueName":"search_term_string"}}],"inLanguage":"en-US"}]}},"taxonomy_info":[],"featured_image_src_large":false,"author_info":{"display_name":"akolade","author_link":"https:\/\/www.yorku.ca\/events\/conversations\/author\/akolade\/"},"comment_info":0,"_links":{"self":[{"href":"https:\/\/www.yorku.ca\/events\/conversations\/wp-json\/wp\/v2\/pages\/498","targetHints":{"allow":["GET"]}}],"collection":[{"href":"https:\/\/www.yorku.ca\/events\/conversations\/wp-json\/wp\/v2\/pages"}],"about":[{"href":"https:\/\/www.yorku.ca\/events\/conversations\/wp-json\/wp\/v2\/types\/page"}],"author":[{"embeddable":true,"href":"https:\/\/www.yorku.ca\/events\/conversations\/wp-json\/wp\/v2\/users\/7"}],"replies":[{"embeddable":true,"href":"https:\/\/www.yorku.ca\/events\/conversations\/wp-json\/wp\/v2\/comments?post=498"}],"version-history":[{"count":17,"href":"https:\/\/www.yorku.ca\/events\/conversations\/wp-json\/wp\/v2\/pages\/498\/revisions"}],"predecessor-version":[{"id":696,"href":"https:\/\/www.yorku.ca\/events\/conversations\/wp-json\/wp\/v2\/pages\/498\/revisions\/696"}],"up":[{"embeddable":true,"href":"https:\/\/www.yorku.ca\/events\/conversations\/wp-json\/wp\/v2\/pages\/489"}],"wp:attachment":[{"href":"https:\/\/www.yorku.ca\/events\/conversations\/wp-json\/wp\/v2\/media?parent=498"}],"wp:term":[{"taxonomy":"post_tag","embeddable":true,"href":"https:\/\/www.yorku.ca\/events\/conversations\/wp-json\/wp\/v2\/tags?post=498"}],"curies":[{"name":"wp","href":"https:\/\/api.w.org\/{rel}","templated":true}]}}