  {"id":489,"date":"2025-09-24T11:00:00","date_gmt":"2025-09-24T15:00:00","guid":{"rendered":"https:\/\/www.yorku.ca\/events\/conversationsdev\/first-page\/"},"modified":"2025-09-24T10:59:34","modified_gmt":"2025-09-24T14:59:34","slug":"first-page","status":"publish","type":"page","link":"https:\/\/www.yorku.ca\/events\/conversations\/first-page\/?lang=fr","title":{"rendered":"Joignez la conversation"},"content":{"rendered":"\n<p>Les conversations communautaires sont des m\u00e9canismes essentiels permettant \u00e0 la direction de l\u2019Universit\u00e9 de communiquer de mani\u00e8re transparente et accessible des renseignements importants sur les d\u00e9fis et les occasions auxquels York est confront\u00e9e. Elles offrent une plateforme significative aux \u00e9tudiantes et \u00e9tudiants, au personnel, au corps professoral et aux charg\u00e9(e)s de cours pour poser des questions, partager leurs id\u00e9es et faire part de leurs commentaires sur leur exp\u00e9rience \u00e0 York.<\/p>\n\n\n\n<p>Ces \u00e9v\u00e9nements ont lieu \u00e0 plusieurs moments au cours de l\u2019ann\u00e9e universitaire. Vous pouvez acc\u00e9der aux web\u00e9missions pr\u00e9c\u00e9dentes <a href=\"https:\/\/www.yorku.ca\/events\/conversations\/past-town-hall-webcasts\/?lang=fr\">ici<\/a>.<\/p>\n\n\n\n<div style=\"height:18px\" aria-hidden=\"true\" class=\"wp-block-spacer\"><\/div>\n\n\n\n<h2 class=\"wp-block-heading\">\u00c9v\u00e9nements \u00e0 venir<\/h2>\n\n\n\n<div style=\"height:38px\" aria-hidden=\"true\" class=\"wp-block-spacer\"><\/div>\n\n\n\n<div class=\"wp-block-media-text is-stacked-on-mobile\"><figure class=\"wp-block-media-text__media\"><img loading=\"lazy\" decoding=\"async\" width=\"1024\" height=\"576\" src=\"https:\/\/www.yorku.ca\/events\/conversations\/wp-content\/uploads\/sites\/666\/2025\/09\/Town-Hall-Conversation-Co-1024x576.png\" alt=\"\" class=\"wp-image-930 size-full\" srcset=\"https:\/\/www.yorku.ca\/events\/conversations\/wp-content\/uploads\/sites\/666\/2025\/09\/Town-Hall-Conversation-Co-1024x576.png 1024w, https:\/\/www.yorku.ca\/events\/conversations\/wp-content\/uploads\/sites\/666\/2025\/09\/Town-Hall-Conversation-Co-400x225.png 400w, https:\/\/www.yorku.ca\/events\/conversations\/wp-content\/uploads\/sites\/666\/2025\/09\/Town-Hall-Conversation-Co-1536x864.png 1536w, https:\/\/www.yorku.ca\/events\/conversations\/wp-content\/uploads\/sites\/666\/2025\/09\/Town-Hall-Conversation-Co.png 2048w\" sizes=\"auto, (max-width: 1024px) 100vw, 1024px\" \/><\/figure><div class=\"wp-block-media-text__content\">\n<p class=\"has-medium-font-size\"><strong>Bient\u00f4t disponible<\/strong> !<\/p>\n<\/div><\/div>\n\n\n\n<div style=\"height:100px\" aria-hidden=\"true\" class=\"wp-block-spacer\"><\/div>\n\n\n\n<p><\/p>\n","protected":false},"excerpt":{"rendered":"<p>Les conversations communautaires sont des m\u00e9canismes essentiels permettant \u00e0 la direction de l\u2019Universit\u00e9 de communiquer de mani\u00e8re transparente et accessible des renseignements importants sur les d\u00e9fis et les occasions auxquels York est confront\u00e9e. Elles offrent une plateforme significative aux \u00e9tudiantes et \u00e9tudiants, au personnel, au corps professoral et aux charg\u00e9(e)s de cours pour poser des [&hellip;]<\/p>\n","protected":false},"author":7,"featured_media":491,"parent":0,"menu_order":0,"comment_status":"closed","ping_status":"open","template":"","meta":{"_kad_blocks_custom_css":"","_kad_blocks_head_custom_js":"","_kad_blocks_body_custom_js":"","_kad_blocks_footer_custom_js":"","footnotes":""},"tags":[],"class_list":["post-489","page","type-page","status-publish","has-post-thumbnail","hentry"],"yoast_head":"<!-- This site is optimized with the Yoast SEO plugin v27.4 - https:\/\/yoast.com\/product\/yoast-seo-wordpress\/ -->\n<title>Joignez la conversation - Conversations<\/title>\n<meta name=\"robots\" content=\"index, follow, max-snippet:-1, max-image-preview:large, max-video-preview:-1\" \/>\n<link rel=\"canonical\" href=\"https:\/\/www.yorku.ca\/events\/conversations\/?lang=fr\" \/>\n<meta property=\"og:locale\" content=\"en_US\" \/>\n<meta property=\"og:type\" content=\"article\" \/>\n<meta property=\"og:title\" content=\"Joignez la conversation - Conversations\" \/>\n<meta property=\"og:description\" content=\"Les conversations communautaires sont des m\u00e9canismes essentiels permettant \u00e0 la direction de l\u2019Universit\u00e9 de communiquer de mani\u00e8re transparente et accessible des renseignements importants sur les d\u00e9fis et les occasions auxquels York est confront\u00e9e. Elles offrent une plateforme significative aux \u00e9tudiantes et \u00e9tudiants, au personnel, au corps professoral et aux charg\u00e9(e)s de cours pour poser des [&hellip;]\" \/>\n<meta property=\"og:url\" content=\"https:\/\/www.yorku.ca\/events\/conversations\/?lang=fr\" \/>\n<meta property=\"og:site_name\" content=\"Conversations\" \/>\n<meta property=\"og:image\" content=\"https:\/\/www.yorku.ca\/events\/conversations\/wp-content\/uploads\/sites\/666\/2022\/07\/1160x350_Bergeron-terrace-group1-scaled.jpeg\" \/>\n\t<meta property=\"og:image:width\" content=\"2560\" \/>\n\t<meta property=\"og:image:height\" content=\"772\" \/>\n\t<meta property=\"og:image:type\" content=\"image\/jpeg\" \/>\n<meta name=\"twitter:card\" content=\"summary_large_image\" \/>\n<meta name=\"twitter:label1\" content=\"Est. reading time\" \/>\n\t<meta name=\"twitter:data1\" content=\"1 minute\" \/>\n<script type=\"application\/ld+json\" class=\"yoast-schema-graph\">{\"@context\":\"https:\\\/\\\/schema.org\",\"@graph\":[{\"@type\":\"WebPage\",\"@id\":\"https:\\\/\\\/www.yorku.ca\\\/events\\\/conversations\\\/?lang=fr\",\"url\":\"https:\\\/\\\/www.yorku.ca\\\/events\\\/conversations\\\/?lang=fr\",\"name\":\"Joignez la conversation - Conversations\",\"isPartOf\":{\"@id\":\"https:\\\/\\\/www.yorku.ca\\\/events\\\/conversations\\\/#website\"},\"primaryImageOfPage\":{\"@id\":\"https:\\\/\\\/www.yorku.ca\\\/events\\\/conversations\\\/?lang=fr#primaryimage\"},\"image\":{\"@id\":\"https:\\\/\\\/www.yorku.ca\\\/events\\\/conversations\\\/?lang=fr#primaryimage\"},\"thumbnailUrl\":\"https:\\\/\\\/www.yorku.ca\\\/events\\\/conversations\\\/wp-content\\\/uploads\\\/sites\\\/666\\\/2022\\\/07\\\/1160x350_Bergeron-terrace-group1-scaled.jpeg\",\"datePublished\":\"2025-09-24T15:00:00+00:00\",\"breadcrumb\":{\"@id\":\"https:\\\/\\\/www.yorku.ca\\\/events\\\/conversations\\\/?lang=fr#breadcrumb\"},\"inLanguage\":\"en-US\",\"potentialAction\":[{\"@type\":\"ReadAction\",\"target\":[\"https:\\\/\\\/www.yorku.ca\\\/events\\\/conversations\\\/?lang=fr\"]}]},{\"@type\":\"ImageObject\",\"inLanguage\":\"en-US\",\"@id\":\"https:\\\/\\\/www.yorku.ca\\\/events\\\/conversations\\\/?lang=fr#primaryimage\",\"url\":\"https:\\\/\\\/www.yorku.ca\\\/events\\\/conversations\\\/wp-content\\\/uploads\\\/sites\\\/666\\\/2022\\\/07\\\/1160x350_Bergeron-terrace-group1-scaled.jpeg\",\"contentUrl\":\"https:\\\/\\\/www.yorku.ca\\\/events\\\/conversations\\\/wp-content\\\/uploads\\\/sites\\\/666\\\/2022\\\/07\\\/1160x350_Bergeron-terrace-group1-scaled.jpeg\",\"width\":2560,\"height\":772},{\"@type\":\"BreadcrumbList\",\"@id\":\"https:\\\/\\\/www.yorku.ca\\\/events\\\/conversations\\\/?lang=fr#breadcrumb\",\"itemListElement\":[{\"@type\":\"ListItem\",\"position\":1,\"name\":\"Home\",\"item\":\"https:\\\/\\\/www.yorku.ca\\\/events\\\/conversations\\\/\"},{\"@type\":\"ListItem\",\"position\":2,\"name\":\"Joignez la conversation\"}]},{\"@type\":\"WebSite\",\"@id\":\"https:\\\/\\\/www.yorku.ca\\\/events\\\/conversations\\\/#website\",\"url\":\"https:\\\/\\\/www.yorku.ca\\\/events\\\/conversations\\\/\",\"name\":\"Conversations\",\"description\":\"\",\"potentialAction\":[{\"@type\":\"SearchAction\",\"target\":{\"@type\":\"EntryPoint\",\"urlTemplate\":\"https:\\\/\\\/www.yorku.ca\\\/events\\\/conversations\\\/?s={search_term_string}\"},\"query-input\":{\"@type\":\"PropertyValueSpecification\",\"valueRequired\":true,\"valueName\":\"search_term_string\"}}],\"inLanguage\":\"en-US\"}]}<\/script>\n<!-- \/ Yoast SEO plugin. -->","yoast_head_json":{"title":"Joignez la conversation - Conversations","robots":{"index":"index","follow":"follow","max-snippet":"max-snippet:-1","max-image-preview":"max-image-preview:large","max-video-preview":"max-video-preview:-1"},"canonical":"https:\/\/www.yorku.ca\/events\/conversations\/?lang=fr","og_locale":"en_US","og_type":"article","og_title":"Joignez la conversation - Conversations","og_description":"Les conversations communautaires sont des m\u00e9canismes essentiels permettant \u00e0 la direction de l\u2019Universit\u00e9 de communiquer de mani\u00e8re transparente et accessible des renseignements importants sur les d\u00e9fis et les occasions auxquels York est confront\u00e9e. Elles offrent une plateforme significative aux \u00e9tudiantes et \u00e9tudiants, au personnel, au corps professoral et aux charg\u00e9(e)s de cours pour poser des [&hellip;]","og_url":"https:\/\/www.yorku.ca\/events\/conversations\/?lang=fr","og_site_name":"Conversations","og_image":[{"width":2560,"height":772,"url":"https:\/\/www.yorku.ca\/events\/conversations\/wp-content\/uploads\/sites\/666\/2022\/07\/1160x350_Bergeron-terrace-group1-scaled.jpeg","type":"image\/jpeg"}],"twitter_card":"summary_large_image","twitter_misc":{"Est. reading time":"1 minute"},"schema":{"@context":"https:\/\/schema.org","@graph":[{"@type":"WebPage","@id":"https:\/\/www.yorku.ca\/events\/conversations\/?lang=fr","url":"https:\/\/www.yorku.ca\/events\/conversations\/?lang=fr","name":"Joignez la conversation - Conversations","isPartOf":{"@id":"https:\/\/www.yorku.ca\/events\/conversations\/#website"},"primaryImageOfPage":{"@id":"https:\/\/www.yorku.ca\/events\/conversations\/?lang=fr#primaryimage"},"image":{"@id":"https:\/\/www.yorku.ca\/events\/conversations\/?lang=fr#primaryimage"},"thumbnailUrl":"https:\/\/www.yorku.ca\/events\/conversations\/wp-content\/uploads\/sites\/666\/2022\/07\/1160x350_Bergeron-terrace-group1-scaled.jpeg","datePublished":"2025-09-24T15:00:00+00:00","breadcrumb":{"@id":"https:\/\/www.yorku.ca\/events\/conversations\/?lang=fr#breadcrumb"},"inLanguage":"en-US","potentialAction":[{"@type":"ReadAction","target":["https:\/\/www.yorku.ca\/events\/conversations\/?lang=fr"]}]},{"@type":"ImageObject","inLanguage":"en-US","@id":"https:\/\/www.yorku.ca\/events\/conversations\/?lang=fr#primaryimage","url":"https:\/\/www.yorku.ca\/events\/conversations\/wp-content\/uploads\/sites\/666\/2022\/07\/1160x350_Bergeron-terrace-group1-scaled.jpeg","contentUrl":"https:\/\/www.yorku.ca\/events\/conversations\/wp-content\/uploads\/sites\/666\/2022\/07\/1160x350_Bergeron-terrace-group1-scaled.jpeg","width":2560,"height":772},{"@type":"BreadcrumbList","@id":"https:\/\/www.yorku.ca\/events\/conversations\/?lang=fr#breadcrumb","itemListElement":[{"@type":"ListItem","position":1,"name":"Home","item":"https:\/\/www.yorku.ca\/events\/conversations\/"},{"@type":"ListItem","position":2,"name":"Joignez la conversation"}]},{"@type":"WebSite","@id":"https:\/\/www.yorku.ca\/events\/conversations\/#website","url":"https:\/\/www.yorku.ca\/events\/conversations\/","name":"Conversations","description":"","potentialAction":[{"@type":"SearchAction","target":{"@type":"EntryPoint","urlTemplate":"https:\/\/www.yorku.ca\/events\/conversations\/?s={search_term_string}"},"query-input":{"@type":"PropertyValueSpecification","valueRequired":true,"valueName":"search_term_string"}}],"inLanguage":"en-US"}]}},"taxonomy_info":[],"featured_image_src_large":["https:\/\/www.yorku.ca\/events\/conversations\/wp-content\/uploads\/sites\/666\/2022\/07\/1160x350_Bergeron-terrace-group1-1024x309.jpeg",1024,309,true],"author_info":{"display_name":"akolade","author_link":"https:\/\/www.yorku.ca\/events\/conversations\/author\/akolade\/"},"comment_info":0,"_links":{"self":[{"href":"https:\/\/www.yorku.ca\/events\/conversations\/wp-json\/wp\/v2\/pages\/489","targetHints":{"allow":["GET"]}}],"collection":[{"href":"https:\/\/www.yorku.ca\/events\/conversations\/wp-json\/wp\/v2\/pages"}],"about":[{"href":"https:\/\/www.yorku.ca\/events\/conversations\/wp-json\/wp\/v2\/types\/page"}],"author":[{"embeddable":true,"href":"https:\/\/www.yorku.ca\/events\/conversations\/wp-json\/wp\/v2\/users\/7"}],"replies":[{"embeddable":true,"href":"https:\/\/www.yorku.ca\/events\/conversations\/wp-json\/wp\/v2\/comments?post=489"}],"version-history":[{"count":45,"href":"https:\/\/www.yorku.ca\/events\/conversations\/wp-json\/wp\/v2\/pages\/489\/revisions"}],"predecessor-version":[{"id":945,"href":"https:\/\/www.yorku.ca\/events\/conversations\/wp-json\/wp\/v2\/pages\/489\/revisions\/945"}],"wp:featuredmedia":[{"embeddable":true,"href":"https:\/\/www.yorku.ca\/events\/conversations\/wp-json\/wp\/v2\/media\/491"}],"wp:attachment":[{"href":"https:\/\/www.yorku.ca\/events\/conversations\/wp-json\/wp\/v2\/media?parent=489"}],"wp:term":[{"taxonomy":"post_tag","embeddable":true,"href":"https:\/\/www.yorku.ca\/events\/conversations\/wp-json\/wp\/v2\/tags?post=489"}],"curies":[{"name":"wp","href":"https:\/\/api.w.org\/{rel}","templated":true}]}}