  {"id":12658,"date":"2022-03-15T00:56:59","date_gmt":"2022-03-15T04:56:59","guid":{"rendered":"https:\/\/www.yorku.ca\/convocation\/location\/"},"modified":"2025-12-15T09:32:45","modified_gmt":"2025-12-15T14:32:45","slug":"location","status":"publish","type":"page","link":"https:\/\/www.yorku.ca\/convocation\/location\/?lang=fr","title":{"rendered":"Renseignements sur les emplacements et le transport\u00a0"},"content":{"rendered":"\n<p>Toutes les c\u00e9r\u00e9monies de remise des dipl\u00f4mes se d\u00e9rouleront sur le campus Keele de l\u2019Universit\u00e9 York. Vous trouverez ci-dessous des informations d\u00e9taill\u00e9es sur l\u2019emplacement, le stationnement, les navettes, les places des invit\u00e9s, etc.&nbsp;<\/p>\n\n\n\n<div style=\"height:25px\" aria-hidden=\"true\" class=\"wp-block-spacer\"><\/div>\n\n\n<style>.kt-accordion-id12658_4aa20b-b2 .kt-accordion-inner-wrap{column-gap:var(--global-kb-gap-md, 2rem);row-gap:8px;}.kt-accordion-id12658_4aa20b-b2 .kt-accordion-panel-inner{padding-top:var(--global-kb-spacing-sm, 1.5rem);padding-right:var(--global-kb-spacing-sm, 1.5rem);padding-bottom:var(--global-kb-spacing-sm, 1.5rem);padding-left:var(--global-kb-spacing-sm, 1.5rem);}.kt-accordion-id12658_4aa20b-b2 .wp-block-kadence-pane .kt-accordion-header-wrap .kt-blocks-accordion-header{padding-top:var(--global-kb-spacing-xxs, 0.5rem);padding-right:var(--global-kb-spacing-xs, 1rem);padding-bottom:var(--global-kb-spacing-xxs, 0.5rem);padding-left:var(--global-kb-spacing-xs, 1rem);}@media all and (max-width: 767px){.kt-accordion-id12658_4aa20b-b2 .kt-accordion-inner-wrap{display:block;}.kt-accordion-id12658_4aa20b-b2 .kt-accordion-inner-wrap .kt-accordion-pane:not(:first-child){margin-top:8px;}}<\/style>\n<div class=\"wp-block-kadence-accordion alignnone\"><div class=\"kt-accordion-wrap kt-accordion-id12658_4aa20b-b2 kt-accordion-has-10-panes kt-active-pane-0 kt-accordion-block kt-pane-header-alignment-left kt-accodion-icon-style-arrow kt-accodion-icon-side-right\" style=\"max-width:none\"><div class=\"kt-accordion-inner-wrap\" data-allow-multiple-open=\"true\" data-start-open=\"0\">\n<div class=\"wp-block-kadence-pane kt-accordion-pane kt-accordion-pane-3 kt-pane12658_119ff1-5c\"><div class=\"kt-accordion-header-wrap\"><button class=\"kt-blocks-accordion-header kt-acccordion-button-label-show\" type=\"button\"><span class=\"kt-blocks-accordion-title-wrap\"><span class=\"kt-blocks-accordion-title\"><strong>Lieu de la c\u00e9r\u00e9monie<\/strong>&nbsp;<\/span><\/span><span class=\"kt-blocks-accordion-icon-trigger\"><\/span><\/button><\/div><div class=\"kt-accordion-panel kt-accordion-panel-hidden\"><div class=\"kt-accordion-panel-inner\">\n<p>Les c\u00e9r\u00e9monies de juin et d\u2019octobre auront lieu au Convocation Pavilion, situ\u00e9 dans le <a href=\"https:\/\/map.concept3d.com\/?id=1200#!m\/323823?share\" target=\"_blank\" rel=\"noreferrer noopener\">stade Sobeys<\/a> au 1, Shoreham Drive, du c\u00f4t\u00e9 ouest du campus Keele de l\u2019Universit\u00e9 York.&nbsp;<\/p>\n\n\n\n<p>La c\u00e9r\u00e9monie Kellogg-Schulich EMBA a lieu en octobre dans le <a href=\"https:\/\/map.concept3d.com\/?id=1200#!m\/317159?share\" target=\"_blank\" rel=\"noreferrer noopener\">b\u00e2timent Seymour Schulich<\/a> sur le campus Keele de l\u2019Universit\u00e9 York.&nbsp;<\/p>\n\n\n\n<p>Un plan du site de la c\u00e9r\u00e9monie de remise des dipl\u00f4mes sera affich\u00e9 ici peu avant l\u2019\u00e9v\u00e9nement. <\/p>\n<\/div><\/div><\/div>\n\n\n\n<div class=\"wp-block-kadence-pane kt-accordion-pane kt-accordion-pane-4 kt-pane12658_c3c3a6-ce\" id=\"parking\"><div class=\"kt-accordion-header-wrap\"><button class=\"kt-blocks-accordion-header kt-acccordion-button-label-show\" type=\"button\"><span class=\"kt-blocks-accordion-title-wrap\"><span class=\"kt-blocks-accordion-title\"><strong>Stationnement\u202f<\/strong>&nbsp;<\/span><\/span><span class=\"kt-blocks-accordion-icon-trigger\"><\/span><\/button><\/div><div class=\"kt-accordion-panel kt-accordion-panel-hidden\"><div class=\"kt-accordion-panel-inner\">\n<h5 class=\"wp-block-heading\"><\/h5>\n\n\n\n<p>Plus d'informations seront disponibles ici \u00e0 l'approche de la date de l'\u00e9v\u00e9nement.\u00a0<\/p>\n<\/div><\/div><\/div>\n\n\n\n<div class=\"wp-block-kadence-pane kt-accordion-pane kt-accordion-pane-9 kt-pane12658_1d1115-75\" id=\"transit\"><div class=\"kt-accordion-header-wrap\"><button class=\"kt-blocks-accordion-header kt-acccordion-button-label-show\" type=\"button\"><span class=\"kt-blocks-accordion-title-wrap\"><span class=\"kt-blocks-accordion-title\"><strong>Transports en commun<\/strong>&nbsp;<\/span><\/span><span class=\"kt-blocks-accordion-icon-trigger\"><\/span><\/button><\/div><div class=\"kt-accordion-panel kt-accordion-panel-hidden\"><div class=\"kt-accordion-panel-inner\">\n<p>Les invit\u00e9\u00b7e\u00b7s, les \u00e9tudiant\u00b7e\u00b7s et les membres du corps professoral peuvent prendre la ligne\u202f1 du m\u00e9tro TTC (Yonge-University) jusqu\u2019\u00e0 la station de m\u00e9tro TTC Pioneer Village, qui se trouve \u00e0 9\u202fminutes \u00e0 pied du stade Sobeys. <\/p>\n\n\n\n<p>Des bus locaux desservent \u00e9galement le campus Keele de l\u2019Universit\u00e9 York tous les jours. Visitez le site Web <a href=\"https:\/\/www.yorku.ca\/transportation\/public-transportation\/\" target=\"_blank\" rel=\"noreferrer noopener\">Transportation Services<\/a> pour plus d\u2019informations.&nbsp;<\/p>\n<\/div><\/div><\/div>\n\n\n\n<div class=\"wp-block-kadence-pane kt-accordion-pane kt-accordion-pane-10 kt-pane12658_8c2b02-9e\" id=\"shuttleservice\"><div class=\"kt-accordion-header-wrap\"><button class=\"kt-blocks-accordion-header kt-acccordion-button-label-show\" type=\"button\"><span class=\"kt-blocks-accordion-title-wrap\"><span class=\"kt-blocks-accordion-title\"><strong>Service de navette<\/strong>&nbsp;<\/span><\/span><span class=\"kt-blocks-accordion-icon-trigger\"><\/span><\/button><\/div><div class=\"kt-accordion-panel kt-accordion-panel-hidden\"><div class=\"kt-accordion-panel-inner\">\n<p>Plus d'informations seront disponibles ici \u00e0 l'approche de la date de l'\u00e9v\u00e9nement.\u00a0<\/p>\n\n\n\n<h5 class=\"wp-block-heading\"><\/h5>\n<\/div><\/div><\/div>\n\n\n\n<div class=\"wp-block-kadence-pane kt-accordion-pane kt-accordion-pane-5 kt-pane12658_9e80f5-37\" id=\"seating\"><div class=\"kt-accordion-header-wrap\"><button class=\"kt-blocks-accordion-header kt-acccordion-button-label-show\" type=\"button\"><span class=\"kt-blocks-accordion-title-wrap\"><span class=\"kt-blocks-accordion-title\">Places assises&nbsp;<\/span><\/span><span class=\"kt-blocks-accordion-icon-trigger\"><\/span><\/button><\/div><div class=\"kt-accordion-panel kt-accordion-panel-hidden\"><div class=\"kt-accordion-panel-inner\">\n<p>Nous voulons que votre exp\u00e9rience de la c\u00e9r\u00e9monie (ainsi que celle de vos invit\u00e9s) soit la plus agr\u00e9able possible. Vous trouverez ci-dessous quelques informations importantes sur les places assises\u202f:&nbsp;&nbsp;<\/p>\n\n\n\n<ul class=\"wp-block-list\">\n<li>Veillez \u00e0 ce que vos invit\u00e9\u00b7e\u00b7s aient leur billet pr\u00eat d\u00e8s leur arriv\u00e9e.&nbsp;&nbsp;<\/li>\n\n\n\n<li>Les enfants de moins de trois (3) ans peuvent partager un si\u00e8ge avec l\u2019adulte qui les accompagne et n\u2019ont pas besoin de billet.&nbsp;<\/li>\n\n\n\n<li>Le pavillon de remise des dipl\u00f4mes (Convocation Pavilion) ouvre ses portes environ <strong>90\u202fminutes <\/strong>avant chaque c\u00e9r\u00e9monie.&nbsp;&nbsp;<\/li>\n\n\n\n<li>Les places sont attribu\u00e9es selon le principe du premier arriv\u00e9, premier servi.&nbsp;&nbsp;<\/li>\n\n\n\n<li>Si vous ou vos invit\u00e9\u00b7e\u00b7s avez besoin de places accessibles, veuillez nous en informer lors de votre r\u00e9servation.&nbsp;<\/li>\n<\/ul>\n<\/div><\/div><\/div>\n\n\n\n<div class=\"wp-block-kadence-pane kt-accordion-pane kt-accordion-pane-7 kt-pane12658_f3d297-f4\" id=\"lost\"><div class=\"kt-accordion-header-wrap\"><button class=\"kt-blocks-accordion-header kt-acccordion-button-label-show\" type=\"button\"><span class=\"kt-blocks-accordion-title-wrap\"><span class=\"kt-blocks-accordion-title\">Objets trouv\u00e9s&nbsp;<\/span><\/span><span class=\"kt-blocks-accordion-icon-trigger\"><\/span><\/button><\/div><div class=\"kt-accordion-panel kt-accordion-panel-hidden\"><div class=\"kt-accordion-panel-inner\">\n<p>Si vous perdez des objets lors de la c\u00e9r\u00e9monie au stade Sobeys, sachez qu\u2019ils seront probablement retourn\u00e9s aux objets trouv\u00e9s de l\u2019Universit\u00e9 York. Vous pourrez les r\u00e9cup\u00e9rer \u00e0 partir d\u2019une semaine apr\u00e8s la fin de la derni\u00e8re c\u00e9r\u00e9monie. Visitez la page Web <a href=\"https:\/\/www.yorku.ca\/safety\/lostandfound\/\" target=\"_blank\" rel=\"noreferrer noopener\">Lost &amp; Found<\/a> pour plus d\u2019informations.&nbsp;&nbsp;&nbsp;<\/p>\n<\/div><\/div><\/div>\n<\/div><\/div><\/div>\n\n\n\n<div style=\"height:80px\" aria-hidden=\"true\" class=\"wp-block-spacer\"><\/div>\n\n\n\n<p><\/p>\n","protected":false},"excerpt":{"rendered":"<p>Toutes les c\u00e9r\u00e9monies de remise des dipl\u00f4mes se d\u00e9rouleront sur le campus Keele de l\u2019Universit\u00e9 York. Vous trouverez ci-dessous des informations d\u00e9taill\u00e9es sur l\u2019emplacement, le stationnement, les navettes, les places des invit\u00e9s, etc.&nbsp;<\/p>\n","protected":false},"author":307,"featured_media":0,"parent":0,"menu_order":0,"comment_status":"closed","ping_status":"closed","template":"","meta":{"_kad_blocks_custom_css":"","_kad_blocks_head_custom_js":"","_kad_blocks_body_custom_js":"","_kad_blocks_footer_custom_js":"","footnotes":""},"tags":[],"class_list":["post-12658","page","type-page","status-publish","hentry"],"taxonomy_info":[],"featured_image_src_large":false,"author_info":{"display_name":"lechris","author_link":"https:\/\/www.yorku.ca\/convocation\/author\/lechris\/"},"comment_info":"","_links":{"self":[{"href":"https:\/\/www.yorku.ca\/convocation\/wp-json\/wp\/v2\/pages\/12658","targetHints":{"allow":["GET"]}}],"collection":[{"href":"https:\/\/www.yorku.ca\/convocation\/wp-json\/wp\/v2\/pages"}],"about":[{"href":"https:\/\/www.yorku.ca\/convocation\/wp-json\/wp\/v2\/types\/page"}],"author":[{"embeddable":true,"href":"https:\/\/www.yorku.ca\/convocation\/wp-json\/wp\/v2\/users\/307"}],"replies":[{"embeddable":true,"href":"https:\/\/www.yorku.ca\/convocation\/wp-json\/wp\/v2\/comments?post=12658"}],"version-history":[{"count":24,"href":"https:\/\/www.yorku.ca\/convocation\/wp-json\/wp\/v2\/pages\/12658\/revisions"}],"predecessor-version":[{"id":17209,"href":"https:\/\/www.yorku.ca\/convocation\/wp-json\/wp\/v2\/pages\/12658\/revisions\/17209"}],"wp:attachment":[{"href":"https:\/\/www.yorku.ca\/convocation\/wp-json\/wp\/v2\/media?parent=12658"}],"wp:term":[{"taxonomy":"post_tag","embeddable":true,"href":"https:\/\/www.yorku.ca\/convocation\/wp-json\/wp\/v2\/tags?post=12658"}],"curies":[{"name":"wp","href":"https:\/\/api.w.org\/{rel}","templated":true}]}}