  {"id":11527,"date":"2024-12-10T15:27:42","date_gmt":"2024-12-10T20:27:42","guid":{"rendered":"https:\/\/www.yorku.ca\/convocation\/ceremonies\/"},"modified":"2026-03-30T09:09:29","modified_gmt":"2026-03-30T13:09:29","slug":"ceremonies","status":"publish","type":"page","link":"https:\/\/www.yorku.ca\/convocation\/ceremonies\/?lang=fr","title":{"rendered":"Les c\u00e9r\u00e9monies de remise des dipl\u00f4mes"},"content":{"rendered":"\n<div style=\"height:20px\" aria-hidden=\"true\" class=\"wp-block-spacer\"><\/div>\n\n\n\n<div class=\"wp-block-columns is-layout-flex wp-container-core-columns-is-layout-1 wp-block-columns-is-layout-flex\">\n<div class=\"wp-block-column is-layout-flow wp-block-column-is-layout-flow\" style=\"flex-basis:66.66%\">\n<p>La participation \u00e0 la c\u00e9r\u00e9monie de remise des dipl\u00f4mes est un \u00e9v\u00e9nement m\u00e9morable et nous encourageons vivement les \u00e9tudiant\u00b7e\u00b7s dipl\u00f4m\u00e9\u00b7e\u00b7s \u00e0 y assister et \u00e0 c\u00e9l\u00e9brer cette \u00e9tape importante avec leur famille et leurs ami\u00b7e\u00b7s.&nbsp;<\/p>\n\n\n\n<p>Les informations relatives aux c\u00e9r\u00e9monies, y compris les horaires, les lieux, les modalit\u00e9s d'inscription, les informations sur les billets, etc., seront affich\u00e9es ici au fur et \u00e0 mesure.&nbsp;<\/p>\n\n\n\n<p>Votre c\u00e9r\u00e9monie d\u00e9pendra de la facult\u00e9 conf\u00e9rant le dipl\u00f4me ainsi que de votre dipl\u00f4me et de votre majeure. <\/p>\n<\/div>\n\n\n\n<div class=\"wp-block-column is-layout-flow wp-block-column-is-layout-flow\" style=\"flex-basis:33.33%\">\n<h2 class=\"wp-block-heading text-uppercase h5\">Liens rapides<\/h2>\n\n\n\n<ul class=\"wp-block-list list-unstyled\">\n<li><a href=\"https:\/\/www.yorku.ca\/convocation\/what-to-expect\/?lang=fr\" target=\"_blank\" rel=\"noreferrer noopener\">\u00c0 quoi s\u2019attendre?<\/a><\/li>\n\n\n\n<li><a href=\"https:\/\/www.yorku.ca\/convocation\/location\/?lang=fr\" data-type=\"link\" data-id=\"https:\/\/www.yorku.ca\/convocation\/location\/?lang=fr\">Emplacements et le transport<\/a><\/li>\n\n\n\n<li><a href=\"https:\/\/www.yorku.ca\/convocation\/walkthrough\/\" target=\"_blank\" rel=\"noreferrer noopener\">Marche \u00e0 suivre<\/a><\/li>\n\n\n\n<li><a href=\"https:\/\/www.yorku.ca\/convocation\/photography\/?lang=fr\" target=\"_blank\" rel=\"noreferrer noopener\">Photographie<\/a><\/li>\n\n\n\n<li><a href=\"https:\/\/www.yorku.ca\/convocation\/faqs\/?lang=fr\" target=\"_blank\" rel=\"noreferrer noopener\">FAQ<\/a><\/li>\n<\/ul>\n<\/div>\n<\/div>\n\n\n\n<div class=\"wp-block-buttons is-layout-flex wp-block-buttons-is-layout-flex\">\n<div class=\"wp-block-button bg-primary-2 text-white rounded-0\"><a class=\"wp-block-button__link has-text-color has-background wp-element-button\" href=\"https:\/\/www.yorku.ca\/convocation\/recherche-de-ceremonie\/?lang=fr\" style=\"color:#ffffff;background-color:#810001\">Chercher ma c\u00e9r\u00e9monie <i class=\"fas fa-chevron-right small pl-2\"><\/i><\/a><\/div>\n<\/div>\n\n\n\n<div style=\"height:40px\" aria-hidden=\"true\" class=\"wp-block-spacer\"><\/div>\n\n\n<style>.kt-accordion-id11527_3ad49b-76 .kt-accordion-inner-wrap{column-gap:var(--global-kb-gap-md, 2rem);row-gap:0px;}.kt-accordion-id11527_3ad49b-76 .kt-accordion-panel-inner{border-top:0px solid transparent;border-right:0px solid transparent;border-bottom:0px solid transparent;border-left:0px solid transparent;padding-top:var(--global-kb-spacing-sm, 1.5rem);padding-right:var(--global-kb-spacing-sm, 1.5rem);padding-bottom:var(--global-kb-spacing-sm, 1.5rem);padding-left:var(--global-kb-spacing-sm, 1.5rem);}.kt-accordion-id11527_3ad49b-76 .wp-block-kadence-pane .kt-accordion-header-wrap .kt-blocks-accordion-header{border-top-color:#555555;border-top-style:solid;border-right-color:#555555;border-right-style:solid;border-bottom-color:#555555;border-bottom-style:solid;border-left-color:#555555;border-left-style:solid;border-top-left-radius:0px;border-top-right-radius:0px;border-bottom-right-radius:0px;border-bottom-left-radius:0px;background:#f2f2f2;font-size:18px;line-height:24px;color:#555555;padding-top:10px;padding-right:14px;padding-bottom:10px;padding-left:14px;}.kt-accordion-id11527_3ad49b-76:not( .kt-accodion-icon-style-basiccircle ):not( .kt-accodion-icon-style-xclosecircle ):not( .kt-accodion-icon-style-arrowcircle ) .kt-blocks-accordion-icon-trigger:after, .kt-accordion-id11527_3ad49b-76:not( .kt-accodion-icon-style-basiccircle ):not( .kt-accodion-icon-style-xclosecircle ):not( .kt-accodion-icon-style-arrowcircle ) .kt-blocks-accordion-icon-trigger:before{background:#555555;}.kt-accordion-id11527_3ad49b-76:not( .kt-accodion-icon-style-basic ):not( .kt-accodion-icon-style-xclose ):not( .kt-accodion-icon-style-arrow ) .kt-blocks-accordion-icon-trigger{background:#555555;}.kt-accordion-id11527_3ad49b-76:not( .kt-accodion-icon-style-basic ):not( .kt-accodion-icon-style-xclose ):not( .kt-accodion-icon-style-arrow ) .kt-blocks-accordion-icon-trigger:after, .kt-accordion-id11527_3ad49b-76:not( .kt-accodion-icon-style-basic ):not( .kt-accodion-icon-style-xclose ):not( .kt-accodion-icon-style-arrow ) .kt-blocks-accordion-icon-trigger:before{background:#f2f2f2;}.kt-accordion-id11527_3ad49b-76 .kt-accordion-header-wrap .kt-blocks-accordion-header:hover, body:not(.hide-focus-outline) .kt-accordion-id11527_3ad49b-76 .kt-accordion-header-wrap .kt-blocks-accordion-header:focus-visible{color:#444444;background:#eeeeee;border-top-color:#eeeeee;border-top-style:solid;border-right-color:#eeeeee;border-right-style:solid;border-bottom-color:#eeeeee;border-bottom-style:solid;border-left-color:#eeeeee;border-left-style:solid;}.kt-accordion-id11527_3ad49b-76:not( .kt-accodion-icon-style-basiccircle ):not( .kt-accodion-icon-style-xclosecircle ):not( .kt-accodion-icon-style-arrowcircle ) .kt-blocks-accordion-header:hover .kt-blocks-accordion-icon-trigger:after, .kt-accordion-id11527_3ad49b-76:not( .kt-accodion-icon-style-basiccircle ):not( .kt-accodion-icon-style-xclosecircle ):not( .kt-accodion-icon-style-arrowcircle ) .kt-blocks-accordion-header:hover .kt-blocks-accordion-icon-trigger:before, body:not(.hide-focus-outline) .kt-accordion-id11527_3ad49b-76:not( .kt-accodion-icon-style-basiccircle ):not( .kt-accodion-icon-style-xclosecircle ):not( .kt-accodion-icon-style-arrowcircle ) .kt-blocks-accordion--visible .kt-blocks-accordion-icon-trigger:after, body:not(.hide-focus-outline) .kt-accordion-id11527_3ad49b-76:not( .kt-accodion-icon-style-basiccircle ):not( .kt-accodion-icon-style-xclosecircle ):not( .kt-accodion-icon-style-arrowcircle ) .kt-blocks-accordion-header:focus-visible .kt-blocks-accordion-icon-trigger:before{background:#444444;}.kt-accordion-id11527_3ad49b-76:not( .kt-accodion-icon-style-basic ):not( .kt-accodion-icon-style-xclose ):not( .kt-accodion-icon-style-arrow ) .kt-blocks-accordion-header:hover .kt-blocks-accordion-icon-trigger, body:not(.hide-focus-outline) .kt-accordion-id11527_3ad49b-76:not( .kt-accodion-icon-style-basic ):not( .kt-accodion-icon-style-xclose ):not( .kt-accodion-icon-style-arrow ) .kt-blocks-accordion-header:focus-visible .kt-blocks-accordion-icon-trigger{background:#444444;}.kt-accordion-id11527_3ad49b-76:not( .kt-accodion-icon-style-basic ):not( .kt-accodion-icon-style-xclose ):not( .kt-accodion-icon-style-arrow ) .kt-blocks-accordion-header:hover .kt-blocks-accordion-icon-trigger:after, .kt-accordion-id11527_3ad49b-76:not( .kt-accodion-icon-style-basic ):not( .kt-accodion-icon-style-xclose ):not( .kt-accodion-icon-style-arrow ) .kt-blocks-accordion-header:hover .kt-blocks-accordion-icon-trigger:before, body:not(.hide-focus-outline) .kt-accordion-id11527_3ad49b-76:not( .kt-accodion-icon-style-basic ):not( .kt-accodion-icon-style-xclose ):not( .kt-accodion-icon-style-arrow ) .kt-blocks-accordion-header:focus-visible .kt-blocks-accordion-icon-trigger:after, body:not(.hide-focus-outline) .kt-accordion-id11527_3ad49b-76:not( .kt-accodion-icon-style-basic ):not( .kt-accodion-icon-style-xclose ):not( .kt-accodion-icon-style-arrow ) .kt-blocks-accordion-header:focus-visible .kt-blocks-accordion-icon-trigger:before{background:#eeeeee;}.kt-accordion-id11527_3ad49b-76 .kt-accordion-header-wrap .kt-blocks-accordion-header:focus-visible, .kt-accordion-id11527_3ad49b-76 .kt-accordion-header-wrap .kt-blocks-accordion-header.kt-accordion-panel-active{color:#ffffff;background:#444444;border-top-color:#444444;border-top-style:solid;border-right-color:#444444;border-right-style:solid;border-bottom-color:#444444;border-bottom-style:solid;border-left-color:#444444;border-left-style:solid;}.kt-accordion-id11527_3ad49b-76:not( .kt-accodion-icon-style-basiccircle ):not( .kt-accodion-icon-style-xclosecircle ):not( .kt-accodion-icon-style-arrowcircle ) .kt-blocks-accordion-header.kt-accordion-panel-active .kt-blocks-accordion-icon-trigger:after, .kt-accordion-id11527_3ad49b-76:not( .kt-accodion-icon-style-basiccircle ):not( .kt-accodion-icon-style-xclosecircle ):not( .kt-accodion-icon-style-arrowcircle ) .kt-blocks-accordion-header.kt-accordion-panel-active .kt-blocks-accordion-icon-trigger:before{background:#ffffff;}.kt-accordion-id11527_3ad49b-76:not( .kt-accodion-icon-style-basic ):not( .kt-accodion-icon-style-xclose ):not( .kt-accodion-icon-style-arrow ) .kt-blocks-accordion-header.kt-accordion-panel-active .kt-blocks-accordion-icon-trigger{background:#ffffff;}.kt-accordion-id11527_3ad49b-76:not( .kt-accodion-icon-style-basic ):not( .kt-accodion-icon-style-xclose ):not( .kt-accodion-icon-style-arrow ) .kt-blocks-accordion-header.kt-accordion-panel-active .kt-blocks-accordion-icon-trigger:after, .kt-accordion-id11527_3ad49b-76:not( .kt-accodion-icon-style-basic ):not( .kt-accodion-icon-style-xclose ):not( .kt-accodion-icon-style-arrow ) .kt-blocks-accordion-header.kt-accordion-panel-active .kt-blocks-accordion-icon-trigger:before{background:#444444;}@media all and (max-width: 1024px){.kt-accordion-id11527_3ad49b-76 .kt-accordion-panel-inner{border-top:0px solid transparent;border-right:0px solid transparent;border-bottom:0px solid transparent;border-left:0px solid transparent;}}@media all and (max-width: 1024px){.kt-accordion-id11527_3ad49b-76 .wp-block-kadence-pane .kt-accordion-header-wrap .kt-blocks-accordion-header{border-top-color:#555555;border-top-style:solid;border-right-color:#555555;border-right-style:solid;border-bottom-color:#555555;border-bottom-style:solid;border-left-color:#555555;border-left-style:solid;}}@media all and (max-width: 1024px){.kt-accordion-id11527_3ad49b-76 .kt-accordion-header-wrap .kt-blocks-accordion-header:hover, body:not(.hide-focus-outline) .kt-accordion-id11527_3ad49b-76 .kt-accordion-header-wrap .kt-blocks-accordion-header:focus-visible{border-top-color:#eeeeee;border-top-style:solid;border-right-color:#eeeeee;border-right-style:solid;border-bottom-color:#eeeeee;border-bottom-style:solid;border-left-color:#eeeeee;border-left-style:solid;}}@media all and (max-width: 1024px){.kt-accordion-id11527_3ad49b-76 .kt-accordion-header-wrap .kt-blocks-accordion-header:focus-visible, .kt-accordion-id11527_3ad49b-76 .kt-accordion-header-wrap .kt-blocks-accordion-header.kt-accordion-panel-active{border-top-color:#444444;border-top-style:solid;border-right-color:#444444;border-right-style:solid;border-bottom-color:#444444;border-bottom-style:solid;border-left-color:#444444;border-left-style:solid;}}@media all and (max-width: 767px){.kt-accordion-id11527_3ad49b-76 .kt-accordion-inner-wrap{display:block;}.kt-accordion-id11527_3ad49b-76 .kt-accordion-inner-wrap .kt-accordion-pane:not(:first-child){margin-top:0px;}.kt-accordion-id11527_3ad49b-76 .kt-accordion-panel-inner{border-top:0px solid transparent;border-right:0px solid transparent;border-bottom:0px solid transparent;border-left:0px solid transparent;}.kt-accordion-id11527_3ad49b-76 .wp-block-kadence-pane .kt-accordion-header-wrap .kt-blocks-accordion-header{border-top-color:#555555;border-top-style:solid;border-right-color:#555555;border-right-style:solid;border-bottom-color:#555555;border-bottom-style:solid;border-left-color:#555555;border-left-style:solid;}.kt-accordion-id11527_3ad49b-76 .kt-accordion-header-wrap .kt-blocks-accordion-header:hover, body:not(.hide-focus-outline) .kt-accordion-id11527_3ad49b-76 .kt-accordion-header-wrap .kt-blocks-accordion-header:focus-visible{border-top-color:#eeeeee;border-top-style:solid;border-right-color:#eeeeee;border-right-style:solid;border-bottom-color:#eeeeee;border-bottom-style:solid;border-left-color:#eeeeee;border-left-style:solid;}.kt-accordion-id11527_3ad49b-76 .kt-accordion-header-wrap .kt-blocks-accordion-header:focus-visible, .kt-accordion-id11527_3ad49b-76 .kt-accordion-header-wrap .kt-blocks-accordion-header.kt-accordion-panel-active{border-top-color:#444444;border-top-style:solid;border-right-color:#444444;border-right-style:solid;border-bottom-color:#444444;border-bottom-style:solid;border-left-color:#444444;border-left-style:solid;}}<\/style>\n<div class=\"wp-block-kadence-accordion alignnone\"><div class=\"kt-accordion-wrap kt-accordion-id11527_3ad49b-76 kt-accordion-has-9-panes kt-active-pane-0 kt-accordion-block kt-pane-header-alignment-left kt-accodion-icon-style-basic kt-accodion-icon-side-right\" style=\"max-width:none\"><div class=\"kt-accordion-inner-wrap\" data-allow-multiple-open=\"false\" data-start-open=\"0\">\n<div class=\"wp-block-kadence-pane kt-accordion-pane kt-accordion-pane-8 kt-pane11527_b2c149-98\" id=\"rsvp\"><div class=\"kt-accordion-header-wrap\"><button class=\"kt-blocks-accordion-header kt-acccordion-button-label-show\" type=\"button\"><span class=\"kt-blocks-accordion-title-wrap\"><span class=\"kt-blocks-accordion-title\"><strong>R\u00e9capitulatif&nbsp;du&nbsp;programme&nbsp;de la&nbsp;c\u00e9r\u00e9monie<\/strong><\/span><\/span><span class=\"kt-blocks-accordion-icon-trigger\"><\/span><\/button><\/div><div class=\"kt-accordion-panel kt-accordion-panel-hidden\"><div class=\"kt-accordion-panel-inner\">\n<p id=\"rsvp\">Le programme de la c\u00e9r\u00e9monie de remise des dipl\u00f4mes du printemps 2026 sera disponible ici d'ici la fin f\u00e9vrier.<\/p>\n\n\n\n<p><\/p>\n\n\n\n<div class=\"wp-block-buttons is-layout-flex wp-block-buttons-is-layout-flex\">\n<div class=\"wp-block-button bg-primary-2 text-white rounded-0\"><a class=\"wp-block-button__link has-text-color has-background wp-element-button\" href=\"https:\/\/www.yorku.ca\/convocation\/recherche-de-ceremonie\/?lang=fr\" style=\"color:#ffffff;background-color:#810001\">Chercher ma c\u00e9r\u00e9monie <i class=\"fas fa-chevron-right small pl-2\"><\/i><\/a><\/div>\n<\/div>\n\n\n\n<p><\/p>\n<\/div><\/div><\/div>\n\n\n\n<div class=\"wp-block-kadence-pane kt-accordion-pane kt-accordion-pane-9 kt-pane11527_a29b11-b9\" id=\"rsvp\"><div class=\"kt-accordion-header-wrap\"><button class=\"kt-blocks-accordion-header kt-acccordion-button-label-show\" type=\"button\"><span class=\"kt-blocks-accordion-title-wrap\"><span class=\"kt-blocks-accordion-title\"><strong>Fomulaire RSVP<\/strong><\/span><\/span><span class=\"kt-blocks-accordion-icon-trigger\"><\/span><\/button><\/div><div class=\"kt-accordion-panel kt-accordion-panel-hidden\"><div class=\"kt-accordion-panel-inner\">\n<p id=\"rsvp\">Les \u00e9tudiantes et \u00e9tudiants qui sont&nbsp;consid\u00e9r\u00e9\u00b7e\u00b7s&nbsp;comme potentiellement admissibles pour obtenir leur dipl\u00f4me en juin 2026 ou qui ont obtenu leur dipl\u00f4me<em>&nbsp;in absentia<\/em>&nbsp;en f\u00e9vrier 2026 recevront par courriel une invitation \u00e0 la c\u00e9r\u00e9monie de remise des dipl\u00f4mes du printemps\u202f2026, ainsi que des instructions sur la mani\u00e8re de confirmer en ligne leur pr\u00e9sence \u00e0 leur c\u00e9r\u00e9monie.&nbsp;<\/p>\n\n\n\n<p>En remplissant le formulaire RSVP, vous indiquerez \u00e0 l\u2019Universit\u00e9 que vous assisterez \u00e0 votre c\u00e9r\u00e9monie et vous confirmerez la location de votre toge. Ce formulaire vous donnera \u00e9galement la chance de r\u00e9server vos billets d\u2019invit\u00e9\u00b7e\u00b7s.&nbsp;<\/p>\n\n\n\n<p>Les invitations \u00e0 la c\u00e9r\u00e9monie de remise des dipl\u00f4mes seront envoy\u00e9es 4 \u00e0 6\u202fsemaines avant la c\u00e9r\u00e9monie et continueront \u00e0 \u00eatre envoy\u00e9es au fur et \u00e0 mesure que les&nbsp;\u00e9tudiant\u00b7e\u00b7s&nbsp;deviendront potentiellement admissibles \u00e0 l\u2019obtention de leur dipl\u00f4me.&nbsp;<strong>&nbsp;<\/strong> Pour v\u00e9rifier votre admissibilit\u00e9 \u00e0 l\u2019obtention d\u2019un dipl\u00f4me, veuillez consulter la page Web <a href=\"https:\/\/registrar.yorku.ca\/graduation\/eligibility\" target=\"_blank\" rel=\"noreferrer noopener\">Graduation Eligibility and Status.<\/a><\/p>\n\n\n\n<p><\/p>\n\n\n\n<p><\/p>\n<\/div><\/div><\/div>\n\n\n\n<div class=\"wp-block-kadence-pane kt-accordion-pane kt-accordion-pane-2 kt-pane11527_ef5784-ce\" id=\"tickets\"><div class=\"kt-accordion-header-wrap\"><button class=\"kt-blocks-accordion-header kt-acccordion-button-label-show\" type=\"button\"><span class=\"kt-blocks-accordion-title-wrap\"><span class=\"kt-blocks-accordion-title\"><strong>Billets d'invit\u00e9\u00b7e\u00b7s<\/strong> <\/span><\/span><span class=\"kt-blocks-accordion-icon-trigger\"><\/span><\/button><\/div><div class=\"kt-accordion-panel kt-accordion-panel-hidden\"><div class=\"kt-accordion-panel-inner\">\n<p>Veuillez noter que les finissant\u00b7e\u00b7s n'ont pas besoin d'un billet d'invit\u00e9\u00b7e pour assister \u00e0 la c\u00e9r\u00e9monie de remise des dipl\u00f4mes. La confirmation de la location de la toge fait office de billet d'entr\u00e9e \u00e0 la c\u00e9r\u00e9monie de remise des dipl\u00f4mes.&nbsp;<\/p>\n\n\n\n<p>Les billets d'invit\u00e9\u00b7e\u00b7s peuvent \u00eatre r\u00e9clam\u00e9s lorsque les finissant\u00b7e\u00b7s remplissent leur formulaire RSVP en ligne. Chaque invit\u00e9\u00b7e a besoin d'un billet pour pouvoir entrer. Les billets sont munis d'un code-barres et ne peuvent \u00eatre utilis\u00e9s qu'une seule fois. Les finissant\u00b7e\u00b7s pourront demander jusqu'\u00e0 3\u202fbillets d'invit\u00e9\u00b7e\u00b7s. La disponibilit\u00e9 des billets pour les invit\u00e9\u00b7e\u00b7s peut varier selon la c\u00e9r\u00e9monie et d\u00e9pend de la capacit\u00e9 d'accueil.&nbsp;<\/p>\n\n\n\n<p>Les enfants de moins de trois (3) ans n'ont pas besoin de billet s'ils et elles partagent un si\u00e8ge avec l'adulte qui les accompagne.&nbsp;<\/p>\n<\/div><\/div><\/div>\n\n\n\n<div class=\"wp-block-kadence-pane kt-accordion-pane kt-accordion-pane-6 kt-pane11527_4191fa-cb\" id=\"tickets\"><div class=\"kt-accordion-header-wrap\"><button class=\"kt-blocks-accordion-header kt-acccordion-button-label-show\" type=\"button\"><span class=\"kt-blocks-accordion-title-wrap\"><span class=\"kt-blocks-accordion-title\"><strong>Votre nom<\/strong><\/span><\/span><span class=\"kt-blocks-accordion-icon-trigger\"><\/span><\/button><\/div><div class=\"kt-accordion-panel kt-accordion-panel-hidden\"><div class=\"kt-accordion-panel-inner\">\n<p>Votre nom officiel sera utilis\u00e9 sur votre dipl\u00f4me et lors de la c\u00e9r\u00e9monie de remise des dipl\u00f4mes. Visitez le site <a href=\"https:\/\/students.yorku.ca\/fr\/student-personal-information\" data-type=\"link\" data-id=\"https:\/\/students.yorku.ca\/fr\/student-personal-information\" target=\"_blank\" rel=\"noreferrer noopener\">Informations personnelles de l'\u00e9tudiant\u00b7e<\/a> pour v\u00e9rifier votre nom officiel et obtenir des informations sur la mani\u00e8re de demander un changement de nom aupr\u00e8s du Bureau du registraire de l'Universit\u00e9.&nbsp;<\/p>\n\n\n\n<p>Une semaine avant la c\u00e9r\u00e9monie de remise des dipl\u00f4mes, les personnes ayant confirm\u00e9 leur pr\u00e9sence recevront un courriel de notre partenaire <a href=\"https:\/\/cloud.name-coach.com\/\" target=\"_blank\" rel=\"noreferrer noopener\">NameCoach<\/a> les invitant \u00e0 enregistrer leur nom et \u00e0 en fournir la prononciation phon\u00e9tique pour la c\u00e9r\u00e9monie de remise des dipl\u00f4mes. En enregistrant votre nom sur le site NameCoach, vous vous assurez qu'il sera annonc\u00e9 ou prononc\u00e9 correctement lors de la c\u00e9r\u00e9monie.&nbsp;<\/p>\n<\/div><\/div><\/div>\n\n\n\n<div class=\"wp-block-kadence-pane kt-accordion-pane kt-accordion-pane-3 kt-pane11527_18a7d4-f5\"><div class=\"kt-accordion-header-wrap\"><button class=\"kt-blocks-accordion-header kt-acccordion-button-label-show\" type=\"button\"><span class=\"kt-blocks-accordion-title-wrap\"><span class=\"kt-blocks-accordion-title\"><strong>Dipl\u00f4mes<\/strong> <\/span><\/span><span class=\"kt-blocks-accordion-icon-trigger\"><\/span><\/button><\/div><div class=\"kt-accordion-panel kt-accordion-panel-hidden\"><div class=\"kt-accordion-panel-inner\">\n<p>Si votre admissibilit\u00e9 est reconnue avant la date limite d'impression pour la c\u00e9r\u00e9monie de remise des dipl\u00f4mes, vous recevrez le dipl\u00f4me\/certificat auquel vous avez droit le jour de votre c\u00e9r\u00e9monie. Vous recevrez votre dipl\u00f4me apr\u00e8s avoir travers\u00e9 la sc\u00e8ne, avant de retourner \u00e0 votre si\u00e8ge. Si ce n\u2019est pas le cas, ou si vous avez des questions, veuillez vous rendre, apr\u00e8s la c\u00e9r\u00e9monie, au kiosque des dipl\u00f4mes sous la tente des Services aux dipl\u00f4m\u00e9s.<\/p>\n\n\n\n<p>Les personnes qui ne peuvent pas assister aux c\u00e9r\u00e9monies de remise des dipl\u00f4mes sont pri\u00e9es de se r\u00e9f\u00e9rer au <a href=\"https:\/\/registrar.yorku.ca\/graduation\/diplomas\" target=\"_blank\" rel=\"noreferrer noopener\">site Web du Bureau du registraire<\/a> pour en savoir plus sur les dates et lieux de collecte.&nbsp;&nbsp;<\/p>\n\n\n\n<p>Pour savoir comment demander l\u2019envoi de votre dipl\u00f4me\/certificat par la poste, veuillez contacter <a href=\"mailto:diplomas@yorku.ca\" target=\"_blank\" rel=\"noreferrer noopener\">diplomas@yorku.ca<\/a>.&nbsp;&nbsp;&nbsp;&nbsp;<\/p>\n<\/div><\/div><\/div>\n\n\n\n<div class=\"wp-block-kadence-pane kt-accordion-pane kt-accordion-pane-7 kt-pane11527_ff56ac-30\"><div class=\"kt-accordion-header-wrap\"><button class=\"kt-blocks-accordion-header kt-acccordion-button-label-show\" type=\"button\"><span class=\"kt-blocks-accordion-title-wrap\"><span class=\"kt-blocks-accordion-title\"><strong>Entrez dans la communaut\u00e9 des dipl\u00f4m\u00e9\u00b7e\u00b7s<\/strong><\/span><\/span><span class=\"kt-blocks-accordion-icon-trigger\"><\/span><\/button><\/div><div class=\"kt-accordion-panel kt-accordion-panel-hidden\"><div class=\"kt-accordion-panel-inner\">\n<p><a href=\"https:\/\/www.yorku.ca\/alumniandfriends\/update-contact-information\/\" target=\"_blank\" rel=\"noreferrer noopener\">Mettez \u00e0 jour votre adresse courriel<\/a>, suivez-nous sur <a href=\"https:\/\/www.instagram.com\/yorkualumni\/\" target=\"_blank\" rel=\"noreferrer noopener\">Instagram<\/a> et <a href=\"https:\/\/www.linkedin.com\/groups\/48984\/\" target=\"_blank\" rel=\"noreferrer noopener\">LinkedIn<\/a>. D\u00e9couvrez les <a href=\"https:\/\/www.yorku.ca\/alumniandfriends\/benefit\/\" target=\"_blank\" rel=\"noreferrer noopener\">avantages des dipl\u00f4m\u00e9\u00b7e\u00b7s<\/a>.&nbsp;<\/p>\n<\/div><\/div><\/div>\n<\/div><\/div><\/div>\n\n\n\n<div style=\"height:30px\" aria-hidden=\"true\" class=\"wp-block-spacer\"><\/div>\n\n\n\n<p><\/p>\n\n\n\n<p><strong>Remarque importante\u202f:<\/strong> La c\u00e9r\u00e9monie de remise des dipl\u00f4mes et les \u00e9v\u00e9nements connexes sont diffus\u00e9s en direct sur le Web, film\u00e9s, photographi\u00e9s et enregistr\u00e9s. L'utilisation d'un billet pour la c\u00e9r\u00e9monie de remise des dipl\u00f4mes confirme que vous acceptez de figurer dans les web\u00e9missions, les vid\u00e9os, les photographies et les enregistrements, et d\u00e9gage l'Universit\u00e9 York de toute responsabilit\u00e9 \u00e0 cet \u00e9gard.&nbsp;<\/p>\n\n\n\n<p><strong>Vie priv\u00e9e\u202f:<\/strong> Les informations personnelles, y compris les images et les enregistrements, sont collect\u00e9es en vertu de la <em>Charte de l'Universit\u00e9 York, 1965 <\/em>et seront utilis\u00e9es pour promouvoir, faire conna\u00eetre ou expliquer les activit\u00e9s de l'Universit\u00e9 York, ainsi qu'\u00e0 des fins administratives, \u00e9ducatives ou de recherche. Les informations personnelles peuvent \u00eatre divulgu\u00e9es \u00e0 des prestataires de services externes \u00e0 des fins de traitement et de production. Si vous avez des questions concernant la collecte d'informations personnelles par l'Universit\u00e9 York, veuillez contacter l'\u00e9quipe des \u00e9v\u00e9nements et des c\u00e9r\u00e9monies\u202f: Universit\u00e9 York, 4700\u202fKeele Street, Toronto, ON M3J 1P3, t\u00e9l. 416-736-5325, courriel <a href=\"mailto:convo@yorku.ca\" target=\"_blank\" rel=\"noreferrer noopener\">convo@yorku.ca.<\/a>&nbsp;<\/p>\n\n\n\n<div style=\"height:80px\" aria-hidden=\"true\" class=\"wp-block-spacer\"><\/div>\n","protected":false},"excerpt":{"rendered":"<p>La participation \u00e0 la c\u00e9r\u00e9monie de remise des dipl\u00f4mes est un \u00e9v\u00e9nement m\u00e9morable et nous encourageons vivement les \u00e9tudiant\u00b7e\u00b7s dipl\u00f4m\u00e9\u00b7e\u00b7s \u00e0 y assister et \u00e0 c\u00e9l\u00e9brer cette \u00e9tape importante avec leur famille et leurs ami\u00b7e\u00b7s.&nbsp; Les informations relatives aux c\u00e9r\u00e9monies, y compris les horaires, les lieux, les modalit\u00e9s d'inscription, les informations sur les billets, etc., [&hellip;]<\/p>\n","protected":false},"author":307,"featured_media":0,"parent":0,"menu_order":0,"comment_status":"closed","ping_status":"closed","template":"","meta":{"_kad_blocks_custom_css":"","_kad_blocks_head_custom_js":"","_kad_blocks_body_custom_js":"","_kad_blocks_footer_custom_js":"","footnotes":""},"tags":[],"class_list":["post-11527","page","type-page","status-publish","hentry"],"taxonomy_info":[],"featured_image_src_large":false,"author_info":{"display_name":"lechris","author_link":"https:\/\/www.yorku.ca\/convocation\/author\/lechris\/"},"comment_info":"","_links":{"self":[{"href":"https:\/\/www.yorku.ca\/convocation\/wp-json\/wp\/v2\/pages\/11527","targetHints":{"allow":["GET"]}}],"collection":[{"href":"https:\/\/www.yorku.ca\/convocation\/wp-json\/wp\/v2\/pages"}],"about":[{"href":"https:\/\/www.yorku.ca\/convocation\/wp-json\/wp\/v2\/types\/page"}],"author":[{"embeddable":true,"href":"https:\/\/www.yorku.ca\/convocation\/wp-json\/wp\/v2\/users\/307"}],"replies":[{"embeddable":true,"href":"https:\/\/www.yorku.ca\/convocation\/wp-json\/wp\/v2\/comments?post=11527"}],"version-history":[{"count":40,"href":"https:\/\/www.yorku.ca\/convocation\/wp-json\/wp\/v2\/pages\/11527\/revisions"}],"predecessor-version":[{"id":19247,"href":"https:\/\/www.yorku.ca\/convocation\/wp-json\/wp\/v2\/pages\/11527\/revisions\/19247"}],"wp:attachment":[{"href":"https:\/\/www.yorku.ca\/convocation\/wp-json\/wp\/v2\/media?parent=11527"}],"wp:term":[{"taxonomy":"post_tag","embeddable":true,"href":"https:\/\/www.yorku.ca\/convocation\/wp-json\/wp\/v2\/tags?post=11527"}],"curies":[{"name":"wp","href":"https:\/\/api.w.org\/{rel}","templated":true}]}}