  {"id":11519,"date":"2022-03-15T08:51:58","date_gmt":"2022-03-15T12:51:58","guid":{"rendered":"https:\/\/www.yorku.ca\/convocation\/faculty\/"},"modified":"2025-12-15T09:43:43","modified_gmt":"2025-12-15T14:43:43","slug":"faculty","status":"publish","type":"page","link":"https:\/\/www.yorku.ca\/convocation\/faculty\/?lang=fr","title":{"rendered":"Informations pour le corps professoral"},"content":{"rendered":"\n<div style=\"height:20px\" aria-hidden=\"true\" class=\"wp-block-spacer\"><\/div>\n\n\n\n<p>Pour obtenir des informations d\u00e9taill\u00e9es sur l'inscription, <a href=\"#shuttlefr\" data-type=\"internal\" data-id=\"#shuttlefr\">les navettes<\/a>, les salles d'habillage et les tenues c\u00e9r\u00e9monielles, veuillez consulter les rubriques ci-dessous.&nbsp;&nbsp;<\/p>\n\n\n\n<p><strong>Rappels importants\u202f:&nbsp;&nbsp;&nbsp;&nbsp;<\/strong><\/p>\n\n\n\n<ul class=\"wp-block-list\">\n<li>Apportez votre <a href=\"https:\/\/www.yorku.ca\/yucard\/get-your-yu-card\/faculty-and-staff-yu-card\/\" target=\"_blank\" rel=\"noreferrer noopener\">carte de membre du corps professoral de York<\/a> (carte mat\u00e9rielle ou num\u00e9rique), car elle sera exig\u00e9e pour entrer dans le stade Sobeys. Les dipl\u00f4m\u00e9\u00b7e\u00b7s, les invit\u00e9\u00b7e\u00b7s, le personnel et les vendeurs auront \u00e9galement besoin d'une autorisation ou de billets pour entrer.&nbsp;&nbsp;&nbsp;&nbsp;<\/li>\n<\/ul>\n\n\n\n<ul class=\"wp-block-list\">\n<li>Arrivez sur les lieux une heure avant la c\u00e9r\u00e9monie et utilisez la porte r\u00e9serv\u00e9e au corps professoral du c\u00f4t\u00e9 ouest.&nbsp;&nbsp;<\/li>\n<\/ul>\n\n\n\n<ul class=\"wp-block-list\">\n<li>Il n\u2019est pas permis d\u2019apporter de grands sacs lors de la c\u00e9r\u00e9monie et il est recommand\u00e9 de ne pas apporter d'effets personnels. Il n'y aura pas d\u2019endroit s\u00e9curis\u00e9 dans la salle d\u2019habillage pour laisser des choses.&nbsp;&nbsp;<\/li>\n<\/ul>\n\n\n\n<div style=\"height:25px\" aria-hidden=\"true\" class=\"wp-block-spacer\"><\/div>\n\n\n<style>.kt-accordion-id11519_fc1b03-83 .kt-accordion-inner-wrap{column-gap:var(--global-kb-gap-md, 2rem);row-gap:8px;}.kt-accordion-id11519_fc1b03-83 .kt-accordion-panel-inner{padding-top:var(--global-kb-spacing-sm, 1.5rem);padding-right:var(--global-kb-spacing-sm, 1.5rem);padding-bottom:var(--global-kb-spacing-sm, 1.5rem);padding-left:var(--global-kb-spacing-sm, 1.5rem);}.kt-accordion-id11519_fc1b03-83 .wp-block-kadence-pane .kt-accordion-header-wrap .kt-blocks-accordion-header{padding-top:var(--global-kb-spacing-xxs, 0.5rem);padding-right:var(--global-kb-spacing-xs, 1rem);padding-bottom:var(--global-kb-spacing-xxs, 0.5rem);padding-left:var(--global-kb-spacing-xs, 1rem);}@media all and (max-width: 767px){.kt-accordion-id11519_fc1b03-83 .kt-accordion-inner-wrap{display:block;}.kt-accordion-id11519_fc1b03-83 .kt-accordion-inner-wrap .kt-accordion-pane:not(:first-child){margin-top:8px;}}<\/style>\n<div class=\"wp-block-kadence-accordion alignnone\"><div class=\"kt-accordion-wrap kt-accordion-id11519_fc1b03-83 kt-accordion-has-6-panes kt-active-pane-0 kt-accordion-block kt-pane-header-alignment-left kt-accodion-icon-style-arrow kt-accodion-icon-side-right\" style=\"max-width:none\"><div class=\"kt-accordion-inner-wrap\" data-allow-multiple-open=\"true\" data-start-open=\"0\">\n<div class=\"wp-block-kadence-pane kt-accordion-pane kt-accordion-pane-3 kt-pane11519_a2c083-b6\" id=\"rsvp\"><div class=\"kt-accordion-header-wrap\"><button class=\"kt-blocks-accordion-header kt-acccordion-button-label-show\" type=\"button\"><span class=\"kt-blocks-accordion-title-wrap\"><span class=\"kt-blocks-accordion-title\"><strong>RSVP du corps professoral<\/strong><\/span><\/span><span class=\"kt-blocks-accordion-icon-trigger\"><\/span><\/button><\/div><div class=\"kt-accordion-panel kt-accordion-panel-hidden\"><div class=\"kt-accordion-panel-inner\">\n<p>Les membres du corps professoral participant au cort\u00e8ge acad\u00e9mique n\u2019ont pas besoin de billets, mais ils sont pri\u00e9s de r\u00e9pondre en ligne.<\/p>\n\n\n\n<p>Les membres du corps professoral peuvent encore s\u2019inscrire sur place:<\/p>\n\n\n\n<ul class=\"wp-block-list\">\n<li>Apportez votre <a href=\"https:\/\/www.yorku.ca\/yucard\/get-your-yu-card\/faculty-and-staff-yu-card\/\" target=\"_blank\" rel=\"noreferrer noopener\">carte de membre du corps professoral de York<\/a> (carte mat\u00e9rielle ou num\u00e9rique), car elle sera exig\u00e9e pour entrer dans le stade Sobeys. Les dipl\u00f4m\u00e9\u00b7e\u00b7s, les invit\u00e9\u00b7e\u00b7s, le personnel et les vendeurs auront \u00e9galement besoin d'une autorisation ou de billets pour entrer.&nbsp;&nbsp;&nbsp;&nbsp;<\/li>\n<\/ul>\n\n\n\n<ul class=\"wp-block-list\">\n<li>Arrivez sur les lieux une heure avant la c\u00e9r\u00e9monie et utilisez la porte r\u00e9serv\u00e9e au corps professoral du c\u00f4t\u00e9 ouest.&nbsp;&nbsp;<\/li>\n<\/ul>\n\n\n\n<p>Une invitation sera envoy\u00e9e aux membres du corps professoral et un lien pour confirmer votre pr\u00e9sence sera \u00e9galement disponible ici, 4 \u00e0 6 semaines avant la c\u00e9r\u00e9monie de remise des dipl\u00f4mes.&nbsp;<\/p>\n<\/div><\/div><\/div>\n\n\n\n<div class=\"wp-block-kadence-pane kt-accordion-pane kt-accordion-pane-4 kt-pane11519_e79cd4-0b\" id=\"shuttlefr\"><div class=\"kt-accordion-header-wrap\"><button class=\"kt-blocks-accordion-header kt-acccordion-button-label-show\" type=\"button\"><span class=\"kt-blocks-accordion-title-wrap\"><span class=\"kt-blocks-accordion-title\"><strong>Horaire de la navette pour le corps professoral<\/strong><\/span><\/span><span class=\"kt-blocks-accordion-icon-trigger\"><\/span><\/button><\/div><div class=\"kt-accordion-panel kt-accordion-panel-hidden\"><div class=\"kt-accordion-panel-inner\">\n<p>Plus d'informations seront disponibles ici \u00e0 l'approche de la date de l'\u00e9v\u00e9nement.\u00a0<\/p>\n\n\n\n<p><\/p>\n\n\n\n<p><\/p>\n<\/div><\/div><\/div>\n\n\n\n<div class=\"wp-block-kadence-pane kt-accordion-pane kt-accordion-pane-5 kt-pane11519_177258-83\" id=\"robing\"><div class=\"kt-accordion-header-wrap\"><button class=\"kt-blocks-accordion-header kt-acccordion-button-label-show\" type=\"button\"><span class=\"kt-blocks-accordion-title-wrap\"><span class=\"kt-blocks-accordion-title\"><strong>Salles d\u2019habillage du corps professoral<\/strong><\/span><\/span><span class=\"kt-blocks-accordion-icon-trigger\"><\/span><\/button><\/div><div class=\"kt-accordion-panel kt-accordion-panel-hidden\"><div class=\"kt-accordion-panel-inner\">\n<p>Les membres du corps professoral sont invit\u00e9s \u00e0 rev\u00eatir leur tenue c\u00e9r\u00e9monielle une heure avant la c\u00e9r\u00e9monie. La salle d\u2019habillage de la Chanceli\u00e8re est situ\u00e9e dans le salon Players du stade Sobeys, entre les portes C et D.&nbsp;&nbsp;<\/p>\n\n\n\n<p>Les membres du corps professoral ont la possibilit\u00e9 de porter leur propre tenue ou de la r\u00e9server en remplissant le formulaire RSVP en ligne.&nbsp;&nbsp;<\/p>\n<\/div><\/div><\/div>\n\n\n\n<div class=\"wp-block-kadence-pane kt-accordion-pane kt-accordion-pane-6 kt-pane11519_0724c2-3d\" id=\"regalia\"><div class=\"kt-accordion-header-wrap\"><button class=\"kt-blocks-accordion-header kt-acccordion-button-label-show\" type=\"button\"><span class=\"kt-blocks-accordion-title-wrap\"><span class=\"kt-blocks-accordion-title\"><strong>Tenue c\u00e9r\u00e9monielle<\/strong><\/span><\/span><span class=\"kt-blocks-accordion-icon-trigger\"><\/span><\/button><\/div><div class=\"kt-accordion-panel kt-accordion-panel-hidden\"><div class=\"kt-accordion-panel-inner\">\n<p>Les membres du corps professoral ont la possibilit\u00e9 de porter leur propre tenue ou de la r\u00e9server en remplissant le formulaire RSVP en ligne. Ceux et celles qui s'identifient aux Premi\u00e8res Nations, aux M\u00e9tis ou aux Inuits sont invit\u00e9\u00b7e\u00b7s \u00e0 porter les v\u00eatements de c\u00e9r\u00e9monie traditionnels de leur peuple et de leur culture.&nbsp;<\/p>\n\n\n\n<p>Les membres du corps professoral qui souhaitent acheter leurs propres tenues peuvent contacter l'un des fournisseurs officiels de York, qui peuvent vous fournir la tenue appropri\u00e9e en fonction de vos besoins.&nbsp;&nbsp;<\/p>\n\n\n\n<p>Vous trouverez ci-dessous les coordonn\u00e9es du fournisseur officiel de York\u202f:&nbsp;&nbsp;&nbsp;&nbsp;<\/p>\n\n\n\n<ul class=\"wp-block-list\">\n<li><a href=\"http:\/\/www.harcourts.com\/\" target=\"_blank\" rel=\"noreferrer noopener\">DSR Harcourts Limited<\/a>\n<ul class=\"wp-block-list\">\n<li>416-977-4408&nbsp;<\/li>\n\n\n\n<li><a href=\"mailto:info@harcourts.com\" target=\"_blank\" rel=\"noreferrer noopener\">info@harcourts.com<\/a>&nbsp;<\/li>\n<\/ul>\n<\/li>\n<\/ul>\n<\/div><\/div><\/div>\n<\/div><\/div><\/div>\n\n\n\n<div style=\"height:80px\" aria-hidden=\"true\" class=\"wp-block-spacer\"><\/div>\n","protected":false},"excerpt":{"rendered":"<p>Pour obtenir des informations d\u00e9taill\u00e9es sur l'inscription, les navettes, les salles d'habillage et les tenues c\u00e9r\u00e9monielles, veuillez consulter les rubriques ci-dessous.&nbsp;&nbsp; Rappels importants\u202f:&nbsp;&nbsp;&nbsp;&nbsp;<\/p>\n","protected":false},"author":307,"featured_media":0,"parent":0,"menu_order":0,"comment_status":"closed","ping_status":"closed","template":"","meta":{"_kad_blocks_custom_css":"","_kad_blocks_head_custom_js":"","_kad_blocks_body_custom_js":"","_kad_blocks_footer_custom_js":"","footnotes":""},"tags":[],"class_list":["post-11519","page","type-page","status-publish","hentry"],"taxonomy_info":[],"featured_image_src_large":false,"author_info":{"display_name":"lechris","author_link":"https:\/\/www.yorku.ca\/convocation\/author\/lechris\/"},"comment_info":"","_links":{"self":[{"href":"https:\/\/www.yorku.ca\/convocation\/wp-json\/wp\/v2\/pages\/11519","targetHints":{"allow":["GET"]}}],"collection":[{"href":"https:\/\/www.yorku.ca\/convocation\/wp-json\/wp\/v2\/pages"}],"about":[{"href":"https:\/\/www.yorku.ca\/convocation\/wp-json\/wp\/v2\/types\/page"}],"author":[{"embeddable":true,"href":"https:\/\/www.yorku.ca\/convocation\/wp-json\/wp\/v2\/users\/307"}],"replies":[{"embeddable":true,"href":"https:\/\/www.yorku.ca\/convocation\/wp-json\/wp\/v2\/comments?post=11519"}],"version-history":[{"count":24,"href":"https:\/\/www.yorku.ca\/convocation\/wp-json\/wp\/v2\/pages\/11519\/revisions"}],"predecessor-version":[{"id":17212,"href":"https:\/\/www.yorku.ca\/convocation\/wp-json\/wp\/v2\/pages\/11519\/revisions\/17212"}],"wp:attachment":[{"href":"https:\/\/www.yorku.ca\/convocation\/wp-json\/wp\/v2\/media?parent=11519"}],"wp:term":[{"taxonomy":"post_tag","embeddable":true,"href":"https:\/\/www.yorku.ca\/convocation\/wp-json\/wp\/v2\/tags?post=11519"}],"curies":[{"name":"wp","href":"https:\/\/api.w.org\/{rel}","templated":true}]}}