  {"id":11515,"date":"2022-03-15T00:51:45","date_gmt":"2022-03-15T04:51:45","guid":{"rendered":"https:\/\/www.yorku.ca\/convocation\/what-to-expect\/"},"modified":"2025-10-01T16:21:09","modified_gmt":"2025-10-01T20:21:09","slug":"what-to-expect","status":"publish","type":"page","link":"https:\/\/www.yorku.ca\/convocation\/what-to-expect\/?lang=fr","title":{"rendered":"D\u00e9roulement de la c\u00e9r\u00e9monie de remise des dipl\u00f4mes"},"content":{"rendered":"\n<div style=\"height:20px\" aria-hidden=\"true\" class=\"wp-block-spacer\"><\/div>\n\n\n\n<p>La c\u00e9r\u00e9monie de remise des dipl\u00f4mes est un \u00e9v\u00e9nement joyeux qui rassemble une multitude de personnes, notamment les futur\u00b7e\u00b7s dipl\u00f4m\u00e9\u00b7e\u00b7s, les membres d\u00e9vou\u00e9s du corps professoral et du personnel, les b\u00e9n\u00e9voles enthousiastes et les proches affichant leur fiert\u00e9. Nous comprenons l'importance de ce jour m\u00e9morable et nous sommes l\u00e0 pour vous fournir des informations essentielles sur le d\u00e9roulement de cet \u00e9v\u00e9nement remarquable!&nbsp;<\/p>\n\n\n\n<div style=\"height:20px\" aria-hidden=\"true\" class=\"wp-block-spacer\"><\/div>\n\n\n\n<div class=\"wp-block-columns is-layout-flex wp-container-core-columns-is-layout-1 wp-block-columns-is-layout-flex\">\n<div class=\"wp-block-column is-layout-flow wp-block-column-is-layout-flow\">\n<figure class=\"wp-block-embed is-type-video is-provider-youtube wp-block-embed-youtube wp-embed-aspect-16-9 wp-has-aspect-ratio\"><div class=\"wp-block-embed__wrapper\">\n<iframe loading=\"lazy\" title=\"Conseils pour la remise des dipl\u00f4mes\" width=\"1778\" height=\"1000\" src=\"https:\/\/www.youtube.com\/embed\/s5q04KYUYeI?feature=oembed\" frameborder=\"0\" allow=\"accelerometer; autoplay; clipboard-write; encrypted-media; gyroscope; picture-in-picture; web-share\" referrerpolicy=\"strict-origin-when-cross-origin\" allowfullscreen><\/iframe>\n<\/div><\/figure>\n<\/div>\n\n\n\n<div class=\"wp-block-column is-layout-flow wp-block-column-is-layout-flow\"><\/div>\n<\/div>\n\n\n\n<div style=\"height:25px\" aria-hidden=\"true\" class=\"wp-block-spacer\"><\/div>\n\n\n<style>.kt-accordion-id11515_2154a0-6c .kt-accordion-inner-wrap{column-gap:var(--global-kb-gap-md, 2rem);row-gap:8px;}.kt-accordion-id11515_2154a0-6c .kt-accordion-panel-inner{padding-top:var(--global-kb-spacing-sm, 1.5rem);padding-right:var(--global-kb-spacing-sm, 1.5rem);padding-bottom:var(--global-kb-spacing-sm, 1.5rem);padding-left:var(--global-kb-spacing-sm, 1.5rem);}.kt-accordion-id11515_2154a0-6c .wp-block-kadence-pane .kt-accordion-header-wrap .kt-blocks-accordion-header{padding-top:var(--global-kb-spacing-xxs, 0.5rem);padding-right:var(--global-kb-spacing-xs, 1rem);padding-bottom:var(--global-kb-spacing-xxs, 0.5rem);padding-left:var(--global-kb-spacing-xs, 1rem);}@media all and (max-width: 767px){.kt-accordion-id11515_2154a0-6c .kt-accordion-inner-wrap{display:block;}.kt-accordion-id11515_2154a0-6c .kt-accordion-inner-wrap .kt-accordion-pane:not(:first-child){margin-top:8px;}}<\/style>\n<div class=\"wp-block-kadence-accordion alignnone\"><div class=\"kt-accordion-wrap kt-accordion-id11515_2154a0-6c kt-accordion-has-12-panes kt-active-pane-0 kt-accordion-block kt-pane-header-alignment-left kt-accodion-icon-style-arrow kt-accodion-icon-side-right\" style=\"max-width:none\"><div class=\"kt-accordion-inner-wrap\" data-allow-multiple-open=\"true\" data-start-open=\"0\">\n<div class=\"wp-block-kadence-pane kt-accordion-pane kt-accordion-pane-3 kt-pane11515_603e6e-23\"><div class=\"kt-accordion-header-wrap\"><button class=\"kt-blocks-accordion-header kt-acccordion-button-label-show\" type=\"button\"><span class=\"kt-blocks-accordion-title-wrap\"><span class=\"kt-blocks-accordion-title\"><strong>Heures d'arriv\u00e9e<\/strong><\/span><\/span><span class=\"kt-blocks-accordion-icon-trigger\"><\/span><\/button><\/div><div class=\"kt-accordion-panel kt-accordion-panel-hidden\"><div class=\"kt-accordion-panel-inner\">\n<p>Pour que la c\u00e9r\u00e9monie de remise des dipl\u00f4mes se d\u00e9roule sans encombre, pr\u00e9voyez d'arriver 90\u202fminutes avant le d\u00e9but de la c\u00e9r\u00e9monie. \u00c0 votre arriv\u00e9e, vous obtiendrez votre tenue c\u00e9r\u00e9monielle (toge, capuchon et mortier) et votre insigne nominatif avant de vous rendre dans la zone de rassemblement.&nbsp;&nbsp;<\/p>\n\n\n\n<p>Le cort\u00e8ge \u00e9tudiant entrera dans le pavillon 30\u202fminutes avant le d\u00e9but de la c\u00e9r\u00e9monie. Pour pouvoir assister au cort\u00e8ge, nous recommandons aux invit\u00e9\u00b7e\u00b7s de prendre leur place au moins 30\u202fminutes avant l\u2019heure pr\u00e9vue.&nbsp;&nbsp;<\/p>\n\n\n\n<p>Un lien vers la page Location &amp; Transportation (Emplacement et transport) sera disponible pour obtenir des informations sur la fa\u00e7on de se rendre sur le lieu de la c\u00e9r\u00e9monie \u00e0 l'approche de la c\u00e9r\u00e9monie de remise des dipl\u00f4mes.&nbsp;<\/p>\n\n\n\n<p><\/p>\n<\/div><\/div><\/div>\n\n\n\n<div class=\"wp-block-kadence-pane kt-accordion-pane kt-accordion-pane-7 kt-pane11515_c162b3-e8\" id=\"Prohibiteditems\"><div class=\"kt-accordion-header-wrap\"><button class=\"kt-blocks-accordion-header kt-acccordion-button-label-show\" type=\"button\"><span class=\"kt-blocks-accordion-title-wrap\"><span class=\"kt-blocks-accordion-title\"><strong>Effets personnels, v\u00eatements et objets interdits<\/strong><\/span><\/span><span class=\"kt-blocks-accordion-icon-trigger\"><\/span><\/button><\/div><div class=\"kt-accordion-panel kt-accordion-panel-hidden\"><div class=\"kt-accordion-panel-inner\">\n<p>Les sacs ne sont pas autoris\u00e9s lors des c\u00e9r\u00e9monies de remise des dipl\u00f4mes, \u00e0 l'exception des sacs \u00e0 main (qui ne doivent pas faire plus de 6 x 9\u202fpouces, soit 15 x 23\u202fcm).&nbsp;&nbsp;<\/p>\n\n\n\n<p>Vous pouvez confier votre sac \u00e0 vos invit\u00e9\u00b7e\u00b7s pour qu'ils le gardent en lieu s\u00fbr ou utiliser le service de consigne gratuit.&nbsp;&nbsp;&nbsp;&nbsp;<\/p>\n\n\n\n<p><strong>Objets interdits sur les lieux de la remise des dipl\u00f4mes\u202f:<\/strong>&nbsp;<\/p>\n\n\n\n<ul class=\"wp-block-list\">\n<li>Feux d'artifice de toute sorte comprenant, sans s'y limiter, les fus\u00e9es \u00e9clairantes, les bombes fumig\u00e8nes, les dispositifs incendiaires et pyrotechniques&nbsp;<\/li>\n<\/ul>\n\n\n\n<ul class=\"wp-block-list\">\n<li>Alcool, cannabis, drogues ill\u00e9gales ou produits chimiques nocifs&nbsp;<\/li>\n<\/ul>\n\n\n\n<ul class=\"wp-block-list\">\n<li>Bombes a\u00e9rosol ou r\u00e9cipients sous pression&nbsp;<\/li>\n<\/ul>\n\n\n\n<ul class=\"wp-block-list\">\n<li>Mat\u00e9riel de photographie professionnelle comprenant, sans s'y limiter, les tr\u00e9pieds, les batteries, les grandes cam\u00e9ras vid\u00e9o commerciales&nbsp;<\/li>\n<\/ul>\n\n\n\n<ul class=\"wp-block-list\">\n<li>Bouteilles ou r\u00e9cipients en verre&nbsp;<\/li>\n<\/ul>\n\n\n\n<ul class=\"wp-block-list\">\n<li>Bruiteurs comprenant, sans s\u2019y limiter, les porte-voix, les sifflets et les klaxons&nbsp;<\/li>\n<\/ul>\n\n\n\n<ul class=\"wp-block-list\">\n<li>Pointeurs laser&nbsp;<\/li>\n<\/ul>\n\n\n\n<ul class=\"wp-block-list\">\n<li>A\u00e9ronefs t\u00e9l\u00e9command\u00e9s ou syst\u00e8mes d'a\u00e9ronefs sans pilote (drones)&nbsp;<\/li>\n<\/ul>\n\n\n\n<ul class=\"wp-block-list\">\n<li>Planches \u00e0 l\u00e9vitation&nbsp;<\/li>\n<\/ul>\n\n\n\n<ul class=\"wp-block-list\">\n<li>Perches \u00e0 \u00e9goportrait&nbsp;<\/li>\n<\/ul>\n\n\n\n<ul class=\"wp-block-list\">\n<li>Ballons de plage ou autres objets gonflables&nbsp;<\/li>\n<\/ul>\n\n\n\n<ul class=\"wp-block-list\">\n<li>Animaux (\u00e0 l'exception des animaux d'assistance)&nbsp;<\/li>\n<\/ul>\n\n\n\n<ul class=\"wp-block-list\">\n<li>Armes de toute sorte comprenant, sans s'y limiter, les couteaux, les vaporisateurs de poivre, les pistolets paralysants, les armes dissimul\u00e9es et les armes \u00e0 feu&nbsp;<\/li>\n<\/ul>\n\n\n\n<p>Tout autre objet jug\u00e9 inacceptable par la direction du stade Sobeys est strictement interdit sur les lieux.&nbsp;<\/p>\n\n\n\n<p><strong>Objets non autoris\u00e9s sur sc\u00e8ne\u202f:<\/strong>&nbsp;<\/p>\n\n\n\n<ul class=\"wp-block-list\">\n<li>Effets personnels ou v\u00eatements tels que sacs \u00e0 main, sacs, objets de valeur ou vestes&nbsp;<\/li>\n<\/ul>\n\n\n\n<p>Le stade Sobeys se r\u00e9serve le droit de limiter les articles qui peuvent \u00eatre apport\u00e9s sur les lieux. Veuillez laisser les objets inutiles ou interdits \u00e0 la maison ou dans votre v\u00e9hicule.&nbsp;<\/p>\n<\/div><\/div><\/div>\n\n\n\n<div class=\"wp-block-kadence-pane kt-accordion-pane kt-accordion-pane-5 kt-pane11515_93f64e-23\"><div class=\"kt-accordion-header-wrap\"><button class=\"kt-blocks-accordion-header kt-acccordion-button-label-show\" type=\"button\"><span class=\"kt-blocks-accordion-title-wrap\"><span class=\"kt-blocks-accordion-title\"><strong>Habillage et mise en rangs<\/strong>&nbsp;<\/span><\/span><span class=\"kt-blocks-accordion-icon-trigger\"><\/span><\/button><\/div><div class=\"kt-accordion-panel kt-accordion-panel-hidden\"><div class=\"kt-accordion-panel-inner\">\n<p>Les tenues c\u00e9r\u00e9monielles (toge, capuchon et mortier) doivent \u00eatre lou\u00e9es en ligne lorsque vous confirmez votre pr\u00e9sence \u00e0 la c\u00e9r\u00e9monie de remise des dipl\u00f4mes. Les \u00e9tudiant\u00b7e\u00b7s et les invit\u00e9\u00b7e\u00b7s qui s'identifient aux Premi\u00e8res Nations, aux M\u00e9tis ou aux Inuits sont invit\u00e9\u00b7e\u00b7s \u00e0 porter les v\u00eatements de c\u00e9r\u00e9monie traditionnels de leur peuple et de leur culture.&nbsp;&nbsp;<\/p>\n\n\n\n<ul class=\"wp-block-list\">\n<li>La mise en rangs consiste \u00e0 former une ligne dans l\u2019ordre alphab\u00e9tique par d\u00e9partement et par type de dipl\u00f4me pour le cort\u00e8ge.&nbsp;&nbsp;<\/li>\n<\/ul>\n\n\n\n<ul class=\"wp-block-list\">\n<li>Vous \u00eates la seule personne autoris\u00e9e dans le rang. Veuillez donc confier vos effets personnels \u00e0 vos invit\u00e9\u00b7e\u00b7s ou utiliser le service de consigne gratuit des bagages avant de rev\u00eatir votre tenue c\u00e9r\u00e9monielle.&nbsp;&nbsp;<\/li>\n<\/ul>\n\n\n\n<ul class=\"wp-block-list\">\n<li>Veuillez vous pr\u00e9senter 90\u202fminutes avant la c\u00e9r\u00e9monie afin d\u2019obtenir votre tenue c\u00e9r\u00e9monielle et de vous mettre en rangs.&nbsp;&nbsp;<\/li>\n<\/ul>\n\n\n\n<p>Le cort\u00e8ge \u00e9tudiant entrera dans la salle de la c\u00e9r\u00e9monie 30\u202fminutes avant le d\u00e9but de celle-ci.&nbsp;&nbsp;<\/p>\n<\/div><\/div><\/div>\n\n\n\n<div class=\"wp-block-kadence-pane kt-accordion-pane kt-accordion-pane-12 kt-pane11515_8814f3-92\"><div class=\"kt-accordion-header-wrap\"><button class=\"kt-blocks-accordion-header kt-acccordion-button-label-show\" type=\"button\"><span class=\"kt-blocks-accordion-title-wrap\"><span class=\"kt-blocks-accordion-title\"><strong>Insignes nominatifs<\/strong>&nbsp;<\/span><\/span><span class=\"kt-blocks-accordion-icon-trigger\"><\/span><\/button><\/div><div class=\"kt-accordion-panel kt-accordion-panel-hidden\"><div class=\"kt-accordion-panel-inner\">\n<p>\u00c0 votre arriv\u00e9e, vous recevrez un insigne nominatif indiquant votre nom complet tel qu'il figure sur votre dipl\u00f4me. Il est important de garder cette fiche jusqu'\u00e0 votre arriv\u00e9e devant l'estrade, quand vous la remettrez \u00e0 l'assistant\u00b7e.&nbsp;&nbsp;<\/p>\n\n\n\n<p>Pour que l'annonce de votre nom se fasse sans probl\u00e8me, veuillez ne pas plier ou endommager la fiche. Elle sera scann\u00e9e pour annoncer votre nom lors de la c\u00e9r\u00e9monie.&nbsp;<\/p>\n<\/div><\/div><\/div>\n\n\n\n<div class=\"wp-block-kadence-pane kt-accordion-pane kt-accordion-pane-11 kt-pane11515_2f6d8d-74\"><div class=\"kt-accordion-header-wrap\"><button class=\"kt-blocks-accordion-header kt-acccordion-button-label-show\" type=\"button\"><span class=\"kt-blocks-accordion-title-wrap\"><span class=\"kt-blocks-accordion-title\"><strong>Proc\u00e9dures de remise des dipl\u00f4mes<\/strong>&nbsp;<\/span><\/span><span class=\"kt-blocks-accordion-icon-trigger\"><\/span><\/button><\/div><div class=\"kt-accordion-panel kt-accordion-panel-hidden\"><div class=\"kt-accordion-panel-inner\">\n<p>Apr\u00e8s l'entr\u00e9e du cort\u00e8ge \u00e9tudiant dans le pavillon, la c\u00e9r\u00e9monie se d\u00e9roulera selon les modalit\u00e9s suivantes\u202f:&nbsp;&nbsp;<\/p>\n\n\n\n<ul class=\"wp-block-list\">\n<li>Dignitaires et cort\u00e8ge professoral&nbsp;&nbsp;&nbsp;&nbsp;<\/li>\n\n\n\n<li>Chant d'honneur (le cas \u00e9ch\u00e9ant)&nbsp;&nbsp;<\/li>\n\n\n\n<li>D\u00e9claration de reconnaissance des territoires et allocution de bienvenue&nbsp;&nbsp;<\/li>\n\n\n\n<li>Hymne national&nbsp;&nbsp;<\/li>\n<\/ul>\n\n\n\n<ul class=\"wp-block-list\">\n<li>Ouverture&nbsp;&nbsp;<\/li>\n\n\n\n<li>Discours de la chanceli\u00e8re&nbsp;&nbsp;<\/li>\n\n\n\n<li>Discours de la pr\u00e9sidente et vice-chanceli\u00e8re&nbsp;&nbsp;&nbsp;<\/li>\n\n\n\n<li>Remise des prix (le cas \u00e9ch\u00e9ant)&nbsp;&nbsp;<\/li>\n\n\n\n<li>Remise du doctorat <em>honoris causa<\/em>&nbsp;&nbsp;<\/li>\n<\/ul>\n\n\n\n<ul class=\"wp-block-list\">\n<li>Allocution&nbsp;&nbsp;<\/li>\n\n\n\n<li>Discours du doyen\/de la doyenne&nbsp;&nbsp;<\/li>\n\n\n\n<li>Remise des dipl\u00f4mes&nbsp;&nbsp;<\/li>\n\n\n\n<li>Pr\u00e9sentation des candidat\u00b7e\u00b7s\/\u00e9tudiant\u00b7e\u00b7s&nbsp;&nbsp;<\/li>\n\n\n\n<li>Discours d\u2019accueil des dipl\u00f4m\u00e9\u00b7e\u00b7s&nbsp;&nbsp;<\/li>\n\n\n\n<li>Discours de cl\u00f4ture&nbsp;&nbsp;<\/li>\n<\/ul>\n\n\n\n<ul class=\"wp-block-list\">\n<li>Cl\u00f4ture&nbsp;&nbsp;<\/li>\n\n\n\n<li>Retrait du cort\u00e8ge professoral&nbsp;&nbsp;<\/li>\n\n\n\n<li>Retrait du cort\u00e8ge \u00e9tudiant&nbsp;&nbsp;<\/li>\n<\/ul>\n\n\n\n<p>Au moment de la remise des dipl\u00f4mes, la pr\u00e9sidente du S\u00e9nat de l'Universit\u00e9 demande aux \u00e9tudiant\u00b7e\u00b7s de se lever tout en restant \u00e0 leur place, et elle s'adresse \u00e0 la chanceli\u00e8re en pronon\u00e7ant les mots suivants\u202f:&nbsp;&nbsp;<\/p>\n\n\n\n<p>\u00ab\u202fChanceli\u00e8re Taylor, en tant que pr\u00e9sidente du S\u00e9nat de l'Universit\u00e9 et au nom du S\u00e9nat de l'Universit\u00e9 York, je vous pr\u00e9sente ces candidates et candidats et certifie qu'ils ont rempli avec succ\u00e8s toutes les conditions \u00e9tablies par les statuts de cette Universit\u00e9 pour l'obtention de leurs dipl\u00f4mes.&nbsp;&nbsp;<\/p>\n\n\n\n<p>Je vous demande maintenant de leur conf\u00e9rer leurs dipl\u00f4mes, de leur accorder tous les droits et privil\u00e8ges et de les inviter \u00e0 accepter toutes les obligations et responsabilit\u00e9s qui en d\u00e9coulent.\u202f\u00bb&nbsp;&nbsp;<\/p>\n\n\n\n<p>La chanceli\u00e8re r\u00e9pondra par\u202f:&nbsp;&nbsp;<\/p>\n\n\n\n<p>\u00ab\u202fEn tant que Chanceli\u00e8re de l'Universit\u00e9 York, et en vertu de l'autorit\u00e9 des pouvoirs dont je suis investie, je confirme par la pr\u00e9sente que les grades auxquels vous avez d\u00e9montr\u00e9 votre droit sur l'attestation du S\u00e9nat vous sont conf\u00e9r\u00e9s avec tous les titres, honneurs, devoirs, droits et privil\u00e8ges aff\u00e9rents.&nbsp;&nbsp;<\/p>\n\n\n\n<p><em>Admitto vos ad gradum.\u202f\u00bb<\/em>&nbsp;&nbsp;<\/p>\n\n\n\n<p>Les placeurs et placeuses vous demanderont alors de vous lever et de former une ligne en direction de l'estrade. Vous devrez pr\u00e9senter votre nom \u00e0 l\u2019assistant\u00b7e des cartes qui le transmettra \u00e0 la personne lisant les noms. Apr\u00e8s la lecture de votre nom, vous vous dirigerez vers la Chanceli\u00e8re et ferez un bref arr\u00eat pour permettre au photographe professionnel de prendre votre photo. Plusieurs b\u00e9n\u00e9voles seront disponibles pour vous aider \u00e0 retrouver votre si\u00e8ge.<\/p>\n\n\n\n<p>Vous recevrez votre dipl\u00f4me apr\u00e8s avoir travers\u00e9 la sc\u00e8ne, avant de retourner \u00e0 votre si\u00e8ge. Si ce n\u2019est pas le cas, ou si vous avez des questions, veuillez vous rendre, apr\u00e8s la c\u00e9r\u00e9monie, au kiosque des dipl\u00f4mes sous la tente des Services aux dipl\u00f4m\u00e9s.<\/p>\n\n\n\n<p>Veuillez rester \u00e0 votre place jusqu'\u00e0 la fin de la c\u00e9r\u00e9monie. Le cort\u00e8ge \u00e9tudiant suivra imm\u00e9diatement celui du corps professoral&nbsp;<\/p>\n<\/div><\/div><\/div>\n\n\n\n<div class=\"wp-block-kadence-pane kt-accordion-pane kt-accordion-pane-9 kt-pane11515_c1b4ae-97\"><div class=\"kt-accordion-header-wrap\"><button class=\"kt-blocks-accordion-header kt-acccordion-button-label-show\" type=\"button\"><span class=\"kt-blocks-accordion-title-wrap\"><span class=\"kt-blocks-accordion-title\"><strong>Sant\u00e9 et s\u00e9curit\u00e9<\/strong><\/span><\/span><span class=\"kt-blocks-accordion-icon-trigger\"><\/span><\/button><\/div><div class=\"kt-accordion-panel kt-accordion-panel-hidden\"><div class=\"kt-accordion-panel-inner\">\n<p>Le bien-\u00eatre physique et mental des finissants et finissantes et de leurs invit\u00e9\u00b7e\u00b7s est notre priorit\u00e9. Par cons\u00e9quent, tous les \u00e9v\u00e9nements et c\u00e9r\u00e9monies de remise des dipl\u00f4mes respecteront les directives en mati\u00e8re de sant\u00e9 et de s\u00e9curit\u00e9 \u00e9tablies par l'Universit\u00e9 York, les municipalit\u00e9s locales et les autorit\u00e9s provinciales, ainsi que les directives propres aux installations et \u00e9v\u00e9nements de grande envergure.&nbsp;&nbsp;&nbsp;&nbsp;<\/p>\n\n\n\n<p>Si l'Universit\u00e9 le juge n\u00e9cessaire, elle mettra en \u0153uvre certaines mesures pour assurer la s\u00e9curit\u00e9 et la sant\u00e9 de toutes les personnes pr\u00e9sentes \u00e0 la c\u00e9r\u00e9monie de remise des dipl\u00f4mes.&nbsp;&nbsp;&nbsp;&nbsp;<\/p>\n\n\n\n<p>Nous nous engageons \u00e0 fournir un environnement s\u00fbr et s\u00e9curis\u00e9 pour tout le monde et nous vous remercions de votre compr\u00e9hension et de votre coop\u00e9ration pour vous conformer aux protocoles et aux lignes directrices requis.\u202f&nbsp;&nbsp;&nbsp;&nbsp;&nbsp;&nbsp;<\/p>\n<\/div><\/div><\/div>\n<\/div><\/div><\/div>\n\n\n\n<p><\/p>\n\n\n\n<div style=\"height:80px\" aria-hidden=\"true\" class=\"wp-block-spacer\"><\/div>\n\n\n\n<h2 class=\"wp-block-heading\"><\/h2>\n\n\n\n<div style=\"height:35px\" aria-hidden=\"true\" class=\"wp-block-spacer\"><\/div>\n\n\n\n<div style=\"height:100px\" aria-hidden=\"true\" class=\"wp-block-spacer\"><\/div>\n\n\n\n<div class=\"wp-block-columns is-layout-flex wp-container-core-columns-is-layout-2 wp-block-columns-is-layout-flex\">\n<div class=\"wp-block-column is-layout-flow wp-block-column-is-layout-flow\"><\/div>\n\n\n\n<div class=\"wp-block-column is-layout-flow wp-block-column-is-layout-flow\"><\/div>\n<\/div>\n","protected":false},"excerpt":{"rendered":"<p>La c\u00e9r\u00e9monie de remise des dipl\u00f4mes est un \u00e9v\u00e9nement joyeux qui rassemble une multitude de personnes, notamment les futur\u00b7e\u00b7s dipl\u00f4m\u00e9\u00b7e\u00b7s, les membres d\u00e9vou\u00e9s du corps professoral et du personnel, les b\u00e9n\u00e9voles enthousiastes et les proches affichant leur fiert\u00e9. Nous comprenons l'importance de ce jour m\u00e9morable et nous sommes l\u00e0 pour vous fournir des informations essentielles [&hellip;]<\/p>\n","protected":false},"author":307,"featured_media":0,"parent":0,"menu_order":0,"comment_status":"closed","ping_status":"closed","template":"","meta":{"_kad_blocks_custom_css":"","_kad_blocks_head_custom_js":"","_kad_blocks_body_custom_js":"","_kad_blocks_footer_custom_js":"","footnotes":""},"tags":[],"class_list":["post-11515","page","type-page","status-publish","hentry"],"taxonomy_info":[],"featured_image_src_large":false,"author_info":{"display_name":"lechris","author_link":"https:\/\/www.yorku.ca\/convocation\/author\/lechris\/"},"comment_info":"","_links":{"self":[{"href":"https:\/\/www.yorku.ca\/convocation\/wp-json\/wp\/v2\/pages\/11515","targetHints":{"allow":["GET"]}}],"collection":[{"href":"https:\/\/www.yorku.ca\/convocation\/wp-json\/wp\/v2\/pages"}],"about":[{"href":"https:\/\/www.yorku.ca\/convocation\/wp-json\/wp\/v2\/types\/page"}],"author":[{"embeddable":true,"href":"https:\/\/www.yorku.ca\/convocation\/wp-json\/wp\/v2\/users\/307"}],"replies":[{"embeddable":true,"href":"https:\/\/www.yorku.ca\/convocation\/wp-json\/wp\/v2\/comments?post=11515"}],"version-history":[{"count":10,"href":"https:\/\/www.yorku.ca\/convocation\/wp-json\/wp\/v2\/pages\/11515\/revisions"}],"predecessor-version":[{"id":17079,"href":"https:\/\/www.yorku.ca\/convocation\/wp-json\/wp\/v2\/pages\/11515\/revisions\/17079"}],"wp:attachment":[{"href":"https:\/\/www.yorku.ca\/convocation\/wp-json\/wp\/v2\/media?parent=11515"}],"wp:term":[{"taxonomy":"post_tag","embeddable":true,"href":"https:\/\/www.yorku.ca\/convocation\/wp-json\/wp\/v2\/tags?post=11515"}],"curies":[{"name":"wp","href":"https:\/\/api.w.org\/{rel}","templated":true}]}}