  {"id":11464,"date":"2021-06-08T15:55:46","date_gmt":"2021-06-08T19:55:46","guid":{"rendered":"https:\/\/www.yorku.ca\/convocation\/annualhome\/"},"modified":"2025-12-12T16:14:58","modified_gmt":"2025-12-12T21:14:58","slug":"annualhome","status":"publish","type":"page","link":"https:\/\/www.yorku.ca\/convocation\/annualhome\/?lang=fr","title":{"rendered":"Remise des dipl\u00f4mes\u00a0"},"content":{"rendered":"\n<div style=\"height:15px\" aria-hidden=\"true\" class=\"wp-block-spacer\"><\/div>\n\n\n\n<p>La c\u00e9r\u00e9monie de remise des dipl\u00f4mes est la c\u00e9r\u00e9monie officielle de remise des dipl\u00f4mes et certificats. C\u2019est aussi une tradition ancestrale qui c\u00e9l\u00e8bre les r\u00e9alisations de chaque \u00e9tudiant et \u00e9tudiante. La c\u00e9r\u00e9monie de remise des dipl\u00f4mes comm\u00e9more votre vie \u00e0 York et est une occasion de partager cette \u00e9tape importante avec votre famille et vos amis.&nbsp;<\/p>\n\n\n\n<p>Le programme des c\u00e9r\u00e9monies de remise des dipl\u00f4mes du printemps\u202f2026 sera disponible d'ici la fin f\u00e9vrier sur la page <a href=\"https:\/\/www.yorku.ca\/convocation\/ceremonies\/?lang=fr\" data-type=\"link\" data-id=\"https:\/\/www.yorku.ca\/convocation\/ceremonies\/?lang=fr\" target=\"_blank\" rel=\"noreferrer noopener\">C\u00e9r\u00e9monies de remise des dipl\u00f4mes<\/a>.\u00a0<\/p>\n\n\n\n<div style=\"height:38px\" aria-hidden=\"true\" class=\"wp-block-spacer\"><\/div>\n\n\n\n<p class=\"has-medium-font-size\"><strong><strong>Racontez votre histoire&nbsp;<\/strong>&nbsp;<\/strong><\/p>\n\n\n\n<p>L'Universit\u00e9 York est \u00e0 la recherche de finissantes et finissants dispos\u00e9s \u00e0 raconter leur histoire. Avez-vous surmont\u00e9 des obstacles? Aviez-vous une raison particuli\u00e8re de faire des \u00e9tudes \u00e0 York? Avez-vous d\u00e9couvert une nouvelle vocation durant la poursuite de vos \u00e9tudes? Nous aimerions entendre votre histoire! Si elle est s\u00e9lectionn\u00e9e, un membre de l'\u00e9quipe de marketing de York vous contactera. Votre histoire pourrait \u00eatre diffus\u00e9e sur les m\u00e9dias sociaux et autres canaux num\u00e9riques pour mettre en vedette la r\u00e9ussite \u00e9tudiante durant la remise des dipl\u00f4mes. <a href=\"https:\/\/www.yorku.ca\/about\/share-your-story\/\" target=\"_blank\" rel=\"noreferrer noopener\">Racontez votre histoire.<\/a>&nbsp;<\/p>\n\n\n\n<div style=\"height:44px\" aria-hidden=\"true\" class=\"wp-block-spacer\"><\/div>\n\n\n\n<div class=\"wp-block-cover is-light full-width\"><span aria-hidden=\"true\" class=\"wp-block-cover__background has-very-dark-gray-background-color has-background-dim\"><\/span><img loading=\"lazy\" decoding=\"async\" width=\"2304\" height=\"864\" class=\"wp-block-cover__image-background wp-image-1580\" alt=\"\" src=\"https:\/\/www.yorku.ca\/convocation\/wp-content\/uploads\/sites\/77\/2022\/03\/Artboard-1@2x.png\" data-object-fit=\"cover\" srcset=\"https:\/\/www.yorku.ca\/convocation\/wp-content\/uploads\/sites\/77\/2022\/03\/Artboard-1@2x.png 2304w, https:\/\/www.yorku.ca\/convocation\/wp-content\/uploads\/sites\/77\/2022\/03\/Artboard-1@2x-300x113.png 300w, https:\/\/www.yorku.ca\/convocation\/wp-content\/uploads\/sites\/77\/2022\/03\/Artboard-1@2x-1024x384.png 1024w, https:\/\/www.yorku.ca\/convocation\/wp-content\/uploads\/sites\/77\/2022\/03\/Artboard-1@2x-1536x576.png 1536w, https:\/\/www.yorku.ca\/convocation\/wp-content\/uploads\/sites\/77\/2022\/03\/Artboard-1@2x-2048x768.png 2048w\" sizes=\"auto, (max-width: 2304px) 100vw, 2304px\" \/><div class=\"wp-block-cover__inner-container is-layout-flow wp-block-cover-is-layout-flow\">\n<div class=\"wp-block-group container pt-4 mt-3\"><div class=\"wp-block-group__inner-container is-layout-flow wp-block-group-is-layout-flow\">\n<div class=\"wp-block-columns card-deck aspect-ratio is-layout-flex wp-container-core-columns-is-layout-1 wp-block-columns-is-layout-flex\">\n<div class=\"wp-block-column card rounded-0 bg-white is-layout-flow wp-block-column-is-layout-flow\">\n<figure class=\"wp-block-image size-full\"><img loading=\"lazy\" decoding=\"async\" width=\"800\" height=\"533\" src=\"https:\/\/www.yorku.ca\/convocation\/wp-content\/uploads\/sites\/77\/2020\/09\/Convo-FES-Lass-Nurs-32.jpg\" alt=\"person shaking hands on graduation stage\" class=\"wp-image-186\" srcset=\"https:\/\/www.yorku.ca\/convocation\/wp-content\/uploads\/sites\/77\/2020\/09\/Convo-FES-Lass-Nurs-32.jpg 800w, https:\/\/www.yorku.ca\/convocation\/wp-content\/uploads\/sites\/77\/2020\/09\/Convo-FES-Lass-Nurs-32-300x200.jpg 300w\" sizes=\"auto, (max-width: 800px) 100vw, 800px\" \/><\/figure>\n\n\n\n<div class=\"wp-block-group card-body\"><div class=\"wp-block-group__inner-container is-layout-flow wp-block-group-is-layout-flow\">\n<h2 class=\"wp-block-heading card-title h5 has-text-color\" style=\"color:#212529\"><strong>C\u00e9r\u00e9monies de remise des dipl\u00f4mes<\/strong>&nbsp;<\/h2>\n\n\n\n<p class=\"has-text-color\" style=\"color:#212529\">Tout ce que vous devez savoir sur les c\u00e9r\u00e9monies de remise des dipl\u00f4mes en tant que finissant\u00b7e.&nbsp;<\/p>\n\n\n\n<p class=\"text-uppercase\"><a href=\"https:\/\/www.yorku.ca\/convocation\/ceremonies\/?lang=fr\" data-type=\"link\" data-id=\"https:\/\/www.yorku.ca\/convocation\/ceremonies\/?lang=fr\">Pour en savoir plus<\/a><\/p>\n<\/div><\/div>\n<\/div>\n\n\n\n<div class=\"wp-block-column card rounded-0 bg-white is-layout-flow wp-block-column-is-layout-flow\">\n<figure class=\"wp-block-image size-full\"><img loading=\"lazy\" decoding=\"async\" width=\"800\" height=\"564\" src=\"https:\/\/www.yorku.ca\/convocation\/wp-content\/uploads\/sites\/77\/2020\/09\/0182_DSC4074.jpg\" alt=\"two students smiling with flowers\" class=\"wp-image-191\" srcset=\"https:\/\/www.yorku.ca\/convocation\/wp-content\/uploads\/sites\/77\/2020\/09\/0182_DSC4074.jpg 800w, https:\/\/www.yorku.ca\/convocation\/wp-content\/uploads\/sites\/77\/2020\/09\/0182_DSC4074-300x212.jpg 300w\" sizes=\"auto, (max-width: 800px) 100vw, 800px\" \/><\/figure>\n\n\n\n<div class=\"wp-block-group card-body\"><div class=\"wp-block-group__inner-container is-layout-flow wp-block-group-is-layout-flow\">\n<h2 class=\"wp-block-heading card-title h5 has-text-color\" style=\"color:#212529\"><strong>Passage sur la sc\u00e8ne<\/strong><\/h2>\n\n\n\n<p class=\"card-text has-text-color\" style=\"color:#212529\">Les dipl\u00f4m\u00e9\u00b7e\u00b7s peuvent demander \u00e0 monter sur sc\u00e8ne lors de la prochaine c\u00e9r\u00e9monie de remise des dipl\u00f4mes, s'ils et elles n'ont pas eu l'occasion de le faire auparavant.&nbsp;<\/p>\n\n\n\n<p class=\"text-uppercase\"><a href=\"https:\/\/www.yorku.ca\/convocation\/walkthrough\/\">Pour en savoir plus<\/a><\/p>\n<\/div><\/div>\n<\/div>\n\n\n\n<div class=\"wp-block-column card rounded-0 bg-white is-layout-flow wp-block-column-is-layout-flow\">\n<figure class=\"wp-block-image size-large\"><img loading=\"lazy\" decoding=\"async\" width=\"1024\" height=\"683\" src=\"https:\/\/www.yorku.ca\/convocation\/wp-content\/uploads\/sites\/77\/2020\/09\/shutterstock_1654172548-1024x683.jpg\" alt=\"person in grad cap looking forward\" class=\"wp-image-139\" srcset=\"https:\/\/www.yorku.ca\/convocation\/wp-content\/uploads\/sites\/77\/2020\/09\/shutterstock_1654172548-1024x683.jpg 1024w, https:\/\/www.yorku.ca\/convocation\/wp-content\/uploads\/sites\/77\/2020\/09\/shutterstock_1654172548-300x200.jpg 300w, https:\/\/www.yorku.ca\/convocation\/wp-content\/uploads\/sites\/77\/2020\/09\/shutterstock_1654172548-1536x1025.jpg 1536w, https:\/\/www.yorku.ca\/convocation\/wp-content\/uploads\/sites\/77\/2020\/09\/shutterstock_1654172548-2048x1367.jpg 2048w\" sizes=\"auto, (max-width: 1024px) 100vw, 1024px\" \/><\/figure>\n\n\n\n<div class=\"wp-block-group card-body\"><div class=\"wp-block-group__inner-container is-layout-flow wp-block-group-is-layout-flow\">\n<h2 class=\"wp-block-heading card-title h5 has-text-color\" style=\"color:#212529\"><strong>Pr\u00e9paration \u00e0 la remise du dipl\u00f4me<\/strong>&nbsp;<\/h2>\n\n\n\n<p class=\"card-text has-text-color\" style=\"color:#212529\">De la demande d'admission \u00e0 l'obtention du dipl\u00f4me, d\u00e9couvrez comment vous pr\u00e9parer.&nbsp;<\/p>\n\n\n\n<p class=\"text-uppercase\"><a href=\"https:\/\/registrar.yorku.ca\/graduation\">Pour en savoir plus<\/a><\/p>\n<\/div><\/div>\n<\/div>\n\n\n\n<div class=\"wp-block-column card rounded-0 bg-white is-layout-flow wp-block-column-is-layout-flow\">\n<figure class=\"wp-block-image size-full\"><img loading=\"lazy\" decoding=\"async\" width=\"760\" height=\"507\" src=\"https:\/\/www.yorku.ca\/convocation\/wp-content\/uploads\/sites\/77\/2022\/02\/convo_crowd-e1647322205596.jpg\" alt=\"\" class=\"wp-image-1490\" srcset=\"https:\/\/www.yorku.ca\/convocation\/wp-content\/uploads\/sites\/77\/2022\/02\/convo_crowd-e1647322205596.jpg 760w, https:\/\/www.yorku.ca\/convocation\/wp-content\/uploads\/sites\/77\/2022\/02\/convo_crowd-e1647322205596-300x200.jpg 300w\" sizes=\"auto, (max-width: 760px) 100vw, 760px\" \/><\/figure>\n\n\n\n<div class=\"wp-block-group card-body\"><div class=\"wp-block-group__inner-container is-layout-flow wp-block-group-is-layout-flow\">\n<h2 class=\"wp-block-heading card-title h5 has-text-color\" style=\"color:#212529\"><strong>\u00c0 quoi s\u2019attendre?<\/strong>&nbsp;<\/h2>\n\n\n\n<p class=\"card-text has-text-color\" style=\"color:#212529\">D\u00e9couvrez ce qui vous attend le jour de la c\u00e9r\u00e9monie de remise des dipl\u00f4mes.&nbsp;<\/p>\n\n\n\n<p class=\"text-uppercase\"><a href=\"https:\/\/www.yorku.ca\/convocation\/what-to-expect\/?lang=fr\" data-type=\"link\" data-id=\"https:\/\/www.yorku.ca\/convocation\/what-to-expect\/?lang=fr\">Pour en savoir plus<\/a><\/p>\n<\/div><\/div>\n<\/div>\n<\/div>\n<\/div><\/div>\n<\/div><\/div>\n\n\n\n<div style=\"height:100px\" aria-hidden=\"true\" class=\"wp-block-spacer\"><\/div>\n\n\n<style>.kadence-column11464_14ebc4-41 > .kt-inside-inner-col,.kadence-column11464_14ebc4-41 > .kt-inside-inner-col:before{border-top-left-radius:0px;border-top-right-radius:0px;border-bottom-right-radius:0px;border-bottom-left-radius:0px;}.kadence-column11464_14ebc4-41 > .kt-inside-inner-col{column-gap:var(--global-kb-gap-sm, 1rem);}.kadence-column11464_14ebc4-41 > .kt-inside-inner-col{flex-direction:column;}.kadence-column11464_14ebc4-41 > .kt-inside-inner-col > .aligncenter{width:100%;}.kadence-column11464_14ebc4-41 > .kt-inside-inner-col:before{opacity:0.3;}.kadence-column11464_14ebc4-41{position:relative;}@media all and (max-width: 1024px){.kadence-column11464_14ebc4-41 > .kt-inside-inner-col{flex-direction:column;}}@media all and (max-width: 767px){.kadence-column11464_14ebc4-41 > .kt-inside-inner-col{flex-direction:column;}}<\/style>\n<div class=\"wp-block-kadence-column kadence-column11464_14ebc4-41\"><div class=\"kt-inside-inner-col\"><\/div><\/div>\n\n\n\n<div class=\"wp-block-group\"><div class=\"wp-block-group__inner-container is-layout-constrained wp-block-group-is-layout-constrained\">\n<h2 class=\"wp-block-heading\"><\/h2>\n\n\n\n<div class=\"wp-block-columns is-layout-flex wp-container-core-columns-is-layout-5 wp-block-columns-is-layout-flex\">\n<div class=\"wp-block-column is-layout-flow wp-block-column-is-layout-flow\">\n<div class=\"wp-block-columns is-layout-flex wp-container-core-columns-is-layout-2 wp-block-columns-is-layout-flex\">\n<div class=\"wp-block-column is-layout-flow wp-block-column-is-layout-flow\" style=\"flex-basis:33.33%\">\n<figure class=\"wp-block-image size-large\"><a href=\"https:\/\/www.yorku.ca\/convocation\/memorabilia\/?lang=fr\"><img decoding=\"async\" src=\"https:\/\/www.yorku.ca\/wp-content\/plugins\/yu-blockpatterns\/img\/burst-loading.png\" alt=\"\" class=\"wp-image-11509\"\/><\/a><\/figure>\n\n\n\n<p><\/p>\n<\/div>\n\n\n\n<div class=\"wp-block-column is-layout-flow wp-block-column-is-layout-flow\" style=\"flex-basis:66.66%\">\n<h3 class=\"wp-block-heading h6\"><strong>Fleurs, cadeaux et cadres<\/strong><\/h3>\n\n\n\n<p>Achetez des fleurs, des cadeaux, des cadres et bien plus encore.&nbsp;&nbsp;<\/p>\n<\/div>\n<\/div>\n<\/div>\n\n\n\n<div class=\"wp-block-column is-layout-flow wp-block-column-is-layout-flow\">\n<div class=\"wp-block-columns is-layout-flex wp-container-core-columns-is-layout-3 wp-block-columns-is-layout-flex\">\n<div class=\"wp-block-column is-layout-flow wp-block-column-is-layout-flow\" style=\"flex-basis:33.33%\">\n<figure class=\"wp-block-image size-full\"><img loading=\"lazy\" decoding=\"async\" width=\"134\" height=\"133\" src=\"https:\/\/www.yorku.ca\/convocation\/wp-content\/uploads\/sites\/77\/2022\/02\/Perspect_sr_rgb_x2.png\" alt=\"\" class=\"wp-image-5333\"\/><\/figure>\n<\/div>\n\n\n\n<div class=\"wp-block-column is-layout-flow wp-block-column-is-layout-flow\" style=\"flex-basis:66.66%\">\n<h3 class=\"wp-block-heading h6\"><strong>Photographie et vid\u00e9ographie<\/strong><\/h3>\n\n\n\n<p>En savoir plus sur la photographie de portrait, la photographie de c\u00e9r\u00e9monie et la vid\u00e9ographie.&nbsp;&nbsp;<\/p>\n<\/div>\n<\/div>\n<\/div>\n\n\n\n<div class=\"wp-block-column is-layout-flow wp-block-column-is-layout-flow\">\n<div class=\"wp-block-columns is-layout-flex wp-container-core-columns-is-layout-4 wp-block-columns-is-layout-flex\">\n<div class=\"wp-block-column is-layout-flow wp-block-column-is-layout-flow\" style=\"flex-basis:33.33%\">\n<figure class=\"wp-block-image size-full\"><img loading=\"lazy\" decoding=\"async\" width=\"156\" height=\"174\" src=\"https:\/\/www.yorku.ca\/convocation\/wp-content\/uploads\/sites\/77\/2022\/02\/Support_sr_rgb_2x-e1645820526466.png\" alt=\"\" class=\"wp-image-5334\"\/><\/figure>\n<\/div>\n\n\n\n<div class=\"wp-block-column is-layout-flow wp-block-column-is-layout-flow\" style=\"flex-basis:66.66%\">\n<h3 class=\"wp-block-heading h6\"><strong>Services des dipl\u00f4mes<\/strong><\/h3>\n\n\n\n<p>Contactez le bureau des Services des dipl\u00f4mes.&nbsp;&nbsp;<\/p>\n<\/div>\n<\/div>\n<\/div>\n<\/div>\n<\/div><\/div>\n\n\n\n<div style=\"height:100px\" aria-hidden=\"true\" class=\"wp-block-spacer\"><\/div>\n\n\n\n<p><\/p>\n\n\n\n<div style=\"height:26px\" aria-hidden=\"true\" class=\"wp-block-spacer\"><\/div>\n\n\n\n<p><\/p>\n\n\n\n<div class=\"wp-block-columns learnmore-block is-layout-flex wp-container-core-columns-is-layout-6 wp-block-columns-is-layout-flex\">\n<div class=\"wp-block-column is-vertically-aligned-top is-layout-flow wp-block-column-is-layout-flow\" style=\"flex-basis:60%\">\n<h2 class=\"wp-block-heading\">Entrez dans la communaut\u00e9 des dipl\u00f4m\u00e9\u00b7e\u00b7s&nbsp;<\/h2>\n\n\n<div class=\"wp-block-image\">\n<figure class=\"alignleft size-large is-resized\"><img decoding=\"async\" src=\"\/wp-content\/plugins\/yu-blockpatterns\/img\/learnmore.png\" alt=\"\" class=\"wp-image-11892\" style=\"width:53px;height:76px\"\/><\/figure><\/div>\n\n\n<p><a href=\"https:\/\/www.yorku.ca\/alumniandfriends\/update-contact-information\/\" target=\"_blank\" rel=\"noreferrer noopener\">Mettez \u00e0 jour votre adresse courriel<\/a>, suivez-nous sur <a href=\"https:\/\/www.instagram.com\/yorkualumni\/\" target=\"_blank\" rel=\"noreferrer noopener\">Instagram<\/a> et <a href=\"https:\/\/www.linkedin.com\/groups\/48984\/\" target=\"_blank\" rel=\"noreferrer noopener\">LinkedIn<\/a>. Explorez les <a href=\"https:\/\/www.yorku.ca\/alumniandfriends\/benefit\/\" target=\"_blank\" rel=\"noreferrer noopener\">avantages offerts aux dipl\u00f4m\u00e9\u00b7e\u00b7s<\/a>.&nbsp;<\/p>\n\n\n\n<p><\/p>\n<\/div>\n\n\n\n<div class=\"wp-block-column is-vertically-aligned-center is-layout-flow wp-block-column-is-layout-flow\">\n<div class=\"wp-block-buttons is-content-justification-center is-layout-flex wp-container-core-buttons-is-layout-1 wp-block-buttons-is-layout-flex\">\n<div class=\"wp-block-button\"><a class=\"wp-block-button__link wp-element-button\" href=\"https:\/\/www.yorku.ca\/alumniandfriends\/\">Pour en savoir plus<\/a><\/div>\n<\/div>\n<\/div>\n<\/div>\n\n\n\n<div class=\"wp-block-group\"><div class=\"wp-block-group__inner-container is-layout-flow wp-block-group-is-layout-flow\">\n<div class=\"wp-block-columns social-bar-block is-layout-flex wp-container-core-columns-is-layout-7 wp-block-columns-is-layout-flex\">\n<div class=\"wp-block-column is-layout-flow wp-block-column-is-layout-flow\">\n<h2 class=\"wp-block-heading h6 text-white text-center\">Connect with ¿ì²¥ÊÓÆµ<\/h2>\n<\/div>\n\n\n\n<div class=\"wp-block-column is-layout-flow wp-block-column-is-layout-flow\">\n<ul class=\"wp-block-social-links aligncenter my-2 is-style-default is-layout-flex wp-block-social-links-is-layout-flex\"><li class=\"wp-social-link wp-social-link-facebook  wp-block-social-link\"><a href=\"https:\/\/www.facebook.com\/yorkuniversity\/\" class=\"wp-block-social-link-anchor\"><svg width=\"24\" height=\"24\" viewBox=\"0 0 24 24\" version=\"1.1\" xmlns=\"http:\/\/www.w3.org\/2000\/svg\" aria-hidden=\"true\" focusable=\"false\"><path d=\"M12 2C6.5 2 2 6.5 2 12c0 5 3.7 9.1 8.4 9.9v-7H7.9V12h2.5V9.8c0-2.5 1.5-3.9 3.8-3.9 1.1 0 2.2.2 2.2.2v2.5h-1.3c-1.2 0-1.6.8-1.6 1.6V12h2.8l-.4 2.9h-2.3v7C18.3 21.1 22 17 22 12c0-5.5-4.5-10-10-10z\"><\/path><\/svg><span class=\"wp-block-social-link-label screen-reader-text\">Facebook<\/span><\/a><\/li>\n\n<li class=\"wp-social-link wp-social-link-twitter  wp-block-social-link\"><a href=\"https:\/\/twitter.com\/yorkuniversity\" class=\"wp-block-social-link-anchor\"><svg width=\"24\" height=\"24\" viewBox=\"0 0 24 24\" version=\"1.1\" xmlns=\"http:\/\/www.w3.org\/2000\/svg\" aria-hidden=\"true\" focusable=\"false\"><path d=\"M22.23,5.924c-0.736,0.326-1.527,0.547-2.357,0.646c0.847-0.508,1.498-1.312,1.804-2.27 c-0.793,0.47-1.671,0.812-2.606,0.996C18.324,4.498,17.257,4,16.077,4c-2.266,0-4.103,1.837-4.103,4.103 c0,0.322,0.036,0.635,0.106,0.935C8.67,8.867,5.647,7.234,3.623,4.751C3.27,5.357,3.067,6.062,3.067,6.814 c0,1.424,0.724,2.679,1.825,3.415c-0.673-0.021-1.305-0.206-1.859-0.513c0,0.017,0,0.034,0,0.052c0,1.988,1.414,3.647,3.292,4.023 c-0.344,0.094-0.707,0.144-1.081,0.144c-0.264,0-0.521-0.026-0.772-0.074c0.522,1.63,2.038,2.816,3.833,2.85 c-1.404,1.1-3.174,1.756-5.096,1.756c-0.331,0-0.658-0.019-0.979-0.057c1.816,1.164,3.973,1.843,6.29,1.843 c7.547,0,11.675-6.252,11.675-11.675c0-0.178-0.004-0.355-0.012-0.531C20.985,7.47,21.68,6.747,22.23,5.924z\"><\/path><\/svg><span class=\"wp-block-social-link-label screen-reader-text\">Twitter<\/span><\/a><\/li>\n\n<li class=\"wp-social-link wp-social-link-instagram  wp-block-social-link\"><a href=\"https:\/\/www.instagram.com\/yorkuniversity\/\" class=\"wp-block-social-link-anchor\"><svg width=\"24\" height=\"24\" viewBox=\"0 0 24 24\" version=\"1.1\" xmlns=\"http:\/\/www.w3.org\/2000\/svg\" aria-hidden=\"true\" focusable=\"false\"><path d=\"M12,4.622c2.403,0,2.688,0.009,3.637,0.052c0.877,0.04,1.354,0.187,1.671,0.31c0.42,0.163,0.72,0.358,1.035,0.673 c0.315,0.315,0.51,0.615,0.673,1.035c0.123,0.317,0.27,0.794,0.31,1.671c0.043,0.949,0.052,1.234,0.052,3.637 s-0.009,2.688-0.052,3.637c-0.04,0.877-0.187,1.354-0.31,1.671c-0.163,0.42-0.358,0.72-0.673,1.035 c-0.315,0.315-0.615,0.51-1.035,0.673c-0.317,0.123-0.794,0.27-1.671,0.31c-0.949,0.043-1.233,0.052-3.637,0.052 s-2.688-0.009-3.637-0.052c-0.877-0.04-1.354-0.187-1.671-0.31c-0.42-0.163-0.72-0.358-1.035-0.673 c-0.315-0.315-0.51-0.615-0.673-1.035c-0.123-0.317-0.27-0.794-0.31-1.671C4.631,14.688,4.622,14.403,4.622,12 s0.009-2.688,0.052-3.637c0.04-0.877,0.187-1.354,0.31-1.671c0.163-0.42,0.358-0.72,0.673-1.035 c0.315-0.315,0.615-0.51,1.035-0.673c0.317-0.123,0.794-0.27,1.671-0.31C9.312,4.631,9.597,4.622,12,4.622 M12,3 C9.556,3,9.249,3.01,8.289,3.054C7.331,3.098,6.677,3.25,6.105,3.472C5.513,3.702,5.011,4.01,4.511,4.511 c-0.5,0.5-0.808,1.002-1.038,1.594C3.25,6.677,3.098,7.331,3.054,8.289C3.01,9.249,3,9.556,3,12c0,2.444,0.01,2.751,0.054,3.711 c0.044,0.958,0.196,1.612,0.418,2.185c0.23,0.592,0.538,1.094,1.038,1.594c0.5,0.5,1.002,0.808,1.594,1.038 c0.572,0.222,1.227,0.375,2.185,0.418C9.249,20.99,9.556,21,12,21s2.751-0.01,3.711-0.054c0.958-0.044,1.612-0.196,2.185-0.418 c0.592-0.23,1.094-0.538,1.594-1.038c0.5-0.5,0.808-1.002,1.038-1.594c0.222-0.572,0.375-1.227,0.418-2.185 C20.99,14.751,21,14.444,21,12s-0.01-2.751-0.054-3.711c-0.044-0.958-0.196-1.612-0.418-2.185c-0.23-0.592-0.538-1.094-1.038-1.594 c-0.5-0.5-1.002-0.808-1.594-1.038c-0.572-0.222-1.227-0.375-2.185-0.418C14.751,3.01,14.444,3,12,3L12,3z M12,7.378 c-2.552,0-4.622,2.069-4.622,4.622S9.448,16.622,12,16.622s4.622-2.069,4.622-4.622S14.552,7.378,12,7.378z M12,15 c-1.657,0-3-1.343-3-3s1.343-3,3-3s3,1.343,3,3S13.657,15,12,15z M16.804,6.116c-0.596,0-1.08,0.484-1.08,1.08 s0.484,1.08,1.08,1.08c0.596,0,1.08-0.484,1.08-1.08S17.401,6.116,16.804,6.116z\"><\/path><\/svg><span class=\"wp-block-social-link-label screen-reader-text\">Instagram<\/span><\/a><\/li>\n\n<li class=\"wp-social-link wp-social-link-linkedin  wp-block-social-link\"><a href=\"https:\/\/www.linkedin.com\/school\/167012\/admin\/\" class=\"wp-block-social-link-anchor\"><svg width=\"24\" height=\"24\" viewBox=\"0 0 24 24\" version=\"1.1\" xmlns=\"http:\/\/www.w3.org\/2000\/svg\" aria-hidden=\"true\" focusable=\"false\"><path d=\"M19.7,3H4.3C3.582,3,3,3.582,3,4.3v15.4C3,20.418,3.582,21,4.3,21h15.4c0.718,0,1.3-0.582,1.3-1.3V4.3 C21,3.582,20.418,3,19.7,3z M8.339,18.338H5.667v-8.59h2.672V18.338z M7.004,8.574c-0.857,0-1.549-0.694-1.549-1.548 c0-0.855,0.691-1.548,1.549-1.548c0.854,0,1.547,0.694,1.547,1.548C8.551,7.881,7.858,8.574,7.004,8.574z M18.339,18.338h-2.669 v-4.177c0-0.996-0.017-2.278-1.387-2.278c-1.389,0-1.601,1.086-1.601,2.206v4.249h-2.667v-8.59h2.559v1.174h0.037 c0.356-0.675,1.227-1.387,2.526-1.387c2.703,0,3.203,1.779,3.203,4.092V18.338z\"><\/path><\/svg><span class=\"wp-block-social-link-label screen-reader-text\">LinkedIn<\/span><\/a><\/li>\n\n<li class=\"wp-social-link wp-social-link-youtube  wp-block-social-link\"><a href=\"https:\/\/www.youtube.com\/user\/YorkUniversity\" class=\"wp-block-social-link-anchor\"><svg width=\"24\" height=\"24\" viewBox=\"0 0 24 24\" version=\"1.1\" xmlns=\"http:\/\/www.w3.org\/2000\/svg\" aria-hidden=\"true\" focusable=\"false\"><path d=\"M21.8,8.001c0,0-0.195-1.378-0.795-1.985c-0.76-0.797-1.613-0.801-2.004-0.847c-2.799-0.202-6.997-0.202-6.997-0.202 h-0.009c0,0-4.198,0-6.997,0.202C4.608,5.216,3.756,5.22,2.995,6.016C2.395,6.623,2.2,8.001,2.2,8.001S2,9.62,2,11.238v1.517 c0,1.618,0.2,3.237,0.2,3.237s0.195,1.378,0.795,1.985c0.761,0.797,1.76,0.771,2.205,0.855c1.6,0.153,6.8,0.201,6.8,0.201 s4.203-0.006,7.001-0.209c0.391-0.047,1.243-0.051,2.004-0.847c0.6-0.607,0.795-1.985,0.795-1.985s0.2-1.618,0.2-3.237v-1.517 C22,9.62,21.8,8.001,21.8,8.001z M9.935,14.594l-0.001-5.62l5.404,2.82L9.935,14.594z\"><\/path><\/svg><span class=\"wp-block-social-link-label screen-reader-text\">YouTube<\/span><\/a><\/li>\n\n<\/ul>\n<\/div>\n<\/div>\n<\/div><\/div>\n\n\n\n<p><\/p>\n","protected":false},"excerpt":{"rendered":"<p>La c\u00e9r\u00e9monie de remise des dipl\u00f4mes est la c\u00e9r\u00e9monie officielle de remise des dipl\u00f4mes et certificats. C\u2019est aussi une tradition ancestrale qui c\u00e9l\u00e8bre les r\u00e9alisations de chaque \u00e9tudiant et \u00e9tudiante. La c\u00e9r\u00e9monie de remise des dipl\u00f4mes comm\u00e9more votre vie \u00e0 York et est une occasion de partager cette \u00e9tape importante avec votre famille et vos [&hellip;]<\/p>\n","protected":false},"author":8,"featured_media":5289,"parent":0,"menu_order":0,"comment_status":"closed","ping_status":"closed","template":"secondary-page.php","meta":{"_kad_blocks_custom_css":"","_kad_blocks_head_custom_js":"","_kad_blocks_body_custom_js":"","_kad_blocks_footer_custom_js":"","footnotes":""},"tags":[],"class_list":["post-11464","page","type-page","status-publish","has-post-thumbnail","hentry"],"taxonomy_info":[],"featured_image_src_large":["https:\/\/www.yorku.ca\/convocation\/wp-content\/uploads\/sites\/77\/2021\/05\/Spring-2021-Banner-Image-EDIT-1024x521.jpg",1024,521,true],"author_info":{"display_name":"jmiller4","author_link":"https:\/\/www.yorku.ca\/convocation\/author\/jmiller4\/"},"comment_info":"","_links":{"self":[{"href":"https:\/\/www.yorku.ca\/convocation\/wp-json\/wp\/v2\/pages\/11464","targetHints":{"allow":["GET"]}}],"collection":[{"href":"https:\/\/www.yorku.ca\/convocation\/wp-json\/wp\/v2\/pages"}],"about":[{"href":"https:\/\/www.yorku.ca\/convocation\/wp-json\/wp\/v2\/types\/page"}],"author":[{"embeddable":true,"href":"https:\/\/www.yorku.ca\/convocation\/wp-json\/wp\/v2\/users\/8"}],"replies":[{"embeddable":true,"href":"https:\/\/www.yorku.ca\/convocation\/wp-json\/wp\/v2\/comments?post=11464"}],"version-history":[{"count":16,"href":"https:\/\/www.yorku.ca\/convocation\/wp-json\/wp\/v2\/pages\/11464\/revisions"}],"predecessor-version":[{"id":17203,"href":"https:\/\/www.yorku.ca\/convocation\/wp-json\/wp\/v2\/pages\/11464\/revisions\/17203"}],"wp:featuredmedia":[{"embeddable":true,"href":"https:\/\/www.yorku.ca\/convocation\/wp-json\/wp\/v2\/media\/5289"}],"wp:attachment":[{"href":"https:\/\/www.yorku.ca\/convocation\/wp-json\/wp\/v2\/media?parent=11464"}],"wp:term":[{"taxonomy":"post_tag","embeddable":true,"href":"https:\/\/www.yorku.ca\/convocation\/wp-json\/wp\/v2\/tags?post=11464"}],"curies":[{"name":"wp","href":"https:\/\/api.w.org\/{rel}","templated":true}]}}