  {"id":11437,"date":"2020-06-24T15:07:16","date_gmt":"2020-06-24T19:07:16","guid":{"rendered":"https:\/\/www.yorku.ca\/convocation\/contact\/"},"modified":"2025-03-25T14:41:26","modified_gmt":"2025-03-25T18:41:26","slug":"contact","status":"publish","type":"page","link":"https:\/\/www.yorku.ca\/convocation\/contact\/?lang=fr","title":{"rendered":"Coordonn\u00e9es"},"content":{"rendered":"\n<div style=\"height:20px\" aria-hidden=\"true\" class=\"wp-block-spacer\"><\/div>\n\n\n\n<h2 class=\"wp-block-heading\">Invitations, c\u00e9r\u00e9monies, guides, RSVP, location de toges<\/h2>\n\n\n\n<p>Pour toute question concernant les invitations, les c\u00e9r\u00e9monies, la marche \u00e0 suivre, le formulaire de RSVP et la location de toges, veuillez contacter l'\u00e9quipe de la remise des dipl\u00f4mes au 416-736-5325 ou \u00e0 <a href=\"mailto:convo@yorku.ca\" target=\"_blank\" rel=\"noreferrer noopener\">convo@yorku.ca<\/a>.\u00a0<\/p>\n\n\n\n<div style=\"height:40px\" aria-hidden=\"true\" class=\"wp-block-spacer\"><\/div>\n\n\n\n<h2 class=\"wp-block-heading\">Statut, audit de dossier, d\u00e9cisions universitaires finales\u00a0<\/h2>\n\n\n\n<figure class=\"wp-block-table is-style-regular\"><table><thead><tr><th><strong><strong>Facult\u00e9<\/strong>\u00a0<\/strong><\/th><th><strong><strong>Coordonn\u00e9es<\/strong>\u00a0<\/strong><\/th><\/tr><\/thead><tbody><tr><td><strong><strong>\u00c9cole des arts, des m\u00e9dias, de l\u2019animation et du design<\/strong>\u00a0<br><strong>Sant\u00e9;<\/strong>\u00a0<br><strong>Lassonde;<\/strong>\u00a0<br><strong>Arts lib\u00e9raux <\/strong>\u00a0<br><strong>et \u00e9tudes professionnelles;<\/strong>\u00a0<br><strong>Sciences<\/strong>\u00a0<\/strong><\/td><td><a href=\"https:\/\/wrem.sis.yorku.ca\/Apps\/WebObjects\/ydml.woa\/wa\/DirectAction\/document?name=GradStatusv1\" target=\"_blank\" rel=\"noreferrer noopener\">V\u00e9rifiez votre statut en ligne<\/a>\u00a0<br>\u00a0<br>Services du registrariat, Centre Bennett pour les services aux \u00e9tudiants\u00a0<br>416-872-YORK (9675)\u00a0<br>\u00a0<br>Si vous avez re\u00e7u une lettre de l'unit\u00e9 d\u2019audit de dossier du Bureau du registraire et que vous avez des questions, veuillez contacter\u202f: <a href=\"mailto:degaud@yorku.ca\" target=\"_blank\" rel=\"noreferrer noopener\">degaud@yorku.ca<\/a>.\u00a0<\/td><\/tr><tr><td><strong><strong>Facult\u00e9 de changements environnementaux et urbains<\/strong>\u00a0<\/strong><\/td><td>Bureau des services aux \u00e9tudiants et des services acad\u00e9miques, 137, \u00e9difice Health, Nursing and Environmental Studies\u00a0<br>\u00c9tudiant\u00b7e\u00b7s dipl\u00f4m\u00e9\u00b7e\u00b7s\u202f: 416-736-2100, poste\u202f33254\u00a0<br>\u00c9tudiant\u00b7e\u00b7s de premier cycle\u202f: 416-736-2100, poste\u202f30397\u00a0<\/td><\/tr><tr><td><strong>Coll\u00e8ge Glendon<\/strong><\/td><td>Services acad\u00e9miques, C102 York Hall\u00a0<br>416-487-6715 ou <a href=\"mailto:osp@gl.yorku.ca\" target=\"_blank\" rel=\"noreferrer noopener\">acadservices@glendon.yorku.ca<\/a>\u00a0<\/td><\/tr><tr><td><strong><strong>\u00c9cole de droit Osgoode Hall<\/strong>\u00a0<\/strong><\/td><td>Bureau des programmes et des archives d'Osgoode\u00a0<br><a href=\"mailto:student_services@osgoode.yorku.ca\" target=\"_blank\" rel=\"noreferrer noopener\">student_services@osgoode.yorku.ca<\/a>\u00a0<\/td><\/tr><tr><td><strong><strong>\u00c9cole Schulich des hautes \u00e9tudes commerciales<\/strong>\u00a0<\/strong><\/td><td>Services aux \u00e9tudiants, W262 Seymour Schulich Building\u00a0<br>Sophia Yu, 416-736-2100 ext. 77971 ou <a href=\"mailto:sophyu@schulich.yorku.ca\" target=\"_blank\" rel=\"noreferrer noopener\">sophyu@schulich.yorku.ca<\/a>\u00a0<\/td><\/tr><tr><td><strong><strong>\u00c9tudes sup\u00e9rieures<\/strong>\u00a0<\/strong><\/td><td>Les \u00e9tudiant\u00b7e\u00b7s \u00e0 la ma\u00eetrise et au doctorat doivent confirmer leur statut aupr\u00e8s du bureau de leur programme d'\u00e9tudes sup\u00e9rieures.\u00a0<\/td><\/tr><\/tbody><\/table><\/figure>\n\n\n\n<div style=\"height:40px\" aria-hidden=\"true\" class=\"wp-block-spacer\"><\/div>\n\n\n\n<h2 class=\"wp-block-heading\">Photographie lors de la remise des dipl\u00f4mes\u00a0<\/h2>\n\n\n\n<div style=\"height:20px\" aria-hidden=\"true\" class=\"wp-block-spacer\"><\/div>\n\n\n\n<h3 class=\"wp-block-heading\"><strong>Portraits<\/strong><\/h3>\n\n\n\n<p>(durant le dernier trimestre avant l'obtention du dipl\u00f4me)<\/p>\n\n\n\n<p>Les portraits sont r\u00e9alis\u00e9s par diff\u00e9rents fournisseurs en fonction de la facult\u00e9. Vous trouverez ci-dessous votre facult\u00e9 et leurs coordonn\u00e9es.\u00a0<\/p>\n\n\n\n<figure class=\"wp-block-table is-style-regular\"><table><thead><tr><th>Facult\u00e9\u00a0<\/th><th>Coordonn\u00e9es des fournisseurs\u00a0<\/th><\/tr><\/thead><tbody><tr><td><strong>F<strong>acult\u00e9 des sciences de l\u2019\u00e9ducation<\/strong>\u00a0<\/strong><\/td><td><strong>\u00c9tudiant\u00b7e\u00b7s du B. \u00c9d.\u202f:<\/strong>\u00a0<br>Snap Studios\u00a0<br><a href=\"mailto:snap@snapstudios.ca\" target=\"_blank\" rel=\"noreferrer noopener\">snap@snapstudios.ca<\/a> ou 905-282-1100\u00a0<br>ou\u00a0<br>Association des \u00e9tudiant\u00b7e\u00b7s de la Facult\u00e9 des sciences de l\u2019\u00e9ducation (F.E.S.A.) pour plus de d\u00e9tails <a href=\"mailto:ed_fesa@my.yorku.ca\" target=\"_blank\" rel=\"noreferrer noopener\">ed_fesa@my.yorku.ca<\/a>\u00a0<br>\u00a0<br><strong>\u00c9tudiant\u00b7e\u00b7s dipl\u00f4m\u00e9\u00b7e\u00b7s et \u00e9tudiants au B.A. en sciences de l\u2019\u00e9ducation\u202f:<\/strong>\u00a0<br>New Paramount Studios Ltd.\u00a0<br><a href=\"mailto:captured@newparamount.com\" target=\"_blank\" rel=\"noreferrer noopener\">captured@newparamount.com<\/a> ou 416-653-5103 ou 1-877-677-1930\u00a0<\/td><\/tr><tr><td><strong><strong>\u00c9tudiant\u00b7e\u00b7s de l\u2019\u00c9cole de droit Osgoode Hall<\/strong>\u00a0<\/strong><\/td><td><a href=\"http:\/\/www.lassmanstudios.com\/Book\" target=\"_blank\" rel=\"noreferrer noopener\">Lassman Studios<\/a> \u00a0<br><a href=\"mailto:questions@lassmanstudios.com\" target=\"_blank\" rel=\"noreferrer noopener\">questions@lassmanstudios.com<\/a> ou 416-967-1241\u00a0<\/td><\/tr><tr><td><strong>Autres \u00e9tudiant\u00b7e\u00b7s*<\/strong>\u00a0<br>*\u00c0 l'exclusion des \u00e9tudiant\u00b7e\u00b7s de la Facult\u00e9 des sciences de l'\u00e9ducation\u00a0<br>et de l\u2019\u00c9cole de droit Osgoode Hall\u00a0<\/td><td><a href=\"http:\/\/www.newparamount.com\/\" target=\"_blank\" rel=\"noreferrer noopener\">New Paramount Studios Ltd.<\/a> \u00a0<br><a href=\"mailto:captured@newparamount.com\" target=\"_blank\" rel=\"noreferrer noopener\">captured@newparamount.com<\/a> ou 416-653-5103 ou 1-877-677-1930\u00a0<\/td><\/tr><\/tbody><\/table><\/figure>\n\n\n\n<div class=\"wp-block-group\"><div class=\"wp-block-group__inner-container is-layout-flow wp-block-group-is-layout-flow\">\n<div class=\"wp-block-group\"><div class=\"wp-block-group__inner-container is-layout-flow wp-block-group-is-layout-flow\"><\/div><\/div>\n<\/div><\/div>\n\n\n\n<h3 class=\"wp-block-heading\"><strong>P<strong>hotos de la c\u00e9r\u00e9monie<\/strong><\/strong><\/h3>\n\n\n\n<p>(prises durant la c\u00e9r\u00e9monie)\u00a0<\/p>\n\n\n\n<p><strong>Grad Images<\/strong><\/p>\n\n\n\n<ul class=\"wp-block-list\">\n<li>1-(800) 261-2576<\/li>\n\n\n\n<li>ecc.giservice@gradimages.net<\/li>\n\n\n\n<li><a href=\"https:\/\/www.gradimages.com\/\" target=\"_blank\" rel=\"noreferrer noopener\">www.gradimages.com<\/a><\/li>\n<\/ul>\n\n\n\n<div style=\"height:40px\" aria-hidden=\"true\" class=\"wp-block-spacer\"><\/div>\n\n\n\n<h2 class=\"wp-block-heading\">Comptes impay\u00e9s\u00a0<\/h2>\n\n\n\n<p>Si vous devez de l'argent \u00e0 l'Universit\u00e9, votre dipl\u00f4me sera retenu jusqu'\u00e0 ce que vous ayez pay\u00e9 votre dette. Pour vous assurer que vous ne devez pas d'argent \u00e0 l'Universit\u00e9, veuillez proc\u00e9der comme suit\u202f:\u00a0<\/p>\n\n\n\n<ul class=\"wp-block-list\">\n<li>Consultez votre <a href=\"http:\/\/sfs.yorku.ca\/fees\/your-student-account\" target=\"_blank\" rel=\"noreferrer noopener\">compte \u00e9tudiant<\/a> pour voir votre solde et pour effectuer des paiements. Si vous avez d'autres questions, appelez le 416-872-YORK (9675).\u00a0<\/li>\n\n\n\n<li>Consultez votre <a href=\"https:\/\/www.library.yorku.ca\/web\/ask-services\/borrow-renew-return\/borrowing-returning-feescharges\/\" target=\"_blank\" rel=\"noreferrer noopener\">compte de la biblioth\u00e8que<\/a> ou composez le 416-736-5181 pour conna\u00eetre les amendes impay\u00e9es.\u00a0<\/li>\n<\/ul>\n\n\n\n<div style=\"height:40px\" aria-hidden=\"true\" class=\"wp-block-spacer\"><\/div>\n\n\n\n<div class=\"wp-block-columns social-bar-block is-layout-flex wp-container-core-columns-is-layout-1 wp-block-columns-is-layout-flex\">\n<div class=\"wp-block-column is-layout-flow wp-block-column-is-layout-flow\">\n<h2 class=\"wp-block-heading h6 text-white text-center\">Connect with ¿ì²¥ÊÓÆµ<\/h2>\n<\/div>\n\n\n\n<div class=\"wp-block-column is-layout-flow wp-block-column-is-layout-flow\">\n<ul class=\"wp-block-social-links aligncenter my-2 is-style-default is-layout-flex wp-block-social-links-is-layout-flex\"><li class=\"wp-social-link wp-social-link-facebook  wp-block-social-link\"><a href=\"https:\/\/www.facebook.com\/yorkuniversity\/\" class=\"wp-block-social-link-anchor\"><svg width=\"24\" height=\"24\" viewBox=\"0 0 24 24\" version=\"1.1\" xmlns=\"http:\/\/www.w3.org\/2000\/svg\" aria-hidden=\"true\" focusable=\"false\"><path d=\"M12 2C6.5 2 2 6.5 2 12c0 5 3.7 9.1 8.4 9.9v-7H7.9V12h2.5V9.8c0-2.5 1.5-3.9 3.8-3.9 1.1 0 2.2.2 2.2.2v2.5h-1.3c-1.2 0-1.6.8-1.6 1.6V12h2.8l-.4 2.9h-2.3v7C18.3 21.1 22 17 22 12c0-5.5-4.5-10-10-10z\"><\/path><\/svg><span class=\"wp-block-social-link-label screen-reader-text\">Facebook<\/span><\/a><\/li>\n\n<li class=\"wp-social-link wp-social-link-twitter  wp-block-social-link\"><a href=\"https:\/\/twitter.com\/yorkuniversity\" class=\"wp-block-social-link-anchor\"><svg width=\"24\" height=\"24\" viewBox=\"0 0 24 24\" version=\"1.1\" xmlns=\"http:\/\/www.w3.org\/2000\/svg\" aria-hidden=\"true\" focusable=\"false\"><path d=\"M22.23,5.924c-0.736,0.326-1.527,0.547-2.357,0.646c0.847-0.508,1.498-1.312,1.804-2.27 c-0.793,0.47-1.671,0.812-2.606,0.996C18.324,4.498,17.257,4,16.077,4c-2.266,0-4.103,1.837-4.103,4.103 c0,0.322,0.036,0.635,0.106,0.935C8.67,8.867,5.647,7.234,3.623,4.751C3.27,5.357,3.067,6.062,3.067,6.814 c0,1.424,0.724,2.679,1.825,3.415c-0.673-0.021-1.305-0.206-1.859-0.513c0,0.017,0,0.034,0,0.052c0,1.988,1.414,3.647,3.292,4.023 c-0.344,0.094-0.707,0.144-1.081,0.144c-0.264,0-0.521-0.026-0.772-0.074c0.522,1.63,2.038,2.816,3.833,2.85 c-1.404,1.1-3.174,1.756-5.096,1.756c-0.331,0-0.658-0.019-0.979-0.057c1.816,1.164,3.973,1.843,6.29,1.843 c7.547,0,11.675-6.252,11.675-11.675c0-0.178-0.004-0.355-0.012-0.531C20.985,7.47,21.68,6.747,22.23,5.924z\"><\/path><\/svg><span class=\"wp-block-social-link-label screen-reader-text\">Twitter<\/span><\/a><\/li>\n\n<li class=\"wp-social-link wp-social-link-instagram  wp-block-social-link\"><a href=\"https:\/\/www.instagram.com\/yorkuniversity\/\" class=\"wp-block-social-link-anchor\"><svg width=\"24\" height=\"24\" viewBox=\"0 0 24 24\" version=\"1.1\" xmlns=\"http:\/\/www.w3.org\/2000\/svg\" aria-hidden=\"true\" focusable=\"false\"><path d=\"M12,4.622c2.403,0,2.688,0.009,3.637,0.052c0.877,0.04,1.354,0.187,1.671,0.31c0.42,0.163,0.72,0.358,1.035,0.673 c0.315,0.315,0.51,0.615,0.673,1.035c0.123,0.317,0.27,0.794,0.31,1.671c0.043,0.949,0.052,1.234,0.052,3.637 s-0.009,2.688-0.052,3.637c-0.04,0.877-0.187,1.354-0.31,1.671c-0.163,0.42-0.358,0.72-0.673,1.035 c-0.315,0.315-0.615,0.51-1.035,0.673c-0.317,0.123-0.794,0.27-1.671,0.31c-0.949,0.043-1.233,0.052-3.637,0.052 s-2.688-0.009-3.637-0.052c-0.877-0.04-1.354-0.187-1.671-0.31c-0.42-0.163-0.72-0.358-1.035-0.673 c-0.315-0.315-0.51-0.615-0.673-1.035c-0.123-0.317-0.27-0.794-0.31-1.671C4.631,14.688,4.622,14.403,4.622,12 s0.009-2.688,0.052-3.637c0.04-0.877,0.187-1.354,0.31-1.671c0.163-0.42,0.358-0.72,0.673-1.035 c0.315-0.315,0.615-0.51,1.035-0.673c0.317-0.123,0.794-0.27,1.671-0.31C9.312,4.631,9.597,4.622,12,4.622 M12,3 C9.556,3,9.249,3.01,8.289,3.054C7.331,3.098,6.677,3.25,6.105,3.472C5.513,3.702,5.011,4.01,4.511,4.511 c-0.5,0.5-0.808,1.002-1.038,1.594C3.25,6.677,3.098,7.331,3.054,8.289C3.01,9.249,3,9.556,3,12c0,2.444,0.01,2.751,0.054,3.711 c0.044,0.958,0.196,1.612,0.418,2.185c0.23,0.592,0.538,1.094,1.038,1.594c0.5,0.5,1.002,0.808,1.594,1.038 c0.572,0.222,1.227,0.375,2.185,0.418C9.249,20.99,9.556,21,12,21s2.751-0.01,3.711-0.054c0.958-0.044,1.612-0.196,2.185-0.418 c0.592-0.23,1.094-0.538,1.594-1.038c0.5-0.5,0.808-1.002,1.038-1.594c0.222-0.572,0.375-1.227,0.418-2.185 C20.99,14.751,21,14.444,21,12s-0.01-2.751-0.054-3.711c-0.044-0.958-0.196-1.612-0.418-2.185c-0.23-0.592-0.538-1.094-1.038-1.594 c-0.5-0.5-1.002-0.808-1.594-1.038c-0.572-0.222-1.227-0.375-2.185-0.418C14.751,3.01,14.444,3,12,3L12,3z M12,7.378 c-2.552,0-4.622,2.069-4.622,4.622S9.448,16.622,12,16.622s4.622-2.069,4.622-4.622S14.552,7.378,12,7.378z M12,15 c-1.657,0-3-1.343-3-3s1.343-3,3-3s3,1.343,3,3S13.657,15,12,15z M16.804,6.116c-0.596,0-1.08,0.484-1.08,1.08 s0.484,1.08,1.08,1.08c0.596,0,1.08-0.484,1.08-1.08S17.401,6.116,16.804,6.116z\"><\/path><\/svg><span class=\"wp-block-social-link-label screen-reader-text\">Instagram<\/span><\/a><\/li>\n\n<li class=\"wp-social-link wp-social-link-linkedin  wp-block-social-link\"><a href=\"https:\/\/www.linkedin.com\/school\/york-university\/\" class=\"wp-block-social-link-anchor\"><svg width=\"24\" height=\"24\" viewBox=\"0 0 24 24\" version=\"1.1\" xmlns=\"http:\/\/www.w3.org\/2000\/svg\" aria-hidden=\"true\" focusable=\"false\"><path d=\"M19.7,3H4.3C3.582,3,3,3.582,3,4.3v15.4C3,20.418,3.582,21,4.3,21h15.4c0.718,0,1.3-0.582,1.3-1.3V4.3 C21,3.582,20.418,3,19.7,3z M8.339,18.338H5.667v-8.59h2.672V18.338z M7.004,8.574c-0.857,0-1.549-0.694-1.549-1.548 c0-0.855,0.691-1.548,1.549-1.548c0.854,0,1.547,0.694,1.547,1.548C8.551,7.881,7.858,8.574,7.004,8.574z M18.339,18.338h-2.669 v-4.177c0-0.996-0.017-2.278-1.387-2.278c-1.389,0-1.601,1.086-1.601,2.206v4.249h-2.667v-8.59h2.559v1.174h0.037 c0.356-0.675,1.227-1.387,2.526-1.387c2.703,0,3.203,1.779,3.203,4.092V18.338z\"><\/path><\/svg><span class=\"wp-block-social-link-label screen-reader-text\">LinkedIn<\/span><\/a><\/li>\n\n<li class=\"wp-social-link wp-social-link-youtube  wp-block-social-link\"><a href=\"https:\/\/www.youtube.com\/c\/YorkUniversityOfficial\/\" class=\"wp-block-social-link-anchor\"><svg width=\"24\" height=\"24\" viewBox=\"0 0 24 24\" version=\"1.1\" xmlns=\"http:\/\/www.w3.org\/2000\/svg\" aria-hidden=\"true\" focusable=\"false\"><path d=\"M21.8,8.001c0,0-0.195-1.378-0.795-1.985c-0.76-0.797-1.613-0.801-2.004-0.847c-2.799-0.202-6.997-0.202-6.997-0.202 h-0.009c0,0-4.198,0-6.997,0.202C4.608,5.216,3.756,5.22,2.995,6.016C2.395,6.623,2.2,8.001,2.2,8.001S2,9.62,2,11.238v1.517 c0,1.618,0.2,3.237,0.2,3.237s0.195,1.378,0.795,1.985c0.761,0.797,1.76,0.771,2.205,0.855c1.6,0.153,6.8,0.201,6.8,0.201 s4.203-0.006,7.001-0.209c0.391-0.047,1.243-0.051,2.004-0.847c0.6-0.607,0.795-1.985,0.795-1.985s0.2-1.618,0.2-3.237v-1.517 C22,9.62,21.8,8.001,21.8,8.001z M9.935,14.594l-0.001-5.62l5.404,2.82L9.935,14.594z\"><\/path><\/svg><span class=\"wp-block-social-link-label screen-reader-text\">YouTube<\/span><\/a><\/li>\n\n<\/ul>\n<\/div>\n<\/div>\n\n\n\n<p><\/p>\n","protected":false},"excerpt":{"rendered":"<p>Invitations, c\u00e9r\u00e9monies, guides, RSVP, location de toges Pour toute question concernant les invitations, les c\u00e9r\u00e9monies, la marche \u00e0 suivre, le formulaire de RSVP et la location de toges, veuillez contacter l'\u00e9quipe de la remise des dipl\u00f4mes au 416-736-5325 ou \u00e0 convo@yorku.ca.\u00a0 Statut, audit de dossier, d\u00e9cisions universitaires finales\u00a0 Facult\u00e9\u00a0 Coordonn\u00e9es\u00a0 \u00c9cole des arts, des m\u00e9dias, [&hellip;]<\/p>\n","protected":false},"author":2,"featured_media":0,"parent":0,"menu_order":0,"comment_status":"closed","ping_status":"closed","template":"","meta":{"_kad_blocks_custom_css":"","_kad_blocks_head_custom_js":"","_kad_blocks_body_custom_js":"","_kad_blocks_footer_custom_js":"","footnotes":""},"tags":[],"class_list":["post-11437","page","type-page","status-publish","hentry"],"taxonomy_info":[],"featured_image_src_large":false,"author_info":{"display_name":"Alice","author_link":"https:\/\/www.yorku.ca\/convocation\/author\/alicet\/"},"comment_info":"","_links":{"self":[{"href":"https:\/\/www.yorku.ca\/convocation\/wp-json\/wp\/v2\/pages\/11437","targetHints":{"allow":["GET"]}}],"collection":[{"href":"https:\/\/www.yorku.ca\/convocation\/wp-json\/wp\/v2\/pages"}],"about":[{"href":"https:\/\/www.yorku.ca\/convocation\/wp-json\/wp\/v2\/types\/page"}],"author":[{"embeddable":true,"href":"https:\/\/www.yorku.ca\/convocation\/wp-json\/wp\/v2\/users\/2"}],"replies":[{"embeddable":true,"href":"https:\/\/www.yorku.ca\/convocation\/wp-json\/wp\/v2\/comments?post=11437"}],"version-history":[{"count":15,"href":"https:\/\/www.yorku.ca\/convocation\/wp-json\/wp\/v2\/pages\/11437\/revisions"}],"predecessor-version":[{"id":12472,"href":"https:\/\/www.yorku.ca\/convocation\/wp-json\/wp\/v2\/pages\/11437\/revisions\/12472"}],"wp:attachment":[{"href":"https:\/\/www.yorku.ca\/convocation\/wp-json\/wp\/v2\/media?parent=11437"}],"wp:term":[{"taxonomy":"post_tag","embeddable":true,"href":"https:\/\/www.yorku.ca\/convocation\/wp-json\/wp\/v2\/tags?post=11437"}],"curies":[{"name":"wp","href":"https:\/\/api.w.org\/{rel}","templated":true}]}}