  {"id":11474,"date":"2024-06-05T08:06:30","date_gmt":"2024-06-05T12:06:30","guid":{"rendered":"https:\/\/www.yorku.ca\/bettertogether\/?page_id=11474"},"modified":"2024-10-16T09:31:47","modified_gmt":"2024-10-16T13:31:47","slug":"mieux-ensemble","status":"publish","type":"page","link":"https:\/\/www.yorku.ca\/bettertogether\/mieux-ensemble\/?lang=fr","title":{"rendered":"Mieux ensemble"},"content":{"rendered":"\n<div class=\"wp-block-columns is-layout-flex wp-container-core-columns-is-layout-1 wp-block-columns-is-layout-flex\">\n<div class=\"wp-block-column is-layout-flow wp-block-column-is-layout-flow\" style=\"flex-basis:66.66%\">\n<p class=\"has-medium-font-size\">Pour concr\u00e9tiser la volont\u00e9 de l\u2019Universit\u00e9 York de mieux vivre ensemble. Cette page fournit des informations et des ressources visant \u00e0 promouvoir un dialogue ouvert et respectueux afin que tous les membres de la communaut\u00e9 diversifi\u00e9e de l\u2019Universit\u00e9 York se portent bien.<\/p>\n<\/div>\n\n\n\n<div class=\"wp-block-column is-layout-flow wp-block-column-is-layout-flow\" style=\"flex-basis:33.33%\">\n<h2 class=\"wp-block-heading text-uppercase h5\">Liens rapides&nbsp;<\/h2>\n\n\n\n<ul class=\"wp-block-list list-unstyled\">\n<li><a href=\"https:\/\/www.yorku.ca\/dedi-strategy\/fr\/\" target=\"_blank\" rel=\"noreferrer noopener\">Strat\u00e9gie de dedi<\/a><\/li>\n\n\n\n<li><a href=\"https:\/\/www.yorku.ca\/vpepc\/resources\/\" target=\"_blank\" rel=\"noreferrer noopener\">Ressources sur les campus s\u00fbrs et inclusifs<\/a> [Ang.]<\/li>\n<\/ul>\n<\/div>\n<\/div>\n\n\n\n<div style=\"height:40px\" aria-hidden=\"true\" class=\"wp-block-spacer\"><\/div>\n\n\n\n<figure class=\"wp-block-gallery has-nested-images columns-default is-cropped grid-block wp-block-gallery-1 is-layout-flex wp-block-gallery-is-layout-flex\">\n<figure class=\"wp-block-image size-large\"><img loading=\"lazy\" decoding=\"async\" width=\"351\" height=\"235\" data-id=\"11687\" src=\"https:\/\/www.yorku.ca\/bettertogether\/wp-content\/uploads\/sites\/669\/2024\/10\/Well-being-Week-350-x-235.jpeg\" alt=\"\" class=\"wp-image-11687\" srcset=\"https:\/\/www.yorku.ca\/bettertogether\/wp-content\/uploads\/sites\/669\/2024\/10\/Well-being-Week-350-x-235.jpeg 351w, https:\/\/www.yorku.ca\/bettertogether\/wp-content\/uploads\/sites\/669\/2024\/10\/Well-being-Week-350-x-235-300x201.jpeg 300w\" sizes=\"auto, (max-width: 351px) 100vw, 351px\" \/><figcaption class=\"wp-element-caption\"><a href=\"https:\/\/www.yorku.ca\/well-being\/fr\/\" target=\"_blank\" rel=\"noreferrer noopener\">Ressources sur le bien-\u00eatre<\/a><\/figcaption><\/figure>\n\n\n\n<figure class=\"wp-block-image size-full\"><img loading=\"lazy\" decoding=\"async\" width=\"551\" height=\"450\" data-id=\"11703\" src=\"https:\/\/www.yorku.ca\/bettertogether\/wp-content\/uploads\/sites\/669\/2024\/10\/Cherry-Blossoms-11.jpg\" alt=\"\" class=\"wp-image-11703\" srcset=\"https:\/\/www.yorku.ca\/bettertogether\/wp-content\/uploads\/sites\/669\/2024\/10\/Cherry-Blossoms-11.jpg 551w, https:\/\/www.yorku.ca\/bettertogether\/wp-content\/uploads\/sites\/669\/2024\/10\/Cherry-Blossoms-11-300x245.jpg 300w\" sizes=\"auto, (max-width: 551px) 100vw, 551px\" \/><figcaption class=\"wp-element-caption\"><a href=\"https:\/\/www.yorku.ca\/vpepc\/strategic-priorities-initiatives\/respectful-dialogue\/\" target=\"_blank\" rel=\"noreferrer noopener\">Soutenir des dialogues ouverts et respectueux<\/a> [Ang.]<\/figcaption><\/figure>\n\n\n\n<figure class=\"wp-block-image size-full\"><img loading=\"lazy\" decoding=\"async\" width=\"672\" height=\"673\" data-id=\"11705\" src=\"https:\/\/www.yorku.ca\/bettertogether\/wp-content\/uploads\/sites\/669\/2024\/10\/20-724x724-1.jpg\" alt=\"\" class=\"wp-image-11705\" srcset=\"https:\/\/www.yorku.ca\/bettertogether\/wp-content\/uploads\/sites\/669\/2024\/10\/20-724x724-1.jpg 672w, https:\/\/www.yorku.ca\/bettertogether\/wp-content\/uploads\/sites\/669\/2024\/10\/20-724x724-1-300x300.jpg 300w, https:\/\/www.yorku.ca\/bettertogether\/wp-content\/uploads\/sites\/669\/2024\/10\/20-724x724-1-150x150.jpg 150w, https:\/\/www.yorku.ca\/bettertogether\/wp-content\/uploads\/sites\/669\/2024\/10\/20-724x724-1-600x600.jpg 600w\" sizes=\"auto, (max-width: 672px) 100vw, 672px\" \/><figcaption class=\"wp-element-caption\"><a href=\"https:\/\/rights.info.yorku.ca\/fall-winter-workshops\/\" target=\"_blank\" rel=\"noreferrer noopener\">Atelier REDDI<\/a> [Ang.]<\/figcaption><\/figure>\n<\/figure>\n\n\n\n<div style=\"height:40px\" aria-hidden=\"true\" class=\"wp-block-spacer\"><\/div>\n\n\n\n<div class=\"wp-block-group grey-bg-block has-very-light-gray-background-color has-background\"><div class=\"wp-block-group__inner-container is-layout-flow wp-block-group-is-layout-flow\">\n<div class=\"wp-block-group\"><div class=\"wp-block-group__inner-container is-layout-flow wp-block-group-is-layout-flow\">\n<h2 class=\"wp-block-heading\" id=\"communications\">Communications&nbsp;<\/h2>\n\n\n\n<div style=\"height:20px\" aria-hidden=\"true\" class=\"wp-block-spacer\"><\/div>\n\n\n\n<p><a href=\"https:\/\/www.yorku.ca\/yfile\/2024\/09\/18\/gerer-le-deuil-temoigner-de-la-compassion-et-appuyer-la-communaute-sur-les-campus\/\"><strong>G\u00e9rer le deuil, t\u00e9moigner de la compassion et appuyer la communaut\u00e9 sur les campus<\/strong> <\/a>- 18 septembre 2024<br>Chers membres de la communaut\u00e9 \u00e9tudiante et coll\u00e8gues,&nbsp;tout en nous tournant vers l\u2019ann\u00e9e \u00e0 venir, nous devons aussi nous pencher sur l\u2019ann\u00e9e pass\u00e9e. Si l\u2019ann\u00e9e universitaire\u202f2023-2024 a connu des moments forts et heureux, son souvenir est \u00e9galement marqu\u00e9 par l\u2019escalade d\u00e9vastatrice de la violence et de la souffrance en Isra\u00ebl et en Palestine\u2026<\/p>\n\n\n\n<p><strong><a href=\"https:\/\/www.yorku.ca\/yfile\/2024\/09\/17\/assurons-nous-davoir-des-espaces-universitaires-securitaires-inclusifs-et-accueillants-pour-tous-les-membres-de-la-communaute\/\">Assurons-nous d\u2019avoir des espaces universitaires s\u00e9curitaires, inclusifs et accueillants pour tous les membres de la communaut\u00e9<\/a><\/strong> - 17 septembre 2024<br>Chers membres de la communaut\u00e9 de York,&nbsp;nous reconnaissons que les conflits et les crises qui ont lieu au niveau local et mondial continuent d\u2019avoir un impact sur de nombreux membres de la communaut\u00e9, et ce, de diff\u00e9rentes mani\u00e8res. L\u2019ann\u00e9e pass\u00e9e a \u00e9t\u00e9 particuli\u00e8rement difficile pour les personnes...&nbsp;<\/p>\n\n\n\n<div style=\"height:20px\" aria-hidden=\"true\" class=\"wp-block-spacer\"><\/div>\n\n\n\n<p><\/p>\n<\/div><\/div>\n<\/div><\/div>\n\n\n\n<div class=\"wp-block-columns social-bar-block is-layout-flex wp-container-core-columns-is-layout-2 wp-block-columns-is-layout-flex\">\n<div class=\"wp-block-column is-layout-flow wp-block-column-is-layout-flow\">\n<h2 class=\"h6 text-white text-center wp-block-heading\">Connect with ¿ì²¥ÊÓÆµ<\/h2>\n<\/div>\n\n\n\n<div class=\"wp-block-column is-layout-flow wp-block-column-is-layout-flow\">\n<ul class=\"wp-block-social-links aligncenter my-2 is-style-default is-layout-flex wp-block-social-links-is-layout-flex\"><li class=\"wp-social-link wp-social-link-facebook  wp-block-social-link\"><a href=\"https:\/\/www.facebook.com\/yorkuniversity\" class=\"wp-block-social-link-anchor\"><svg width=\"24\" height=\"24\" viewBox=\"0 0 24 24\" version=\"1.1\" xmlns=\"http:\/\/www.w3.org\/2000\/svg\" aria-hidden=\"true\" focusable=\"false\"><path d=\"M12 2C6.5 2 2 6.5 2 12c0 5 3.7 9.1 8.4 9.9v-7H7.9V12h2.5V9.8c0-2.5 1.5-3.9 3.8-3.9 1.1 0 2.2.2 2.2.2v2.5h-1.3c-1.2 0-1.6.8-1.6 1.6V12h2.8l-.4 2.9h-2.3v7C18.3 21.1 22 17 22 12c0-5.5-4.5-10-10-10z\"><\/path><\/svg><span class=\"wp-block-social-link-label screen-reader-text\">Facebook<\/span><\/a><\/li>\n\n<li class=\"wp-social-link wp-social-link-twitter  wp-block-social-link\"><a href=\"https:\/\/twitter.com\/yorkuniversity\" class=\"wp-block-social-link-anchor\"><svg width=\"24\" height=\"24\" viewBox=\"0 0 24 24\" version=\"1.1\" xmlns=\"http:\/\/www.w3.org\/2000\/svg\" aria-hidden=\"true\" focusable=\"false\"><path d=\"M22.23,5.924c-0.736,0.326-1.527,0.547-2.357,0.646c0.847-0.508,1.498-1.312,1.804-2.27 c-0.793,0.47-1.671,0.812-2.606,0.996C18.324,4.498,17.257,4,16.077,4c-2.266,0-4.103,1.837-4.103,4.103 c0,0.322,0.036,0.635,0.106,0.935C8.67,8.867,5.647,7.234,3.623,4.751C3.27,5.357,3.067,6.062,3.067,6.814 c0,1.424,0.724,2.679,1.825,3.415c-0.673-0.021-1.305-0.206-1.859-0.513c0,0.017,0,0.034,0,0.052c0,1.988,1.414,3.647,3.292,4.023 c-0.344,0.094-0.707,0.144-1.081,0.144c-0.264,0-0.521-0.026-0.772-0.074c0.522,1.63,2.038,2.816,3.833,2.85 c-1.404,1.1-3.174,1.756-5.096,1.756c-0.331,0-0.658-0.019-0.979-0.057c1.816,1.164,3.973,1.843,6.29,1.843 c7.547,0,11.675-6.252,11.675-11.675c0-0.178-0.004-0.355-0.012-0.531C20.985,7.47,21.68,6.747,22.23,5.924z\"><\/path><\/svg><span class=\"wp-block-social-link-label screen-reader-text\">Twitter<\/span><\/a><\/li>\n\n<li class=\"wp-social-link wp-social-link-instagram  wp-block-social-link\"><a href=\"https:\/\/www.instagram.com\/yorkuniversity\" class=\"wp-block-social-link-anchor\"><svg width=\"24\" height=\"24\" viewBox=\"0 0 24 24\" version=\"1.1\" xmlns=\"http:\/\/www.w3.org\/2000\/svg\" aria-hidden=\"true\" focusable=\"false\"><path d=\"M12,4.622c2.403,0,2.688,0.009,3.637,0.052c0.877,0.04,1.354,0.187,1.671,0.31c0.42,0.163,0.72,0.358,1.035,0.673 c0.315,0.315,0.51,0.615,0.673,1.035c0.123,0.317,0.27,0.794,0.31,1.671c0.043,0.949,0.052,1.234,0.052,3.637 s-0.009,2.688-0.052,3.637c-0.04,0.877-0.187,1.354-0.31,1.671c-0.163,0.42-0.358,0.72-0.673,1.035 c-0.315,0.315-0.615,0.51-1.035,0.673c-0.317,0.123-0.794,0.27-1.671,0.31c-0.949,0.043-1.233,0.052-3.637,0.052 s-2.688-0.009-3.637-0.052c-0.877-0.04-1.354-0.187-1.671-0.31c-0.42-0.163-0.72-0.358-1.035-0.673 c-0.315-0.315-0.51-0.615-0.673-1.035c-0.123-0.317-0.27-0.794-0.31-1.671C4.631,14.688,4.622,14.403,4.622,12 s0.009-2.688,0.052-3.637c0.04-0.877,0.187-1.354,0.31-1.671c0.163-0.42,0.358-0.72,0.673-1.035 c0.315-0.315,0.615-0.51,1.035-0.673c0.317-0.123,0.794-0.27,1.671-0.31C9.312,4.631,9.597,4.622,12,4.622 M12,3 C9.556,3,9.249,3.01,8.289,3.054C7.331,3.098,6.677,3.25,6.105,3.472C5.513,3.702,5.011,4.01,4.511,4.511 c-0.5,0.5-0.808,1.002-1.038,1.594C3.25,6.677,3.098,7.331,3.054,8.289C3.01,9.249,3,9.556,3,12c0,2.444,0.01,2.751,0.054,3.711 c0.044,0.958,0.196,1.612,0.418,2.185c0.23,0.592,0.538,1.094,1.038,1.594c0.5,0.5,1.002,0.808,1.594,1.038 c0.572,0.222,1.227,0.375,2.185,0.418C9.249,20.99,9.556,21,12,21s2.751-0.01,3.711-0.054c0.958-0.044,1.612-0.196,2.185-0.418 c0.592-0.23,1.094-0.538,1.594-1.038c0.5-0.5,0.808-1.002,1.038-1.594c0.222-0.572,0.375-1.227,0.418-2.185 C20.99,14.751,21,14.444,21,12s-0.01-2.751-0.054-3.711c-0.044-0.958-0.196-1.612-0.418-2.185c-0.23-0.592-0.538-1.094-1.038-1.594 c-0.5-0.5-1.002-0.808-1.594-1.038c-0.572-0.222-1.227-0.375-2.185-0.418C14.751,3.01,14.444,3,12,3L12,3z M12,7.378 c-2.552,0-4.622,2.069-4.622,4.622S9.448,16.622,12,16.622s4.622-2.069,4.622-4.622S14.552,7.378,12,7.378z M12,15 c-1.657,0-3-1.343-3-3s1.343-3,3-3s3,1.343,3,3S13.657,15,12,15z M16.804,6.116c-0.596,0-1.08,0.484-1.08,1.08 s0.484,1.08,1.08,1.08c0.596,0,1.08-0.484,1.08-1.08S17.401,6.116,16.804,6.116z\"><\/path><\/svg><span class=\"wp-block-social-link-label screen-reader-text\">Instagram<\/span><\/a><\/li>\n\n<li class=\"wp-social-link wp-social-link-linkedin  wp-block-social-link\"><a href=\"https:\/\/www.linkedin.com\/school\/york-university\/\" class=\"wp-block-social-link-anchor\"><svg width=\"24\" height=\"24\" viewBox=\"0 0 24 24\" version=\"1.1\" xmlns=\"http:\/\/www.w3.org\/2000\/svg\" aria-hidden=\"true\" focusable=\"false\"><path d=\"M19.7,3H4.3C3.582,3,3,3.582,3,4.3v15.4C3,20.418,3.582,21,4.3,21h15.4c0.718,0,1.3-0.582,1.3-1.3V4.3 C21,3.582,20.418,3,19.7,3z M8.339,18.338H5.667v-8.59h2.672V18.338z M7.004,8.574c-0.857,0-1.549-0.694-1.549-1.548 c0-0.855,0.691-1.548,1.549-1.548c0.854,0,1.547,0.694,1.547,1.548C8.551,7.881,7.858,8.574,7.004,8.574z M18.339,18.338h-2.669 v-4.177c0-0.996-0.017-2.278-1.387-2.278c-1.389,0-1.601,1.086-1.601,2.206v4.249h-2.667v-8.59h2.559v1.174h0.037 c0.356-0.675,1.227-1.387,2.526-1.387c2.703,0,3.203,1.779,3.203,4.092V18.338z\"><\/path><\/svg><span class=\"wp-block-social-link-label screen-reader-text\">LinkedIn<\/span><\/a><\/li>\n\n<li class=\"wp-social-link wp-social-link-youtube  wp-block-social-link\"><a href=\"https:\/\/www.youtube.com\/channel\/UCrobexy2md2SGfWZXFCwZSg?view_as=subscriber\" class=\"wp-block-social-link-anchor\"><svg width=\"24\" height=\"24\" viewBox=\"0 0 24 24\" version=\"1.1\" xmlns=\"http:\/\/www.w3.org\/2000\/svg\" aria-hidden=\"true\" focusable=\"false\"><path d=\"M21.8,8.001c0,0-0.195-1.378-0.795-1.985c-0.76-0.797-1.613-0.801-2.004-0.847c-2.799-0.202-6.997-0.202-6.997-0.202 h-0.009c0,0-4.198,0-6.997,0.202C4.608,5.216,3.756,5.22,2.995,6.016C2.395,6.623,2.2,8.001,2.2,8.001S2,9.62,2,11.238v1.517 c0,1.618,0.2,3.237,0.2,3.237s0.195,1.378,0.795,1.985c0.761,0.797,1.76,0.771,2.205,0.855c1.6,0.153,6.8,0.201,6.8,0.201 s4.203-0.006,7.001-0.209c0.391-0.047,1.243-0.051,2.004-0.847c0.6-0.607,0.795-1.985,0.795-1.985s0.2-1.618,0.2-3.237v-1.517 C22,9.62,21.8,8.001,21.8,8.001z M9.935,14.594l-0.001-5.62l5.404,2.82L9.935,14.594z\"><\/path><\/svg><span class=\"wp-block-social-link-label screen-reader-text\">YouTube<\/span><\/a><\/li>\n\n<\/ul>\n<\/div>\n<\/div>\n","protected":false},"excerpt":{"rendered":"<p>Pour concr\u00e9tiser la volont\u00e9 de l\u2019Universit\u00e9 York de mieux vivre ensemble. Cette page fournit des informations et des ressources visant \u00e0 promouvoir un dialogue ouvert et respectueux afin que tous les membres de la communaut\u00e9 diversifi\u00e9e de l\u2019Universit\u00e9 York se portent bien. Liens rapides&nbsp; Communications&nbsp; G\u00e9rer le deuil, t\u00e9moigner de la compassion et appuyer la [&hellip;]<\/p>\n","protected":false},"author":8,"featured_media":11533,"parent":0,"menu_order":0,"comment_status":"closed","ping_status":"closed","template":"secondary-page.php","meta":{"_kad_blocks_custom_css":"","_kad_blocks_head_custom_js":"","_kad_blocks_body_custom_js":"","_kad_blocks_footer_custom_js":"","footnotes":""},"tags":[],"class_list":["post-11474","page","type-page","status-publish","has-post-thumbnail","hentry"],"yoast_head":"<!-- This site is optimized with the Yoast SEO plugin v24.0 - https:\/\/yoast.com\/wordpress\/plugins\/seo\/ -->\n<title>Mieux ensemble - Better Together<\/title>\n<meta name=\"robots\" content=\"index, follow, max-snippet:-1, max-image-preview:large, max-video-preview:-1\" \/>\n<link rel=\"canonical\" href=\"https:\/\/www.yorku.ca\/bettertogether\/?lang=fr\" \/>\n<meta property=\"og:locale\" content=\"en_US\" \/>\n<meta property=\"og:type\" content=\"article\" \/>\n<meta property=\"og:title\" content=\"Mieux ensemble - Better Together\" \/>\n<meta property=\"og:description\" content=\"Pour concr\u00e9tiser la volont\u00e9 de l\u2019Universit\u00e9 York de mieux vivre ensemble. Cette page fournit des informations et des ressources visant \u00e0 promouvoir un dialogue ouvert et respectueux afin que tous les membres de la communaut\u00e9 diversifi\u00e9e de l\u2019Universit\u00e9 York se portent bien. Liens rapides&nbsp; Communications&nbsp; G\u00e9rer le deuil, t\u00e9moigner de la compassion et appuyer la [&hellip;]\" \/>\n<meta property=\"og:url\" content=\"https:\/\/www.yorku.ca\/bettertogether\/?lang=fr\" \/>\n<meta property=\"og:site_name\" content=\"Better Together\" \/>\n<meta property=\"article:modified_time\" content=\"2024-10-16T13:31:47+00:00\" \/>\n<meta property=\"og:image\" content=\"https:\/\/www.yorku.ca\/bettertogether\/wp-content\/uploads\/sites\/669\/2024\/09\/pond-summer2-scaled.jpeg\" \/>\n\t<meta property=\"og:image:width\" content=\"2560\" \/>\n\t<meta property=\"og:image:height\" content=\"1707\" \/>\n\t<meta property=\"og:image:type\" content=\"image\/jpeg\" \/>\n<meta name=\"twitter:card\" content=\"summary_large_image\" \/>\n<meta name=\"twitter:label1\" content=\"Est. reading time\" \/>\n\t<meta name=\"twitter:data1\" content=\"2 minutes\" \/>\n<script type=\"application\/ld+json\" class=\"yoast-schema-graph\">{\"@context\":\"https:\/\/schema.org\",\"@graph\":[{\"@type\":\"WebPage\",\"@id\":\"https:\/\/www.yorku.ca\/bettertogether\/?lang=fr\",\"url\":\"https:\/\/www.yorku.ca\/bettertogether\/?lang=fr\",\"name\":\"Mieux ensemble - Better Together\",\"isPartOf\":{\"@id\":\"https:\/\/www.yorku.ca\/bettertogether\/#website\"},\"primaryImageOfPage\":{\"@id\":\"https:\/\/www.yorku.ca\/bettertogether\/?lang=fr#primaryimage\"},\"image\":{\"@id\":\"https:\/\/www.yorku.ca\/bettertogether\/?lang=fr#primaryimage\"},\"thumbnailUrl\":\"https:\/\/www.yorku.ca\/bettertogether\/wp-content\/uploads\/sites\/669\/2024\/09\/pond-summer2-scaled.jpeg\",\"datePublished\":\"2024-06-05T12:06:30+00:00\",\"dateModified\":\"2024-10-16T13:31:47+00:00\",\"breadcrumb\":{\"@id\":\"https:\/\/www.yorku.ca\/bettertogether\/?lang=fr#breadcrumb\"},\"inLanguage\":\"en-US\",\"potentialAction\":[{\"@type\":\"ReadAction\",\"target\":[\"https:\/\/www.yorku.ca\/bettertogether\/?lang=fr\"]}]},{\"@type\":\"ImageObject\",\"inLanguage\":\"en-US\",\"@id\":\"https:\/\/www.yorku.ca\/bettertogether\/?lang=fr#primaryimage\",\"url\":\"https:\/\/www.yorku.ca\/bettertogether\/wp-content\/uploads\/sites\/669\/2024\/09\/pond-summer2-scaled.jpeg\",\"contentUrl\":\"https:\/\/www.yorku.ca\/bettertogether\/wp-content\/uploads\/sites\/669\/2024\/09\/pond-summer2-scaled.jpeg\",\"width\":2560,\"height\":1707},{\"@type\":\"BreadcrumbList\",\"@id\":\"https:\/\/www.yorku.ca\/bettertogether\/?lang=fr#breadcrumb\",\"itemListElement\":[{\"@type\":\"ListItem\",\"position\":1,\"name\":\"Home\",\"item\":\"https:\/\/www.yorku.ca\/bettertogether\/\"},{\"@type\":\"ListItem\",\"position\":2,\"name\":\"Mieux ensemble\"}]},{\"@type\":\"WebSite\",\"@id\":\"https:\/\/www.yorku.ca\/bettertogether\/#website\",\"url\":\"https:\/\/www.yorku.ca\/bettertogether\/\",\"name\":\"Better Together\",\"description\":\"\",\"potentialAction\":[{\"@type\":\"SearchAction\",\"target\":{\"@type\":\"EntryPoint\",\"urlTemplate\":\"https:\/\/www.yorku.ca\/bettertogether\/?s={search_term_string}\"},\"query-input\":{\"@type\":\"PropertyValueSpecification\",\"valueRequired\":true,\"valueName\":\"search_term_string\"}}],\"inLanguage\":\"en-US\"}]}<\/script>\n<!-- \/ Yoast SEO plugin. -->","yoast_head_json":{"title":"Mieux ensemble - Better Together","robots":{"index":"index","follow":"follow","max-snippet":"max-snippet:-1","max-image-preview":"max-image-preview:large","max-video-preview":"max-video-preview:-1"},"canonical":"https:\/\/www.yorku.ca\/bettertogether\/?lang=fr","og_locale":"en_US","og_type":"article","og_title":"Mieux ensemble - Better Together","og_description":"Pour concr\u00e9tiser la volont\u00e9 de l\u2019Universit\u00e9 York de mieux vivre ensemble. Cette page fournit des informations et des ressources visant \u00e0 promouvoir un dialogue ouvert et respectueux afin que tous les membres de la communaut\u00e9 diversifi\u00e9e de l\u2019Universit\u00e9 York se portent bien. Liens rapides&nbsp; Communications&nbsp; G\u00e9rer le deuil, t\u00e9moigner de la compassion et appuyer la [&hellip;]","og_url":"https:\/\/www.yorku.ca\/bettertogether\/?lang=fr","og_site_name":"Better Together","article_modified_time":"2024-10-16T13:31:47+00:00","og_image":[{"width":2560,"height":1707,"url":"https:\/\/www.yorku.ca\/bettertogether\/wp-content\/uploads\/sites\/669\/2024\/09\/pond-summer2-scaled.jpeg","type":"image\/jpeg"}],"twitter_card":"summary_large_image","twitter_misc":{"Est. reading time":"2 minutes"},"schema":{"@context":"https:\/\/schema.org","@graph":[{"@type":"WebPage","@id":"https:\/\/www.yorku.ca\/bettertogether\/?lang=fr","url":"https:\/\/www.yorku.ca\/bettertogether\/?lang=fr","name":"Mieux ensemble - Better Together","isPartOf":{"@id":"https:\/\/www.yorku.ca\/bettertogether\/#website"},"primaryImageOfPage":{"@id":"https:\/\/www.yorku.ca\/bettertogether\/?lang=fr#primaryimage"},"image":{"@id":"https:\/\/www.yorku.ca\/bettertogether\/?lang=fr#primaryimage"},"thumbnailUrl":"https:\/\/www.yorku.ca\/bettertogether\/wp-content\/uploads\/sites\/669\/2024\/09\/pond-summer2-scaled.jpeg","datePublished":"2024-06-05T12:06:30+00:00","dateModified":"2024-10-16T13:31:47+00:00","breadcrumb":{"@id":"https:\/\/www.yorku.ca\/bettertogether\/?lang=fr#breadcrumb"},"inLanguage":"en-US","potentialAction":[{"@type":"ReadAction","target":["https:\/\/www.yorku.ca\/bettertogether\/?lang=fr"]}]},{"@type":"ImageObject","inLanguage":"en-US","@id":"https:\/\/www.yorku.ca\/bettertogether\/?lang=fr#primaryimage","url":"https:\/\/www.yorku.ca\/bettertogether\/wp-content\/uploads\/sites\/669\/2024\/09\/pond-summer2-scaled.jpeg","contentUrl":"https:\/\/www.yorku.ca\/bettertogether\/wp-content\/uploads\/sites\/669\/2024\/09\/pond-summer2-scaled.jpeg","width":2560,"height":1707},{"@type":"BreadcrumbList","@id":"https:\/\/www.yorku.ca\/bettertogether\/?lang=fr#breadcrumb","itemListElement":[{"@type":"ListItem","position":1,"name":"Home","item":"https:\/\/www.yorku.ca\/bettertogether\/"},{"@type":"ListItem","position":2,"name":"Mieux ensemble"}]},{"@type":"WebSite","@id":"https:\/\/www.yorku.ca\/bettertogether\/#website","url":"https:\/\/www.yorku.ca\/bettertogether\/","name":"Better Together","description":"","potentialAction":[{"@type":"SearchAction","target":{"@type":"EntryPoint","urlTemplate":"https:\/\/www.yorku.ca\/bettertogether\/?s={search_term_string}"},"query-input":{"@type":"PropertyValueSpecification","valueRequired":true,"valueName":"search_term_string"}}],"inLanguage":"en-US"}]}},"taxonomy_info":[],"featured_image_src_large":["https:\/\/www.yorku.ca\/bettertogether\/wp-content\/uploads\/sites\/669\/2024\/09\/pond-summer2-1024x683.jpeg",1024,683,true],"author_info":{"display_name":"jmiller4","author_link":"https:\/\/www.yorku.ca\/bettertogether\/author\/jmiller4\/"},"comment_info":"","_links":{"self":[{"href":"https:\/\/www.yorku.ca\/bettertogether\/wp-json\/wp\/v2\/pages\/11474","targetHints":{"allow":["GET"]}}],"collection":[{"href":"https:\/\/www.yorku.ca\/bettertogether\/wp-json\/wp\/v2\/pages"}],"about":[{"href":"https:\/\/www.yorku.ca\/bettertogether\/wp-json\/wp\/v2\/types\/page"}],"author":[{"embeddable":true,"href":"https:\/\/www.yorku.ca\/bettertogether\/wp-json\/wp\/v2\/users\/8"}],"replies":[{"embeddable":true,"href":"https:\/\/www.yorku.ca\/bettertogether\/wp-json\/wp\/v2\/comments?post=11474"}],"version-history":[{"count":20,"href":"https:\/\/www.yorku.ca\/bettertogether\/wp-json\/wp\/v2\/pages\/11474\/revisions"}],"predecessor-version":[{"id":11707,"href":"https:\/\/www.yorku.ca\/bettertogether\/wp-json\/wp\/v2\/pages\/11474\/revisions\/11707"}],"wp:featuredmedia":[{"embeddable":true,"href":"https:\/\/www.yorku.ca\/bettertogether\/wp-json\/wp\/v2\/media\/11533"}],"wp:attachment":[{"href":"https:\/\/www.yorku.ca\/bettertogether\/wp-json\/wp\/v2\/media?parent=11474"}],"wp:term":[{"taxonomy":"post_tag","embeddable":true,"href":"https:\/\/www.yorku.ca\/bettertogether\/wp-json\/wp\/v2\/tags?post=11474"}],"curies":[{"name":"wp","href":"https:\/\/api.w.org\/{rel}","templated":true}]}}